{"id":8272,"date":"2026-05-08T17:16:48","date_gmt":"2026-05-08T15:16:48","guid":{"rendered":"https:\/\/lazambrahotel.com\/?post_type=product&#038;p=8272"},"modified":"2026-05-13T13:01:14","modified_gmt":"2026-05-13T11:01:14","slug":"ronqueo-de-atun-de-almadraba-con-degustacion","status":"publish","type":"product","link":"https:\/\/lazambrahotel.com\/es\/producto\/ronqueo-de-atun-de-almadraba-con-degustacion\/","title":{"rendered":"Ronqueo de at\u00fan de Almadraba con degustaci\u00f3n"},"content":{"rendered":"<p data-start=\"1312\" data-end=\"1333\"><strong>12 de junio &#8211; 18:00 h<\/strong><\/p>\n<p data-start=\"1335\" data-end=\"1689\">Descubra una experiencia gastron\u00f3mica \u00fanica en La Zambra con nuestro exclusivo <strong>ronqueo de at\u00fan rojo de Almadraba<\/strong>, un espect\u00e1culo tradicional donde los invitados podr\u00e1n presenciar el <strong>despiece artesanal <\/strong>de uno de los tesoros m\u00e1s valorados del mar, guiado por expertos que explican cada corte, su uso culinario y la historia detr\u00e1s de esta t\u00e9cnica ancestral vinculada a la costa andaluza.<\/p>\n<p data-start=\"1691\" data-end=\"2039\">La experiencia se completa con una exquisita <strong>degustaci\u00f3n de elaboraciones en crudo<\/strong>, cuidadosamente dise\u00f1adas para resaltar la calidad, textura y sabor del aut\u00e9ntico at\u00fan de Almadraba. Disfrute de una degustaci\u00f3n en crudo, preparada al momento para que pueda descubrir cada matiz de este producto excepcional en su m\u00e1xima expresi\u00f3n.<\/p>\n<p data-start=\"2041\" data-end=\"2304\">Una experiencia perfecta para los amantes de la gastronom\u00eda y los productos del mar, en un entorno exclusivo donde la tradici\u00f3n y la alta cocina se unen para crear un evento inolvidable. Ideal para compartir, sorprender y disfrutar de un aut\u00e9ntico viaje sensorial en torno al at\u00fan.<\/p>\n<p data-start=\"2306\" data-end=\"2431\" data-is-last-node=\"\" data-is-only-node=\"\"><strong data-start=\"2306\" data-end=\"2319\">Incluye:<\/strong><br data-start=\"2319\" data-end=\"2322\" \/>\u2022 <span>Ronqueo de at\u00fan rojo de Almadraba\u00a0<\/span><br data-start=\"2341\" data-end=\"2344\" \/>\u2022 Degustaci\u00f3n de elaboraciones en crudo<br data-start=\"2370\" data-end=\"2373\" \/>\u2022 C\u00f3ctel de bienvenida<br data-start=\"2391\" data-end=\"2394\" \/>\u2022 Selecci\u00f3n de vinos<br data-start=\"2410\" data-end=\"2413\" \/>\u2022 M\u00fasica con DJ<\/p>\n<p data-start=\"2306\" data-end=\"2431\" data-is-last-node=\"\" data-is-only-node=\"\"><em><strong>Pol\u00edtica de cancelaci\u00f3n: <\/strong>Pago completo por adelantado en el momento de la reserva, no reembolsable, no se aceptan cambios<\/em><\/p>\n","protected":false},"excerpt":{"rendered":"<section class=\"text-token-text-primary w-full focus:outline-none [--shadow-height:45px] has-data-writing-block:pointer-events-none has-data-writing-block:-mt-(--shadow-height) has-data-writing-block:pt-(--shadow-height) [&amp;:has([data-writing-block])&gt;*]:pointer-events-auto R6Vx5W_threadScrollVars scroll-mb-[calc(var(--scroll-root-safe-area-inset-bottom,0px)+var(--thread-response-height))] scroll-mt-(--header-height)\" dir=\"auto\" data-turn-id=\"29146651-93b5-4c20-8635-daf75b87573a\" data-testid=\"conversation-turn-7\" data-scroll-anchor=\"false\" data-turn=\"user\"><\/section>\n<section class=\"text-token-text-primary w-full focus:outline-none [--shadow-height:45px] has-data-writing-block:pointer-events-none has-data-writing-block:-mt-(--shadow-height) has-data-writing-block:pt-(--shadow-height) [&amp;:has([data-writing-block])&gt;*]:pointer-events-auto [content-visibility:auto] supports-[content-visibility:auto]:[contain-intrinsic-size:auto_100lvh] R6Vx5W_threadScrollVars scroll-mb-[calc(var(--scroll-root-safe-area-inset-bottom,0px)+var(--thread-response-height))] scroll-mt-[calc(var(--header-height)+min(200px,max(70px,20svh)))]\" dir=\"auto\" data-turn-id=\"request-WEB:9d98ae5b-e7da-48d4-8c72-1394a46ff3d0-4\" data-testid=\"conversation-turn-8\" data-scroll-anchor=\"false\" data-turn=\"assistant\">\n<div class=\"text-base my-auto mx-auto pb-10 [--thread-content-margin:var(--thread-content-margin-xs,calc(var(--spacing)*4))] @w-sm\/main:[--thread-content-margin:var(--thread-content-margin-sm,calc(var(--spacing)*6))] @w-lg\/main:[--thread-content-margin:var(--thread-content-margin-lg,calc(var(--spacing)*16))] px-(--thread-content-margin)\">\n<div class=\"[--thread-content-max-width:40rem] @w-lg\/main:[--thread-content-max-width:48rem] mx-auto max-w-(--thread-content-max-width) flex-1 group\/turn-messages focus-visible:outline-hidden relative flex w-full min-w-0 flex-col agent-turn\">\n<div class=\"flex max-w-full flex-col gap-4 grow\">\n<div class=\"min-h-8 text-message relative flex w-full flex-col items-end gap-2 text-start break-words whitespace-normal outline-none keyboard-focused:focus-ring [.text-message+&amp;]:mt-1\" dir=\"auto\" tabindex=\"0\" data-message-author-role=\"assistant\" data-message-id=\"4ddf94d5-416b-4490-9359-a9edfd303ce6\" data-message-model-slug=\"gpt-5-5\" data-turn-start-message=\"true\">\n<div class=\"flex w-full flex-col gap-1 empty:hidden\">\n<div class=\"markdown prose dark:prose-invert wrap-break-word w-full light markdown-new-styling\">\n<section class=\"text-token-text-primary w-full focus:outline-none [--shadow-height:45px] has-data-writing-block:pointer-events-none has-data-writing-block:-mt-(--shadow-height) has-data-writing-block:pt-(--shadow-height) [&amp;:has([data-writing-block])&gt;*]:pointer-events-auto R6Vx5W_threadScrollVars scroll-mb-[calc(var(--scroll-root-safe-area-inset-bottom,0px)+var(--thread-response-height))] scroll-mt-(--header-height)\" dir=\"auto\" data-turn-id=\"250b6fd4-a336-4086-9dd3-b8711974ad82\" data-testid=\"conversation-turn-15\" data-scroll-anchor=\"false\" data-turn=\"user\"><\/section>\n<section class=\"text-token-text-primary w-full focus:outline-none [--shadow-height:45px] has-data-writing-block:pointer-events-none has-data-writing-block:-mt-(--shadow-height) has-data-writing-block:pt-(--shadow-height) [&amp;:has([data-writing-block])&gt;*]:pointer-events-auto [content-visibility:auto] supports-[content-visibility:auto]:[contain-intrinsic-size:auto_100lvh] R6Vx5W_threadScrollVars scroll-mb-[calc(var(--scroll-root-safe-area-inset-bottom,0px)+var(--thread-response-height))] scroll-mt-[calc(var(--header-height)+min(200px,max(70px,20svh)))]\" dir=\"auto\" data-turn-id=\"request-WEB:9d98ae5b-e7da-48d4-8c72-1394a46ff3d0-8\" data-testid=\"conversation-turn-16\" data-scroll-anchor=\"false\" data-turn=\"assistant\">\n<div class=\"text-base my-auto mx-auto [--thread-content-margin:var(--thread-content-margin-xs,calc(var(--spacing)*4))] @w-sm\/main:[--thread-content-margin:var(--thread-content-margin-sm,calc(var(--spacing)*6))] @w-lg\/main:[--thread-content-margin:var(--thread-content-margin-lg,calc(var(--spacing)*16))] px-(--thread-content-margin)\">\n<div class=\"[--thread-content-max-width:40rem] @w-lg\/main:[--thread-content-max-width:48rem] mx-auto max-w-(--thread-content-max-width) flex-1 group\/turn-messages focus-visible:outline-hidden relative flex w-full min-w-0 flex-col agent-turn\">\n<div class=\"flex max-w-full flex-col gap-4 grow\">\n<div class=\"min-h-8 text-message relative flex w-full flex-col items-end gap-2 text-start break-words whitespace-normal outline-none keyboard-focused:focus-ring [.text-message+&amp;]:mt-1\" dir=\"auto\" data-message-author-role=\"assistant\" data-message-id=\"6450881c-d363-468f-acbd-209f50d2c046\" data-message-model-slug=\"gpt-5-5\">\n<div class=\"flex w-full flex-col gap-1 empty:hidden\">\n<div class=\"markdown prose dark:prose-invert wrap-break-word w-full light markdown-new-styling\">\n<p data-start=\"0\" data-end=\"184\" data-is-last-node=\"\" data-is-only-node=\"\">Viva una experiencia gastron\u00f3mica exclusiva en La Zambra el 12 de junio a las 18:00 h, con un ronqueo en directo de at\u00fan rojo de almadraba y una degustaci\u00f3n de elaboraciones en crudo como sashimi y tartar.<\/p>\n<\/div>\n<\/div>\n<\/div>\n<\/div>\n<\/div>\n<\/div>\n<\/section>\n<\/div>\n<\/div>\n<\/div>\n<\/div>\n<\/div>\n<\/div>\n<\/section>\n","protected":false},"featured_media":8271,"comment_status":"closed","ping_status":"closed","template":"","meta":[],"product_brand":[],"product_cat":[62],"product_tag":[244,261,245,262,258,260],"class_list":{"0":"post-8272","1":"product","2":"type-product","3":"status-publish","4":"has-post-thumbnail","6":"product_cat-eventos-la-zambra","7":"product_tag-almadraba-red-tuna","8":"product_tag-degustacion-de-atun-rojo","9":"product_tag-red-tuna","10":"product_tag-ronque-de-atun-de-almadraba","11":"product_tag-ronqueo","12":"product_tag-ronqueo-de-atun-rojo","14":"first","15":"instock","16":"taxable","17":"shipping-taxable","18":"purchasable","19":"product-type-simple"},"yoast_head":"<!-- This site is optimized with the Yoast SEO plugin v27.6 - https:\/\/yoast.com\/product\/yoast-seo-wordpress\/ -->\n<title>Ronqueo de at\u00fan de Almadraba con degustaci\u00f3n | La Zambra<\/title>\n<meta name=\"description\" content=\"Viva una experiencia gastron\u00f3mica exclusiva en La Zambra el 12 de junio a las 18:00 h, con un ronqueo en directo de at\u00fan rojo de almadraba y una degustaci\u00f3n de elaboraciones en crudo.\" \/>\n<meta name=\"robots\" content=\"index, follow, max-snippet:-1, max-image-preview:large, max-video-preview:-1\" \/>\n<link rel=\"canonical\" href=\"https:\/\/lazambrahotel.com\/es\/producto\/ronqueo-de-atun-de-almadraba-con-degustacion\/\" \/>\n<meta property=\"og:locale\" content=\"es_ES\" \/>\n<meta property=\"og:type\" content=\"article\" \/>\n<meta property=\"og:title\" content=\"Ronqueo de at\u00fan de Almadraba con degustaci\u00f3n | La Zambra\" \/>\n<meta property=\"og:description\" content=\"Viva una experiencia gastron\u00f3mica exclusiva en La Zambra el 12 de junio a las 18:00 h, con un ronqueo en directo de at\u00fan rojo de almadraba y una degustaci\u00f3n de elaboraciones en crudo.\" \/>\n<meta property=\"og:url\" content=\"https:\/\/lazambrahotel.com\/es\/producto\/ronqueo-de-atun-de-almadraba-con-degustacion\/\" \/>\n<meta property=\"og:site_name\" content=\"La Zambra\" \/>\n<meta property=\"article:publisher\" content=\"https:\/\/www.facebook.com\/La.Zambra.Mijas\/\" \/>\n<meta property=\"article:modified_time\" content=\"2026-05-13T11:01:14+00:00\" \/>\n<meta property=\"og:image\" content=\"https:\/\/lazambrahotel.com\/wp-content\/uploads\/2026\/05\/6048520388066611364-e1778231253418.jpg\" \/>\n\t<meta property=\"og:image:width\" content=\"577\" \/>\n\t<meta property=\"og:image:height\" content=\"660\" \/>\n\t<meta property=\"og:image:type\" content=\"image\/jpeg\" \/>\n<meta name=\"twitter:card\" content=\"summary_large_image\" \/>\n<meta name=\"twitter:label1\" content=\"Tiempo de lectura\" \/>\n\t<meta name=\"twitter:data1\" content=\"2 minutos\" \/>\n<script type=\"application\/ld+json\" class=\"yoast-schema-graph\">{\"@context\":\"https:\\\/\\\/schema.org\",\"@graph\":[{\"@type\":\"WebPage\",\"@id\":\"https:\\\/\\\/lazambrahotel.com\\\/es\\\/producto\\\/ronqueo-de-atun-de-almadraba-con-degustacion\\\/\",\"url\":\"https:\\\/\\\/lazambrahotel.com\\\/es\\\/producto\\\/ronqueo-de-atun-de-almadraba-con-degustacion\\\/\",\"name\":\"Ronqueo de at\u00fan de Almadraba con degustaci\u00f3n | La Zambra\",\"isPartOf\":{\"@id\":\"https:\\\/\\\/lazambrahotel.com\\\/es\\\/#website\"},\"primaryImageOfPage\":{\"@id\":\"https:\\\/\\\/lazambrahotel.com\\\/es\\\/producto\\\/ronqueo-de-atun-de-almadraba-con-degustacion\\\/#primaryimage\"},\"image\":{\"@id\":\"https:\\\/\\\/lazambrahotel.com\\\/es\\\/producto\\\/ronqueo-de-atun-de-almadraba-con-degustacion\\\/#primaryimage\"},\"thumbnailUrl\":\"https:\\\/\\\/lazambrahotel.com\\\/wp-content\\\/uploads\\\/2026\\\/05\\\/6048520388066611364-e1778231253418.jpg\",\"datePublished\":\"2026-05-08T15:16:48+00:00\",\"dateModified\":\"2026-05-13T11:01:14+00:00\",\"description\":\"Viva una experiencia gastron\u00f3mica exclusiva en La Zambra el 12 de junio a las 18:00 h, con un ronqueo en directo de at\u00fan rojo de almadraba y una degustaci\u00f3n de elaboraciones en crudo.\",\"breadcrumb\":{\"@id\":\"https:\\\/\\\/lazambrahotel.com\\\/es\\\/producto\\\/ronqueo-de-atun-de-almadraba-con-degustacion\\\/#breadcrumb\"},\"inLanguage\":\"es\",\"potentialAction\":[{\"@type\":\"ReadAction\",\"target\":[\"https:\\\/\\\/lazambrahotel.com\\\/es\\\/producto\\\/ronqueo-de-atun-de-almadraba-con-degustacion\\\/\"]}]},{\"@type\":\"ImageObject\",\"inLanguage\":\"es\",\"@id\":\"https:\\\/\\\/lazambrahotel.com\\\/es\\\/producto\\\/ronqueo-de-atun-de-almadraba-con-degustacion\\\/#primaryimage\",\"url\":\"https:\\\/\\\/lazambrahotel.com\\\/wp-content\\\/uploads\\\/2026\\\/05\\\/6048520388066611364-e1778231253418.jpg\",\"contentUrl\":\"https:\\\/\\\/lazambrahotel.com\\\/wp-content\\\/uploads\\\/2026\\\/05\\\/6048520388066611364-e1778231253418.jpg\",\"width\":577,\"height\":660},{\"@type\":\"BreadcrumbList\",\"@id\":\"https:\\\/\\\/lazambrahotel.com\\\/es\\\/producto\\\/ronqueo-de-atun-de-almadraba-con-degustacion\\\/#breadcrumb\",\"itemListElement\":[{\"@type\":\"ListItem\",\"position\":1,\"name\":\"Portada\",\"item\":\"https:\\\/\\\/lazambrahotel.com\\\/es\\\/\"},{\"@type\":\"ListItem\",\"position\":2,\"name\":\"Tienda\",\"item\":\"https:\\\/\\\/lazambrahotel.com\\\/es\\\/tienda\\\/\"},{\"@type\":\"ListItem\",\"position\":3,\"name\":\"Ronqueo de at\u00fan de Almadraba con degustaci\u00f3n\"}]},{\"@type\":\"WebSite\",\"@id\":\"https:\\\/\\\/lazambrahotel.com\\\/es\\\/#website\",\"url\":\"https:\\\/\\\/lazambrahotel.com\\\/es\\\/\",\"name\":\"La Zambra\",\"description\":\"Hotel\",\"publisher\":{\"@id\":\"https:\\\/\\\/lazambrahotel.com\\\/es\\\/#organization\"},\"potentialAction\":[{\"@type\":\"SearchAction\",\"target\":{\"@type\":\"EntryPoint\",\"urlTemplate\":\"https:\\\/\\\/lazambrahotel.com\\\/es\\\/?s={search_term_string}\"},\"query-input\":{\"@type\":\"PropertyValueSpecification\",\"valueRequired\":true,\"valueName\":\"search_term_string\"}}],\"inLanguage\":\"es\"},{\"@type\":\"Organization\",\"@id\":\"https:\\\/\\\/lazambrahotel.com\\\/es\\\/#organization\",\"name\":\"La Zambra\",\"url\":\"https:\\\/\\\/lazambrahotel.com\\\/es\\\/\",\"logo\":{\"@type\":\"ImageObject\",\"inLanguage\":\"es\",\"@id\":\"https:\\\/\\\/lazambrahotel.com\\\/es\\\/#\\\/schema\\\/logo\\\/image\\\/\",\"url\":\"https:\\\/\\\/lazambrahotel.com\\\/wp-content\\\/uploads\\\/2025\\\/09\\\/logo-la-zambra.svg\",\"contentUrl\":\"https:\\\/\\\/lazambrahotel.com\\\/wp-content\\\/uploads\\\/2025\\\/09\\\/logo-la-zambra.svg\",\"width\":\"1024\",\"height\":\"1024\",\"caption\":\"La Zambra\"},\"image\":{\"@id\":\"https:\\\/\\\/lazambrahotel.com\\\/es\\\/#\\\/schema\\\/logo\\\/image\\\/\"},\"sameAs\":[\"https:\\\/\\\/www.facebook.com\\\/La.Zambra.Mijas\\\/\",\"https:\\\/\\\/www.instagram.com\\\/la.zambra\\\/\"]}]}<\/script>\n<!-- \/ Yoast SEO plugin. -->","yoast_head_json":{"title":"Ronqueo de at\u00fan de Almadraba con degustaci\u00f3n | La Zambra","description":"Viva una experiencia gastron\u00f3mica exclusiva en La Zambra el 12 de junio a las 18:00 h, con un ronqueo en directo de at\u00fan rojo de almadraba y una degustaci\u00f3n de elaboraciones en crudo.","robots":{"index":"index","follow":"follow","max-snippet":"max-snippet:-1","max-image-preview":"max-image-preview:large","max-video-preview":"max-video-preview:-1"},"canonical":"https:\/\/lazambrahotel.com\/es\/producto\/ronqueo-de-atun-de-almadraba-con-degustacion\/","og_locale":"es_ES","og_type":"article","og_title":"Ronqueo de at\u00fan de Almadraba con degustaci\u00f3n | La Zambra","og_description":"Viva una experiencia gastron\u00f3mica exclusiva en La Zambra el 12 de junio a las 18:00 h, con un ronqueo en directo de at\u00fan rojo de almadraba y una degustaci\u00f3n de elaboraciones en crudo.","og_url":"https:\/\/lazambrahotel.com\/es\/producto\/ronqueo-de-atun-de-almadraba-con-degustacion\/","og_site_name":"La Zambra","article_publisher":"https:\/\/www.facebook.com\/La.Zambra.Mijas\/","article_modified_time":"2026-05-13T11:01:14+00:00","og_image":[{"width":577,"height":660,"url":"https:\/\/lazambrahotel.com\/wp-content\/uploads\/2026\/05\/6048520388066611364-e1778231253418.jpg","type":"image\/jpeg"}],"twitter_card":"summary_large_image","twitter_misc":{"Tiempo de lectura":"2 minutos"},"schema":{"@context":"https:\/\/schema.org","@graph":[{"@type":"WebPage","@id":"https:\/\/lazambrahotel.com\/es\/producto\/ronqueo-de-atun-de-almadraba-con-degustacion\/","url":"https:\/\/lazambrahotel.com\/es\/producto\/ronqueo-de-atun-de-almadraba-con-degustacion\/","name":"Ronqueo de at\u00fan de Almadraba con degustaci\u00f3n | La Zambra","isPartOf":{"@id":"https:\/\/lazambrahotel.com\/es\/#website"},"primaryImageOfPage":{"@id":"https:\/\/lazambrahotel.com\/es\/producto\/ronqueo-de-atun-de-almadraba-con-degustacion\/#primaryimage"},"image":{"@id":"https:\/\/lazambrahotel.com\/es\/producto\/ronqueo-de-atun-de-almadraba-con-degustacion\/#primaryimage"},"thumbnailUrl":"https:\/\/lazambrahotel.com\/wp-content\/uploads\/2026\/05\/6048520388066611364-e1778231253418.jpg","datePublished":"2026-05-08T15:16:48+00:00","dateModified":"2026-05-13T11:01:14+00:00","description":"Viva una experiencia gastron\u00f3mica exclusiva en La Zambra el 12 de junio a las 18:00 h, con un ronqueo en directo de at\u00fan rojo de almadraba y una degustaci\u00f3n de elaboraciones en crudo.","breadcrumb":{"@id":"https:\/\/lazambrahotel.com\/es\/producto\/ronqueo-de-atun-de-almadraba-con-degustacion\/#breadcrumb"},"inLanguage":"es","potentialAction":[{"@type":"ReadAction","target":["https:\/\/lazambrahotel.com\/es\/producto\/ronqueo-de-atun-de-almadraba-con-degustacion\/"]}]},{"@type":"ImageObject","inLanguage":"es","@id":"https:\/\/lazambrahotel.com\/es\/producto\/ronqueo-de-atun-de-almadraba-con-degustacion\/#primaryimage","url":"https:\/\/lazambrahotel.com\/wp-content\/uploads\/2026\/05\/6048520388066611364-e1778231253418.jpg","contentUrl":"https:\/\/lazambrahotel.com\/wp-content\/uploads\/2026\/05\/6048520388066611364-e1778231253418.jpg","width":577,"height":660},{"@type":"BreadcrumbList","@id":"https:\/\/lazambrahotel.com\/es\/producto\/ronqueo-de-atun-de-almadraba-con-degustacion\/#breadcrumb","itemListElement":[{"@type":"ListItem","position":1,"name":"Portada","item":"https:\/\/lazambrahotel.com\/es\/"},{"@type":"ListItem","position":2,"name":"Tienda","item":"https:\/\/lazambrahotel.com\/es\/tienda\/"},{"@type":"ListItem","position":3,"name":"Ronqueo de at\u00fan de Almadraba con degustaci\u00f3n"}]},{"@type":"WebSite","@id":"https:\/\/lazambrahotel.com\/es\/#website","url":"https:\/\/lazambrahotel.com\/es\/","name":"La Zambra","description":"Hotel","publisher":{"@id":"https:\/\/lazambrahotel.com\/es\/#organization"},"potentialAction":[{"@type":"SearchAction","target":{"@type":"EntryPoint","urlTemplate":"https:\/\/lazambrahotel.com\/es\/?s={search_term_string}"},"query-input":{"@type":"PropertyValueSpecification","valueRequired":true,"valueName":"search_term_string"}}],"inLanguage":"es"},{"@type":"Organization","@id":"https:\/\/lazambrahotel.com\/es\/#organization","name":"La Zambra","url":"https:\/\/lazambrahotel.com\/es\/","logo":{"@type":"ImageObject","inLanguage":"es","@id":"https:\/\/lazambrahotel.com\/es\/#\/schema\/logo\/image\/","url":"https:\/\/lazambrahotel.com\/wp-content\/uploads\/2025\/09\/logo-la-zambra.svg","contentUrl":"https:\/\/lazambrahotel.com\/wp-content\/uploads\/2025\/09\/logo-la-zambra.svg","width":"1024","height":"1024","caption":"La Zambra"},"image":{"@id":"https:\/\/lazambrahotel.com\/es\/#\/schema\/logo\/image\/"},"sameAs":["https:\/\/www.facebook.com\/La.Zambra.Mijas\/","https:\/\/www.instagram.com\/la.zambra\/"]}]}},"_links":{"self":[{"href":"https:\/\/lazambrahotel.com\/es\/wp-json\/wp\/v2\/product\/8272","targetHints":{"allow":["GET"]}}],"collection":[{"href":"https:\/\/lazambrahotel.com\/es\/wp-json\/wp\/v2\/product"}],"about":[{"href":"https:\/\/lazambrahotel.com\/es\/wp-json\/wp\/v2\/types\/product"}],"replies":[{"embeddable":true,"href":"https:\/\/lazambrahotel.com\/es\/wp-json\/wp\/v2\/comments?post=8272"}],"wp:featuredmedia":[{"embeddable":true,"href":"https:\/\/lazambrahotel.com\/es\/wp-json\/wp\/v2\/media\/8271"}],"wp:attachment":[{"href":"https:\/\/lazambrahotel.com\/es\/wp-json\/wp\/v2\/media?parent=8272"}],"wp:term":[{"taxonomy":"product_brand","embeddable":true,"href":"https:\/\/lazambrahotel.com\/es\/wp-json\/wp\/v2\/product_brand?post=8272"},{"taxonomy":"product_cat","embeddable":true,"href":"https:\/\/lazambrahotel.com\/es\/wp-json\/wp\/v2\/product_cat?post=8272"},{"taxonomy":"product_tag","embeddable":true,"href":"https:\/\/lazambrahotel.com\/es\/wp-json\/wp\/v2\/product_tag?post=8272"}],"curies":[{"name":"wp","href":"https:\/\/api.w.org\/{rel}","templated":true}]}}