{"id":8267,"date":"2026-05-08T12:01:51","date_gmt":"2026-05-08T10:01:51","guid":{"rendered":"https:\/\/lazambrahotel.com\/?post_type=product&#038;p=8267"},"modified":"2026-05-13T13:01:05","modified_gmt":"2026-05-13T11:01:05","slug":"experiencia-atun-de-almadraba","status":"publish","type":"product","link":"https:\/\/lazambrahotel.com\/es\/producto\/experiencia-atun-de-almadraba\/","title":{"rendered":"Experiencia de At\u00fan Rojo de Almadraba: Ronqueo y Men\u00fa Degustaci\u00f3n de 5 Pases"},"content":{"rendered":"<p data-start=\"37\" data-end=\"58\"><strong>12 de junio &#8211; 18:00 h<\/strong><\/p>\n<p data-start=\"63\" data-end=\"270\">Sum\u00e9rjase en un exclusivo viaje gastron\u00f3mico en La Zambra con nuestra<strong> Experiencia de At\u00fan Rojo de Almadraba<\/strong>, que combina el tradicional ronqueo en directo con un refinado men\u00fa degustaci\u00f3n de 5 pases elaborado por nuestro chef ejecutivo.<\/p>\n<p data-start=\"272\" data-end=\"629\">Comience presenciando el <strong>despiece artesanal del at\u00fan rojo de Almadraba de primera calidad<\/strong>, guiado por expertos que desvelan el origen, la t\u00e9cnica y el valor de cada corte. Tras el espect\u00e1culo, disfrute de una cuidada selecci\u00f3n de elaboraciones en crudo, preparadas al momento para resaltar la frescura y la calidad excepcional del producto.<\/p>\n<p data-start=\"631\" data-end=\"934\">La experiencia contin\u00faa con un <strong>sofisticado <a href=\"https:\/\/lazambrahotel.com\/wp-content\/uploads\/2026\/05\/Minuta-Ronqueo-Menu-degustacion_EN-ES_Soft-copy.pdf\" target=\"_blank\" rel=\"noopener\">men\u00fa degustaci\u00f3n<\/a> de 5 pases<\/strong>, elaborado con los mejores cortes seleccionados del ronqueo realizado ese mismo d\u00eda. Cada plato est\u00e1 dise\u00f1ado para mostrar la versatilidad, profundidad y riqueza del at\u00fan de Almadraba, fusionando influencias mediterr\u00e1neas y japonesas con t\u00e9cnicas culinarias contempor\u00e1neas.<\/p>\n<p data-start=\"936\" data-end=\"1154\">Para elevar a\u00fan m\u00e1s la experiencia, se ofrece la<strong> opci\u00f3n de maridaje<\/strong> con vinos seleccionados por nuestro sumiller, cuidadosamente elegidos para realzar cada pase y crear una armon\u00eda perfecta entre sabores, texturas y aromas.<\/p>\n<p data-start=\"1156\" data-end=\"1317\" data-is-last-node=\"\" data-is-only-node=\"\">Un evento gastron\u00f3mico \u00fanico para verdaderos amantes del mar y la alta cocina, donde tradici\u00f3n, espect\u00e1culo y gastronom\u00eda de autor se unen en un entorno inolvidable.<\/p>\n<p><strong data-start=\"1009\" data-end=\"1022\">Includes:<\/strong><\/p>\n<ul>\n<li data-start=\"1009\" data-end=\"1134\">Ronqueo de at\u00fan rojo de Almadraba &#8211; 18:00 horas<\/li>\n<li data-start=\"1009\" data-end=\"1134\">Degustaci\u00f3n de elaboraciones en crudo<\/li>\n<li data-start=\"1009\" data-end=\"1134\"><a href=\"https:\/\/lazambrahotel.com\/wp-content\/uploads\/2026\/05\/Minuta-Ronqueo-Menu-degustacion_EN-ES_Soft-copy.pdf\" target=\"_blank\" rel=\"noopener\">Men\u00fa degustaci\u00f3n de 5 pases<\/a> &#8211; 20:30 horas<\/li>\n<li data-start=\"1009\" data-end=\"1134\">M\u00fasica en vivo<\/li>\n<li data-start=\"1009\" data-end=\"1134\">Maridaje opcional &#8211; 35 \u20ac<\/li>\n<li data-start=\"1009\" data-end=\"1134\"><a href=\"https:\/\/lazambrahotel.com\/wp-content\/uploads\/2026\/05\/BILINGUE-Ronqueo-2026-INFANTIL_Soft-copy.pdf\" target=\"_blank\" rel=\"noopener\">Men\u00fa infantil<\/a> opcional &#8211; 35 \u20ac<\/li>\n<\/ul>\n<p data-start=\"1136\" data-end=\"1264\"><em data-start=\"1136\" data-end=\"1262\">Los ni\u00f1os menores de 12 a\u00f1os tendr\u00e1n acceso a un <a href=\"https:\/\/lazambrahotel.com\/wp-content\/uploads\/2026\/05\/BILINGUE-Ronqueo-2026-INFANTIL_Soft-copy.pdf\" target=\"_blank\" rel=\"noopener\">men\u00fa infantil<\/a> especial por 35 \u20ac, que podr\u00e1 abonarse directamente el d\u00eda del evento. Por favor, ind\u00edquelo en los comentarios de su compra en el siguiente paso.<\/em><\/p>\n<p data-start=\"1136\" data-end=\"1264\"><em><strong>Pol\u00edtica de cancelaci\u00f3n: <\/strong>Pago completo por adelantado en el momento de la reserva, no reembolsable, no se aceptan cambios<\/em><\/p>\n","protected":false},"excerpt":{"rendered":"<section class=\"text-token-text-primary w-full focus:outline-none [--shadow-height:45px] has-data-writing-block:pointer-events-none has-data-writing-block:-mt-(--shadow-height) has-data-writing-block:pt-(--shadow-height) [&amp;:has([data-writing-block])&gt;*]:pointer-events-auto R6Vx5W_threadScrollVars scroll-mb-[calc(var(--scroll-root-safe-area-inset-bottom,0px)+var(--thread-response-height))] scroll-mt-(--header-height)\" dir=\"auto\" data-turn-id=\"29146651-93b5-4c20-8635-daf75b87573a\" data-testid=\"conversation-turn-7\" data-scroll-anchor=\"false\" data-turn=\"user\"><\/section>\n<section class=\"text-token-text-primary w-full focus:outline-none [--shadow-height:45px] has-data-writing-block:pointer-events-none has-data-writing-block:-mt-(--shadow-height) has-data-writing-block:pt-(--shadow-height) [&amp;:has([data-writing-block])&gt;*]:pointer-events-auto [content-visibility:auto] supports-[content-visibility:auto]:[contain-intrinsic-size:auto_100lvh] R6Vx5W_threadScrollVars scroll-mb-[calc(var(--scroll-root-safe-area-inset-bottom,0px)+var(--thread-response-height))] scroll-mt-[calc(var(--header-height)+min(200px,max(70px,20svh)))]\" dir=\"auto\" data-turn-id=\"request-WEB:9d98ae5b-e7da-48d4-8c72-1394a46ff3d0-4\" data-testid=\"conversation-turn-8\" data-scroll-anchor=\"false\" data-turn=\"assistant\">\n<div class=\"text-base my-auto mx-auto pb-10 [--thread-content-margin:var(--thread-content-margin-xs,calc(var(--spacing)*4))] @w-sm\/main:[--thread-content-margin:var(--thread-content-margin-sm,calc(var(--spacing)*6))] @w-lg\/main:[--thread-content-margin:var(--thread-content-margin-lg,calc(var(--spacing)*16))] px-(--thread-content-margin)\">\n<div class=\"[--thread-content-max-width:40rem] @w-lg\/main:[--thread-content-max-width:48rem] mx-auto max-w-(--thread-content-max-width) flex-1 group\/turn-messages focus-visible:outline-hidden relative flex w-full min-w-0 flex-col agent-turn\">\n<div class=\"flex max-w-full flex-col gap-4 grow\">\n<div class=\"min-h-8 text-message relative flex w-full flex-col items-end gap-2 text-start break-words whitespace-normal outline-none keyboard-focused:focus-ring [.text-message+&amp;]:mt-1\" dir=\"auto\" tabindex=\"0\" data-message-author-role=\"assistant\" data-message-id=\"4ddf94d5-416b-4490-9359-a9edfd303ce6\" data-message-model-slug=\"gpt-5-5\" data-turn-start-message=\"true\">\n<div class=\"flex w-full flex-col gap-1 empty:hidden\">\n<div class=\"markdown prose dark:prose-invert wrap-break-word w-full light markdown-new-styling\">\n<section class=\"text-token-text-primary w-full focus:outline-none [--shadow-height:45px] has-data-writing-block:pointer-events-none has-data-writing-block:-mt-(--shadow-height) has-data-writing-block:pt-(--shadow-height) [&amp;:has([data-writing-block])&gt;*]:pointer-events-auto [content-visibility:auto] supports-[content-visibility:auto]:[contain-intrinsic-size:auto_100lvh] R6Vx5W_threadScrollVars scroll-mb-[calc(var(--scroll-root-safe-area-inset-bottom,0px)+var(--thread-response-height))] scroll-mt-[calc(var(--header-height)+min(200px,max(70px,20svh)))]\" dir=\"auto\" data-turn-id=\"request-WEB:9d98ae5b-e7da-48d4-8c72-1394a46ff3d0-9\" data-testid=\"conversation-turn-18\" data-scroll-anchor=\"false\" data-turn=\"assistant\">\n<div class=\"text-base my-auto mx-auto pb-10 [--thread-content-margin:var(--thread-content-margin-xs,calc(var(--spacing)*4))] @w-sm\/main:[--thread-content-margin:var(--thread-content-margin-sm,calc(var(--spacing)*6))] @w-lg\/main:[--thread-content-margin:var(--thread-content-margin-lg,calc(var(--spacing)*16))] px-(--thread-content-margin)\">\n<div class=\"[--thread-content-max-width:40rem] @w-lg\/main:[--thread-content-max-width:48rem] mx-auto max-w-(--thread-content-max-width) flex-1 group\/turn-messages focus-visible:outline-hidden relative flex w-full min-w-0 flex-col agent-turn\">\n<div class=\"flex max-w-full flex-col gap-4 grow\">\n<div class=\"min-h-8 text-message relative flex w-full flex-col items-end gap-2 text-start break-words whitespace-normal outline-none keyboard-focused:focus-ring [.text-message+&amp;]:mt-1\" dir=\"auto\" tabindex=\"0\" data-message-author-role=\"assistant\" data-message-id=\"ef5922f1-9a01-4471-9148-246cd843b7d9\" data-message-model-slug=\"gpt-5-5\" data-turn-start-message=\"true\">\n<div class=\"flex w-full flex-col gap-1 empty:hidden\">\n<div class=\"markdown prose dark:prose-invert wrap-break-word w-full light markdown-new-styling\">\n<p data-start=\"0\" data-end=\"233\" data-is-last-node=\"\" data-is-only-node=\"\">Una experiencia exclusiva de at\u00fan de almadraba en La Zambra, que combina un ronqueo en directo con una cuidada degustaci\u00f3n de cortes frescos y un refinado men\u00fa de 5 pases elaborado con el at\u00fan del mismo d\u00eda. Maridaje opcional seleccionado por nuestro sumiller.<\/p>\n<\/div>\n<\/div>\n<\/div>\n<\/div>\n<\/div>\n<\/div>\n<\/section>\n<\/div>\n<\/div>\n<\/div>\n<\/div>\n<\/div>\n<\/div>\n<\/section>\n","protected":false},"featured_media":8268,"comment_status":"closed","ping_status":"closed","template":"","meta":[],"product_brand":[],"product_cat":[62],"product_tag":[244,255,256,257,245,246,258,259,247],"class_list":{"0":"post-8267","1":"product","2":"type-product","3":"status-publish","4":"has-post-thumbnail","6":"product_cat-eventos-la-zambra","7":"product_tag-almadraba-red-tuna","8":"product_tag-atun-de-almadraba","9":"product_tag-atun-rojo","10":"product_tag-degustacion-de-atun","11":"product_tag-red-tuna","12":"product_tag-red-tuna-tasting-menu","13":"product_tag-ronqueo","14":"product_tag-ronqueo-de-atun","15":"product_tag-tuna-tasting-menu","17":"first","18":"instock","19":"taxable","20":"shipping-taxable","21":"purchasable","22":"product-type-variable"},"yoast_head":"<!-- This site is optimized with the Yoast SEO plugin v27.6 - https:\/\/yoast.com\/product\/yoast-seo-wordpress\/ -->\n<title>Experiencia de At\u00fan Rojo de Almadraba: Ronqueo y Men\u00fa Degustaci\u00f3n de 5 Pases | La Zambra<\/title>\n<meta name=\"description\" content=\"Una experiencia exclusiva de at\u00fan de almadraba, que combina un ronqueo en directo con una cuidada degustaci\u00f3n de cortes frescos y un refinado men\u00fa de 5 pases. Maridaje opcional.\" \/>\n<meta name=\"robots\" content=\"index, follow, max-snippet:-1, max-image-preview:large, max-video-preview:-1\" \/>\n<link rel=\"canonical\" href=\"https:\/\/lazambrahotel.com\/es\/producto\/experiencia-atun-de-almadraba\/\" \/>\n<meta property=\"og:locale\" content=\"es_ES\" \/>\n<meta property=\"og:type\" content=\"article\" \/>\n<meta property=\"og:title\" content=\"Experiencia de At\u00fan Rojo de Almadraba: Ronqueo y Men\u00fa Degustaci\u00f3n de 5 Pases | La Zambra\" \/>\n<meta property=\"og:description\" content=\"Una experiencia exclusiva de at\u00fan de almadraba, que combina un ronqueo en directo con una cuidada degustaci\u00f3n de cortes frescos y un refinado men\u00fa de 5 pases. Maridaje opcional.\" \/>\n<meta property=\"og:url\" content=\"https:\/\/lazambrahotel.com\/es\/producto\/experiencia-atun-de-almadraba\/\" \/>\n<meta property=\"og:site_name\" content=\"La Zambra\" \/>\n<meta property=\"article:publisher\" content=\"https:\/\/www.facebook.com\/La.Zambra.Mijas\/\" \/>\n<meta property=\"article:modified_time\" content=\"2026-05-13T11:01:05+00:00\" \/>\n<meta property=\"og:image\" content=\"https:\/\/lazambrahotel.com\/wp-content\/uploads\/2026\/05\/Ronqueo-flyer-tablets-722x1024.png\" \/>\n\t<meta property=\"og:image:width\" content=\"722\" \/>\n\t<meta property=\"og:image:height\" content=\"1024\" \/>\n\t<meta property=\"og:image:type\" content=\"image\/png\" \/>\n<meta name=\"twitter:card\" content=\"summary_large_image\" \/>\n<meta name=\"twitter:label1\" content=\"Tiempo de lectura\" \/>\n\t<meta name=\"twitter:data1\" content=\"2 minutos\" \/>\n<script type=\"application\/ld+json\" class=\"yoast-schema-graph\">{\"@context\":\"https:\\\/\\\/schema.org\",\"@graph\":[{\"@type\":\"WebPage\",\"@id\":\"https:\\\/\\\/lazambrahotel.com\\\/es\\\/producto\\\/experiencia-atun-de-almadraba\\\/\",\"url\":\"https:\\\/\\\/lazambrahotel.com\\\/es\\\/producto\\\/experiencia-atun-de-almadraba\\\/\",\"name\":\"Experiencia de At\u00fan Rojo de Almadraba: Ronqueo y Men\u00fa Degustaci\u00f3n de 5 Pases | La Zambra\",\"isPartOf\":{\"@id\":\"https:\\\/\\\/lazambrahotel.com\\\/es\\\/#website\"},\"primaryImageOfPage\":{\"@id\":\"https:\\\/\\\/lazambrahotel.com\\\/es\\\/producto\\\/experiencia-atun-de-almadraba\\\/#primaryimage\"},\"image\":{\"@id\":\"https:\\\/\\\/lazambrahotel.com\\\/es\\\/producto\\\/experiencia-atun-de-almadraba\\\/#primaryimage\"},\"thumbnailUrl\":\"https:\\\/\\\/lazambrahotel.com\\\/wp-content\\\/uploads\\\/2026\\\/05\\\/Ronqueo-flyer-tablets-scaled.png\",\"datePublished\":\"2026-05-08T10:01:51+00:00\",\"dateModified\":\"2026-05-13T11:01:05+00:00\",\"description\":\"Una experiencia exclusiva de at\u00fan de almadraba, que combina un ronqueo en directo con una cuidada degustaci\u00f3n de cortes frescos y un refinado men\u00fa de 5 pases. Maridaje opcional.\",\"breadcrumb\":{\"@id\":\"https:\\\/\\\/lazambrahotel.com\\\/es\\\/producto\\\/experiencia-atun-de-almadraba\\\/#breadcrumb\"},\"inLanguage\":\"es\",\"potentialAction\":[{\"@type\":\"ReadAction\",\"target\":[\"https:\\\/\\\/lazambrahotel.com\\\/es\\\/producto\\\/experiencia-atun-de-almadraba\\\/\"]}]},{\"@type\":\"ImageObject\",\"inLanguage\":\"es\",\"@id\":\"https:\\\/\\\/lazambrahotel.com\\\/es\\\/producto\\\/experiencia-atun-de-almadraba\\\/#primaryimage\",\"url\":\"https:\\\/\\\/lazambrahotel.com\\\/wp-content\\\/uploads\\\/2026\\\/05\\\/Ronqueo-flyer-tablets-scaled.png\",\"contentUrl\":\"https:\\\/\\\/lazambrahotel.com\\\/wp-content\\\/uploads\\\/2026\\\/05\\\/Ronqueo-flyer-tablets-scaled.png\",\"width\":1354,\"height\":1920},{\"@type\":\"BreadcrumbList\",\"@id\":\"https:\\\/\\\/lazambrahotel.com\\\/es\\\/producto\\\/experiencia-atun-de-almadraba\\\/#breadcrumb\",\"itemListElement\":[{\"@type\":\"ListItem\",\"position\":1,\"name\":\"Portada\",\"item\":\"https:\\\/\\\/lazambrahotel.com\\\/es\\\/\"},{\"@type\":\"ListItem\",\"position\":2,\"name\":\"Tienda\",\"item\":\"https:\\\/\\\/lazambrahotel.com\\\/es\\\/tienda\\\/\"},{\"@type\":\"ListItem\",\"position\":3,\"name\":\"Experiencia de At\u00fan Rojo de Almadraba: Ronqueo y Men\u00fa Degustaci\u00f3n de 5 Pases\"}]},{\"@type\":\"WebSite\",\"@id\":\"https:\\\/\\\/lazambrahotel.com\\\/es\\\/#website\",\"url\":\"https:\\\/\\\/lazambrahotel.com\\\/es\\\/\",\"name\":\"La Zambra\",\"description\":\"Hotel\",\"publisher\":{\"@id\":\"https:\\\/\\\/lazambrahotel.com\\\/es\\\/#organization\"},\"potentialAction\":[{\"@type\":\"SearchAction\",\"target\":{\"@type\":\"EntryPoint\",\"urlTemplate\":\"https:\\\/\\\/lazambrahotel.com\\\/es\\\/?s={search_term_string}\"},\"query-input\":{\"@type\":\"PropertyValueSpecification\",\"valueRequired\":true,\"valueName\":\"search_term_string\"}}],\"inLanguage\":\"es\"},{\"@type\":\"Organization\",\"@id\":\"https:\\\/\\\/lazambrahotel.com\\\/es\\\/#organization\",\"name\":\"La Zambra\",\"url\":\"https:\\\/\\\/lazambrahotel.com\\\/es\\\/\",\"logo\":{\"@type\":\"ImageObject\",\"inLanguage\":\"es\",\"@id\":\"https:\\\/\\\/lazambrahotel.com\\\/es\\\/#\\\/schema\\\/logo\\\/image\\\/\",\"url\":\"https:\\\/\\\/lazambrahotel.com\\\/wp-content\\\/uploads\\\/2025\\\/09\\\/logo-la-zambra.svg\",\"contentUrl\":\"https:\\\/\\\/lazambrahotel.com\\\/wp-content\\\/uploads\\\/2025\\\/09\\\/logo-la-zambra.svg\",\"width\":\"1024\",\"height\":\"1024\",\"caption\":\"La Zambra\"},\"image\":{\"@id\":\"https:\\\/\\\/lazambrahotel.com\\\/es\\\/#\\\/schema\\\/logo\\\/image\\\/\"},\"sameAs\":[\"https:\\\/\\\/www.facebook.com\\\/La.Zambra.Mijas\\\/\",\"https:\\\/\\\/www.instagram.com\\\/la.zambra\\\/\"]}]}<\/script>\n<!-- \/ Yoast SEO plugin. -->","yoast_head_json":{"title":"Experiencia de At\u00fan Rojo de Almadraba: Ronqueo y Men\u00fa Degustaci\u00f3n de 5 Pases | La Zambra","description":"Una experiencia exclusiva de at\u00fan de almadraba, que combina un ronqueo en directo con una cuidada degustaci\u00f3n de cortes frescos y un refinado men\u00fa de 5 pases. Maridaje opcional.","robots":{"index":"index","follow":"follow","max-snippet":"max-snippet:-1","max-image-preview":"max-image-preview:large","max-video-preview":"max-video-preview:-1"},"canonical":"https:\/\/lazambrahotel.com\/es\/producto\/experiencia-atun-de-almadraba\/","og_locale":"es_ES","og_type":"article","og_title":"Experiencia de At\u00fan Rojo de Almadraba: Ronqueo y Men\u00fa Degustaci\u00f3n de 5 Pases | La Zambra","og_description":"Una experiencia exclusiva de at\u00fan de almadraba, que combina un ronqueo en directo con una cuidada degustaci\u00f3n de cortes frescos y un refinado men\u00fa de 5 pases. Maridaje opcional.","og_url":"https:\/\/lazambrahotel.com\/es\/producto\/experiencia-atun-de-almadraba\/","og_site_name":"La Zambra","article_publisher":"https:\/\/www.facebook.com\/La.Zambra.Mijas\/","article_modified_time":"2026-05-13T11:01:05+00:00","og_image":[{"width":722,"height":1024,"url":"https:\/\/lazambrahotel.com\/wp-content\/uploads\/2026\/05\/Ronqueo-flyer-tablets-722x1024.png","type":"image\/png"}],"twitter_card":"summary_large_image","twitter_misc":{"Tiempo de lectura":"2 minutos"},"schema":{"@context":"https:\/\/schema.org","@graph":[{"@type":"WebPage","@id":"https:\/\/lazambrahotel.com\/es\/producto\/experiencia-atun-de-almadraba\/","url":"https:\/\/lazambrahotel.com\/es\/producto\/experiencia-atun-de-almadraba\/","name":"Experiencia de At\u00fan Rojo de Almadraba: Ronqueo y Men\u00fa Degustaci\u00f3n de 5 Pases | La Zambra","isPartOf":{"@id":"https:\/\/lazambrahotel.com\/es\/#website"},"primaryImageOfPage":{"@id":"https:\/\/lazambrahotel.com\/es\/producto\/experiencia-atun-de-almadraba\/#primaryimage"},"image":{"@id":"https:\/\/lazambrahotel.com\/es\/producto\/experiencia-atun-de-almadraba\/#primaryimage"},"thumbnailUrl":"https:\/\/lazambrahotel.com\/wp-content\/uploads\/2026\/05\/Ronqueo-flyer-tablets-scaled.png","datePublished":"2026-05-08T10:01:51+00:00","dateModified":"2026-05-13T11:01:05+00:00","description":"Una experiencia exclusiva de at\u00fan de almadraba, que combina un ronqueo en directo con una cuidada degustaci\u00f3n de cortes frescos y un refinado men\u00fa de 5 pases. Maridaje opcional.","breadcrumb":{"@id":"https:\/\/lazambrahotel.com\/es\/producto\/experiencia-atun-de-almadraba\/#breadcrumb"},"inLanguage":"es","potentialAction":[{"@type":"ReadAction","target":["https:\/\/lazambrahotel.com\/es\/producto\/experiencia-atun-de-almadraba\/"]}]},{"@type":"ImageObject","inLanguage":"es","@id":"https:\/\/lazambrahotel.com\/es\/producto\/experiencia-atun-de-almadraba\/#primaryimage","url":"https:\/\/lazambrahotel.com\/wp-content\/uploads\/2026\/05\/Ronqueo-flyer-tablets-scaled.png","contentUrl":"https:\/\/lazambrahotel.com\/wp-content\/uploads\/2026\/05\/Ronqueo-flyer-tablets-scaled.png","width":1354,"height":1920},{"@type":"BreadcrumbList","@id":"https:\/\/lazambrahotel.com\/es\/producto\/experiencia-atun-de-almadraba\/#breadcrumb","itemListElement":[{"@type":"ListItem","position":1,"name":"Portada","item":"https:\/\/lazambrahotel.com\/es\/"},{"@type":"ListItem","position":2,"name":"Tienda","item":"https:\/\/lazambrahotel.com\/es\/tienda\/"},{"@type":"ListItem","position":3,"name":"Experiencia de At\u00fan Rojo de Almadraba: Ronqueo y Men\u00fa Degustaci\u00f3n de 5 Pases"}]},{"@type":"WebSite","@id":"https:\/\/lazambrahotel.com\/es\/#website","url":"https:\/\/lazambrahotel.com\/es\/","name":"La Zambra","description":"Hotel","publisher":{"@id":"https:\/\/lazambrahotel.com\/es\/#organization"},"potentialAction":[{"@type":"SearchAction","target":{"@type":"EntryPoint","urlTemplate":"https:\/\/lazambrahotel.com\/es\/?s={search_term_string}"},"query-input":{"@type":"PropertyValueSpecification","valueRequired":true,"valueName":"search_term_string"}}],"inLanguage":"es"},{"@type":"Organization","@id":"https:\/\/lazambrahotel.com\/es\/#organization","name":"La Zambra","url":"https:\/\/lazambrahotel.com\/es\/","logo":{"@type":"ImageObject","inLanguage":"es","@id":"https:\/\/lazambrahotel.com\/es\/#\/schema\/logo\/image\/","url":"https:\/\/lazambrahotel.com\/wp-content\/uploads\/2025\/09\/logo-la-zambra.svg","contentUrl":"https:\/\/lazambrahotel.com\/wp-content\/uploads\/2025\/09\/logo-la-zambra.svg","width":"1024","height":"1024","caption":"La Zambra"},"image":{"@id":"https:\/\/lazambrahotel.com\/es\/#\/schema\/logo\/image\/"},"sameAs":["https:\/\/www.facebook.com\/La.Zambra.Mijas\/","https:\/\/www.instagram.com\/la.zambra\/"]}]}},"_links":{"self":[{"href":"https:\/\/lazambrahotel.com\/es\/wp-json\/wp\/v2\/product\/8267","targetHints":{"allow":["GET"]}}],"collection":[{"href":"https:\/\/lazambrahotel.com\/es\/wp-json\/wp\/v2\/product"}],"about":[{"href":"https:\/\/lazambrahotel.com\/es\/wp-json\/wp\/v2\/types\/product"}],"replies":[{"embeddable":true,"href":"https:\/\/lazambrahotel.com\/es\/wp-json\/wp\/v2\/comments?post=8267"}],"wp:featuredmedia":[{"embeddable":true,"href":"https:\/\/lazambrahotel.com\/es\/wp-json\/wp\/v2\/media\/8268"}],"wp:attachment":[{"href":"https:\/\/lazambrahotel.com\/es\/wp-json\/wp\/v2\/media?parent=8267"}],"wp:term":[{"taxonomy":"product_brand","embeddable":true,"href":"https:\/\/lazambrahotel.com\/es\/wp-json\/wp\/v2\/product_brand?post=8267"},{"taxonomy":"product_cat","embeddable":true,"href":"https:\/\/lazambrahotel.com\/es\/wp-json\/wp\/v2\/product_cat?post=8267"},{"taxonomy":"product_tag","embeddable":true,"href":"https:\/\/lazambrahotel.com\/es\/wp-json\/wp\/v2\/product_tag?post=8267"}],"curies":[{"name":"wp","href":"https:\/\/api.w.org\/{rel}","templated":true}]}}