{"id":5688,"date":"2025-12-15T16:53:33","date_gmt":"2025-12-15T14:53:33","guid":{"rendered":"https:\/\/lazambrahotel.com\/?post_type=product&#038;p=5688"},"modified":"2026-02-16T13:50:42","modified_gmt":"2026-02-16T11:50:42","slug":"juega-saboree","status":"publish","type":"product","link":"https:\/\/lazambrahotel.com\/es\/producto\/juega-saboree\/","title":{"rendered":"Juegue &amp; Saboree"},"content":{"rendered":"<p data-start=\"3090\" data-end=\"3201\">Una escapada activa y placentera. Disfrute del deporte, el aire fresco y un almuerzo relajado en el entorno natural de La Zambra.<\/p>\n<p data-start=\"3203\" data-end=\"3216\">Incluye:<\/p>\n<ul>\n<li data-start=\"3219\" data-end=\"3249\">Acceso a pista de tenis o p\u00e1del<\/li>\n<li data-start=\"3252\" data-end=\"3282\">Almuerzo con men\u00fa cerrado en Brisa<\/li>\n<li data-start=\"3285\" data-end=\"3305\">Una bebida inclu\u00edda<\/li>\n<li data-start=\"3308\" data-end=\"3324\">Vestuarios<\/li>\n<li data-start=\"3327\" data-end=\"3342\">Parking gratuito<\/li>\n<\/ul>\n<p data-start=\"1859\" data-end=\"1954\"><strong>Requisitos:<\/strong><br data-start=\"1876\" data-end=\"1879\" \/>Por favor, cont\u00e1ctenos al menos 48 horas antes de la fecha en la que desee disfrutar de su experiencia, y confirmaremos su reserva y disponibilidad utilizando su n\u00famero de bono.<\/p>\n<p data-start=\"1859\" data-end=\"1954\"><strong data-start=\"91\" data-end=\"118\">T\u00e9rminos y condiciones:<\/strong><br data-start=\"118\" data-end=\"121\" data-is-only-node=\"\" \/><em>Si un Day Pass adquirido en temporada baja se utiliza durante temporada alta, ser\u00e1 necesario abonar la diferencia de tarifa directamente en recepci\u00f3n.<\/em><\/p>\n<p data-start=\"1859\" data-end=\"1954\">95\u20ac<\/p>\n<p data-start=\"1859\" data-end=\"1954\">Horarios:<\/p>\n<p data-start=\"1859\" data-end=\"1954\">Pista de padel\/tenis: 8:00 a 20:00 horas.<\/p>\n<p data-start=\"1859\" data-end=\"1954\">Almuerzo: 13:00 a 16:30 horas.<\/p>\n","protected":false},"excerpt":{"rendered":"<p>Una escapada activa y placentera. Disfrute del deporte, el aire fresco y un almuerzo relajado en el entorno natural de La Zambra. Incluye: Acceso a pista de tenis o p\u00e1del Almuerzo con men\u00fa cerrado en Brisa Una bebida inclu\u00edda Vestuarios Parking gratuito Requisitos:Por favor, cont\u00e1ctenos al menos 48 horas antes de la fecha en la&#8230;<\/p>\n","protected":false},"featured_media":6026,"comment_status":"closed","ping_status":"closed","template":"","meta":[],"product_brand":[],"product_cat":[32],"product_tag":[216],"class_list":{"0":"post-5688","1":"product","2":"type-product","3":"status-publish","4":"has-post-thumbnail","6":"product_cat-day-pass","7":"product_tag-daypass","9":"first","10":"instock","11":"taxable","12":"shipping-taxable","13":"purchasable","14":"product-type-simple"},"yoast_head":"<!-- This site is optimized with the Yoast SEO plugin v27.4 - https:\/\/yoast.com\/product\/yoast-seo-wordpress\/ -->\n<title>Play &amp; Taste | Experiencia Deporte y Almuerzo en La Zambra<\/title>\n<meta name=\"description\" content=\"Pase un perfecto d\u00eda en La Zambra, piscina infinita, hamaca, bebida, fruta, toalla, vestuarios y parking. Deporte, sabor y aire fresco combinados.\" \/>\n<meta name=\"robots\" content=\"index, follow, max-snippet:-1, max-image-preview:large, max-video-preview:-1\" \/>\n<link rel=\"canonical\" href=\"https:\/\/lazambrahotel.com\/es\/producto\/juega-saboree\/\" \/>\n<meta property=\"og:locale\" content=\"es_ES\" \/>\n<meta property=\"og:type\" content=\"article\" \/>\n<meta property=\"og:title\" content=\"Play &amp; Taste | Experiencia Deporte y Almuerzo en La Zambra\" \/>\n<meta property=\"og:description\" content=\"Pase un perfecto d\u00eda en La Zambra, piscina infinita, hamaca, bebida, fruta, toalla, vestuarios y parking. Deporte, sabor y aire fresco combinados.\" \/>\n<meta property=\"og:url\" content=\"https:\/\/lazambrahotel.com\/es\/producto\/juega-saboree\/\" \/>\n<meta property=\"og:site_name\" content=\"La Zambra\" \/>\n<meta property=\"article:publisher\" content=\"https:\/\/www.facebook.com\/La.Zambra.Mijas\/\" \/>\n<meta property=\"article:modified_time\" content=\"2026-02-16T11:50:42+00:00\" \/>\n<meta property=\"og:image\" content=\"https:\/\/lazambrahotel.com\/wp-content\/uploads\/2026\/01\/Copia-de-FOTOS-VANITY-10-1.png\" \/>\n\t<meta property=\"og:image:width\" content=\"1080\" \/>\n\t<meta property=\"og:image:height\" content=\"1200\" \/>\n\t<meta property=\"og:image:type\" content=\"image\/png\" \/>\n<meta name=\"twitter:card\" content=\"summary_large_image\" \/>\n<meta name=\"twitter:label1\" content=\"Tiempo de lectura\" \/>\n\t<meta name=\"twitter:data1\" content=\"1 minuto\" \/>\n<script type=\"application\/ld+json\" class=\"yoast-schema-graph\">{\"@context\":\"https:\\\/\\\/schema.org\",\"@graph\":[{\"@type\":\"WebPage\",\"@id\":\"https:\\\/\\\/lazambrahotel.com\\\/es\\\/producto\\\/juega-saboree\\\/\",\"url\":\"https:\\\/\\\/lazambrahotel.com\\\/es\\\/producto\\\/juega-saboree\\\/\",\"name\":\"Play & Taste | Experiencia Deporte y Almuerzo en La Zambra\",\"isPartOf\":{\"@id\":\"https:\\\/\\\/lazambrahotel.com\\\/es\\\/#website\"},\"primaryImageOfPage\":{\"@id\":\"https:\\\/\\\/lazambrahotel.com\\\/es\\\/producto\\\/juega-saboree\\\/#primaryimage\"},\"image\":{\"@id\":\"https:\\\/\\\/lazambrahotel.com\\\/es\\\/producto\\\/juega-saboree\\\/#primaryimage\"},\"thumbnailUrl\":\"https:\\\/\\\/lazambrahotel.com\\\/wp-content\\\/uploads\\\/2026\\\/01\\\/Copia-de-FOTOS-VANITY-10-1.png\",\"datePublished\":\"2025-12-15T14:53:33+00:00\",\"dateModified\":\"2026-02-16T11:50:42+00:00\",\"description\":\"Pase un perfecto d\u00eda en La Zambra, piscina infinita, hamaca, bebida, fruta, toalla, vestuarios y parking. Deporte, sabor y aire fresco combinados.\",\"breadcrumb\":{\"@id\":\"https:\\\/\\\/lazambrahotel.com\\\/es\\\/producto\\\/juega-saboree\\\/#breadcrumb\"},\"inLanguage\":\"es\",\"potentialAction\":[{\"@type\":\"ReadAction\",\"target\":[\"https:\\\/\\\/lazambrahotel.com\\\/es\\\/producto\\\/juega-saboree\\\/\"]}]},{\"@type\":\"ImageObject\",\"inLanguage\":\"es\",\"@id\":\"https:\\\/\\\/lazambrahotel.com\\\/es\\\/producto\\\/juega-saboree\\\/#primaryimage\",\"url\":\"https:\\\/\\\/lazambrahotel.com\\\/wp-content\\\/uploads\\\/2026\\\/01\\\/Copia-de-FOTOS-VANITY-10-1.png\",\"contentUrl\":\"https:\\\/\\\/lazambrahotel.com\\\/wp-content\\\/uploads\\\/2026\\\/01\\\/Copia-de-FOTOS-VANITY-10-1.png\",\"width\":1080,\"height\":1200},{\"@type\":\"BreadcrumbList\",\"@id\":\"https:\\\/\\\/lazambrahotel.com\\\/es\\\/producto\\\/juega-saboree\\\/#breadcrumb\",\"itemListElement\":[{\"@type\":\"ListItem\",\"position\":1,\"name\":\"Portada\",\"item\":\"https:\\\/\\\/lazambrahotel.com\\\/es\\\/\"},{\"@type\":\"ListItem\",\"position\":2,\"name\":\"Tienda\",\"item\":\"https:\\\/\\\/lazambrahotel.com\\\/es\\\/tienda\\\/\"},{\"@type\":\"ListItem\",\"position\":3,\"name\":\"Juegue &amp; Saboree\"}]},{\"@type\":\"WebSite\",\"@id\":\"https:\\\/\\\/lazambrahotel.com\\\/es\\\/#website\",\"url\":\"https:\\\/\\\/lazambrahotel.com\\\/es\\\/\",\"name\":\"La Zambra\",\"description\":\"Hotel\",\"publisher\":{\"@id\":\"https:\\\/\\\/lazambrahotel.com\\\/es\\\/#organization\"},\"potentialAction\":[{\"@type\":\"SearchAction\",\"target\":{\"@type\":\"EntryPoint\",\"urlTemplate\":\"https:\\\/\\\/lazambrahotel.com\\\/es\\\/?s={search_term_string}\"},\"query-input\":{\"@type\":\"PropertyValueSpecification\",\"valueRequired\":true,\"valueName\":\"search_term_string\"}}],\"inLanguage\":\"es\"},{\"@type\":\"Organization\",\"@id\":\"https:\\\/\\\/lazambrahotel.com\\\/es\\\/#organization\",\"name\":\"La Zambra\",\"url\":\"https:\\\/\\\/lazambrahotel.com\\\/es\\\/\",\"logo\":{\"@type\":\"ImageObject\",\"inLanguage\":\"es\",\"@id\":\"https:\\\/\\\/lazambrahotel.com\\\/es\\\/#\\\/schema\\\/logo\\\/image\\\/\",\"url\":\"https:\\\/\\\/lazambrahotel.com\\\/wp-content\\\/uploads\\\/2025\\\/09\\\/logo-la-zambra.svg\",\"contentUrl\":\"https:\\\/\\\/lazambrahotel.com\\\/wp-content\\\/uploads\\\/2025\\\/09\\\/logo-la-zambra.svg\",\"width\":\"1024\",\"height\":\"1024\",\"caption\":\"La Zambra\"},\"image\":{\"@id\":\"https:\\\/\\\/lazambrahotel.com\\\/es\\\/#\\\/schema\\\/logo\\\/image\\\/\"},\"sameAs\":[\"https:\\\/\\\/www.facebook.com\\\/La.Zambra.Mijas\\\/\",\"https:\\\/\\\/www.instagram.com\\\/la.zambra\\\/\"]}]}<\/script>\n<!-- \/ Yoast SEO plugin. -->","yoast_head_json":{"title":"Play & Taste | Experiencia Deporte y Almuerzo en La Zambra","description":"Pase un perfecto d\u00eda en La Zambra, piscina infinita, hamaca, bebida, fruta, toalla, vestuarios y parking. Deporte, sabor y aire fresco combinados.","robots":{"index":"index","follow":"follow","max-snippet":"max-snippet:-1","max-image-preview":"max-image-preview:large","max-video-preview":"max-video-preview:-1"},"canonical":"https:\/\/lazambrahotel.com\/es\/producto\/juega-saboree\/","og_locale":"es_ES","og_type":"article","og_title":"Play & Taste | Experiencia Deporte y Almuerzo en La Zambra","og_description":"Pase un perfecto d\u00eda en La Zambra, piscina infinita, hamaca, bebida, fruta, toalla, vestuarios y parking. Deporte, sabor y aire fresco combinados.","og_url":"https:\/\/lazambrahotel.com\/es\/producto\/juega-saboree\/","og_site_name":"La Zambra","article_publisher":"https:\/\/www.facebook.com\/La.Zambra.Mijas\/","article_modified_time":"2026-02-16T11:50:42+00:00","og_image":[{"width":1080,"height":1200,"url":"https:\/\/lazambrahotel.com\/wp-content\/uploads\/2026\/01\/Copia-de-FOTOS-VANITY-10-1.png","type":"image\/png"}],"twitter_card":"summary_large_image","twitter_misc":{"Tiempo de lectura":"1 minuto"},"schema":{"@context":"https:\/\/schema.org","@graph":[{"@type":"WebPage","@id":"https:\/\/lazambrahotel.com\/es\/producto\/juega-saboree\/","url":"https:\/\/lazambrahotel.com\/es\/producto\/juega-saboree\/","name":"Play & Taste | Experiencia Deporte y Almuerzo en La Zambra","isPartOf":{"@id":"https:\/\/lazambrahotel.com\/es\/#website"},"primaryImageOfPage":{"@id":"https:\/\/lazambrahotel.com\/es\/producto\/juega-saboree\/#primaryimage"},"image":{"@id":"https:\/\/lazambrahotel.com\/es\/producto\/juega-saboree\/#primaryimage"},"thumbnailUrl":"https:\/\/lazambrahotel.com\/wp-content\/uploads\/2026\/01\/Copia-de-FOTOS-VANITY-10-1.png","datePublished":"2025-12-15T14:53:33+00:00","dateModified":"2026-02-16T11:50:42+00:00","description":"Pase un perfecto d\u00eda en La Zambra, piscina infinita, hamaca, bebida, fruta, toalla, vestuarios y parking. Deporte, sabor y aire fresco combinados.","breadcrumb":{"@id":"https:\/\/lazambrahotel.com\/es\/producto\/juega-saboree\/#breadcrumb"},"inLanguage":"es","potentialAction":[{"@type":"ReadAction","target":["https:\/\/lazambrahotel.com\/es\/producto\/juega-saboree\/"]}]},{"@type":"ImageObject","inLanguage":"es","@id":"https:\/\/lazambrahotel.com\/es\/producto\/juega-saboree\/#primaryimage","url":"https:\/\/lazambrahotel.com\/wp-content\/uploads\/2026\/01\/Copia-de-FOTOS-VANITY-10-1.png","contentUrl":"https:\/\/lazambrahotel.com\/wp-content\/uploads\/2026\/01\/Copia-de-FOTOS-VANITY-10-1.png","width":1080,"height":1200},{"@type":"BreadcrumbList","@id":"https:\/\/lazambrahotel.com\/es\/producto\/juega-saboree\/#breadcrumb","itemListElement":[{"@type":"ListItem","position":1,"name":"Portada","item":"https:\/\/lazambrahotel.com\/es\/"},{"@type":"ListItem","position":2,"name":"Tienda","item":"https:\/\/lazambrahotel.com\/es\/tienda\/"},{"@type":"ListItem","position":3,"name":"Juegue &amp; Saboree"}]},{"@type":"WebSite","@id":"https:\/\/lazambrahotel.com\/es\/#website","url":"https:\/\/lazambrahotel.com\/es\/","name":"La Zambra","description":"Hotel","publisher":{"@id":"https:\/\/lazambrahotel.com\/es\/#organization"},"potentialAction":[{"@type":"SearchAction","target":{"@type":"EntryPoint","urlTemplate":"https:\/\/lazambrahotel.com\/es\/?s={search_term_string}"},"query-input":{"@type":"PropertyValueSpecification","valueRequired":true,"valueName":"search_term_string"}}],"inLanguage":"es"},{"@type":"Organization","@id":"https:\/\/lazambrahotel.com\/es\/#organization","name":"La Zambra","url":"https:\/\/lazambrahotel.com\/es\/","logo":{"@type":"ImageObject","inLanguage":"es","@id":"https:\/\/lazambrahotel.com\/es\/#\/schema\/logo\/image\/","url":"https:\/\/lazambrahotel.com\/wp-content\/uploads\/2025\/09\/logo-la-zambra.svg","contentUrl":"https:\/\/lazambrahotel.com\/wp-content\/uploads\/2025\/09\/logo-la-zambra.svg","width":"1024","height":"1024","caption":"La Zambra"},"image":{"@id":"https:\/\/lazambrahotel.com\/es\/#\/schema\/logo\/image\/"},"sameAs":["https:\/\/www.facebook.com\/La.Zambra.Mijas\/","https:\/\/www.instagram.com\/la.zambra\/"]}]}},"_links":{"self":[{"href":"https:\/\/lazambrahotel.com\/es\/wp-json\/wp\/v2\/product\/5688","targetHints":{"allow":["GET"]}}],"collection":[{"href":"https:\/\/lazambrahotel.com\/es\/wp-json\/wp\/v2\/product"}],"about":[{"href":"https:\/\/lazambrahotel.com\/es\/wp-json\/wp\/v2\/types\/product"}],"replies":[{"embeddable":true,"href":"https:\/\/lazambrahotel.com\/es\/wp-json\/wp\/v2\/comments?post=5688"}],"wp:featuredmedia":[{"embeddable":true,"href":"https:\/\/lazambrahotel.com\/es\/wp-json\/wp\/v2\/media\/6026"}],"wp:attachment":[{"href":"https:\/\/lazambrahotel.com\/es\/wp-json\/wp\/v2\/media?parent=5688"}],"wp:term":[{"taxonomy":"product_brand","embeddable":true,"href":"https:\/\/lazambrahotel.com\/es\/wp-json\/wp\/v2\/product_brand?post=5688"},{"taxonomy":"product_cat","embeddable":true,"href":"https:\/\/lazambrahotel.com\/es\/wp-json\/wp\/v2\/product_cat?post=5688"},{"taxonomy":"product_tag","embeddable":true,"href":"https:\/\/lazambrahotel.com\/es\/wp-json\/wp\/v2\/product_tag?post=5688"}],"curies":[{"name":"wp","href":"https:\/\/api.w.org\/{rel}","templated":true}]}}