{"id":5646,"date":"2025-12-15T16:29:41","date_gmt":"2025-12-15T14:29:41","guid":{"rendered":"https:\/\/lazambrahotel.com\/?post_type=product&#038;p=5646"},"modified":"2026-04-06T10:15:22","modified_gmt":"2026-04-06T08:15:22","slug":"almuerzo-relax","status":"publish","type":"product","link":"https:\/\/lazambrahotel.com\/es\/producto\/almuerzo-relax\/","title":{"rendered":"Almuerzo &amp; Relax"},"content":{"rendered":"<p data-start=\"954\" data-end=\"1078\">Una escapada elegante combinando placer y sabor. Rel\u00e1jese bajo el sol y disfrute de un almuerzo con estilo en un ambiente en calma.<\/p>\n<p data-start=\"1080\" data-end=\"1093\">Incluye:<\/p>\n<ul>\n<li data-start=\"1096\" data-end=\"1124\">Acceso de adulto a la piscina Brisa<\/li>\n<li data-start=\"1127\" data-end=\"1140\">Hamaca<\/li>\n<li data-start=\"1143\" data-end=\"1157\">Brocheta de fruta<\/li>\n<li data-start=\"1160\" data-end=\"1181\">Almuerzo con men\u00fa cerrado<\/li>\n<li data-start=\"1184\" data-end=\"1204\">Una bebida inclu\u00edda<\/li>\n<li data-start=\"1207\" data-end=\"1214\">Toalla<\/li>\n<li data-start=\"1217\" data-end=\"1233\">Vestuarios<\/li>\n<li data-start=\"1236\" data-end=\"1251\">Parking gratuito<\/li>\n<\/ul>\n<p><strong>Requisitos:<\/strong><\/p>\n<p>Por favor, cont\u00e1ctenos al menos 48 horas antes de la fecha en la que desee disfrutar de su experiencia, y confirmaremos su reserva y disponibilidad utilizando su n\u00famero de bono.<\/p>\n<p><strong data-start=\"91\" data-end=\"118\">T\u00e9rminos y condiciones:<\/strong><br data-start=\"118\" data-end=\"121\" data-is-only-node=\"\" \/><em>Si un Day Pass adquirido en temporada baja se utiliza durante temporada alta, ser\u00e1 necesario abonar la diferencia de tarifa directamente en recepci\u00f3n.<\/em><\/p>\n<p><em>*Para ni\u00f1os menores de 12 a\u00f1os, ofrecemos un 50 % de descuento con pago directo en recepci\u00f3n.<\/em><\/p>\n<p>Horarios:<\/p>\n<p>Lunes a Domingo de 11:00 a 19:00 horas.<\/p>\n<p>Almuerzo: 13:00 a 16:30 horas.<\/p>\n","protected":false},"excerpt":{"rendered":"<p>Una escapada elegante combinando placer y sabor. Rel\u00e1jese bajo el sol y disfrute de un almuerzo con estilo en un ambiente en calma. Incluye: Acceso de adulto a la piscina Brisa Hamaca Brocheta de fruta Almuerzo con men\u00fa cerrado Una bebida inclu\u00edda Toalla Vestuarios Parking gratuito Requisitos: Por favor, cont\u00e1ctenos al menos 48 horas antes&#8230;<\/p>\n","protected":false},"featured_media":5652,"comment_status":"closed","ping_status":"closed","template":"","meta":[],"product_brand":[],"product_cat":[32],"product_tag":[],"class_list":{"0":"post-5646","1":"product","2":"type-product","3":"status-publish","4":"has-post-thumbnail","6":"product_cat-day-pass","8":"first","9":"instock","10":"taxable","11":"shipping-taxable","12":"purchasable","13":"product-type-variable"},"yoast_head":"<!-- This site is optimized with the Yoast SEO plugin v27.4 - https:\/\/yoast.com\/product\/yoast-seo-wordpress\/ -->\n<title>DayPass: Almuerzo y Relax<\/title>\n<meta name=\"description\" content=\"Pase un perfecto d\u00eda en La Zambra, piscina infinita, hamaca, bebida, fruta, toalla, vestuarios y parking. El equilibrio perfecto entre ocio y gastronom\u00eda.\" \/>\n<meta name=\"robots\" content=\"index, follow, max-snippet:-1, max-image-preview:large, max-video-preview:-1\" \/>\n<link rel=\"canonical\" href=\"https:\/\/lazambrahotel.com\/es\/producto\/almuerzo-relax\/\" \/>\n<meta property=\"og:locale\" content=\"es_ES\" \/>\n<meta property=\"og:type\" content=\"article\" \/>\n<meta property=\"og:title\" content=\"DayPass: Almuerzo y Relax\" \/>\n<meta property=\"og:description\" content=\"Pase un perfecto d\u00eda en La Zambra, piscina infinita, hamaca, bebida, fruta, toalla, vestuarios y parking. El equilibrio perfecto entre ocio y gastronom\u00eda.\" \/>\n<meta property=\"og:url\" content=\"https:\/\/lazambrahotel.com\/es\/producto\/almuerzo-relax\/\" \/>\n<meta property=\"og:site_name\" content=\"La Zambra\" \/>\n<meta property=\"article:publisher\" content=\"https:\/\/www.facebook.com\/La.Zambra.Mijas\/\" \/>\n<meta property=\"article:modified_time\" content=\"2026-04-06T08:15:22+00:00\" \/>\n<meta property=\"og:image\" content=\"https:\/\/lazambrahotel.com\/wp-content\/uploads\/2025\/12\/31.png\" \/>\n\t<meta property=\"og:image:width\" content=\"1080\" \/>\n\t<meta property=\"og:image:height\" content=\"1200\" \/>\n\t<meta property=\"og:image:type\" content=\"image\/png\" \/>\n<meta name=\"twitter:card\" content=\"summary_large_image\" \/>\n<meta name=\"twitter:label1\" content=\"Tiempo de lectura\" \/>\n\t<meta name=\"twitter:data1\" content=\"1 minuto\" \/>\n<script type=\"application\/ld+json\" class=\"yoast-schema-graph\">{\"@context\":\"https:\\\/\\\/schema.org\",\"@graph\":[{\"@type\":\"WebPage\",\"@id\":\"https:\\\/\\\/lazambrahotel.com\\\/es\\\/producto\\\/almuerzo-relax\\\/\",\"url\":\"https:\\\/\\\/lazambrahotel.com\\\/es\\\/producto\\\/almuerzo-relax\\\/\",\"name\":\"DayPass: Almuerzo y Relax\",\"isPartOf\":{\"@id\":\"https:\\\/\\\/lazambrahotel.com\\\/es\\\/#website\"},\"primaryImageOfPage\":{\"@id\":\"https:\\\/\\\/lazambrahotel.com\\\/es\\\/producto\\\/almuerzo-relax\\\/#primaryimage\"},\"image\":{\"@id\":\"https:\\\/\\\/lazambrahotel.com\\\/es\\\/producto\\\/almuerzo-relax\\\/#primaryimage\"},\"thumbnailUrl\":\"https:\\\/\\\/lazambrahotel.com\\\/wp-content\\\/uploads\\\/2025\\\/12\\\/31.png\",\"datePublished\":\"2025-12-15T14:29:41+00:00\",\"dateModified\":\"2026-04-06T08:15:22+00:00\",\"description\":\"Pase un perfecto d\u00eda en La Zambra, piscina infinita, hamaca, bebida, fruta, toalla, vestuarios y parking. El equilibrio perfecto entre ocio y gastronom\u00eda.\",\"breadcrumb\":{\"@id\":\"https:\\\/\\\/lazambrahotel.com\\\/es\\\/producto\\\/almuerzo-relax\\\/#breadcrumb\"},\"inLanguage\":\"es\",\"potentialAction\":[{\"@type\":\"ReadAction\",\"target\":[\"https:\\\/\\\/lazambrahotel.com\\\/es\\\/producto\\\/almuerzo-relax\\\/\"]}]},{\"@type\":\"ImageObject\",\"inLanguage\":\"es\",\"@id\":\"https:\\\/\\\/lazambrahotel.com\\\/es\\\/producto\\\/almuerzo-relax\\\/#primaryimage\",\"url\":\"https:\\\/\\\/lazambrahotel.com\\\/wp-content\\\/uploads\\\/2025\\\/12\\\/31.png\",\"contentUrl\":\"https:\\\/\\\/lazambrahotel.com\\\/wp-content\\\/uploads\\\/2025\\\/12\\\/31.png\",\"width\":1080,\"height\":1200},{\"@type\":\"BreadcrumbList\",\"@id\":\"https:\\\/\\\/lazambrahotel.com\\\/es\\\/producto\\\/almuerzo-relax\\\/#breadcrumb\",\"itemListElement\":[{\"@type\":\"ListItem\",\"position\":1,\"name\":\"Portada\",\"item\":\"https:\\\/\\\/lazambrahotel.com\\\/es\\\/\"},{\"@type\":\"ListItem\",\"position\":2,\"name\":\"Tienda\",\"item\":\"https:\\\/\\\/lazambrahotel.com\\\/es\\\/tienda\\\/\"},{\"@type\":\"ListItem\",\"position\":3,\"name\":\"Almuerzo &amp; Relax\"}]},{\"@type\":\"WebSite\",\"@id\":\"https:\\\/\\\/lazambrahotel.com\\\/es\\\/#website\",\"url\":\"https:\\\/\\\/lazambrahotel.com\\\/es\\\/\",\"name\":\"La Zambra\",\"description\":\"Hotel\",\"publisher\":{\"@id\":\"https:\\\/\\\/lazambrahotel.com\\\/es\\\/#organization\"},\"potentialAction\":[{\"@type\":\"SearchAction\",\"target\":{\"@type\":\"EntryPoint\",\"urlTemplate\":\"https:\\\/\\\/lazambrahotel.com\\\/es\\\/?s={search_term_string}\"},\"query-input\":{\"@type\":\"PropertyValueSpecification\",\"valueRequired\":true,\"valueName\":\"search_term_string\"}}],\"inLanguage\":\"es\"},{\"@type\":\"Organization\",\"@id\":\"https:\\\/\\\/lazambrahotel.com\\\/es\\\/#organization\",\"name\":\"La Zambra\",\"url\":\"https:\\\/\\\/lazambrahotel.com\\\/es\\\/\",\"logo\":{\"@type\":\"ImageObject\",\"inLanguage\":\"es\",\"@id\":\"https:\\\/\\\/lazambrahotel.com\\\/es\\\/#\\\/schema\\\/logo\\\/image\\\/\",\"url\":\"https:\\\/\\\/lazambrahotel.com\\\/wp-content\\\/uploads\\\/2025\\\/09\\\/logo-la-zambra.svg\",\"contentUrl\":\"https:\\\/\\\/lazambrahotel.com\\\/wp-content\\\/uploads\\\/2025\\\/09\\\/logo-la-zambra.svg\",\"width\":\"1024\",\"height\":\"1024\",\"caption\":\"La Zambra\"},\"image\":{\"@id\":\"https:\\\/\\\/lazambrahotel.com\\\/es\\\/#\\\/schema\\\/logo\\\/image\\\/\"},\"sameAs\":[\"https:\\\/\\\/www.facebook.com\\\/La.Zambra.Mijas\\\/\",\"https:\\\/\\\/www.instagram.com\\\/la.zambra\\\/\"]}]}<\/script>\n<!-- \/ Yoast SEO plugin. -->","yoast_head_json":{"title":"DayPass: Almuerzo y Relax","description":"Pase un perfecto d\u00eda en La Zambra, piscina infinita, hamaca, bebida, fruta, toalla, vestuarios y parking. El equilibrio perfecto entre ocio y gastronom\u00eda.","robots":{"index":"index","follow":"follow","max-snippet":"max-snippet:-1","max-image-preview":"max-image-preview:large","max-video-preview":"max-video-preview:-1"},"canonical":"https:\/\/lazambrahotel.com\/es\/producto\/almuerzo-relax\/","og_locale":"es_ES","og_type":"article","og_title":"DayPass: Almuerzo y Relax","og_description":"Pase un perfecto d\u00eda en La Zambra, piscina infinita, hamaca, bebida, fruta, toalla, vestuarios y parking. El equilibrio perfecto entre ocio y gastronom\u00eda.","og_url":"https:\/\/lazambrahotel.com\/es\/producto\/almuerzo-relax\/","og_site_name":"La Zambra","article_publisher":"https:\/\/www.facebook.com\/La.Zambra.Mijas\/","article_modified_time":"2026-04-06T08:15:22+00:00","og_image":[{"width":1080,"height":1200,"url":"https:\/\/lazambrahotel.com\/wp-content\/uploads\/2025\/12\/31.png","type":"image\/png"}],"twitter_card":"summary_large_image","twitter_misc":{"Tiempo de lectura":"1 minuto"},"schema":{"@context":"https:\/\/schema.org","@graph":[{"@type":"WebPage","@id":"https:\/\/lazambrahotel.com\/es\/producto\/almuerzo-relax\/","url":"https:\/\/lazambrahotel.com\/es\/producto\/almuerzo-relax\/","name":"DayPass: Almuerzo y Relax","isPartOf":{"@id":"https:\/\/lazambrahotel.com\/es\/#website"},"primaryImageOfPage":{"@id":"https:\/\/lazambrahotel.com\/es\/producto\/almuerzo-relax\/#primaryimage"},"image":{"@id":"https:\/\/lazambrahotel.com\/es\/producto\/almuerzo-relax\/#primaryimage"},"thumbnailUrl":"https:\/\/lazambrahotel.com\/wp-content\/uploads\/2025\/12\/31.png","datePublished":"2025-12-15T14:29:41+00:00","dateModified":"2026-04-06T08:15:22+00:00","description":"Pase un perfecto d\u00eda en La Zambra, piscina infinita, hamaca, bebida, fruta, toalla, vestuarios y parking. El equilibrio perfecto entre ocio y gastronom\u00eda.","breadcrumb":{"@id":"https:\/\/lazambrahotel.com\/es\/producto\/almuerzo-relax\/#breadcrumb"},"inLanguage":"es","potentialAction":[{"@type":"ReadAction","target":["https:\/\/lazambrahotel.com\/es\/producto\/almuerzo-relax\/"]}]},{"@type":"ImageObject","inLanguage":"es","@id":"https:\/\/lazambrahotel.com\/es\/producto\/almuerzo-relax\/#primaryimage","url":"https:\/\/lazambrahotel.com\/wp-content\/uploads\/2025\/12\/31.png","contentUrl":"https:\/\/lazambrahotel.com\/wp-content\/uploads\/2025\/12\/31.png","width":1080,"height":1200},{"@type":"BreadcrumbList","@id":"https:\/\/lazambrahotel.com\/es\/producto\/almuerzo-relax\/#breadcrumb","itemListElement":[{"@type":"ListItem","position":1,"name":"Portada","item":"https:\/\/lazambrahotel.com\/es\/"},{"@type":"ListItem","position":2,"name":"Tienda","item":"https:\/\/lazambrahotel.com\/es\/tienda\/"},{"@type":"ListItem","position":3,"name":"Almuerzo &amp; Relax"}]},{"@type":"WebSite","@id":"https:\/\/lazambrahotel.com\/es\/#website","url":"https:\/\/lazambrahotel.com\/es\/","name":"La Zambra","description":"Hotel","publisher":{"@id":"https:\/\/lazambrahotel.com\/es\/#organization"},"potentialAction":[{"@type":"SearchAction","target":{"@type":"EntryPoint","urlTemplate":"https:\/\/lazambrahotel.com\/es\/?s={search_term_string}"},"query-input":{"@type":"PropertyValueSpecification","valueRequired":true,"valueName":"search_term_string"}}],"inLanguage":"es"},{"@type":"Organization","@id":"https:\/\/lazambrahotel.com\/es\/#organization","name":"La Zambra","url":"https:\/\/lazambrahotel.com\/es\/","logo":{"@type":"ImageObject","inLanguage":"es","@id":"https:\/\/lazambrahotel.com\/es\/#\/schema\/logo\/image\/","url":"https:\/\/lazambrahotel.com\/wp-content\/uploads\/2025\/09\/logo-la-zambra.svg","contentUrl":"https:\/\/lazambrahotel.com\/wp-content\/uploads\/2025\/09\/logo-la-zambra.svg","width":"1024","height":"1024","caption":"La Zambra"},"image":{"@id":"https:\/\/lazambrahotel.com\/es\/#\/schema\/logo\/image\/"},"sameAs":["https:\/\/www.facebook.com\/La.Zambra.Mijas\/","https:\/\/www.instagram.com\/la.zambra\/"]}]}},"_links":{"self":[{"href":"https:\/\/lazambrahotel.com\/es\/wp-json\/wp\/v2\/product\/5646","targetHints":{"allow":["GET"]}}],"collection":[{"href":"https:\/\/lazambrahotel.com\/es\/wp-json\/wp\/v2\/product"}],"about":[{"href":"https:\/\/lazambrahotel.com\/es\/wp-json\/wp\/v2\/types\/product"}],"replies":[{"embeddable":true,"href":"https:\/\/lazambrahotel.com\/es\/wp-json\/wp\/v2\/comments?post=5646"}],"wp:featuredmedia":[{"embeddable":true,"href":"https:\/\/lazambrahotel.com\/es\/wp-json\/wp\/v2\/media\/5652"}],"wp:attachment":[{"href":"https:\/\/lazambrahotel.com\/es\/wp-json\/wp\/v2\/media?parent=5646"}],"wp:term":[{"taxonomy":"product_brand","embeddable":true,"href":"https:\/\/lazambrahotel.com\/es\/wp-json\/wp\/v2\/product_brand?post=5646"},{"taxonomy":"product_cat","embeddable":true,"href":"https:\/\/lazambrahotel.com\/es\/wp-json\/wp\/v2\/product_cat?post=5646"},{"taxonomy":"product_tag","embeddable":true,"href":"https:\/\/lazambrahotel.com\/es\/wp-json\/wp\/v2\/product_tag?post=5646"}],"curies":[{"name":"wp","href":"https:\/\/api.w.org\/{rel}","templated":true}]}}