{"id":5632,"date":"2025-12-15T15:59:09","date_gmt":"2025-12-15T13:59:09","guid":{"rendered":"https:\/\/lazambrahotel.com\/?post_type=product&#038;p=5632"},"modified":"2026-04-06T10:18:25","modified_gmt":"2026-04-06T08:18:25","slug":"placer-junto-a-la-piscina","status":"publish","type":"product","link":"https:\/\/lazambrahotel.com\/es\/producto\/placer-junto-a-la-piscina\/","title":{"rendered":"Placer junto a la piscina"},"content":{"rendered":"<p>Disfruta del arte de desacelerar en La Zambra. Un d\u00eda soleado junto a la piscina, dise\u00f1ado para la m\u00e1xima relajaci\u00f3n y disfrute sin esfuerzo.<\/p>\n<p>Incluye:<\/p>\n<ul>\n<li>Acceso de adulto a la piscina Brisa<\/li>\n<li>Hamaca<\/li>\n<li>Bebida de bienvenida<\/li>\n<li>Brocheta de fruta<\/li>\n<li>Toalla<\/li>\n<li>Vestuarios<\/li>\n<li>Parking gratuito<\/li>\n<\/ul>\n<p><strong>Requisitos:<\/strong><\/p>\n<p>Por favor, cont\u00e1ctenos al menos 48 horas antes de la fecha en la que desee disfrutar de su experiencia, y confirmaremos su reserva y disponibilidad utilizando su n\u00famero de bono.<\/p>\n<p><strong data-start=\"91\" data-end=\"118\">T\u00e9rminos y condiciones:<\/strong><br data-start=\"118\" data-end=\"121\" data-is-only-node=\"\" \/><em>Si un Day Pass adquirido en temporada baja se utiliza durante temporada alta, ser\u00e1 necesario abonar la diferencia de tarifa directamente en recepci\u00f3n.<\/em><\/p>\n<p><em>*Para ni\u00f1os menores de 12 a\u00f1os, ofrecemos un 50 % de descuento con pago directo en recepci\u00f3n.<\/em><\/p>\n<p>Horarios:<\/p>\n<p>Lunes a Domingo de 11:00 a 19:00 horas.<\/p>\n<p>&nbsp;<\/p>\n","protected":false},"excerpt":{"rendered":"<p>Disfruta del arte de desacelerar en La Zambra. Un d\u00eda soleado junto a la piscina, dise\u00f1ado para la m\u00e1xima relajaci\u00f3n y disfrute sin esfuerzo. Incluye: Acceso de adulto a la piscina Brisa Hamaca Bebida de bienvenida Brocheta de fruta Toalla Vestuarios Parking gratuito Requisitos: Por favor, cont\u00e1ctenos al menos 48 horas antes de la fecha&#8230;<\/p>\n","protected":false},"featured_media":4314,"comment_status":"closed","ping_status":"closed","template":"","meta":[],"product_brand":[],"product_cat":[32],"product_tag":[],"class_list":{"0":"post-5632","1":"product","2":"type-product","3":"status-publish","4":"has-post-thumbnail","6":"product_cat-day-pass","8":"first","9":"instock","10":"taxable","11":"shipping-taxable","12":"purchasable","13":"product-type-variable"},"yoast_head":"<!-- This site is optimized with the Yoast SEO plugin v27.4 - https:\/\/yoast.com\/product\/yoast-seo-wordpress\/ -->\n<title>Placer junto a la piscina en La Zambra<\/title>\n<meta name=\"description\" content=\"Pase un perfecto d\u00eda en La Zambra, piscina infinita, hamaca, bebida, fruta, toalla, vestuarios y parking. Un day pass refinado dise\u00f1ado para desconectar\" \/>\n<meta name=\"robots\" content=\"index, follow, max-snippet:-1, max-image-preview:large, max-video-preview:-1\" \/>\n<link rel=\"canonical\" href=\"https:\/\/lazambrahotel.com\/es\/producto\/placer-junto-a-la-piscina\/\" \/>\n<meta property=\"og:locale\" content=\"es_ES\" \/>\n<meta property=\"og:type\" content=\"article\" \/>\n<meta property=\"og:title\" content=\"Placer junto a la piscina en La Zambra\" \/>\n<meta property=\"og:description\" content=\"Pase un perfecto d\u00eda en La Zambra, piscina infinita, hamaca, bebida, fruta, toalla, vestuarios y parking. Un day pass refinado dise\u00f1ado para desconectar\" \/>\n<meta property=\"og:url\" content=\"https:\/\/lazambrahotel.com\/es\/producto\/placer-junto-a-la-piscina\/\" \/>\n<meta property=\"og:site_name\" content=\"La Zambra\" \/>\n<meta property=\"article:publisher\" content=\"https:\/\/www.facebook.com\/La.Zambra.Mijas\/\" \/>\n<meta property=\"article:modified_time\" content=\"2026-04-06T08:18:25+00:00\" \/>\n<meta property=\"og:image\" content=\"https:\/\/lazambrahotel.com\/wp-content\/uploads\/2025\/10\/La-Zambra-Pool-Golf-View-scaled.jpg\" \/>\n\t<meta property=\"og:image:width\" content=\"1920\" \/>\n\t<meta property=\"og:image:height\" content=\"1280\" \/>\n\t<meta property=\"og:image:type\" content=\"image\/jpeg\" \/>\n<meta name=\"twitter:card\" content=\"summary_large_image\" \/>\n<meta name=\"twitter:label1\" content=\"Tiempo de lectura\" \/>\n\t<meta name=\"twitter:data1\" content=\"1 minuto\" \/>\n<script type=\"application\/ld+json\" class=\"yoast-schema-graph\">{\"@context\":\"https:\\\/\\\/schema.org\",\"@graph\":[{\"@type\":\"WebPage\",\"@id\":\"https:\\\/\\\/lazambrahotel.com\\\/es\\\/producto\\\/placer-junto-a-la-piscina\\\/\",\"url\":\"https:\\\/\\\/lazambrahotel.com\\\/es\\\/producto\\\/placer-junto-a-la-piscina\\\/\",\"name\":\"Placer junto a la piscina en La Zambra\",\"isPartOf\":{\"@id\":\"https:\\\/\\\/lazambrahotel.com\\\/es\\\/#website\"},\"primaryImageOfPage\":{\"@id\":\"https:\\\/\\\/lazambrahotel.com\\\/es\\\/producto\\\/placer-junto-a-la-piscina\\\/#primaryimage\"},\"image\":{\"@id\":\"https:\\\/\\\/lazambrahotel.com\\\/es\\\/producto\\\/placer-junto-a-la-piscina\\\/#primaryimage\"},\"thumbnailUrl\":\"https:\\\/\\\/lazambrahotel.com\\\/wp-content\\\/uploads\\\/2025\\\/10\\\/La-Zambra-Pool-Golf-View-scaled.jpg\",\"datePublished\":\"2025-12-15T13:59:09+00:00\",\"dateModified\":\"2026-04-06T08:18:25+00:00\",\"description\":\"Pase un perfecto d\u00eda en La Zambra, piscina infinita, hamaca, bebida, fruta, toalla, vestuarios y parking. Un day pass refinado dise\u00f1ado para desconectar\",\"breadcrumb\":{\"@id\":\"https:\\\/\\\/lazambrahotel.com\\\/es\\\/producto\\\/placer-junto-a-la-piscina\\\/#breadcrumb\"},\"inLanguage\":\"es\",\"potentialAction\":[{\"@type\":\"ReadAction\",\"target\":[\"https:\\\/\\\/lazambrahotel.com\\\/es\\\/producto\\\/placer-junto-a-la-piscina\\\/\"]}]},{\"@type\":\"ImageObject\",\"inLanguage\":\"es\",\"@id\":\"https:\\\/\\\/lazambrahotel.com\\\/es\\\/producto\\\/placer-junto-a-la-piscina\\\/#primaryimage\",\"url\":\"https:\\\/\\\/lazambrahotel.com\\\/wp-content\\\/uploads\\\/2025\\\/10\\\/La-Zambra-Pool-Golf-View-scaled.jpg\",\"contentUrl\":\"https:\\\/\\\/lazambrahotel.com\\\/wp-content\\\/uploads\\\/2025\\\/10\\\/La-Zambra-Pool-Golf-View-scaled.jpg\",\"width\":1920,\"height\":1280},{\"@type\":\"BreadcrumbList\",\"@id\":\"https:\\\/\\\/lazambrahotel.com\\\/es\\\/producto\\\/placer-junto-a-la-piscina\\\/#breadcrumb\",\"itemListElement\":[{\"@type\":\"ListItem\",\"position\":1,\"name\":\"Portada\",\"item\":\"https:\\\/\\\/lazambrahotel.com\\\/es\\\/\"},{\"@type\":\"ListItem\",\"position\":2,\"name\":\"Tienda\",\"item\":\"https:\\\/\\\/lazambrahotel.com\\\/es\\\/tienda\\\/\"},{\"@type\":\"ListItem\",\"position\":3,\"name\":\"Placer junto a la piscina\"}]},{\"@type\":\"WebSite\",\"@id\":\"https:\\\/\\\/lazambrahotel.com\\\/es\\\/#website\",\"url\":\"https:\\\/\\\/lazambrahotel.com\\\/es\\\/\",\"name\":\"La Zambra\",\"description\":\"Hotel\",\"publisher\":{\"@id\":\"https:\\\/\\\/lazambrahotel.com\\\/es\\\/#organization\"},\"potentialAction\":[{\"@type\":\"SearchAction\",\"target\":{\"@type\":\"EntryPoint\",\"urlTemplate\":\"https:\\\/\\\/lazambrahotel.com\\\/es\\\/?s={search_term_string}\"},\"query-input\":{\"@type\":\"PropertyValueSpecification\",\"valueRequired\":true,\"valueName\":\"search_term_string\"}}],\"inLanguage\":\"es\"},{\"@type\":\"Organization\",\"@id\":\"https:\\\/\\\/lazambrahotel.com\\\/es\\\/#organization\",\"name\":\"La Zambra\",\"url\":\"https:\\\/\\\/lazambrahotel.com\\\/es\\\/\",\"logo\":{\"@type\":\"ImageObject\",\"inLanguage\":\"es\",\"@id\":\"https:\\\/\\\/lazambrahotel.com\\\/es\\\/#\\\/schema\\\/logo\\\/image\\\/\",\"url\":\"https:\\\/\\\/lazambrahotel.com\\\/wp-content\\\/uploads\\\/2025\\\/09\\\/logo-la-zambra.svg\",\"contentUrl\":\"https:\\\/\\\/lazambrahotel.com\\\/wp-content\\\/uploads\\\/2025\\\/09\\\/logo-la-zambra.svg\",\"width\":\"1024\",\"height\":\"1024\",\"caption\":\"La Zambra\"},\"image\":{\"@id\":\"https:\\\/\\\/lazambrahotel.com\\\/es\\\/#\\\/schema\\\/logo\\\/image\\\/\"},\"sameAs\":[\"https:\\\/\\\/www.facebook.com\\\/La.Zambra.Mijas\\\/\",\"https:\\\/\\\/www.instagram.com\\\/la.zambra\\\/\"]}]}<\/script>\n<!-- \/ Yoast SEO plugin. -->","yoast_head_json":{"title":"Placer junto a la piscina en La Zambra","description":"Pase un perfecto d\u00eda en La Zambra, piscina infinita, hamaca, bebida, fruta, toalla, vestuarios y parking. Un day pass refinado dise\u00f1ado para desconectar","robots":{"index":"index","follow":"follow","max-snippet":"max-snippet:-1","max-image-preview":"max-image-preview:large","max-video-preview":"max-video-preview:-1"},"canonical":"https:\/\/lazambrahotel.com\/es\/producto\/placer-junto-a-la-piscina\/","og_locale":"es_ES","og_type":"article","og_title":"Placer junto a la piscina en La Zambra","og_description":"Pase un perfecto d\u00eda en La Zambra, piscina infinita, hamaca, bebida, fruta, toalla, vestuarios y parking. Un day pass refinado dise\u00f1ado para desconectar","og_url":"https:\/\/lazambrahotel.com\/es\/producto\/placer-junto-a-la-piscina\/","og_site_name":"La Zambra","article_publisher":"https:\/\/www.facebook.com\/La.Zambra.Mijas\/","article_modified_time":"2026-04-06T08:18:25+00:00","og_image":[{"width":1920,"height":1280,"url":"https:\/\/lazambrahotel.com\/wp-content\/uploads\/2025\/10\/La-Zambra-Pool-Golf-View-scaled.jpg","type":"image\/jpeg"}],"twitter_card":"summary_large_image","twitter_misc":{"Tiempo de lectura":"1 minuto"},"schema":{"@context":"https:\/\/schema.org","@graph":[{"@type":"WebPage","@id":"https:\/\/lazambrahotel.com\/es\/producto\/placer-junto-a-la-piscina\/","url":"https:\/\/lazambrahotel.com\/es\/producto\/placer-junto-a-la-piscina\/","name":"Placer junto a la piscina en La Zambra","isPartOf":{"@id":"https:\/\/lazambrahotel.com\/es\/#website"},"primaryImageOfPage":{"@id":"https:\/\/lazambrahotel.com\/es\/producto\/placer-junto-a-la-piscina\/#primaryimage"},"image":{"@id":"https:\/\/lazambrahotel.com\/es\/producto\/placer-junto-a-la-piscina\/#primaryimage"},"thumbnailUrl":"https:\/\/lazambrahotel.com\/wp-content\/uploads\/2025\/10\/La-Zambra-Pool-Golf-View-scaled.jpg","datePublished":"2025-12-15T13:59:09+00:00","dateModified":"2026-04-06T08:18:25+00:00","description":"Pase un perfecto d\u00eda en La Zambra, piscina infinita, hamaca, bebida, fruta, toalla, vestuarios y parking. Un day pass refinado dise\u00f1ado para desconectar","breadcrumb":{"@id":"https:\/\/lazambrahotel.com\/es\/producto\/placer-junto-a-la-piscina\/#breadcrumb"},"inLanguage":"es","potentialAction":[{"@type":"ReadAction","target":["https:\/\/lazambrahotel.com\/es\/producto\/placer-junto-a-la-piscina\/"]}]},{"@type":"ImageObject","inLanguage":"es","@id":"https:\/\/lazambrahotel.com\/es\/producto\/placer-junto-a-la-piscina\/#primaryimage","url":"https:\/\/lazambrahotel.com\/wp-content\/uploads\/2025\/10\/La-Zambra-Pool-Golf-View-scaled.jpg","contentUrl":"https:\/\/lazambrahotel.com\/wp-content\/uploads\/2025\/10\/La-Zambra-Pool-Golf-View-scaled.jpg","width":1920,"height":1280},{"@type":"BreadcrumbList","@id":"https:\/\/lazambrahotel.com\/es\/producto\/placer-junto-a-la-piscina\/#breadcrumb","itemListElement":[{"@type":"ListItem","position":1,"name":"Portada","item":"https:\/\/lazambrahotel.com\/es\/"},{"@type":"ListItem","position":2,"name":"Tienda","item":"https:\/\/lazambrahotel.com\/es\/tienda\/"},{"@type":"ListItem","position":3,"name":"Placer junto a la piscina"}]},{"@type":"WebSite","@id":"https:\/\/lazambrahotel.com\/es\/#website","url":"https:\/\/lazambrahotel.com\/es\/","name":"La Zambra","description":"Hotel","publisher":{"@id":"https:\/\/lazambrahotel.com\/es\/#organization"},"potentialAction":[{"@type":"SearchAction","target":{"@type":"EntryPoint","urlTemplate":"https:\/\/lazambrahotel.com\/es\/?s={search_term_string}"},"query-input":{"@type":"PropertyValueSpecification","valueRequired":true,"valueName":"search_term_string"}}],"inLanguage":"es"},{"@type":"Organization","@id":"https:\/\/lazambrahotel.com\/es\/#organization","name":"La Zambra","url":"https:\/\/lazambrahotel.com\/es\/","logo":{"@type":"ImageObject","inLanguage":"es","@id":"https:\/\/lazambrahotel.com\/es\/#\/schema\/logo\/image\/","url":"https:\/\/lazambrahotel.com\/wp-content\/uploads\/2025\/09\/logo-la-zambra.svg","contentUrl":"https:\/\/lazambrahotel.com\/wp-content\/uploads\/2025\/09\/logo-la-zambra.svg","width":"1024","height":"1024","caption":"La Zambra"},"image":{"@id":"https:\/\/lazambrahotel.com\/es\/#\/schema\/logo\/image\/"},"sameAs":["https:\/\/www.facebook.com\/La.Zambra.Mijas\/","https:\/\/www.instagram.com\/la.zambra\/"]}]}},"_links":{"self":[{"href":"https:\/\/lazambrahotel.com\/es\/wp-json\/wp\/v2\/product\/5632","targetHints":{"allow":["GET"]}}],"collection":[{"href":"https:\/\/lazambrahotel.com\/es\/wp-json\/wp\/v2\/product"}],"about":[{"href":"https:\/\/lazambrahotel.com\/es\/wp-json\/wp\/v2\/types\/product"}],"replies":[{"embeddable":true,"href":"https:\/\/lazambrahotel.com\/es\/wp-json\/wp\/v2\/comments?post=5632"}],"wp:featuredmedia":[{"embeddable":true,"href":"https:\/\/lazambrahotel.com\/es\/wp-json\/wp\/v2\/media\/4314"}],"wp:attachment":[{"href":"https:\/\/lazambrahotel.com\/es\/wp-json\/wp\/v2\/media?parent=5632"}],"wp:term":[{"taxonomy":"product_brand","embeddable":true,"href":"https:\/\/lazambrahotel.com\/es\/wp-json\/wp\/v2\/product_brand?post=5632"},{"taxonomy":"product_cat","embeddable":true,"href":"https:\/\/lazambrahotel.com\/es\/wp-json\/wp\/v2\/product_cat?post=5632"},{"taxonomy":"product_tag","embeddable":true,"href":"https:\/\/lazambrahotel.com\/es\/wp-json\/wp\/v2\/product_tag?post=5632"}],"curies":[{"name":"wp","href":"https:\/\/api.w.org\/{rel}","templated":true}]}}