{"id":2630,"date":"2025-10-09T14:26:32","date_gmt":"2025-10-09T12:26:32","guid":{"rendered":"https:\/\/lazambrahotel.com\/?post_type=product&#038;p=2630"},"modified":"2026-02-09T11:00:21","modified_gmt":"2026-02-09T09:00:21","slug":"cena-de-degustacion-para-2","status":"publish","type":"product","link":"https:\/\/lazambrahotel.com\/es\/producto\/cena-de-degustacion-para-2\/","title":{"rendered":"CENA DE DEGUSTACI\u00d3N PARA 2"},"content":{"rendered":"<p>INCLUYE PARA 2 PERSONAS:<\/p>\n<p>&#8211; C\u00f3ctel de bienvenida<\/p>\n<p>&#8211; Cena men\u00fa degustaci\u00f3n de 6 pases con maridaje de vino para dos<\/p>\n<p>&#8211; Valet parking<\/p>\n<p>&nbsp;<\/p>\n<p>Puede ver el men\u00fa <a href=\"https:\/\/lazambrahotel.com\/wp-content\/uploads\/2025\/11\/Cena-degustacion-ESP-2.pdf\">aqu\u00ed<\/a>.<\/p>\n<p>Simplemente cont\u00e1ctenos al menos 72 horas antes de que desee disfrutar de su experiencia, y confirmaremos su reserva y disponibilidad utilizando su n\u00famero de bono.<\/p>\n<p><em>Fechas Excluidas:<\/em><\/p>\n<ul>\n<li><em>Semana Santa<\/em><\/li>\n<li><em>Del 30 de junio al 11 de septiembre<\/em><\/li>\n<li><em>Del 30 de noviembre al 10 de diciembre<\/em><\/li>\n<li><em>Del 21 de diciembre al 10 de enero<\/em><\/li>\n<\/ul>\n<p>V\u00e1lido por 1 a\u00f1o.<\/p>\n","protected":false},"excerpt":{"rendered":"<p>INCLUYE PARA 2 PERSONAS: &#8211; C\u00f3ctel de bienvenida &#8211; Cena men\u00fa degustaci\u00f3n de 6 pases con maridaje de vino para dos &#8211; Valet parking &nbsp; Puede ver el men\u00fa aqu\u00ed. Simplemente cont\u00e1ctenos al menos 72 horas antes de que desee disfrutar de su experiencia, y confirmaremos su reserva y disponibilidad utilizando su n\u00famero de bono&#8230;.<\/p>\n","protected":false},"featured_media":2712,"comment_status":"closed","ping_status":"closed","template":"","meta":[],"product_brand":[],"product_cat":[57,32],"product_tag":[],"class_list":{"0":"post-2630","1":"product","2":"type-product","3":"status-publish","4":"has-post-thumbnail","6":"product_cat-cenas-privadas","7":"product_cat-day-pass","9":"first","10":"instock","11":"taxable","12":"shipping-taxable","13":"purchasable","14":"product-type-simple"},"yoast_head":"<!-- This site is optimized with the Yoast SEO plugin v27.4 - https:\/\/yoast.com\/product\/yoast-seo-wordpress\/ -->\n<title>CENA DE DEGUSTACI\u00d3N PARA 2 | La Zambra<\/title>\n<meta name=\"description\" content=\"Disfruta de una experiencia gourmet de 6 platos en el Resort La Zambra en Mijas, M\u00e1laga, donde cada plato es un viaje de sabores y sensaciones exquisitos.\" \/>\n<meta name=\"robots\" content=\"index, follow, max-snippet:-1, max-image-preview:large, max-video-preview:-1\" \/>\n<link rel=\"canonical\" href=\"https:\/\/lazambrahotel.com\/es\/producto\/cena-de-degustacion-para-2\/\" \/>\n<meta property=\"og:locale\" content=\"es_ES\" \/>\n<meta property=\"og:type\" content=\"article\" \/>\n<meta property=\"og:title\" content=\"CENA DE DEGUSTACI\u00d3N PARA 2 | La Zambra\" \/>\n<meta property=\"og:description\" content=\"Disfruta de una experiencia gourmet de 6 platos en el Resort La Zambra en Mijas, M\u00e1laga, donde cada plato es un viaje de sabores y sensaciones exquisitos.\" \/>\n<meta property=\"og:url\" content=\"https:\/\/lazambrahotel.com\/es\/producto\/cena-de-degustacion-para-2\/\" \/>\n<meta property=\"og:site_name\" content=\"La Zambra\" \/>\n<meta property=\"article:publisher\" content=\"https:\/\/www.facebook.com\/La.Zambra.Mijas\/\" \/>\n<meta property=\"article:modified_time\" content=\"2026-02-09T09:00:21+00:00\" \/>\n<meta property=\"og:image\" content=\"https:\/\/lazambrahotel.com\/wp-content\/uploads\/2025\/10\/1-5.jpg\" \/>\n\t<meta property=\"og:image:width\" content=\"1080\" \/>\n\t<meta property=\"og:image:height\" content=\"1200\" \/>\n\t<meta property=\"og:image:type\" content=\"image\/jpeg\" \/>\n<meta name=\"twitter:card\" content=\"summary_large_image\" \/>\n<meta name=\"twitter:label1\" content=\"Tiempo de lectura\" \/>\n\t<meta name=\"twitter:data1\" content=\"1 minuto\" \/>\n<script type=\"application\/ld+json\" class=\"yoast-schema-graph\">{\"@context\":\"https:\\\/\\\/schema.org\",\"@graph\":[{\"@type\":\"WebPage\",\"@id\":\"https:\\\/\\\/lazambrahotel.com\\\/es\\\/producto\\\/cena-de-degustacion-para-2\\\/\",\"url\":\"https:\\\/\\\/lazambrahotel.com\\\/es\\\/producto\\\/cena-de-degustacion-para-2\\\/\",\"name\":\"CENA DE DEGUSTACI\u00d3N PARA 2 | La Zambra\",\"isPartOf\":{\"@id\":\"https:\\\/\\\/lazambrahotel.com\\\/es\\\/#website\"},\"primaryImageOfPage\":{\"@id\":\"https:\\\/\\\/lazambrahotel.com\\\/es\\\/producto\\\/cena-de-degustacion-para-2\\\/#primaryimage\"},\"image\":{\"@id\":\"https:\\\/\\\/lazambrahotel.com\\\/es\\\/producto\\\/cena-de-degustacion-para-2\\\/#primaryimage\"},\"thumbnailUrl\":\"https:\\\/\\\/lazambrahotel.com\\\/wp-content\\\/uploads\\\/2025\\\/10\\\/1-5.jpg\",\"datePublished\":\"2025-10-09T12:26:32+00:00\",\"dateModified\":\"2026-02-09T09:00:21+00:00\",\"description\":\"Disfruta de una experiencia gourmet de 6 platos en el Resort La Zambra en Mijas, M\u00e1laga, donde cada plato es un viaje de sabores y sensaciones exquisitos.\",\"breadcrumb\":{\"@id\":\"https:\\\/\\\/lazambrahotel.com\\\/es\\\/producto\\\/cena-de-degustacion-para-2\\\/#breadcrumb\"},\"inLanguage\":\"es\",\"potentialAction\":[{\"@type\":\"ReadAction\",\"target\":[\"https:\\\/\\\/lazambrahotel.com\\\/es\\\/producto\\\/cena-de-degustacion-para-2\\\/\"]}]},{\"@type\":\"ImageObject\",\"inLanguage\":\"es\",\"@id\":\"https:\\\/\\\/lazambrahotel.com\\\/es\\\/producto\\\/cena-de-degustacion-para-2\\\/#primaryimage\",\"url\":\"https:\\\/\\\/lazambrahotel.com\\\/wp-content\\\/uploads\\\/2025\\\/10\\\/1-5.jpg\",\"contentUrl\":\"https:\\\/\\\/lazambrahotel.com\\\/wp-content\\\/uploads\\\/2025\\\/10\\\/1-5.jpg\",\"width\":1080,\"height\":1200},{\"@type\":\"BreadcrumbList\",\"@id\":\"https:\\\/\\\/lazambrahotel.com\\\/es\\\/producto\\\/cena-de-degustacion-para-2\\\/#breadcrumb\",\"itemListElement\":[{\"@type\":\"ListItem\",\"position\":1,\"name\":\"Portada\",\"item\":\"https:\\\/\\\/lazambrahotel.com\\\/es\\\/\"},{\"@type\":\"ListItem\",\"position\":2,\"name\":\"Tienda\",\"item\":\"https:\\\/\\\/lazambrahotel.com\\\/es\\\/tienda\\\/\"},{\"@type\":\"ListItem\",\"position\":3,\"name\":\"CENA DE DEGUSTACI\u00d3N PARA 2\"}]},{\"@type\":\"WebSite\",\"@id\":\"https:\\\/\\\/lazambrahotel.com\\\/es\\\/#website\",\"url\":\"https:\\\/\\\/lazambrahotel.com\\\/es\\\/\",\"name\":\"La Zambra\",\"description\":\"Hotel\",\"publisher\":{\"@id\":\"https:\\\/\\\/lazambrahotel.com\\\/es\\\/#organization\"},\"potentialAction\":[{\"@type\":\"SearchAction\",\"target\":{\"@type\":\"EntryPoint\",\"urlTemplate\":\"https:\\\/\\\/lazambrahotel.com\\\/es\\\/?s={search_term_string}\"},\"query-input\":{\"@type\":\"PropertyValueSpecification\",\"valueRequired\":true,\"valueName\":\"search_term_string\"}}],\"inLanguage\":\"es\"},{\"@type\":\"Organization\",\"@id\":\"https:\\\/\\\/lazambrahotel.com\\\/es\\\/#organization\",\"name\":\"La Zambra\",\"url\":\"https:\\\/\\\/lazambrahotel.com\\\/es\\\/\",\"logo\":{\"@type\":\"ImageObject\",\"inLanguage\":\"es\",\"@id\":\"https:\\\/\\\/lazambrahotel.com\\\/es\\\/#\\\/schema\\\/logo\\\/image\\\/\",\"url\":\"https:\\\/\\\/lazambrahotel.com\\\/wp-content\\\/uploads\\\/2025\\\/09\\\/logo-la-zambra.svg\",\"contentUrl\":\"https:\\\/\\\/lazambrahotel.com\\\/wp-content\\\/uploads\\\/2025\\\/09\\\/logo-la-zambra.svg\",\"width\":\"1024\",\"height\":\"1024\",\"caption\":\"La Zambra\"},\"image\":{\"@id\":\"https:\\\/\\\/lazambrahotel.com\\\/es\\\/#\\\/schema\\\/logo\\\/image\\\/\"},\"sameAs\":[\"https:\\\/\\\/www.facebook.com\\\/La.Zambra.Mijas\\\/\",\"https:\\\/\\\/www.instagram.com\\\/la.zambra\\\/\"]}]}<\/script>\n<!-- \/ Yoast SEO plugin. -->","yoast_head_json":{"title":"CENA DE DEGUSTACI\u00d3N PARA 2 | La Zambra","description":"Disfruta de una experiencia gourmet de 6 platos en el Resort La Zambra en Mijas, M\u00e1laga, donde cada plato es un viaje de sabores y sensaciones exquisitos.","robots":{"index":"index","follow":"follow","max-snippet":"max-snippet:-1","max-image-preview":"max-image-preview:large","max-video-preview":"max-video-preview:-1"},"canonical":"https:\/\/lazambrahotel.com\/es\/producto\/cena-de-degustacion-para-2\/","og_locale":"es_ES","og_type":"article","og_title":"CENA DE DEGUSTACI\u00d3N PARA 2 | La Zambra","og_description":"Disfruta de una experiencia gourmet de 6 platos en el Resort La Zambra en Mijas, M\u00e1laga, donde cada plato es un viaje de sabores y sensaciones exquisitos.","og_url":"https:\/\/lazambrahotel.com\/es\/producto\/cena-de-degustacion-para-2\/","og_site_name":"La Zambra","article_publisher":"https:\/\/www.facebook.com\/La.Zambra.Mijas\/","article_modified_time":"2026-02-09T09:00:21+00:00","og_image":[{"width":1080,"height":1200,"url":"https:\/\/lazambrahotel.com\/wp-content\/uploads\/2025\/10\/1-5.jpg","type":"image\/jpeg"}],"twitter_card":"summary_large_image","twitter_misc":{"Tiempo de lectura":"1 minuto"},"schema":{"@context":"https:\/\/schema.org","@graph":[{"@type":"WebPage","@id":"https:\/\/lazambrahotel.com\/es\/producto\/cena-de-degustacion-para-2\/","url":"https:\/\/lazambrahotel.com\/es\/producto\/cena-de-degustacion-para-2\/","name":"CENA DE DEGUSTACI\u00d3N PARA 2 | La Zambra","isPartOf":{"@id":"https:\/\/lazambrahotel.com\/es\/#website"},"primaryImageOfPage":{"@id":"https:\/\/lazambrahotel.com\/es\/producto\/cena-de-degustacion-para-2\/#primaryimage"},"image":{"@id":"https:\/\/lazambrahotel.com\/es\/producto\/cena-de-degustacion-para-2\/#primaryimage"},"thumbnailUrl":"https:\/\/lazambrahotel.com\/wp-content\/uploads\/2025\/10\/1-5.jpg","datePublished":"2025-10-09T12:26:32+00:00","dateModified":"2026-02-09T09:00:21+00:00","description":"Disfruta de una experiencia gourmet de 6 platos en el Resort La Zambra en Mijas, M\u00e1laga, donde cada plato es un viaje de sabores y sensaciones exquisitos.","breadcrumb":{"@id":"https:\/\/lazambrahotel.com\/es\/producto\/cena-de-degustacion-para-2\/#breadcrumb"},"inLanguage":"es","potentialAction":[{"@type":"ReadAction","target":["https:\/\/lazambrahotel.com\/es\/producto\/cena-de-degustacion-para-2\/"]}]},{"@type":"ImageObject","inLanguage":"es","@id":"https:\/\/lazambrahotel.com\/es\/producto\/cena-de-degustacion-para-2\/#primaryimage","url":"https:\/\/lazambrahotel.com\/wp-content\/uploads\/2025\/10\/1-5.jpg","contentUrl":"https:\/\/lazambrahotel.com\/wp-content\/uploads\/2025\/10\/1-5.jpg","width":1080,"height":1200},{"@type":"BreadcrumbList","@id":"https:\/\/lazambrahotel.com\/es\/producto\/cena-de-degustacion-para-2\/#breadcrumb","itemListElement":[{"@type":"ListItem","position":1,"name":"Portada","item":"https:\/\/lazambrahotel.com\/es\/"},{"@type":"ListItem","position":2,"name":"Tienda","item":"https:\/\/lazambrahotel.com\/es\/tienda\/"},{"@type":"ListItem","position":3,"name":"CENA DE DEGUSTACI\u00d3N PARA 2"}]},{"@type":"WebSite","@id":"https:\/\/lazambrahotel.com\/es\/#website","url":"https:\/\/lazambrahotel.com\/es\/","name":"La Zambra","description":"Hotel","publisher":{"@id":"https:\/\/lazambrahotel.com\/es\/#organization"},"potentialAction":[{"@type":"SearchAction","target":{"@type":"EntryPoint","urlTemplate":"https:\/\/lazambrahotel.com\/es\/?s={search_term_string}"},"query-input":{"@type":"PropertyValueSpecification","valueRequired":true,"valueName":"search_term_string"}}],"inLanguage":"es"},{"@type":"Organization","@id":"https:\/\/lazambrahotel.com\/es\/#organization","name":"La Zambra","url":"https:\/\/lazambrahotel.com\/es\/","logo":{"@type":"ImageObject","inLanguage":"es","@id":"https:\/\/lazambrahotel.com\/es\/#\/schema\/logo\/image\/","url":"https:\/\/lazambrahotel.com\/wp-content\/uploads\/2025\/09\/logo-la-zambra.svg","contentUrl":"https:\/\/lazambrahotel.com\/wp-content\/uploads\/2025\/09\/logo-la-zambra.svg","width":"1024","height":"1024","caption":"La Zambra"},"image":{"@id":"https:\/\/lazambrahotel.com\/es\/#\/schema\/logo\/image\/"},"sameAs":["https:\/\/www.facebook.com\/La.Zambra.Mijas\/","https:\/\/www.instagram.com\/la.zambra\/"]}]}},"_links":{"self":[{"href":"https:\/\/lazambrahotel.com\/es\/wp-json\/wp\/v2\/product\/2630","targetHints":{"allow":["GET"]}}],"collection":[{"href":"https:\/\/lazambrahotel.com\/es\/wp-json\/wp\/v2\/product"}],"about":[{"href":"https:\/\/lazambrahotel.com\/es\/wp-json\/wp\/v2\/types\/product"}],"replies":[{"embeddable":true,"href":"https:\/\/lazambrahotel.com\/es\/wp-json\/wp\/v2\/comments?post=2630"}],"wp:featuredmedia":[{"embeddable":true,"href":"https:\/\/lazambrahotel.com\/es\/wp-json\/wp\/v2\/media\/2712"}],"wp:attachment":[{"href":"https:\/\/lazambrahotel.com\/es\/wp-json\/wp\/v2\/media?parent=2630"}],"wp:term":[{"taxonomy":"product_brand","embeddable":true,"href":"https:\/\/lazambrahotel.com\/es\/wp-json\/wp\/v2\/product_brand?post=2630"},{"taxonomy":"product_cat","embeddable":true,"href":"https:\/\/lazambrahotel.com\/es\/wp-json\/wp\/v2\/product_cat?post=2630"},{"taxonomy":"product_tag","embeddable":true,"href":"https:\/\/lazambrahotel.com\/es\/wp-json\/wp\/v2\/product_tag?post=2630"}],"curies":[{"name":"wp","href":"https:\/\/api.w.org\/{rel}","templated":true}]}}