{"id":2628,"date":"2025-10-09T14:26:32","date_gmt":"2025-10-09T12:26:32","guid":{"rendered":"https:\/\/lazambrahotel.com\/?post_type=product&#038;p=2628"},"modified":"2026-02-06T17:45:12","modified_gmt":"2026-02-06T15:45:12","slug":"cena-privada-en-la-suite-penthouse","status":"publish","type":"product","link":"https:\/\/lazambrahotel.com\/es\/producto\/cena-privada-en-la-suite-penthouse\/","title":{"rendered":"CENA PRIVADA EN LA SUITE PENTHOUSE"},"content":{"rendered":"<p>D\u00e9jese llevar por los placeres de una cena privada en la exclusiva Suite Penthouse.<\/p>\n<p>INCLUYE PARA 2 PERSONAS:<br \/>\n&#8211; Uso exclusivo de la Suite Penthouse por 3 horas<br \/>\n&#8211; Cena privada de 6 pases<br \/>\n&#8211; Botella de Champagne Louis Roederer<br \/>\n&#8211; Valet Parking<\/p>\n<p>&nbsp;<\/p>\n<p>Puede ver el men\u00fa <a href=\"https:\/\/lazambrahotel.com\/wp-content\/uploads\/2026\/02\/Cena-privada-en-la-suite-Penthouse-ESP.pdf\" target=\"_blank\" rel=\"noopener\">aqu\u00ed<\/a>.<\/p>\n<p>Por favor, cont\u00e1ctenos para fijar una fecha para disfrutar de su experiencia, y confirmaremos su reserva y disponibilidad utilizando su n\u00famero de bono.<\/p>\n<p>Pol\u00edtica de cancelaci\u00f3n: reembolsable hasta 7 d\u00edas antes de la reserva.<\/p>\n<p>V\u00e1lido por 1 a\u00f1o.<\/p>\n","protected":false},"excerpt":{"rendered":"<p>D\u00e9jese llevar por los placeres de una cena privada en la exclusiva Suite Penthouse. INCLUYE PARA 2 PERSONAS: &#8211; Uso exclusivo de la Suite Penthouse por 3 horas &#8211; Cena privada de 6 pases &#8211; Botella de Champagne Louis Roederer &#8211; Valet Parking &nbsp; Puede ver el men\u00fa aqu\u00ed. Por favor, cont\u00e1ctenos para fijar una&#8230;<\/p>\n","protected":false},"featured_media":2713,"comment_status":"closed","ping_status":"closed","template":"","meta":[],"product_brand":[],"product_cat":[57],"product_tag":[],"class_list":{"0":"post-2628","1":"product","2":"type-product","3":"status-publish","4":"has-post-thumbnail","6":"product_cat-cenas-privadas","8":"first","9":"instock","10":"taxable","11":"shipping-taxable","12":"purchasable","13":"product-type-simple"},"yoast_head":"<!-- This site is optimized with the Yoast SEO plugin v27.4 - https:\/\/yoast.com\/product\/yoast-seo-wordpress\/ -->\n<title>Cena privada en la Suite Penthouse<\/title>\n<meta name=\"robots\" content=\"index, follow, max-snippet:-1, max-image-preview:large, max-video-preview:-1\" \/>\n<link rel=\"canonical\" href=\"https:\/\/lazambrahotel.com\/es\/producto\/cena-privada-en-la-suite-penthouse\/\" \/>\n<meta property=\"og:locale\" content=\"es_ES\" \/>\n<meta property=\"og:type\" content=\"article\" \/>\n<meta property=\"og:title\" content=\"Cena privada en la Suite Penthouse\" \/>\n<meta property=\"og:description\" content=\"D\u00e9jese llevar por los placeres de una cena privada en la exclusiva Suite Penthouse. INCLUYE PARA 2 PERSONAS: &#8211; Uso exclusivo de la Suite Penthouse por 3 horas &#8211; Cena privada de 6 pases &#8211; Botella de Champagne Louis Roederer &#8211; Valet Parking &nbsp; Puede ver el men\u00fa aqu\u00ed. Por favor, cont\u00e1ctenos para fijar una...\" \/>\n<meta property=\"og:url\" content=\"https:\/\/lazambrahotel.com\/es\/producto\/cena-privada-en-la-suite-penthouse\/\" \/>\n<meta property=\"og:site_name\" content=\"La Zambra\" \/>\n<meta property=\"article:publisher\" content=\"https:\/\/www.facebook.com\/La.Zambra.Mijas\/\" \/>\n<meta property=\"article:modified_time\" content=\"2026-02-06T15:45:12+00:00\" \/>\n<meta property=\"og:image\" content=\"https:\/\/lazambrahotel.com\/wp-content\/uploads\/2025\/10\/Cena-privada-en-la-penthouse.jpg\" \/>\n\t<meta property=\"og:image:width\" content=\"1080\" \/>\n\t<meta property=\"og:image:height\" content=\"1200\" \/>\n\t<meta property=\"og:image:type\" content=\"image\/jpeg\" \/>\n<meta name=\"twitter:card\" content=\"summary_large_image\" \/>\n<meta name=\"twitter:label1\" content=\"Tiempo de lectura\" \/>\n\t<meta name=\"twitter:data1\" content=\"1 minuto\" \/>\n<script type=\"application\/ld+json\" class=\"yoast-schema-graph\">{\"@context\":\"https:\\\/\\\/schema.org\",\"@graph\":[{\"@type\":\"WebPage\",\"@id\":\"https:\\\/\\\/lazambrahotel.com\\\/es\\\/producto\\\/cena-privada-en-la-suite-penthouse\\\/\",\"url\":\"https:\\\/\\\/lazambrahotel.com\\\/es\\\/producto\\\/cena-privada-en-la-suite-penthouse\\\/\",\"name\":\"Cena privada en la Suite Penthouse\",\"isPartOf\":{\"@id\":\"https:\\\/\\\/lazambrahotel.com\\\/es\\\/#website\"},\"primaryImageOfPage\":{\"@id\":\"https:\\\/\\\/lazambrahotel.com\\\/es\\\/producto\\\/cena-privada-en-la-suite-penthouse\\\/#primaryimage\"},\"image\":{\"@id\":\"https:\\\/\\\/lazambrahotel.com\\\/es\\\/producto\\\/cena-privada-en-la-suite-penthouse\\\/#primaryimage\"},\"thumbnailUrl\":\"https:\\\/\\\/lazambrahotel.com\\\/wp-content\\\/uploads\\\/2025\\\/10\\\/Cena-privada-en-la-penthouse.jpg\",\"datePublished\":\"2025-10-09T12:26:32+00:00\",\"dateModified\":\"2026-02-06T15:45:12+00:00\",\"breadcrumb\":{\"@id\":\"https:\\\/\\\/lazambrahotel.com\\\/es\\\/producto\\\/cena-privada-en-la-suite-penthouse\\\/#breadcrumb\"},\"inLanguage\":\"es\",\"potentialAction\":[{\"@type\":\"ReadAction\",\"target\":[\"https:\\\/\\\/lazambrahotel.com\\\/es\\\/producto\\\/cena-privada-en-la-suite-penthouse\\\/\"]}]},{\"@type\":\"ImageObject\",\"inLanguage\":\"es\",\"@id\":\"https:\\\/\\\/lazambrahotel.com\\\/es\\\/producto\\\/cena-privada-en-la-suite-penthouse\\\/#primaryimage\",\"url\":\"https:\\\/\\\/lazambrahotel.com\\\/wp-content\\\/uploads\\\/2025\\\/10\\\/Cena-privada-en-la-penthouse.jpg\",\"contentUrl\":\"https:\\\/\\\/lazambrahotel.com\\\/wp-content\\\/uploads\\\/2025\\\/10\\\/Cena-privada-en-la-penthouse.jpg\",\"width\":1080,\"height\":1200},{\"@type\":\"BreadcrumbList\",\"@id\":\"https:\\\/\\\/lazambrahotel.com\\\/es\\\/producto\\\/cena-privada-en-la-suite-penthouse\\\/#breadcrumb\",\"itemListElement\":[{\"@type\":\"ListItem\",\"position\":1,\"name\":\"Portada\",\"item\":\"https:\\\/\\\/lazambrahotel.com\\\/es\\\/\"},{\"@type\":\"ListItem\",\"position\":2,\"name\":\"Tienda\",\"item\":\"https:\\\/\\\/lazambrahotel.com\\\/es\\\/tienda\\\/\"},{\"@type\":\"ListItem\",\"position\":3,\"name\":\"CENA PRIVADA EN LA SUITE PENTHOUSE\"}]},{\"@type\":\"WebSite\",\"@id\":\"https:\\\/\\\/lazambrahotel.com\\\/es\\\/#website\",\"url\":\"https:\\\/\\\/lazambrahotel.com\\\/es\\\/\",\"name\":\"La Zambra\",\"description\":\"Hotel\",\"publisher\":{\"@id\":\"https:\\\/\\\/lazambrahotel.com\\\/es\\\/#organization\"},\"potentialAction\":[{\"@type\":\"SearchAction\",\"target\":{\"@type\":\"EntryPoint\",\"urlTemplate\":\"https:\\\/\\\/lazambrahotel.com\\\/es\\\/?s={search_term_string}\"},\"query-input\":{\"@type\":\"PropertyValueSpecification\",\"valueRequired\":true,\"valueName\":\"search_term_string\"}}],\"inLanguage\":\"es\"},{\"@type\":\"Organization\",\"@id\":\"https:\\\/\\\/lazambrahotel.com\\\/es\\\/#organization\",\"name\":\"La Zambra\",\"url\":\"https:\\\/\\\/lazambrahotel.com\\\/es\\\/\",\"logo\":{\"@type\":\"ImageObject\",\"inLanguage\":\"es\",\"@id\":\"https:\\\/\\\/lazambrahotel.com\\\/es\\\/#\\\/schema\\\/logo\\\/image\\\/\",\"url\":\"https:\\\/\\\/lazambrahotel.com\\\/wp-content\\\/uploads\\\/2025\\\/09\\\/logo-la-zambra.svg\",\"contentUrl\":\"https:\\\/\\\/lazambrahotel.com\\\/wp-content\\\/uploads\\\/2025\\\/09\\\/logo-la-zambra.svg\",\"width\":\"1024\",\"height\":\"1024\",\"caption\":\"La Zambra\"},\"image\":{\"@id\":\"https:\\\/\\\/lazambrahotel.com\\\/es\\\/#\\\/schema\\\/logo\\\/image\\\/\"},\"sameAs\":[\"https:\\\/\\\/www.facebook.com\\\/La.Zambra.Mijas\\\/\",\"https:\\\/\\\/www.instagram.com\\\/la.zambra\\\/\"]}]}<\/script>\n<!-- \/ Yoast SEO plugin. -->","yoast_head_json":{"title":"Cena privada en la Suite Penthouse","robots":{"index":"index","follow":"follow","max-snippet":"max-snippet:-1","max-image-preview":"max-image-preview:large","max-video-preview":"max-video-preview:-1"},"canonical":"https:\/\/lazambrahotel.com\/es\/producto\/cena-privada-en-la-suite-penthouse\/","og_locale":"es_ES","og_type":"article","og_title":"Cena privada en la Suite Penthouse","og_description":"D\u00e9jese llevar por los placeres de una cena privada en la exclusiva Suite Penthouse. INCLUYE PARA 2 PERSONAS: &#8211; Uso exclusivo de la Suite Penthouse por 3 horas &#8211; Cena privada de 6 pases &#8211; Botella de Champagne Louis Roederer &#8211; Valet Parking &nbsp; Puede ver el men\u00fa aqu\u00ed. Por favor, cont\u00e1ctenos para fijar una...","og_url":"https:\/\/lazambrahotel.com\/es\/producto\/cena-privada-en-la-suite-penthouse\/","og_site_name":"La Zambra","article_publisher":"https:\/\/www.facebook.com\/La.Zambra.Mijas\/","article_modified_time":"2026-02-06T15:45:12+00:00","og_image":[{"width":1080,"height":1200,"url":"https:\/\/lazambrahotel.com\/wp-content\/uploads\/2025\/10\/Cena-privada-en-la-penthouse.jpg","type":"image\/jpeg"}],"twitter_card":"summary_large_image","twitter_misc":{"Tiempo de lectura":"1 minuto"},"schema":{"@context":"https:\/\/schema.org","@graph":[{"@type":"WebPage","@id":"https:\/\/lazambrahotel.com\/es\/producto\/cena-privada-en-la-suite-penthouse\/","url":"https:\/\/lazambrahotel.com\/es\/producto\/cena-privada-en-la-suite-penthouse\/","name":"Cena privada en la Suite Penthouse","isPartOf":{"@id":"https:\/\/lazambrahotel.com\/es\/#website"},"primaryImageOfPage":{"@id":"https:\/\/lazambrahotel.com\/es\/producto\/cena-privada-en-la-suite-penthouse\/#primaryimage"},"image":{"@id":"https:\/\/lazambrahotel.com\/es\/producto\/cena-privada-en-la-suite-penthouse\/#primaryimage"},"thumbnailUrl":"https:\/\/lazambrahotel.com\/wp-content\/uploads\/2025\/10\/Cena-privada-en-la-penthouse.jpg","datePublished":"2025-10-09T12:26:32+00:00","dateModified":"2026-02-06T15:45:12+00:00","breadcrumb":{"@id":"https:\/\/lazambrahotel.com\/es\/producto\/cena-privada-en-la-suite-penthouse\/#breadcrumb"},"inLanguage":"es","potentialAction":[{"@type":"ReadAction","target":["https:\/\/lazambrahotel.com\/es\/producto\/cena-privada-en-la-suite-penthouse\/"]}]},{"@type":"ImageObject","inLanguage":"es","@id":"https:\/\/lazambrahotel.com\/es\/producto\/cena-privada-en-la-suite-penthouse\/#primaryimage","url":"https:\/\/lazambrahotel.com\/wp-content\/uploads\/2025\/10\/Cena-privada-en-la-penthouse.jpg","contentUrl":"https:\/\/lazambrahotel.com\/wp-content\/uploads\/2025\/10\/Cena-privada-en-la-penthouse.jpg","width":1080,"height":1200},{"@type":"BreadcrumbList","@id":"https:\/\/lazambrahotel.com\/es\/producto\/cena-privada-en-la-suite-penthouse\/#breadcrumb","itemListElement":[{"@type":"ListItem","position":1,"name":"Portada","item":"https:\/\/lazambrahotel.com\/es\/"},{"@type":"ListItem","position":2,"name":"Tienda","item":"https:\/\/lazambrahotel.com\/es\/tienda\/"},{"@type":"ListItem","position":3,"name":"CENA PRIVADA EN LA SUITE PENTHOUSE"}]},{"@type":"WebSite","@id":"https:\/\/lazambrahotel.com\/es\/#website","url":"https:\/\/lazambrahotel.com\/es\/","name":"La Zambra","description":"Hotel","publisher":{"@id":"https:\/\/lazambrahotel.com\/es\/#organization"},"potentialAction":[{"@type":"SearchAction","target":{"@type":"EntryPoint","urlTemplate":"https:\/\/lazambrahotel.com\/es\/?s={search_term_string}"},"query-input":{"@type":"PropertyValueSpecification","valueRequired":true,"valueName":"search_term_string"}}],"inLanguage":"es"},{"@type":"Organization","@id":"https:\/\/lazambrahotel.com\/es\/#organization","name":"La Zambra","url":"https:\/\/lazambrahotel.com\/es\/","logo":{"@type":"ImageObject","inLanguage":"es","@id":"https:\/\/lazambrahotel.com\/es\/#\/schema\/logo\/image\/","url":"https:\/\/lazambrahotel.com\/wp-content\/uploads\/2025\/09\/logo-la-zambra.svg","contentUrl":"https:\/\/lazambrahotel.com\/wp-content\/uploads\/2025\/09\/logo-la-zambra.svg","width":"1024","height":"1024","caption":"La Zambra"},"image":{"@id":"https:\/\/lazambrahotel.com\/es\/#\/schema\/logo\/image\/"},"sameAs":["https:\/\/www.facebook.com\/La.Zambra.Mijas\/","https:\/\/www.instagram.com\/la.zambra\/"]}]}},"_links":{"self":[{"href":"https:\/\/lazambrahotel.com\/es\/wp-json\/wp\/v2\/product\/2628","targetHints":{"allow":["GET"]}}],"collection":[{"href":"https:\/\/lazambrahotel.com\/es\/wp-json\/wp\/v2\/product"}],"about":[{"href":"https:\/\/lazambrahotel.com\/es\/wp-json\/wp\/v2\/types\/product"}],"replies":[{"embeddable":true,"href":"https:\/\/lazambrahotel.com\/es\/wp-json\/wp\/v2\/comments?post=2628"}],"wp:featuredmedia":[{"embeddable":true,"href":"https:\/\/lazambrahotel.com\/es\/wp-json\/wp\/v2\/media\/2713"}],"wp:attachment":[{"href":"https:\/\/lazambrahotel.com\/es\/wp-json\/wp\/v2\/media?parent=2628"}],"wp:term":[{"taxonomy":"product_brand","embeddable":true,"href":"https:\/\/lazambrahotel.com\/es\/wp-json\/wp\/v2\/product_brand?post=2628"},{"taxonomy":"product_cat","embeddable":true,"href":"https:\/\/lazambrahotel.com\/es\/wp-json\/wp\/v2\/product_cat?post=2628"},{"taxonomy":"product_tag","embeddable":true,"href":"https:\/\/lazambrahotel.com\/es\/wp-json\/wp\/v2\/product_tag?post=2628"}],"curies":[{"name":"wp","href":"https:\/\/api.w.org\/{rel}","templated":true}]}}