{"id":2627,"date":"2025-10-09T14:26:32","date_gmt":"2025-10-09T12:26:32","guid":{"rendered":"https:\/\/lazambrahotel.com\/?post_type=product&#038;p=2627"},"modified":"2026-02-06T17:40:38","modified_gmt":"2026-02-06T15:40:38","slug":"cena-bajo-las-estrellas","status":"publish","type":"product","link":"https:\/\/lazambrahotel.com\/es\/producto\/cena-bajo-las-estrellas\/","title":{"rendered":"CENA BAJO LAS ESTRELLAS"},"content":{"rendered":"<p>INCLUYE PARA 2 PERSONAS:<br \/>\nCena privada de 6 platos en los jardines del resort<br \/>\nBotella de Champagne Louis Roederer<br \/>\nAparcacoches<\/p>\n<p>&nbsp;<\/p>\n<p>Puede ver el men\u00fa <a href=\"https:\/\/lazambrahotel.com\/wp-content\/uploads\/2026\/02\/Cena-bajo-las-estrellas-ESP.pdf\" target=\"_blank\" rel=\"noopener\">aqu\u00ed<\/a>.<\/p>\n<p>Por favor, cont\u00e1ctenos para fijar una fecha para disfrutar de su experiencia, y confirmaremos su reserva y disponibilidad utilizando su n\u00famero de bono.<\/p>\n<p>V\u00e1lido por 1 a\u00f1o.<\/p>\n","protected":false},"excerpt":{"rendered":"<p>INCLUYE PARA 2 PERSONAS: Cena privada de 6 platos en los jardines del resort Botella de Champagne Louis Roederer Aparcacoches &nbsp; Puede ver el men\u00fa aqu\u00ed. Por favor, cont\u00e1ctenos para fijar una fecha para disfrutar de su experiencia, y confirmaremos su reserva y disponibilidad utilizando su n\u00famero de bono. V\u00e1lido por 1 a\u00f1o.<\/p>\n","protected":false},"featured_media":2709,"comment_status":"closed","ping_status":"closed","template":"","meta":[],"product_brand":[],"product_cat":[57,32],"product_tag":[],"class_list":{"0":"post-2627","1":"product","2":"type-product","3":"status-publish","4":"has-post-thumbnail","6":"product_cat-cenas-privadas","7":"product_cat-day-pass","9":"first","10":"instock","11":"taxable","12":"shipping-taxable","13":"purchasable","14":"product-type-simple"},"yoast_head":"<!-- This site is optimized with the Yoast SEO plugin v27.4 - https:\/\/yoast.com\/product\/yoast-seo-wordpress\/ -->\n<title>CENA BAJO LAS ESTRELLAS | La Zambra<\/title>\n<meta name=\"description\" content=\"Descubre los sabores y las luces centelleantes en una cena privada en los escenarios m\u00e1s encantadores de La Zambra en Mijas, Andaluc\u00eda.\" \/>\n<meta name=\"robots\" content=\"index, follow, max-snippet:-1, max-image-preview:large, max-video-preview:-1\" \/>\n<link rel=\"canonical\" href=\"https:\/\/lazambrahotel.com\/es\/producto\/cena-bajo-las-estrellas\/\" \/>\n<meta property=\"og:locale\" content=\"es_ES\" \/>\n<meta property=\"og:type\" content=\"article\" \/>\n<meta property=\"og:title\" content=\"CENA BAJO LAS ESTRELLAS | La Zambra\" \/>\n<meta property=\"og:description\" content=\"Descubre los sabores y las luces centelleantes en una cena privada en los escenarios m\u00e1s encantadores de La Zambra en Mijas, Andaluc\u00eda.\" \/>\n<meta property=\"og:url\" content=\"https:\/\/lazambrahotel.com\/es\/producto\/cena-bajo-las-estrellas\/\" \/>\n<meta property=\"og:site_name\" content=\"La Zambra\" \/>\n<meta property=\"article:publisher\" content=\"https:\/\/www.facebook.com\/La.Zambra.Mijas\/\" \/>\n<meta property=\"article:modified_time\" content=\"2026-02-06T15:40:38+00:00\" \/>\n<meta property=\"og:image\" content=\"https:\/\/lazambrahotel.com\/wp-content\/uploads\/2025\/10\/Romantic-dinner-outdoor-e1690465007400.jpg\" \/>\n\t<meta property=\"og:image:width\" content=\"869\" \/>\n\t<meta property=\"og:image:height\" content=\"1106\" \/>\n\t<meta property=\"og:image:type\" content=\"image\/jpeg\" \/>\n<meta name=\"twitter:card\" content=\"summary_large_image\" \/>\n<meta name=\"twitter:label1\" content=\"Tiempo de lectura\" \/>\n\t<meta name=\"twitter:data1\" content=\"1 minuto\" \/>\n<script type=\"application\/ld+json\" class=\"yoast-schema-graph\">{\"@context\":\"https:\\\/\\\/schema.org\",\"@graph\":[{\"@type\":\"WebPage\",\"@id\":\"https:\\\/\\\/lazambrahotel.com\\\/es\\\/producto\\\/cena-bajo-las-estrellas\\\/\",\"url\":\"https:\\\/\\\/lazambrahotel.com\\\/es\\\/producto\\\/cena-bajo-las-estrellas\\\/\",\"name\":\"CENA BAJO LAS ESTRELLAS | La Zambra\",\"isPartOf\":{\"@id\":\"https:\\\/\\\/lazambrahotel.com\\\/es\\\/#website\"},\"primaryImageOfPage\":{\"@id\":\"https:\\\/\\\/lazambrahotel.com\\\/es\\\/producto\\\/cena-bajo-las-estrellas\\\/#primaryimage\"},\"image\":{\"@id\":\"https:\\\/\\\/lazambrahotel.com\\\/es\\\/producto\\\/cena-bajo-las-estrellas\\\/#primaryimage\"},\"thumbnailUrl\":\"https:\\\/\\\/lazambrahotel.com\\\/wp-content\\\/uploads\\\/2025\\\/10\\\/Romantic-dinner-outdoor-e1690465007400.jpg\",\"datePublished\":\"2025-10-09T12:26:32+00:00\",\"dateModified\":\"2026-02-06T15:40:38+00:00\",\"description\":\"Descubre los sabores y las luces centelleantes en una cena privada en los escenarios m\u00e1s encantadores de La Zambra en Mijas, Andaluc\u00eda.\",\"breadcrumb\":{\"@id\":\"https:\\\/\\\/lazambrahotel.com\\\/es\\\/producto\\\/cena-bajo-las-estrellas\\\/#breadcrumb\"},\"inLanguage\":\"es\",\"potentialAction\":[{\"@type\":\"ReadAction\",\"target\":[\"https:\\\/\\\/lazambrahotel.com\\\/es\\\/producto\\\/cena-bajo-las-estrellas\\\/\"]}]},{\"@type\":\"ImageObject\",\"inLanguage\":\"es\",\"@id\":\"https:\\\/\\\/lazambrahotel.com\\\/es\\\/producto\\\/cena-bajo-las-estrellas\\\/#primaryimage\",\"url\":\"https:\\\/\\\/lazambrahotel.com\\\/wp-content\\\/uploads\\\/2025\\\/10\\\/Romantic-dinner-outdoor-e1690465007400.jpg\",\"contentUrl\":\"https:\\\/\\\/lazambrahotel.com\\\/wp-content\\\/uploads\\\/2025\\\/10\\\/Romantic-dinner-outdoor-e1690465007400.jpg\",\"width\":869,\"height\":1106},{\"@type\":\"BreadcrumbList\",\"@id\":\"https:\\\/\\\/lazambrahotel.com\\\/es\\\/producto\\\/cena-bajo-las-estrellas\\\/#breadcrumb\",\"itemListElement\":[{\"@type\":\"ListItem\",\"position\":1,\"name\":\"Portada\",\"item\":\"https:\\\/\\\/lazambrahotel.com\\\/es\\\/\"},{\"@type\":\"ListItem\",\"position\":2,\"name\":\"Tienda\",\"item\":\"https:\\\/\\\/lazambrahotel.com\\\/es\\\/tienda\\\/\"},{\"@type\":\"ListItem\",\"position\":3,\"name\":\"CENA BAJO LAS ESTRELLAS\"}]},{\"@type\":\"WebSite\",\"@id\":\"https:\\\/\\\/lazambrahotel.com\\\/es\\\/#website\",\"url\":\"https:\\\/\\\/lazambrahotel.com\\\/es\\\/\",\"name\":\"La Zambra\",\"description\":\"Hotel\",\"publisher\":{\"@id\":\"https:\\\/\\\/lazambrahotel.com\\\/es\\\/#organization\"},\"potentialAction\":[{\"@type\":\"SearchAction\",\"target\":{\"@type\":\"EntryPoint\",\"urlTemplate\":\"https:\\\/\\\/lazambrahotel.com\\\/es\\\/?s={search_term_string}\"},\"query-input\":{\"@type\":\"PropertyValueSpecification\",\"valueRequired\":true,\"valueName\":\"search_term_string\"}}],\"inLanguage\":\"es\"},{\"@type\":\"Organization\",\"@id\":\"https:\\\/\\\/lazambrahotel.com\\\/es\\\/#organization\",\"name\":\"La Zambra\",\"url\":\"https:\\\/\\\/lazambrahotel.com\\\/es\\\/\",\"logo\":{\"@type\":\"ImageObject\",\"inLanguage\":\"es\",\"@id\":\"https:\\\/\\\/lazambrahotel.com\\\/es\\\/#\\\/schema\\\/logo\\\/image\\\/\",\"url\":\"https:\\\/\\\/lazambrahotel.com\\\/wp-content\\\/uploads\\\/2025\\\/09\\\/logo-la-zambra.svg\",\"contentUrl\":\"https:\\\/\\\/lazambrahotel.com\\\/wp-content\\\/uploads\\\/2025\\\/09\\\/logo-la-zambra.svg\",\"width\":\"1024\",\"height\":\"1024\",\"caption\":\"La Zambra\"},\"image\":{\"@id\":\"https:\\\/\\\/lazambrahotel.com\\\/es\\\/#\\\/schema\\\/logo\\\/image\\\/\"},\"sameAs\":[\"https:\\\/\\\/www.facebook.com\\\/La.Zambra.Mijas\\\/\",\"https:\\\/\\\/www.instagram.com\\\/la.zambra\\\/\"]}]}<\/script>\n<!-- \/ Yoast SEO plugin. -->","yoast_head_json":{"title":"CENA BAJO LAS ESTRELLAS | La Zambra","description":"Descubre los sabores y las luces centelleantes en una cena privada en los escenarios m\u00e1s encantadores de La Zambra en Mijas, Andaluc\u00eda.","robots":{"index":"index","follow":"follow","max-snippet":"max-snippet:-1","max-image-preview":"max-image-preview:large","max-video-preview":"max-video-preview:-1"},"canonical":"https:\/\/lazambrahotel.com\/es\/producto\/cena-bajo-las-estrellas\/","og_locale":"es_ES","og_type":"article","og_title":"CENA BAJO LAS ESTRELLAS | La Zambra","og_description":"Descubre los sabores y las luces centelleantes en una cena privada en los escenarios m\u00e1s encantadores de La Zambra en Mijas, Andaluc\u00eda.","og_url":"https:\/\/lazambrahotel.com\/es\/producto\/cena-bajo-las-estrellas\/","og_site_name":"La Zambra","article_publisher":"https:\/\/www.facebook.com\/La.Zambra.Mijas\/","article_modified_time":"2026-02-06T15:40:38+00:00","og_image":[{"width":869,"height":1106,"url":"https:\/\/lazambrahotel.com\/wp-content\/uploads\/2025\/10\/Romantic-dinner-outdoor-e1690465007400.jpg","type":"image\/jpeg"}],"twitter_card":"summary_large_image","twitter_misc":{"Tiempo de lectura":"1 minuto"},"schema":{"@context":"https:\/\/schema.org","@graph":[{"@type":"WebPage","@id":"https:\/\/lazambrahotel.com\/es\/producto\/cena-bajo-las-estrellas\/","url":"https:\/\/lazambrahotel.com\/es\/producto\/cena-bajo-las-estrellas\/","name":"CENA BAJO LAS ESTRELLAS | La Zambra","isPartOf":{"@id":"https:\/\/lazambrahotel.com\/es\/#website"},"primaryImageOfPage":{"@id":"https:\/\/lazambrahotel.com\/es\/producto\/cena-bajo-las-estrellas\/#primaryimage"},"image":{"@id":"https:\/\/lazambrahotel.com\/es\/producto\/cena-bajo-las-estrellas\/#primaryimage"},"thumbnailUrl":"https:\/\/lazambrahotel.com\/wp-content\/uploads\/2025\/10\/Romantic-dinner-outdoor-e1690465007400.jpg","datePublished":"2025-10-09T12:26:32+00:00","dateModified":"2026-02-06T15:40:38+00:00","description":"Descubre los sabores y las luces centelleantes en una cena privada en los escenarios m\u00e1s encantadores de La Zambra en Mijas, Andaluc\u00eda.","breadcrumb":{"@id":"https:\/\/lazambrahotel.com\/es\/producto\/cena-bajo-las-estrellas\/#breadcrumb"},"inLanguage":"es","potentialAction":[{"@type":"ReadAction","target":["https:\/\/lazambrahotel.com\/es\/producto\/cena-bajo-las-estrellas\/"]}]},{"@type":"ImageObject","inLanguage":"es","@id":"https:\/\/lazambrahotel.com\/es\/producto\/cena-bajo-las-estrellas\/#primaryimage","url":"https:\/\/lazambrahotel.com\/wp-content\/uploads\/2025\/10\/Romantic-dinner-outdoor-e1690465007400.jpg","contentUrl":"https:\/\/lazambrahotel.com\/wp-content\/uploads\/2025\/10\/Romantic-dinner-outdoor-e1690465007400.jpg","width":869,"height":1106},{"@type":"BreadcrumbList","@id":"https:\/\/lazambrahotel.com\/es\/producto\/cena-bajo-las-estrellas\/#breadcrumb","itemListElement":[{"@type":"ListItem","position":1,"name":"Portada","item":"https:\/\/lazambrahotel.com\/es\/"},{"@type":"ListItem","position":2,"name":"Tienda","item":"https:\/\/lazambrahotel.com\/es\/tienda\/"},{"@type":"ListItem","position":3,"name":"CENA BAJO LAS ESTRELLAS"}]},{"@type":"WebSite","@id":"https:\/\/lazambrahotel.com\/es\/#website","url":"https:\/\/lazambrahotel.com\/es\/","name":"La Zambra","description":"Hotel","publisher":{"@id":"https:\/\/lazambrahotel.com\/es\/#organization"},"potentialAction":[{"@type":"SearchAction","target":{"@type":"EntryPoint","urlTemplate":"https:\/\/lazambrahotel.com\/es\/?s={search_term_string}"},"query-input":{"@type":"PropertyValueSpecification","valueRequired":true,"valueName":"search_term_string"}}],"inLanguage":"es"},{"@type":"Organization","@id":"https:\/\/lazambrahotel.com\/es\/#organization","name":"La Zambra","url":"https:\/\/lazambrahotel.com\/es\/","logo":{"@type":"ImageObject","inLanguage":"es","@id":"https:\/\/lazambrahotel.com\/es\/#\/schema\/logo\/image\/","url":"https:\/\/lazambrahotel.com\/wp-content\/uploads\/2025\/09\/logo-la-zambra.svg","contentUrl":"https:\/\/lazambrahotel.com\/wp-content\/uploads\/2025\/09\/logo-la-zambra.svg","width":"1024","height":"1024","caption":"La Zambra"},"image":{"@id":"https:\/\/lazambrahotel.com\/es\/#\/schema\/logo\/image\/"},"sameAs":["https:\/\/www.facebook.com\/La.Zambra.Mijas\/","https:\/\/www.instagram.com\/la.zambra\/"]}]}},"_links":{"self":[{"href":"https:\/\/lazambrahotel.com\/es\/wp-json\/wp\/v2\/product\/2627","targetHints":{"allow":["GET"]}}],"collection":[{"href":"https:\/\/lazambrahotel.com\/es\/wp-json\/wp\/v2\/product"}],"about":[{"href":"https:\/\/lazambrahotel.com\/es\/wp-json\/wp\/v2\/types\/product"}],"replies":[{"embeddable":true,"href":"https:\/\/lazambrahotel.com\/es\/wp-json\/wp\/v2\/comments?post=2627"}],"wp:featuredmedia":[{"embeddable":true,"href":"https:\/\/lazambrahotel.com\/es\/wp-json\/wp\/v2\/media\/2709"}],"wp:attachment":[{"href":"https:\/\/lazambrahotel.com\/es\/wp-json\/wp\/v2\/media?parent=2627"}],"wp:term":[{"taxonomy":"product_brand","embeddable":true,"href":"https:\/\/lazambrahotel.com\/es\/wp-json\/wp\/v2\/product_brand?post=2627"},{"taxonomy":"product_cat","embeddable":true,"href":"https:\/\/lazambrahotel.com\/es\/wp-json\/wp\/v2\/product_cat?post=2627"},{"taxonomy":"product_tag","embeddable":true,"href":"https:\/\/lazambrahotel.com\/es\/wp-json\/wp\/v2\/product_tag?post=2627"}],"curies":[{"name":"wp","href":"https:\/\/api.w.org\/{rel}","templated":true}]}}