{"id":7459,"date":"2026-03-17T13:29:09","date_gmt":"2026-03-17T11:29:09","guid":{"rendered":"https:\/\/lazambrahotel.com\/?page_id=7459"},"modified":"2026-03-18T14:21:02","modified_gmt":"2026-03-18T12:21:02","slug":"habitaciones-familiares","status":"publish","type":"page","link":"https:\/\/lazambrahotel.com\/es\/habitaciones\/habitaciones-familiares\/","title":{"rendered":"Habitaciones Familiares"},"content":{"rendered":"<section class=\"l-section wpb_row us_custom_94be0cb5 slider height_auto width_full\"><div class=\"l-section-h i-cf\"><div class=\"g-cols vc_row via_flex valign_top type_default stacking_default\"><div class=\"vc_col-sm-12 wpb_column vc_column_container\"><div class=\"vc_column-inner\"><div class=\"wpb_wrapper\"><div class=\"w-image has_ratio align_center\"><div class=\"w-image-h\"><div style=\"padding-bottom:28.5714%\"><\/div><img decoding=\"async\" width=\"1600\" height=\"1067\" src=\"https:\/\/lazambrahotel.com\/wp-content\/uploads\/2025\/10\/Family-Room-1.jpg\" class=\"attachment-full size-full\" alt=\"\" loading=\"lazy\" \/><\/div><\/div><\/div><\/div><\/div><\/div><\/div><\/section><section class=\"l-section wpb_row us_custom_19737bc8 height_small width_custom\" style=\"--site-content-width:1050px;\"><div class=\"l-section-h i-cf\"><div class=\"g-cols vc_row via_flex valign_top type_default stacking_default\"><div class=\"vc_col-sm-12 wpb_column vc_column_container\"><div class=\"vc_column-inner\"><div class=\"wpb_wrapper\">[vc_custom_heading text=\u00bbHabitaciones Familiares\u00bb font_container=\u00bbtag:h1|text_align:center\u00bb use_theme_fonts=\u00bbyes\u00bb css=\u00bb%7B%22default%22%3A%7B%22font-size%22%3A%221rem%22%2C%22font-family%22%3A%22BasisGrotesque%22%2C%22animation-name%22%3A%22fade%22%2C%22animation-delay%22%3A%220.5s%22%7D%7D\u00bb][vc_custom_heading text=\u00bbEspacios pensados para compartir momentos en familia, <i>sin renunciar a la privacidad. <\/i>\u00bb font_container=\u00bbtag:p|text_align:center\u00bb use_theme_fonts=\u00bbyes\u00bb css=\u00bb%7B%22default%22%3A%7B%22font-size%22%3A%222.2rem%22%2C%22line-height%22%3A%221.2%22%2C%22text-transform%22%3A%22uppercase%22%2C%22animation-name%22%3A%22fade%22%2C%22animation-delay%22%3A%220.5s%22%7D%2C%22laptops%22%3A%7B%22font-size%22%3A%222.2rem%22%2C%22line-height%22%3A%221.2%22%2C%22text-transform%22%3A%22uppercase%22%7D%2C%22tablets%22%3A%7B%22font-size%22%3A%222.2rem%22%2C%22line-height%22%3A%221.2%22%2C%22text-transform%22%3A%22uppercase%22%7D%2C%22mobiles%22%3A%7B%22font-size%22%3A%221.8rem%22%2C%22line-height%22%3A%221.2%22%2C%22text-transform%22%3A%22uppercase%22%7D%7D\u00bb]<div class=\"w-hwrapper menu-links valign_middle wrap align_center\"><span class=\"w-text\"><a href=\"#family-deluxe\" class=\"w-text-h\"><span class=\"w-text-value\">Familiar Deluxe<\/span><\/a><\/span><span class=\"w-text\"><a href=\"#family-junior-suite\" class=\"w-text-h\"><span class=\"w-text-value\">Suite Familiar Junior<\/span><\/a><\/span><span class=\"w-text\"><a href=\"#family-suite\" class=\"w-text-h\"><span class=\"w-text-value\">Suite Familiar<\/span><\/a><\/span><\/div><\/div><\/div><\/div><\/div><\/div><\/section><section class=\"l-section wpb_row us_custom_19737bc8 height_medium\"><div class=\"l-section-h i-cf\"><div class=\"g-cols vc_row via_flex valign_bottom type_default stacking_default\"><div class=\"vc_col-sm-7 wpb_column vc_column_container\"><div class=\"vc_column-inner\"><div class=\"wpb_wrapper\"><div class=\"w-image us_custom_4f24afa8 align_none\"><div class=\"w-image-h\"><img decoding=\"async\" width=\"1920\" height=\"1281\" src=\"https:\/\/lazambrahotel.com\/wp-content\/uploads\/2025\/10\/Junior-Suite-Golf-View-Zarzuela-Family-11-1-1-scaled.jpg\" class=\"attachment-full size-full\" alt=\"\" loading=\"lazy\" srcset=\"https:\/\/lazambrahotel.com\/wp-content\/uploads\/2025\/10\/Junior-Suite-Golf-View-Zarzuela-Family-11-1-1-scaled.jpg 1920w, https:\/\/lazambrahotel.com\/wp-content\/uploads\/2025\/10\/Junior-Suite-Golf-View-Zarzuela-Family-11-1-1-300x200.jpg 300w, https:\/\/lazambrahotel.com\/wp-content\/uploads\/2025\/10\/Junior-Suite-Golf-View-Zarzuela-Family-11-1-1-1024x683.jpg 1024w, https:\/\/lazambrahotel.com\/wp-content\/uploads\/2025\/10\/Junior-Suite-Golf-View-Zarzuela-Family-11-1-1-600x400.jpg 600w\" sizes=\"auto, (max-width: 1920px) 100vw, 1920px\" \/><\/div><\/div><div class=\"wpb_text_column us_custom_4f24afa8\"><div class=\"wpb_wrapper\"><p>Viajar en familia es compartir momentos \u00fanicos, manteniendo la calma de cada miembro de la familia. Nuestras habitaciones familiares est\u00e1n pensadas para disfrutar juntos de la experiencia de La Zambra, manteniendo el equilibrio perfecto entre conexi\u00f3n y privacidad.<\/p>\n<p>Gracias a configuraciones amplias y habitaciones interconectadas, padres e hijos pueden compartir su estancia con total comodidad, manteniendo al mismo tiempo sus instantes de calma y tranquilidad. Espacios luminosos, inspirados en la arquitectura andaluza y el estilo relajado del Mediterr\u00e1neo, donde cada estancia invita a disfrutar del resort en familia.<\/p>\n<\/div><\/div><\/div><\/div><\/div><div class=\"vc_col-sm-1 wpb_column vc_column_container\"><div class=\"vc_column-inner\"><div class=\"wpb_wrapper\"><\/div><\/div><\/div><div class=\"vc_col-sm-4 wpb_column vc_column_container\"><div class=\"vc_column-inner\"><div class=\"wpb_wrapper\"><div class=\"w-image has_ratio align_none\"><div class=\"w-image-h\"><div style=\"padding-bottom:133.3333%\"><\/div><img decoding=\"async\" width=\"1920\" height=\"1281\" src=\"https:\/\/lazambrahotel.com\/wp-content\/uploads\/2026\/03\/Junior-Suite-Golf-View-Zarzuela-Family-scaled.jpg\" class=\"attachment-full size-full\" alt=\"\" loading=\"lazy\" \/><\/div><\/div><\/div><\/div><\/div><\/div><\/div><\/section><section class=\"l-section wpb_row height_medium\" id=\"family-deluxe\"><div class=\"l-section-h i-cf\"><div class=\"g-cols vc_row via_flex valign_top type_default stacking_default\"><div class=\"vc_col-sm-12 wpb_column vc_column_container\"><div class=\"vc_column-inner\"><div class=\"wpb_wrapper\"><div class=\"g-cols wpb_row us_custom_4f24afa8 via_flex valign_middle type_default stacking_default\"><div class=\"vc_col-sm-6 wpb_column vc_column_container\"><div class=\"vc_column-inner\"><div class=\"wpb_wrapper\"><div class=\"w-image has_ratio align_center\"><div class=\"w-image-h\"><div style=\"padding-bottom:100%\"><\/div><img decoding=\"async\" width=\"1000\" height=\"667\" src=\"https:\/\/lazambrahotel.com\/wp-content\/uploads\/2025\/10\/AGPUB-King-Bed-Deluxe-Room-1.jpg\" class=\"attachment-full size-full\" alt=\"King Bed Deluxe\" loading=\"lazy\" \/><\/div><\/div><\/div><\/div><\/div><div class=\"vc_col-sm-1 wpb_column vc_column_container\"><div class=\"vc_column-inner\"><div class=\"wpb_wrapper\"><\/div><\/div><\/div><div class=\"vc_col-sm-5 wpb_column vc_column_container\"><div class=\"vc_column-inner\"><div class=\"wpb_wrapper\">[vc_custom_heading text=\u00bbFamiliar Deluxe\u00bb use_theme_fonts=\u00bbyes\u00bb css=\u00bb%7B%22default%22%3A%7B%22font-size%22%3A%222.2rem%22%2C%22line-height%22%3A%221.2%22%2C%22text-transform%22%3A%22uppercase%22%2C%22max-width%22%3A%22885px%22%2C%22animation-name%22%3A%22fade%22%2C%22animation-delay%22%3A%220.5s%22%7D%2C%22laptops%22%3A%7B%22font-size%22%3A%222.2rem%22%2C%22line-height%22%3A%221.2%22%2C%22text-transform%22%3A%22uppercase%22%7D%2C%22tablets%22%3A%7B%22font-size%22%3A%222.2rem%22%2C%22line-height%22%3A%221.2%22%2C%22text-transform%22%3A%22uppercase%22%7D%2C%22mobiles%22%3A%7B%22font-size%22%3A%221.8rem%22%2C%22line-height%22%3A%221.2%22%2C%22text-transform%22%3A%22uppercase%22%7D%7D\u00bb]<div class=\"wpb_text_column\"><div class=\"wpb_wrapper\"><p><i>Dos habitaciones conectadas para disfrutar del resort en familia.<\/i><\/p>\n<\/div><\/div><div class=\"wpb_text_column\"><div class=\"wpb_wrapper\"><p>La Familiar Deluxe combina dos habitaciones comunicadas, creando un espacio amplio y confortable pensado para familias que desean compartir su estancia sin renunciar a la privacidad.<\/p>\n<p>Su dise\u00f1o luminoso y elegante, inspirado en la esencia mediterr\u00e1nea del resort, permite que cada miembro de la familia tenga su propio espacio mientras todos permanecen conectados. Una opci\u00f3n perfecta para disfrutar juntos de la experiencia de La Zambra con comodidad y tranquilidad.<\/p>\n<\/div><\/div><div class=\"w-hwrapper valign_top align_none\"><div class=\"w-btn-wrapper align_none\"><a class=\"w-btn us-btn-style_2 btn-link\" href=\"https:\/\/lazambrahotel.com\/es\/habitaciones\/habitaciones-superiores\/familiar-deluxe\/\"><span class=\"w-btn-label\">Ver habitaci\u00f3n<\/span><\/a><\/div><div class=\"w-btn-wrapper align_center\"><a class=\"w-btn us-btn-style_2 btn-link\" target=\"_blank\" rel=\"nofollow\" href=\"https:\/\/www.hyatt.com\/HyattSearch?spiritCodes=AGPUB&amp;daysInAdvance=15&amp;numberOfNights=3&amp;rooms=1&amp;adults=2&amp;kids=1\"><span class=\"w-btn-label\">Reservar<\/span><\/a><\/div><\/div><\/div><\/div><\/div><\/div><\/div><\/div><\/div><\/div><\/div><\/section><section class=\"l-section wpb_row us_custom_c70c97eb height_medium\" id=\"family-junior-suite\"><div class=\"l-section-h i-cf\"><div class=\"g-cols vc_row via_flex valign_top type_default stacking_default\"><div class=\"vc_col-sm-12 wpb_column vc_column_container\"><div class=\"vc_column-inner\"><div class=\"wpb_wrapper\"><div class=\"g-cols wpb_row us_custom_4f24afa8 via_flex valign_middle type_default reversed stacking_default\"><div class=\"vc_col-sm-5 wpb_column vc_column_container\"><div class=\"vc_column-inner\"><div class=\"wpb_wrapper\">[vc_custom_heading text=\u00bbSuite Familiar Junior\u00bb use_theme_fonts=\u00bbyes\u00bb css=\u00bb%7B%22default%22%3A%7B%22font-size%22%3A%222.2rem%22%2C%22line-height%22%3A%221.2%22%2C%22text-transform%22%3A%22uppercase%22%2C%22max-width%22%3A%22885px%22%2C%22animation-name%22%3A%22fade%22%2C%22animation-delay%22%3A%220.5s%22%7D%2C%22laptops%22%3A%7B%22font-size%22%3A%222.2rem%22%2C%22line-height%22%3A%221.2%22%2C%22text-transform%22%3A%22uppercase%22%7D%2C%22tablets%22%3A%7B%22font-size%22%3A%222.2rem%22%2C%22line-height%22%3A%221.2%22%2C%22text-transform%22%3A%22uppercase%22%7D%2C%22mobiles%22%3A%7B%22font-size%22%3A%221.8rem%22%2C%22line-height%22%3A%221.2%22%2C%22text-transform%22%3A%22uppercase%22%7D%7D\u00bb]<div class=\"wpb_text_column\"><div class=\"wpb_wrapper\"><p><i>M\u00e1s espacio para compartir, con zonas pensadas para el descanso de cada uno.<\/i><\/p>\n<\/div><\/div><div class=\"wpb_text_column\"><div class=\"wpb_wrapper\"><p>La Suite Familiar Junior combina una habitaci\u00f3n Junior Suite con una habitaci\u00f3n interconectada, ofreciendo un entorno amplio y vers\u00e1til ideal para estancias en familia.<\/p>\n<p>Esta configuraci\u00f3n permite disfrutar de momentos compartidos durante el d\u00eda y mantener la privacidad necesaria para el descanso al final de la noche. Sus interiores luminosos, inspirados en la arquitectura andaluza contempor\u00e1nea, crean un ambiente acogedor donde cada miembro de la familia encuentra su \u00a0momento.<\/p>\n<\/div><\/div><div class=\"w-hwrapper valign_top align_none\"><div class=\"w-btn-wrapper align_none\"><a class=\"w-btn us-btn-style_2 btn-link\" href=\"https:\/\/lazambrahotel.com\/es\/habitaciones\/junior-suites\/suite-familiar-junior\/\"><span class=\"w-btn-label\">Ver habitaci\u00f3n<\/span><\/a><\/div><div class=\"w-btn-wrapper align_center\"><a class=\"w-btn us-btn-style_2 btn-link\" target=\"_blank\" rel=\"nofollow\" href=\"https:\/\/www.hyatt.com\/HyattSearch?spiritCodes=AGPUB&amp;daysInAdvance=15&amp;numberOfNights=3&amp;rooms=1&amp;adults=2&amp;kids=1\"><span class=\"w-btn-label\">Reservar<\/span><\/a><\/div><\/div><\/div><\/div><\/div><div class=\"vc_col-sm-1 wpb_column vc_column_container\"><div class=\"vc_column-inner\"><div class=\"wpb_wrapper\"><\/div><\/div><\/div><div class=\"vc_col-sm-6 wpb_column vc_column_container\"><div class=\"vc_column-inner\"><div class=\"wpb_wrapper\"><div class=\"w-image has_ratio align_center\"><div class=\"w-image-h\"><div style=\"padding-bottom:100%\"><\/div><img decoding=\"async\" width=\"1920\" height=\"1200\" src=\"https:\/\/lazambrahotel.com\/wp-content\/uploads\/2025\/10\/AGPUB-Junior-Suite-Garden-View-Patio-Zarzuela-1-2048x1280-1-scaled.jpg\" class=\"attachment-full size-full\" alt=\"Junior Suites\" loading=\"lazy\" \/><\/div><\/div><\/div><\/div><\/div><\/div><\/div><\/div><\/div><\/div><\/div><\/section><section class=\"l-section wpb_row height_medium color_primary\" id=\"family-suite\"><div class=\"l-section-h i-cf\"><div class=\"g-cols vc_row via_flex valign_top type_default stacking_default\"><div class=\"vc_col-sm-12 wpb_column vc_column_container\"><div class=\"vc_column-inner\"><div class=\"wpb_wrapper\"><div class=\"g-cols wpb_row us_custom_4f24afa8 via_flex valign_middle type_default stacking_default\"><div class=\"vc_col-sm-6 wpb_column vc_column_container\"><div class=\"vc_column-inner\"><div class=\"wpb_wrapper\"><div class=\"w-image has_ratio align_center\"><div class=\"w-image-h\"><div style=\"padding-bottom:100%\"><\/div><img decoding=\"async\" width=\"1920\" height=\"1280\" src=\"https:\/\/lazambrahotel.com\/wp-content\/uploads\/2026\/03\/AGPUB-King-Bed-1-scaled.jpg\" class=\"attachment-full size-full\" alt=\"\" loading=\"lazy\" \/><\/div><\/div><\/div><\/div><\/div><div class=\"vc_col-sm-1 wpb_column vc_column_container\"><div class=\"vc_column-inner\"><div class=\"wpb_wrapper\"><\/div><\/div><\/div><div class=\"vc_col-sm-5 wpb_column vc_column_container\"><div class=\"vc_column-inner\"><div class=\"wpb_wrapper\">[vc_custom_heading text=\u00bbSuite Familiar\u00bb use_theme_fonts=\u00bbyes\u00bb css=\u00bb%7B%22default%22%3A%7B%22font-size%22%3A%222.2rem%22%2C%22line-height%22%3A%221.2%22%2C%22text-transform%22%3A%22uppercase%22%2C%22max-width%22%3A%22885px%22%2C%22animation-name%22%3A%22fade%22%2C%22animation-delay%22%3A%220.5s%22%7D%2C%22laptops%22%3A%7B%22font-size%22%3A%222.2rem%22%2C%22line-height%22%3A%221.2%22%2C%22text-transform%22%3A%22uppercase%22%7D%2C%22tablets%22%3A%7B%22font-size%22%3A%222.2rem%22%2C%22line-height%22%3A%221.2%22%2C%22text-transform%22%3A%22uppercase%22%7D%2C%22mobiles%22%3A%7B%22font-size%22%3A%221.8rem%22%2C%22line-height%22%3A%221.2%22%2C%22text-transform%22%3A%22uppercase%22%7D%7D\u00bb]<div class=\"wpb_text_column\"><div class=\"wpb_wrapper\"><p><i>La experiencia familiar m\u00e1s exclusiva de La Zambra.<\/i><\/p>\n<\/div><\/div><div class=\"wpb_text_column\"><div class=\"wpb_wrapper\"><p>La Suite Familiar Signature es la opci\u00f3n m\u00e1s espaciosa y exclusiva para quienes desean vivir la experiencia del resort en familia con el m\u00e1ximo confort.<\/p>\n<p>Compuesta por una Suite Signature conectada con una habitaci\u00f3n adicional, esta estancia ofrece amplitud, elegancia y la posibilidad de disfrutar del tiempo juntos sin renunciar a espacios privados. Un refugio sofisticado donde la calma, el dise\u00f1o y la privacidad se combinan para crear una experiencia familiar inolvidable.<\/p>\n<\/div><\/div><div class=\"w-hwrapper valign_top align_none\"><div class=\"w-btn-wrapper align_none\"><a class=\"w-btn us-btn-style_2 btn-link\" href=\"https:\/\/lazambrahotel.com\/es\/habitaciones\/suites\/suites-familia\/\"><span class=\"w-btn-label\">Ver habitaci\u00f3n<\/span><\/a><\/div><div class=\"w-btn-wrapper align_center\"><a class=\"w-btn us-btn-style_2 btn-link\" target=\"_blank\" rel=\"nofollow\" href=\"https:\/\/www.hyatt.com\/HyattSearch?spiritCodes=AGPUB&amp;daysInAdvance=15&amp;numberOfNights=3&amp;rooms=1&amp;adults=2&amp;kids=1\"><span class=\"w-btn-label\">Reservar<\/span><\/a><\/div><\/div><\/div><\/div><\/div><\/div><\/div><\/div><\/div><\/div><\/div><\/section>\n","protected":false},"excerpt":{"rendered":"[vc_custom_heading text=\"Habitaciones Familiares\" font_container=\"tag:h1|text_align:center\" use_theme_fonts=\"yes\" css=\"%7B%22default%22%3A%7B%22font-size%22%3A%221rem%22%2C%22font-family%22%3A%22BasisGrotesque%22%2C%22animation-name%22%3A%22fade%22%2C%22animation-delay%22%3A%220.5s%22%7D%7D\"][vc_custom_heading text=\"Espacios pensados para compartir momentos en familia, sin renunciar a la privacidad. \" font_container=\"tag:p|text_align:center\" use_theme_fonts=\"yes\" css=\"%7B%22default%22%3A%7B%22font-size%22%3A%222.2rem%22%2C%22line-height%22%3A%221.2%22%2C%22text-transform%22%3A%22uppercase%22%2C%22animation-name%22%3A%22fade%22%2C%22animation-delay%22%3A%220.5s%22%7D%2C%22laptops%22%3A%7B%22font-size%22%3A%222.2rem%22%2C%22line-height%22%3A%221.2%22%2C%22text-transform%22%3A%22uppercase%22%7D%2C%22tablets%22%3A%7B%22font-size%22%3A%222.2rem%22%2C%22line-height%22%3A%221.2%22%2C%22text-transform%22%3A%22uppercase%22%7D%2C%22mobiles%22%3A%7B%22font-size%22%3A%221.8rem%22%2C%22line-height%22%3A%221.2%22%2C%22text-transform%22%3A%22uppercase%22%7D%7D\"]Familiar DeluxeSuite Familiar JuniorSuite FamiliarViajar en familia es compartir momentos \u00fanicos, manteniendo la calma de cada miembro de la familia. Nuestras habitaciones familiares est\u00e1n pensadas para disfrutar juntos de la experiencia de La Zambra,...","protected":false},"author":6,"featured_media":0,"parent":1915,"menu_order":5,"comment_status":"closed","ping_status":"closed","template":"","meta":{"footnotes":""},"class_list":["post-7459","page","type-page","status-publish","hentry"],"yoast_head":"<!-- This site is optimized with the Yoast SEO plugin v27.4 - https:\/\/yoast.com\/product\/yoast-seo-wordpress\/ -->\n<title>Reserva nuestras Habitaciones Familiares en Mijas | La Zambra<\/title>\n<meta name=\"description\" content=\"Reserva habitaciones familiares en La Zambra, Mijas. Disfruta de comodidad, lujo y actividades para toda la familia en un entorno \u00fanico.\" \/>\n<meta name=\"robots\" content=\"index, follow, max-snippet:-1, max-image-preview:large, max-video-preview:-1\" \/>\n<link rel=\"canonical\" href=\"https:\/\/lazambrahotel.com\/es\/habitaciones\/habitaciones-familiares\/\" \/>\n<meta property=\"og:locale\" content=\"es_ES\" \/>\n<meta property=\"og:type\" content=\"article\" \/>\n<meta property=\"og:title\" content=\"Reserva nuestras Habitaciones Familiares en Mijas | La Zambra\" \/>\n<meta property=\"og:description\" content=\"Reserva habitaciones familiares en La Zambra, Mijas. Disfruta de comodidad, lujo y actividades para toda la familia en un entorno \u00fanico.\" \/>\n<meta property=\"og:url\" content=\"https:\/\/lazambrahotel.com\/es\/habitaciones\/habitaciones-familiares\/\" \/>\n<meta property=\"og:site_name\" content=\"La Zambra\" \/>\n<meta property=\"article:publisher\" content=\"https:\/\/www.facebook.com\/La.Zambra.Mijas\/\" \/>\n<meta property=\"article:modified_time\" content=\"2026-03-18T12:21:02+00:00\" \/>\n<meta name=\"twitter:card\" content=\"summary_large_image\" \/>\n<meta name=\"twitter:label1\" content=\"Tiempo de lectura\" \/>\n\t<meta name=\"twitter:data1\" content=\"3 minutos\" \/>\n<script type=\"application\/ld+json\" class=\"yoast-schema-graph\">{\"@context\":\"https:\\\/\\\/schema.org\",\"@graph\":[{\"@type\":\"WebPage\",\"@id\":\"https:\\\/\\\/lazambrahotel.com\\\/es\\\/habitaciones\\\/habitaciones-familiares\\\/\",\"url\":\"https:\\\/\\\/lazambrahotel.com\\\/es\\\/habitaciones\\\/habitaciones-familiares\\\/\",\"name\":\"Reserva nuestras Habitaciones Familiares en Mijas | La Zambra\",\"isPartOf\":{\"@id\":\"https:\\\/\\\/lazambrahotel.com\\\/es\\\/#website\"},\"datePublished\":\"2026-03-17T11:29:09+00:00\",\"dateModified\":\"2026-03-18T12:21:02+00:00\",\"description\":\"Reserva habitaciones familiares en La Zambra, Mijas. Disfruta de comodidad, lujo y actividades para toda la familia en un entorno \u00fanico.\",\"breadcrumb\":{\"@id\":\"https:\\\/\\\/lazambrahotel.com\\\/es\\\/habitaciones\\\/habitaciones-familiares\\\/#breadcrumb\"},\"inLanguage\":\"es\",\"potentialAction\":[{\"@type\":\"ReadAction\",\"target\":[\"https:\\\/\\\/lazambrahotel.com\\\/es\\\/habitaciones\\\/habitaciones-familiares\\\/\"]}]},{\"@type\":\"BreadcrumbList\",\"@id\":\"https:\\\/\\\/lazambrahotel.com\\\/es\\\/habitaciones\\\/habitaciones-familiares\\\/#breadcrumb\",\"itemListElement\":[{\"@type\":\"ListItem\",\"position\":1,\"name\":\"Portada\",\"item\":\"https:\\\/\\\/lazambrahotel.com\\\/es\\\/\"},{\"@type\":\"ListItem\",\"position\":2,\"name\":\"Habitaciones\",\"item\":\"https:\\\/\\\/lazambrahotel.com\\\/es\\\/habitaciones\\\/\"},{\"@type\":\"ListItem\",\"position\":3,\"name\":\"Habitaciones Familiares\"}]},{\"@type\":\"WebSite\",\"@id\":\"https:\\\/\\\/lazambrahotel.com\\\/es\\\/#website\",\"url\":\"https:\\\/\\\/lazambrahotel.com\\\/es\\\/\",\"name\":\"La Zambra\",\"description\":\"Hotel\",\"publisher\":{\"@id\":\"https:\\\/\\\/lazambrahotel.com\\\/es\\\/#organization\"},\"potentialAction\":[{\"@type\":\"SearchAction\",\"target\":{\"@type\":\"EntryPoint\",\"urlTemplate\":\"https:\\\/\\\/lazambrahotel.com\\\/es\\\/?s={search_term_string}\"},\"query-input\":{\"@type\":\"PropertyValueSpecification\",\"valueRequired\":true,\"valueName\":\"search_term_string\"}}],\"inLanguage\":\"es\"},{\"@type\":\"Organization\",\"@id\":\"https:\\\/\\\/lazambrahotel.com\\\/es\\\/#organization\",\"name\":\"La Zambra\",\"url\":\"https:\\\/\\\/lazambrahotel.com\\\/es\\\/\",\"logo\":{\"@type\":\"ImageObject\",\"inLanguage\":\"es\",\"@id\":\"https:\\\/\\\/lazambrahotel.com\\\/es\\\/#\\\/schema\\\/logo\\\/image\\\/\",\"url\":\"https:\\\/\\\/lazambrahotel.com\\\/wp-content\\\/uploads\\\/2025\\\/09\\\/logo-la-zambra.svg\",\"contentUrl\":\"https:\\\/\\\/lazambrahotel.com\\\/wp-content\\\/uploads\\\/2025\\\/09\\\/logo-la-zambra.svg\",\"width\":\"1024\",\"height\":\"1024\",\"caption\":\"La Zambra\"},\"image\":{\"@id\":\"https:\\\/\\\/lazambrahotel.com\\\/es\\\/#\\\/schema\\\/logo\\\/image\\\/\"},\"sameAs\":[\"https:\\\/\\\/www.facebook.com\\\/La.Zambra.Mijas\\\/\",\"https:\\\/\\\/www.instagram.com\\\/la.zambra\\\/\"]}]}<\/script>\n<!-- \/ Yoast SEO plugin. -->","yoast_head_json":{"title":"Reserva nuestras Habitaciones Familiares en Mijas | La Zambra","description":"Reserva habitaciones familiares en La Zambra, Mijas. Disfruta de comodidad, lujo y actividades para toda la familia en un entorno \u00fanico.","robots":{"index":"index","follow":"follow","max-snippet":"max-snippet:-1","max-image-preview":"max-image-preview:large","max-video-preview":"max-video-preview:-1"},"canonical":"https:\/\/lazambrahotel.com\/es\/habitaciones\/habitaciones-familiares\/","og_locale":"es_ES","og_type":"article","og_title":"Reserva nuestras Habitaciones Familiares en Mijas | La Zambra","og_description":"Reserva habitaciones familiares en La Zambra, Mijas. Disfruta de comodidad, lujo y actividades para toda la familia en un entorno \u00fanico.","og_url":"https:\/\/lazambrahotel.com\/es\/habitaciones\/habitaciones-familiares\/","og_site_name":"La Zambra","article_publisher":"https:\/\/www.facebook.com\/La.Zambra.Mijas\/","article_modified_time":"2026-03-18T12:21:02+00:00","twitter_card":"summary_large_image","twitter_misc":{"Tiempo de lectura":"3 minutos"},"schema":{"@context":"https:\/\/schema.org","@graph":[{"@type":"WebPage","@id":"https:\/\/lazambrahotel.com\/es\/habitaciones\/habitaciones-familiares\/","url":"https:\/\/lazambrahotel.com\/es\/habitaciones\/habitaciones-familiares\/","name":"Reserva nuestras Habitaciones Familiares en Mijas | La Zambra","isPartOf":{"@id":"https:\/\/lazambrahotel.com\/es\/#website"},"datePublished":"2026-03-17T11:29:09+00:00","dateModified":"2026-03-18T12:21:02+00:00","description":"Reserva habitaciones familiares en La Zambra, Mijas. Disfruta de comodidad, lujo y actividades para toda la familia en un entorno \u00fanico.","breadcrumb":{"@id":"https:\/\/lazambrahotel.com\/es\/habitaciones\/habitaciones-familiares\/#breadcrumb"},"inLanguage":"es","potentialAction":[{"@type":"ReadAction","target":["https:\/\/lazambrahotel.com\/es\/habitaciones\/habitaciones-familiares\/"]}]},{"@type":"BreadcrumbList","@id":"https:\/\/lazambrahotel.com\/es\/habitaciones\/habitaciones-familiares\/#breadcrumb","itemListElement":[{"@type":"ListItem","position":1,"name":"Portada","item":"https:\/\/lazambrahotel.com\/es\/"},{"@type":"ListItem","position":2,"name":"Habitaciones","item":"https:\/\/lazambrahotel.com\/es\/habitaciones\/"},{"@type":"ListItem","position":3,"name":"Habitaciones Familiares"}]},{"@type":"WebSite","@id":"https:\/\/lazambrahotel.com\/es\/#website","url":"https:\/\/lazambrahotel.com\/es\/","name":"La Zambra","description":"Hotel","publisher":{"@id":"https:\/\/lazambrahotel.com\/es\/#organization"},"potentialAction":[{"@type":"SearchAction","target":{"@type":"EntryPoint","urlTemplate":"https:\/\/lazambrahotel.com\/es\/?s={search_term_string}"},"query-input":{"@type":"PropertyValueSpecification","valueRequired":true,"valueName":"search_term_string"}}],"inLanguage":"es"},{"@type":"Organization","@id":"https:\/\/lazambrahotel.com\/es\/#organization","name":"La Zambra","url":"https:\/\/lazambrahotel.com\/es\/","logo":{"@type":"ImageObject","inLanguage":"es","@id":"https:\/\/lazambrahotel.com\/es\/#\/schema\/logo\/image\/","url":"https:\/\/lazambrahotel.com\/wp-content\/uploads\/2025\/09\/logo-la-zambra.svg","contentUrl":"https:\/\/lazambrahotel.com\/wp-content\/uploads\/2025\/09\/logo-la-zambra.svg","width":"1024","height":"1024","caption":"La Zambra"},"image":{"@id":"https:\/\/lazambrahotel.com\/es\/#\/schema\/logo\/image\/"},"sameAs":["https:\/\/www.facebook.com\/La.Zambra.Mijas\/","https:\/\/www.instagram.com\/la.zambra\/"]}]}},"_links":{"self":[{"href":"https:\/\/lazambrahotel.com\/es\/wp-json\/wp\/v2\/pages\/7459","targetHints":{"allow":["GET"]}}],"collection":[{"href":"https:\/\/lazambrahotel.com\/es\/wp-json\/wp\/v2\/pages"}],"about":[{"href":"https:\/\/lazambrahotel.com\/es\/wp-json\/wp\/v2\/types\/page"}],"author":[{"embeddable":true,"href":"https:\/\/lazambrahotel.com\/es\/wp-json\/wp\/v2\/users\/6"}],"replies":[{"embeddable":true,"href":"https:\/\/lazambrahotel.com\/es\/wp-json\/wp\/v2\/comments?post=7459"}],"version-history":[{"count":10,"href":"https:\/\/lazambrahotel.com\/es\/wp-json\/wp\/v2\/pages\/7459\/revisions"}],"predecessor-version":[{"id":7565,"href":"https:\/\/lazambrahotel.com\/es\/wp-json\/wp\/v2\/pages\/7459\/revisions\/7565"}],"up":[{"embeddable":true,"href":"https:\/\/lazambrahotel.com\/es\/wp-json\/wp\/v2\/pages\/1915"}],"wp:attachment":[{"href":"https:\/\/lazambrahotel.com\/es\/wp-json\/wp\/v2\/media?parent=7459"}],"curies":[{"name":"wp","href":"https:\/\/api.w.org\/{rel}","templated":true}]}}