{"id":2502,"date":"2022-09-30T13:44:00","date_gmt":"2022-09-30T11:44:00","guid":{"rendered":"https:\/\/lazambrahotel.com\/?page_id=2502"},"modified":"2025-10-20T17:45:52","modified_gmt":"2025-10-20T15:45:52","slug":"aviso-legal","status":"publish","type":"page","link":"https:\/\/lazambrahotel.com\/es\/aviso-legal\/","title":{"rendered":"Aviso legal"},"content":{"rendered":"<section class=\"l-section wpb_row height_medium\"><div class=\"l-section-h i-cf\"><div class=\"g-cols vc_row via_flex valign_top type_default stacking_default\"><div class=\"vc_col-sm-12 wpb_column vc_column_container\"><div class=\"vc_column-inner\"><div class=\"wpb_wrapper\">[vc_custom_heading text=\u00bbAviso legal\u00bb font_container=\u00bbtag:h1|text_align:left\u00bb use_theme_fonts=\u00bbyes\u00bb]<div class=\"wpb_text_column\"><div class=\"wpb_wrapper\"><p>En cumplimiento de la normativa vigente, se informa que <strong>\u201cESTE CASTILLO OPERATIONS SLU\u201d<\/strong>, en adelante \u201cla Empresa\u201d, con CIF <strong>B88624366<\/strong> y domicilio social en Avenida Doctor Arce 14, 28002, Madrid, Espa\u00f1a, es la titular del sitio web <a href=\"https:\/\/www.lazambrahotel.com\" target=\"_blank\" rel=\"noopener\">www.lazambrahotel.com<\/a>.<\/p>\n<p>La Empresa, constituida el 8 de abril de 2020 en Madrid, est\u00e1 dedicada al sector de la hosteler\u00eda y la gesti\u00f3n de negocios relacionados, incluyendo hoteles, restaurantes, cafeter\u00edas y servicios de catering.<\/p>\n<p>La actividad principal de la Empresa se encuadra en el sector de servicios de hospedaje, espec\u00edficamente hoteles y moteles, seg\u00fan la <em>Clasificaci\u00f3n Nacional de Actividades Econ\u00f3micas (CNAE)<\/em> con el c\u00f3digo <strong>5510 \u2013 Hoteles y alojamientos similares<\/strong>.<\/p>\n<p>Para cualquier consulta o contacto, los usuarios pueden dirigirse a la siguiente direcci\u00f3n de correo electr\u00f3nico:<br \/>\n<a href=\"mailto:info@lazambrahotel.com\">info@lazambrahotel.com<\/a>.<\/p>\n<h2>1.- Derecho de la informaci\u00f3n<\/h2>\n<p>El acceso y\/o uso del sitio web atribuyen la condici\u00f3n de usuario del mismo, lo cual implica la aceptaci\u00f3n de todas las disposiciones incluidas en este aviso legal y cualquier otra normativa aplicable. La Empresa cumple con los requisitos legales de informaci\u00f3n seg\u00fan la Ley 34\/2002, de 11 de julio, de servicios de la sociedad de la informaci\u00f3n y de comercio electr\u00f3nico.<\/p>\n<p>Los usuarios pueden ponerse en contacto con la Empresa a trav\u00e9s del correo electr\u00f3nico<br \/>\n<a href=\"mailto:info@lazambrahotel.com\">info@lazambrahotel.com<\/a>.<\/p>\n<h2>2.- Uso del sitio web<\/h2>\n<p>Los usuarios asumen la responsabilidad del uso adecuado del sitio web y se comprometen a no realizar actividades il\u00edcitas, provocar da\u00f1os en los sistemas f\u00edsicos o l\u00f3gicos del sitio web, introducir virus inform\u00e1ticos, intentar acceder o manipular datos, reproducir o copiar contenidos sin autorizaci\u00f3n, o suprimir dispositivos t\u00e9cnicos de protecci\u00f3n.<\/p>\n<p>La Empresa se reserva el derecho de suspender temporalmente el acceso al sitio web por motivos de mantenimiento o mejora, sin previo aviso.<\/p>\n<h2>3.- Propiedad Intelectual e Industrial<\/h2>\n<p>Todos los derechos de propiedad intelectual sobre el contenido y dise\u00f1o gr\u00e1fico del sitio web son propiedad exclusiva de la Empresa o de terceros que han autorizado su uso. Queda prohibida la reproducci\u00f3n, distribuci\u00f3n, comunicaci\u00f3n p\u00fablica o modificaci\u00f3n del contenido sin autorizaci\u00f3n previa.<\/p>\n<h2>4.- Protecci\u00f3n de datos<\/h2>\n<p>El uso del sitio web puede requerir que los usuarios proporcionen datos personales. La Empresa trata estos datos conforme a la legislaci\u00f3n aplicable y su pol\u00edtica de privacidad, disponible en<br \/>\n<a href=\"https:\/\/www.lazambrahotel.com\/es\/politica-de-privacidad\/\" target=\"_blank\" rel=\"noopener\">lazambrahotel.com\/es\/politica-de-privacidad\/<\/a>.<\/p>\n<h2>5.- Responsabilidad y Garant\u00edas<\/h2>\n<p>La Empresa declina cualquier responsabilidad por la falta de continuidad o disponibilidad del sitio web, la veracidad de los datos proporcionados por los usuarios, o cualquier da\u00f1o causado por terceros. La Empresa no se responsabiliza del uso que los usuarios puedan hacer del contenido del sitio web.<\/p>\n<h2>6.- Duraci\u00f3n y modificaci\u00f3n<\/h2>\n<p>Este aviso legal estar\u00e1 vigente de forma indefinida y puede ser modificado por la Empresa en cualquier momento, sin previo aviso. Se recomienda a los usuarios revisar peri\u00f3dicamente el contenido del aviso legal.<\/p>\n<h2>7.- Salvaguardia e interpretaci\u00f3n<\/h2>\n<p>Si alguna disposici\u00f3n de este aviso legal fuera declarada ilegal, inv\u00e1lida o inaplicable, ello no afectar\u00e1 a la validez de las dem\u00e1s disposiciones. La falta de exigencia por parte de la Empresa del cumplimiento estricto de alguna disposici\u00f3n no implicar\u00e1 renuncia a su aplicaci\u00f3n en el futuro.<\/p>\n<h2>8.- Informaci\u00f3n General<\/h2>\n<p>La Empresa perseguir\u00e1 el incumplimiento de este aviso legal y cualquier uso indebido del sitio web, ejerciendo todas las acciones legales correspondientes.<\/p>\n<h2>9.- Notificaciones<\/h2>\n<p>La Empresa podr\u00e1 realizar comunicaciones a trav\u00e9s del correo electr\u00f3nico o tel\u00e9fono proporcionado por los usuarios.<\/p>\n<p>Este aviso legal constituye un acuerdo entre los usuarios y <strong>\u201cESTE CASTILLO OPERATIONS SLU\u201d<\/strong> y se regir\u00e1 por la <strong>legislaci\u00f3n espa\u00f1ola<\/strong>.<\/p>\n<\/div><\/div><\/div><\/div><\/div><\/div><\/div><\/section>\n","protected":false},"excerpt":{"rendered":"[vc_custom_heading text=\"Aviso legal\" font_container=\"tag:h1|text_align:left\" use_theme_fonts=\"yes\"]En cumplimiento de la normativa vigente, se informa que \u201cESTE CASTILLO OPERATIONS SLU\u201d, en adelante \u201cla Empresa\u201d, con CIF B88624366 y domicilio social en Avenida Doctor Arce 14, 28002, Madrid, Espa\u00f1a, es la titular del sitio web www.lazambrahotel.com. La Empresa, constituida el 8 de abril de 2020 en Madrid, est\u00e1 dedicada...","protected":false},"author":1,"featured_media":0,"parent":0,"menu_order":0,"comment_status":"closed","ping_status":"open","template":"","meta":{"footnotes":""},"class_list":["post-2502","page","type-page","status-publish","hentry"],"yoast_head":"<!-- This site is optimized with the Yoast SEO plugin v27.5 - https:\/\/yoast.com\/product\/yoast-seo-wordpress\/ -->\n<title>Aviso legal | La Zambra<\/title>\n<meta name=\"robots\" content=\"noindex, follow\" \/>\n<meta property=\"og:locale\" content=\"es_ES\" \/>\n<meta property=\"og:type\" content=\"article\" \/>\n<meta property=\"og:title\" content=\"Aviso legal | La Zambra\" \/>\n<meta property=\"og:url\" content=\"https:\/\/lazambrahotel.com\/es\/aviso-legal\/\" \/>\n<meta property=\"og:site_name\" content=\"La Zambra\" \/>\n<meta property=\"article:publisher\" content=\"https:\/\/www.facebook.com\/La.Zambra.Mijas\/\" \/>\n<meta property=\"article:modified_time\" content=\"2025-10-20T15:45:52+00:00\" \/>\n<meta name=\"twitter:card\" content=\"summary_large_image\" \/>\n<script type=\"application\/ld+json\" class=\"yoast-schema-graph\">{\"@context\":\"https:\\\/\\\/schema.org\",\"@graph\":[{\"@type\":\"WebPage\",\"@id\":\"https:\\\/\\\/lazambrahotel.com\\\/es\\\/aviso-legal\\\/\",\"url\":\"https:\\\/\\\/lazambrahotel.com\\\/es\\\/aviso-legal\\\/\",\"name\":\"Aviso legal | La Zambra\",\"isPartOf\":{\"@id\":\"https:\\\/\\\/lazambrahotel.com\\\/es\\\/#website\"},\"datePublished\":\"2022-09-30T11:44:00+00:00\",\"dateModified\":\"2025-10-20T15:45:52+00:00\",\"breadcrumb\":{\"@id\":\"https:\\\/\\\/lazambrahotel.com\\\/es\\\/aviso-legal\\\/#breadcrumb\"},\"inLanguage\":\"es\",\"potentialAction\":[{\"@type\":\"ReadAction\",\"target\":[\"https:\\\/\\\/lazambrahotel.com\\\/es\\\/aviso-legal\\\/\"]}]},{\"@type\":\"BreadcrumbList\",\"@id\":\"https:\\\/\\\/lazambrahotel.com\\\/es\\\/aviso-legal\\\/#breadcrumb\",\"itemListElement\":[{\"@type\":\"ListItem\",\"position\":1,\"name\":\"Portada\",\"item\":\"https:\\\/\\\/lazambrahotel.com\\\/es\\\/\"},{\"@type\":\"ListItem\",\"position\":2,\"name\":\"Aviso legal\"}]},{\"@type\":\"WebSite\",\"@id\":\"https:\\\/\\\/lazambrahotel.com\\\/es\\\/#website\",\"url\":\"https:\\\/\\\/lazambrahotel.com\\\/es\\\/\",\"name\":\"La Zambra\",\"description\":\"Hotel\",\"publisher\":{\"@id\":\"https:\\\/\\\/lazambrahotel.com\\\/es\\\/#organization\"},\"potentialAction\":[{\"@type\":\"SearchAction\",\"target\":{\"@type\":\"EntryPoint\",\"urlTemplate\":\"https:\\\/\\\/lazambrahotel.com\\\/es\\\/?s={search_term_string}\"},\"query-input\":{\"@type\":\"PropertyValueSpecification\",\"valueRequired\":true,\"valueName\":\"search_term_string\"}}],\"inLanguage\":\"es\"},{\"@type\":\"Organization\",\"@id\":\"https:\\\/\\\/lazambrahotel.com\\\/es\\\/#organization\",\"name\":\"La Zambra\",\"url\":\"https:\\\/\\\/lazambrahotel.com\\\/es\\\/\",\"logo\":{\"@type\":\"ImageObject\",\"inLanguage\":\"es\",\"@id\":\"https:\\\/\\\/lazambrahotel.com\\\/es\\\/#\\\/schema\\\/logo\\\/image\\\/\",\"url\":\"https:\\\/\\\/lazambrahotel.com\\\/wp-content\\\/uploads\\\/2025\\\/09\\\/logo-la-zambra.svg\",\"contentUrl\":\"https:\\\/\\\/lazambrahotel.com\\\/wp-content\\\/uploads\\\/2025\\\/09\\\/logo-la-zambra.svg\",\"width\":\"1024\",\"height\":\"1024\",\"caption\":\"La Zambra\"},\"image\":{\"@id\":\"https:\\\/\\\/lazambrahotel.com\\\/es\\\/#\\\/schema\\\/logo\\\/image\\\/\"},\"sameAs\":[\"https:\\\/\\\/www.facebook.com\\\/La.Zambra.Mijas\\\/\",\"https:\\\/\\\/www.instagram.com\\\/la.zambra\\\/\"]}]}<\/script>\n<!-- \/ Yoast SEO plugin. -->","yoast_head_json":{"title":"Aviso legal | La Zambra","robots":{"index":"noindex","follow":"follow"},"og_locale":"es_ES","og_type":"article","og_title":"Aviso legal | La Zambra","og_url":"https:\/\/lazambrahotel.com\/es\/aviso-legal\/","og_site_name":"La Zambra","article_publisher":"https:\/\/www.facebook.com\/La.Zambra.Mijas\/","article_modified_time":"2025-10-20T15:45:52+00:00","twitter_card":"summary_large_image","schema":{"@context":"https:\/\/schema.org","@graph":[{"@type":"WebPage","@id":"https:\/\/lazambrahotel.com\/es\/aviso-legal\/","url":"https:\/\/lazambrahotel.com\/es\/aviso-legal\/","name":"Aviso legal | La Zambra","isPartOf":{"@id":"https:\/\/lazambrahotel.com\/es\/#website"},"datePublished":"2022-09-30T11:44:00+00:00","dateModified":"2025-10-20T15:45:52+00:00","breadcrumb":{"@id":"https:\/\/lazambrahotel.com\/es\/aviso-legal\/#breadcrumb"},"inLanguage":"es","potentialAction":[{"@type":"ReadAction","target":["https:\/\/lazambrahotel.com\/es\/aviso-legal\/"]}]},{"@type":"BreadcrumbList","@id":"https:\/\/lazambrahotel.com\/es\/aviso-legal\/#breadcrumb","itemListElement":[{"@type":"ListItem","position":1,"name":"Portada","item":"https:\/\/lazambrahotel.com\/es\/"},{"@type":"ListItem","position":2,"name":"Aviso legal"}]},{"@type":"WebSite","@id":"https:\/\/lazambrahotel.com\/es\/#website","url":"https:\/\/lazambrahotel.com\/es\/","name":"La Zambra","description":"Hotel","publisher":{"@id":"https:\/\/lazambrahotel.com\/es\/#organization"},"potentialAction":[{"@type":"SearchAction","target":{"@type":"EntryPoint","urlTemplate":"https:\/\/lazambrahotel.com\/es\/?s={search_term_string}"},"query-input":{"@type":"PropertyValueSpecification","valueRequired":true,"valueName":"search_term_string"}}],"inLanguage":"es"},{"@type":"Organization","@id":"https:\/\/lazambrahotel.com\/es\/#organization","name":"La Zambra","url":"https:\/\/lazambrahotel.com\/es\/","logo":{"@type":"ImageObject","inLanguage":"es","@id":"https:\/\/lazambrahotel.com\/es\/#\/schema\/logo\/image\/","url":"https:\/\/lazambrahotel.com\/wp-content\/uploads\/2025\/09\/logo-la-zambra.svg","contentUrl":"https:\/\/lazambrahotel.com\/wp-content\/uploads\/2025\/09\/logo-la-zambra.svg","width":"1024","height":"1024","caption":"La Zambra"},"image":{"@id":"https:\/\/lazambrahotel.com\/es\/#\/schema\/logo\/image\/"},"sameAs":["https:\/\/www.facebook.com\/La.Zambra.Mijas\/","https:\/\/www.instagram.com\/la.zambra\/"]}]}},"_links":{"self":[{"href":"https:\/\/lazambrahotel.com\/es\/wp-json\/wp\/v2\/pages\/2502","targetHints":{"allow":["GET"]}}],"collection":[{"href":"https:\/\/lazambrahotel.com\/es\/wp-json\/wp\/v2\/pages"}],"about":[{"href":"https:\/\/lazambrahotel.com\/es\/wp-json\/wp\/v2\/types\/page"}],"author":[{"embeddable":true,"href":"https:\/\/lazambrahotel.com\/es\/wp-json\/wp\/v2\/users\/1"}],"replies":[{"embeddable":true,"href":"https:\/\/lazambrahotel.com\/es\/wp-json\/wp\/v2\/comments?post=2502"}],"version-history":[{"count":1,"href":"https:\/\/lazambrahotel.com\/es\/wp-json\/wp\/v2\/pages\/2502\/revisions"}],"predecessor-version":[{"id":2503,"href":"https:\/\/lazambrahotel.com\/es\/wp-json\/wp\/v2\/pages\/2502\/revisions\/2503"}],"wp:attachment":[{"href":"https:\/\/lazambrahotel.com\/es\/wp-json\/wp\/v2\/media?parent=2502"}],"curies":[{"name":"wp","href":"https:\/\/api.w.org\/{rel}","templated":true}]}}