{"id":2467,"date":"2025-10-10T08:54:20","date_gmt":"2025-10-10T06:54:20","guid":{"rendered":"https:\/\/lazambrahotel.com\/blog\/"},"modified":"2025-10-22T16:42:41","modified_gmt":"2025-10-22T14:42:41","slug":"blog","status":"publish","type":"page","link":"https:\/\/lazambrahotel.com\/es\/blog\/","title":{"rendered":"Blog"},"content":{"rendered":"<section class=\"l-section wpb_row us_custom_94be0cb5 slider height_auto width_full\"><div class=\"l-section-h i-cf\"><div class=\"g-cols vc_row via_flex valign_top type_default stacking_default\"><div class=\"vc_col-sm-12 wpb_column vc_column_container\"><div class=\"vc_column-inner\"><div class=\"wpb_wrapper\"><div class=\"w-image has_ratio align_center\"><div class=\"w-image-h\"><div style=\"padding-bottom:28.5714%\"><\/div><img decoding=\"async\" width=\"1488\" height=\"770\" src=\"https:\/\/lazambrahotel.com\/wp-content\/uploads\/2025\/10\/la-zambra_blog_hero-e1760079435132.jpg\" class=\"attachment-full size-full\" alt=\"Blog\" loading=\"lazy\" \/><\/div><\/div><\/div><\/div><\/div><\/div><\/div><\/section><section class=\"l-section wpb_row us_custom_19737bc8 height_small width_custom\" style=\"--site-content-width:1020px;\"><div class=\"l-section-h i-cf\"><div class=\"g-cols vc_row via_flex valign_top type_default stacking_default\"><div class=\"vc_col-sm-12 wpb_column vc_column_container\"><div class=\"vc_column-inner\"><div class=\"wpb_wrapper\">[vc_custom_heading text=\u00bbBlog\u00bb font_container=\u00bbtag:h2|text_align:center\u00bb use_theme_fonts=\u00bbyes\u00bb css=\u00bb%7B%22default%22%3A%7B%22font-size%22%3A%221rem%22%2C%22font-family%22%3A%22BasisGrotesque%22%2C%22animation-name%22%3A%22fade%22%2C%22animation-delay%22%3A%220.5s%22%7D%7D\u00bb][vc_custom_heading text=\u00bbLa Zambra Blog\u00bb font_container=\u00bbtag:h1|text_align:center\u00bb use_theme_fonts=\u00bbyes\u00bb css=\u00bb%7B%22default%22%3A%7B%22animation-name%22%3A%22fade%22%2C%22animation-delay%22%3A%220.5s%22%7D%7D\u00bb]<\/div><\/div><\/div><\/div><\/div><\/section><section class=\"l-section wpb_row height_medium\"><div class=\"l-section-h i-cf\"><div class=\"g-cols vc_row via_flex valign_top type_default stacking_default\"><div class=\"vc_col-sm-12 wpb_column vc_column_container\"><div class=\"vc_column-inner\"><div class=\"wpb_wrapper\"><div class=\"w-grid type_grid layout_1495 cols_3 pagination_ajax with_filters with_css_animation\" id=\"us_grid_1\" style=\"--columns:3;--gap:0.75rem;\"><style>@media (max-width:1124px){#us_grid_1{--columns:2!important}}@media (max-width:768px){#us_grid_1{--columns:1!important}}.layout_1495 .w-grid-item-h{}.layout_1495 .usg_post_image_1{margin-bottom:1.5rem!important}.layout_1495 .usg_post_title_1{font-size:1rem!important;line-height:1.3!important;margin-bottom:1rem!important}<\/style><div class=\"g-filters style_3 align_center\"><button class=\"g-filters-item active\" data-taxonomy=\"*\"><span>Todo<\/span><\/button><button class=\"g-filters-item\" data-taxonomy=\"experiencias\" data-amount=\"26\"><span>Experiencias<\/span><span class=\"g-filters-item-amount\">26<\/span><\/button><button class=\"g-filters-item\" data-taxonomy=\"gastronomia\" data-amount=\"18\"><span>Gastronom\u00eda<\/span><span class=\"g-filters-item-amount\">18<\/span><\/button><button class=\"g-filters-item\" data-taxonomy=\"salud-y-bienestar\" data-amount=\"2\"><span>Salud y Bienestar<\/span><span class=\"g-filters-item-amount\">2<\/span><\/button><\/div><div class=\"w-grid-list\" data-filter_taxonomy_name=\"category\">\t<article class=\"w-grid-item us_animate_afb size_1x1 post-3805 post type-post status-publish format-standard has-post-thumbnail hentry category-experiencias\" data-id=\"3805\" style=\"animation-delay:0s\">\r\n\t\t<div class=\"w-grid-item-h\">\r\n\t\t\t\t\t\t<div class=\"w-post-elm post_image usg_post_image_1 has_ratio\"><img loading=\"lazy\" decoding=\"async\" width=\"612\" height=\"408\" src=\"https:\/\/lazambrahotel.com\/wp-content\/uploads\/2025\/10\/Malaga1.jpg\" class=\"attachment-large size-large wp-post-image\" alt=\"Mejores museos M\u00e1laga 2026\" \/><div style=\"padding-bottom:133.3333%\"><\/div><\/div><h2 class=\"w-post-elm post_title usg_post_title_1 entry-title color_link_inherit\">Los 5 mejores museos de M\u00e1laga para visitar en 2026<\/h2><a class=\"w-btn us-btn-style_2 btn-link usg_btn_1\" href=\"https:\/\/lazambrahotel.com\/es\/blog\/los-5-mejores-museos-de-malaga-para-visitar-en-2024-2\/\"><span class=\"w-btn-label\">Ver detalle<\/span><\/a>\t\t<\/div>\r\n\t\t\t<\/article>\r\n\t<article class=\"w-grid-item us_animate_afb size_1x1 post-7237 post type-post status-publish format-standard has-post-thumbnail hentry category-experiencias\" data-id=\"7237\" style=\"animation-delay:0.1s\">\r\n\t\t<div class=\"w-grid-item-h\">\r\n\t\t\t\t\t\t<div class=\"w-post-elm post_image usg_post_image_1 has_ratio\"><img loading=\"lazy\" decoding=\"async\" width=\"1024\" height=\"559\" src=\"https:\/\/lazambrahotel.com\/wp-content\/uploads\/2026\/03\/easter-marbella-procession-1024x559.jpg\" class=\"attachment-large size-large wp-post-image\" alt=\"semana santa Marbella 2026\" \/><div style=\"padding-bottom:133.3333%\"><\/div><\/div><h2 class=\"w-post-elm post_title usg_post_title_1 entry-title color_link_inherit\">Top 5 planes de Semana Santa Marbella 2026<\/h2><a class=\"w-btn us-btn-style_2 btn-link usg_btn_1\" href=\"https:\/\/lazambrahotel.com\/es\/blog\/planes-semana-santa-marbella\/\"><span class=\"w-btn-label\">Ver detalle<\/span><\/a>\t\t<\/div>\r\n\t\t\t<\/article>\r\n\t<article class=\"w-grid-item us_animate_afb size_1x1 post-7434 post type-post status-publish format-standard has-post-thumbnail hentry category-gastronomia tag-croquetas tag-croquetas-2 tag-espetos tag-gastornomia-andaluza tag-paella tag-porra-antequerana tag-sardinas\" data-id=\"7434\" style=\"animation-delay:0.2s\">\r\n\t\t<div class=\"w-grid-item-h\">\r\n\t\t\t\t\t\t<div class=\"w-post-elm post_image usg_post_image_1 has_ratio\"><img loading=\"lazy\" decoding=\"async\" width=\"1024\" height=\"683\" src=\"https:\/\/lazambrahotel.com\/wp-content\/uploads\/2026\/03\/Breakfast-Terraza-Palmito-1024x683.jpg\" class=\"attachment-large size-large wp-post-image\" alt=\"best spanish food\" \/><div style=\"padding-bottom:133.3333%\"><\/div><\/div><h2 class=\"w-post-elm post_title usg_post_title_1 entry-title color_link_inherit\">Las Mejores Comidas Andaluzas que Debes Probar en Espa\u00f1a<\/h2><a class=\"w-btn us-btn-style_2 btn-link usg_btn_1\" href=\"https:\/\/lazambrahotel.com\/es\/blog\/las-mejores-comidas-andaluzas-que-debes-probar-en-espana\/\"><span class=\"w-btn-label\">Ver detalle<\/span><\/a>\t\t<\/div>\r\n\t\t\t<\/article>\r\n\t<article class=\"w-grid-item us_animate_afb size_1x1 post-3845 post type-post status-publish format-standard has-post-thumbnail hentry category-gastronomia\" data-id=\"3845\" style=\"animation-delay:0.3s\">\r\n\t\t<div class=\"w-grid-item-h\">\r\n\t\t\t\t\t\t<div class=\"w-post-elm post_image usg_post_image_1 has_ratio\"><img loading=\"lazy\" decoding=\"async\" width=\"970\" height=\"630\" src=\"https:\/\/lazambrahotel.com\/wp-content\/uploads\/2025\/06\/mejores-playas-de-marbella-mijas-y-fuengirola-e1778139690146.jpg\" class=\"attachment-large size-large wp-post-image\" alt=\"mejores playas de Marbella, Mijas y Fuengirola\" \/><div style=\"padding-bottom:133.3333%\"><\/div><\/div><h2 class=\"w-post-elm post_title usg_post_title_1 entry-title color_link_inherit\">Top 10 mejores playas de Marbella, Mijas y Fuengirola<\/h2><a class=\"w-btn us-btn-style_2 btn-link usg_btn_1\" href=\"https:\/\/lazambrahotel.com\/es\/blog\/descubra-las-mejores-playas-de-marbella-mijas-y-fuengirola\/\"><span class=\"w-btn-label\">Ver detalle<\/span><\/a>\t\t<\/div>\r\n\t\t\t<\/article>\r\n\t<article class=\"w-grid-item us_animate_afb size_1x1 post-6523 post type-post status-publish format-standard has-post-thumbnail hentry category-experiencias\" data-id=\"6523\" style=\"animation-delay:0.4s\">\r\n\t\t<div class=\"w-grid-item-h\">\r\n\t\t\t\t\t\t<div class=\"w-post-elm post_image usg_post_image_1 has_ratio\"><img loading=\"lazy\" decoding=\"async\" width=\"1024\" height=\"683\" src=\"https:\/\/lazambrahotel.com\/wp-content\/uploads\/2026\/02\/Mood-Spa-Patio-1024x683.jpg\" class=\"attachment-large size-large wp-post-image\" alt=\"\" \/><div style=\"padding-bottom:133.3333%\"><\/div><\/div><h2 class=\"w-post-elm post_title usg_post_title_1 entry-title color_link_inherit\">Terapia hol\u00edstica: qu\u00e9 es y cu\u00e1les son sus beneficios.<\/h2><a class=\"w-btn us-btn-style_2 btn-link usg_btn_1\" href=\"https:\/\/lazambrahotel.com\/es\/blog\/programas-holisticos\/\"><span class=\"w-btn-label\">Ver detalle<\/span><\/a>\t\t<\/div>\r\n\t\t\t<\/article>\r\n\t<article class=\"w-grid-item us_animate_afb size_1x1 post-6320 post type-post status-publish format-standard has-post-thumbnail hentry category-experiencias\" data-id=\"6320\" style=\"animation-delay:0.5s\">\r\n\t\t<div class=\"w-grid-item-h\">\r\n\t\t\t\t\t\t<div class=\"w-post-elm post_image usg_post_image_1 has_ratio\"><img loading=\"lazy\" decoding=\"async\" width=\"819\" height=\"1024\" src=\"https:\/\/lazambrahotel.com\/wp-content\/uploads\/2026\/01\/AGPUB-La-Zambra-Marbella-scaled-2-819x1024.jpg\" class=\"attachment-large size-large wp-post-image\" alt=\"planes en marbella pareja\" \/><div style=\"padding-bottom:133.3333%\"><\/div><\/div><h2 class=\"w-post-elm post_title usg_post_title_1 entry-title color_link_inherit\">Planes rom\u00e1nticos en pareja en Marbella<\/h2><a class=\"w-btn us-btn-style_2 btn-link usg_btn_1\" href=\"https:\/\/lazambrahotel.com\/es\/blog\/planes-en-pareja-marbella\/\"><span class=\"w-btn-label\">Ver detalle<\/span><\/a>\t\t<\/div>\r\n\t\t\t<\/article>\r\n\t<article class=\"w-grid-item us_animate_afb size_1x1 post-4827 post type-post status-publish format-standard has-post-thumbnail hentry category-experiencias\" data-id=\"4827\" style=\"animation-delay:0s\">\r\n\t\t<div class=\"w-grid-item-h\">\r\n\t\t\t\t\t\t<div class=\"w-post-elm post_image usg_post_image_1 has_ratio\"><img loading=\"lazy\" decoding=\"async\" width=\"800\" height=\"400\" src=\"https:\/\/lazambrahotel.com\/wp-content\/uploads\/2025\/11\/10.png\" class=\"attachment-large size-large wp-post-image\" alt=\"\" \/><div style=\"padding-bottom:133.3333%\"><\/div><\/div><h2 class=\"w-post-elm post_title usg_post_title_1 entry-title color_link_inherit\">Actividades imprescindibles esta Navidad en M\u00e1laga<\/h2><a class=\"w-btn us-btn-style_2 btn-link usg_btn_1\" href=\"https:\/\/lazambrahotel.com\/es\/blog\/actividades-imprescindibles-navidad-malaga-2025\/\"><span class=\"w-btn-label\">Ver detalle<\/span><\/a>\t\t<\/div>\r\n\t\t\t<\/article>\r\n\t<article class=\"w-grid-item us_animate_afb size_1x1 post-4211 post type-post status-publish format-standard has-post-thumbnail hentry category-experiencias\" data-id=\"4211\" style=\"animation-delay:0.1s\">\r\n\t\t<div class=\"w-grid-item-h\">\r\n\t\t\t\t\t\t<div class=\"w-post-elm post_image usg_post_image_1 has_ratio\"><img loading=\"lazy\" decoding=\"async\" width=\"1024\" height=\"683\" src=\"https:\/\/lazambrahotel.com\/wp-content\/uploads\/2025\/10\/Kids-Club-La-Zambra-1024x683.jpg\" class=\"attachment-large size-large wp-post-image\" alt=\"\" \/><div style=\"padding-bottom:133.3333%\"><\/div><\/div><h2 class=\"w-post-elm post_title usg_post_title_1 entry-title color_link_inherit\">Los mejores planes para disfrutar con ni\u00f1os en M\u00e1laga<\/h2><a class=\"w-btn us-btn-style_2 btn-link usg_btn_1\" href=\"https:\/\/lazambrahotel.com\/es\/blog\/planes-familia-ninos-malaga-la-zambra\/\"><span class=\"w-btn-label\">Ver detalle<\/span><\/a>\t\t<\/div>\r\n\t\t\t<\/article>\r\n\t<article class=\"w-grid-item us_animate_afb size_1x1 post-3854 post type-post status-publish format-standard has-post-thumbnail hentry category-experiencias category-gastronomia\" data-id=\"3854\" style=\"animation-delay:0.2s\">\r\n\t\t<div class=\"w-grid-item-h\">\r\n\t\t\t\t\t\t<div class=\"w-post-elm post_image usg_post_image_1 has_ratio\"><img loading=\"lazy\" decoding=\"async\" width=\"1024\" height=\"683\" src=\"https:\/\/lazambrahotel.com\/wp-content\/uploads\/2025\/10\/La-Zambra-Hotel-Xmas24-5-copia-1024x683.jpg\" class=\"attachment-large size-large wp-post-image\" alt=\"\" \/><div style=\"padding-bottom:133.3333%\"><\/div><\/div><h2 class=\"w-post-elm post_title usg_post_title_1 entry-title color_link_inherit\">Las mejores ideas para una cena de grupos inolvidable<\/h2><a class=\"w-btn us-btn-style_2 btn-link usg_btn_1\" href=\"https:\/\/lazambrahotel.com\/es\/blog\/cena-de-empresa-malaga-mejores-ideas-restaurantes\/\"><span class=\"w-btn-label\">Ver detalle<\/span><\/a>\t\t<\/div>\r\n\t\t\t<\/article>\r\n\t<article class=\"w-grid-item us_animate_afb size_1x1 post-3852 post type-post status-publish format-standard has-post-thumbnail hentry category-experiencias category-gastronomia\" data-id=\"3852\" style=\"animation-delay:0.3s\">\r\n\t\t<div class=\"w-grid-item-h\">\r\n\t\t\t\t\t\t<div class=\"w-post-elm post_image usg_post_image_1 has_ratio\"><img loading=\"lazy\" decoding=\"async\" width=\"1024\" height=\"768\" src=\"https:\/\/lazambrahotel.com\/wp-content\/uploads\/2025\/10\/3-8.jpg\" class=\"attachment-large size-large wp-post-image\" alt=\"\" \/><div style=\"padding-bottom:133.3333%\"><\/div><\/div><h2 class=\"w-post-elm post_title usg_post_title_1 entry-title color_link_inherit\">Los mejores restaurantes rom\u00e1nticos de Marbella<\/h2><a class=\"w-btn us-btn-style_2 btn-link usg_btn_1\" href=\"https:\/\/lazambrahotel.com\/es\/blog\/mejores-restaurantes-romanticos-marbella\/\"><span class=\"w-btn-label\">Ver detalle<\/span><\/a>\t\t<\/div>\r\n\t\t\t<\/article>\r\n\t<article class=\"w-grid-item us_animate_afb size_1x1 post-3847 post type-post status-publish format-standard has-post-thumbnail hentry category-experiencias\" data-id=\"3847\" style=\"animation-delay:0.4s\">\r\n\t\t<div class=\"w-grid-item-h\">\r\n\t\t\t\t\t\t<div class=\"w-post-elm post_image usg_post_image_1 has_ratio\"><img loading=\"lazy\" decoding=\"async\" width=\"1024\" height=\"801\" src=\"https:\/\/lazambrahotel.com\/wp-content\/uploads\/2025\/10\/La-Zambra-Pool-Cocktails-lifestyle-4-copia-1024x801.jpg\" class=\"attachment-large size-large wp-post-image\" alt=\"\" \/><div style=\"padding-bottom:133.3333%\"><\/div><\/div><h2 class=\"w-post-elm post_title usg_post_title_1 entry-title color_link_inherit\">\u00bfCu\u00e1les son los mejores beach clubs de la Costa del Sol?<\/h2><a class=\"w-btn us-btn-style_2 btn-link usg_btn_1\" href=\"https:\/\/lazambrahotel.com\/es\/blog\/mejores-beach-clubs-costa-del-sol\/\"><span class=\"w-btn-label\">Ver detalle<\/span><\/a>\t\t<\/div>\r\n\t\t\t<\/article>\r\n\t<article class=\"w-grid-item us_animate_afb size_1x1 post-3843 post type-post status-publish format-standard has-post-thumbnail hentry category-experiencias\" data-id=\"3843\" style=\"animation-delay:0.5s\">\r\n\t\t<div class=\"w-grid-item-h\">\r\n\t\t\t\t\t\t<div class=\"w-post-elm post_image usg_post_image_1 has_ratio\"><img loading=\"lazy\" decoding=\"async\" width=\"1024\" height=\"683\" src=\"https:\/\/lazambrahotel.com\/wp-content\/uploads\/2025\/10\/amigos-viajando-y-descubriendo-nuevos-lugares.webp\" class=\"attachment-large size-large wp-post-image\" alt=\"\" \/><div style=\"padding-bottom:133.3333%\"><\/div><\/div><h2 class=\"w-post-elm post_title usg_post_title_1 entry-title color_link_inherit\">Qu\u00e9 pueblos visitar cerca de Marbella: Todo lo que necesitas saber<\/h2><a class=\"w-btn us-btn-style_2 btn-link usg_btn_1\" href=\"https:\/\/lazambrahotel.com\/es\/blog\/que-pueblos-visitar-cerca-de-marbella\/\"><span class=\"w-btn-label\">Ver detalle<\/span><\/a>\t\t<\/div>\r\n\t\t\t<\/article>\r\n<\/div><div class=\"w-grid-preloader\">\t<div class=\"g-preloader type_1\">\r\n\t\t<div><\/div>\r\n\t<\/div>\r\n\t<\/div>\t\t\t<div class=\"g-loadmore \">\r\n\t\t\t\t<div class=\"g-preloader type_1\">\r\n\t\t\t\t\t<div><\/div>\r\n\t\t\t\t<\/div>\r\n\t\t\t\t<button class=\"w-btn us-btn-style_1\">\r\n\t\t\t\t\t<span class=\"w-btn-label\">Cargar m\u00e1s<\/span>\r\n\t\t\t\t<\/button>\r\n\t\t\t<\/div>\r\n\t\t\t\t<div class=\"w-grid-json hidden\" onclick='return {&quot;action&quot;:&quot;us_ajax_grid&quot;,&quot;infinite_scroll&quot;:0,&quot;max_num_pages&quot;:4,&quot;pagination&quot;:&quot;ajax&quot;,&quot;template_vars&quot;:{&quot;columns&quot;:&quot;3&quot;,&quot;exclude_items&quot;:&quot;none&quot;,&quot;img_size&quot;:&quot;default&quot;,&quot;ignore_items_size&quot;:0,&quot;items_layout&quot;:&quot;1495&quot;,&quot;items_offset&quot;:&quot;1&quot;,&quot;load_animation&quot;:&quot;afb&quot;,&quot;overriding_link&quot;:&quot;%7B%22url%22%3A%22%22%7D&quot;,&quot;post_id&quot;:0,&quot;query_args&quot;:{&quot;post_type&quot;:[&quot;post&quot;],&quot;post_status&quot;:[&quot;publish&quot;],&quot;posts_per_page&quot;:&quot;12&quot;},&quot;orderby_query_args&quot;:{&quot;orderby&quot;:{&quot;date&quot;:&quot;DESC&quot;}},&quot;type&quot;:&quot;grid&quot;,&quot;us_grid_post_type&quot;:&quot;post&quot;,&quot;us_grid_ajax_index&quot;:1,&quot;us_grid_filter_query_string&quot;:null,&quot;us_grid_index&quot;:1,&quot;page_args&quot;:[],&quot;lang&quot;:&quot;es&quot;}}'><\/div>\r\n\t<\/div><\/div><\/div><\/div><\/div><\/div><\/section>\n","protected":false},"excerpt":{"rendered":"Qu\u00e9 pueblos visitar cerca de Marbella: Todo lo que necesitas saber La Costa del Sol, conocida por sus paisajes deslumbrantes y su suave clima mediterr\u00e1neo, es un destino que no solo deslumbra por sus playas, sino tambi\u00e9n por la exquisita oferta cultural, hist\u00f3rica y natural que ofrece a quienes buscan una experiencia de lujo incomparable....","protected":false},"author":1,"featured_media":0,"parent":0,"menu_order":0,"comment_status":"closed","ping_status":"closed","template":"","meta":{"footnotes":""},"class_list":["post-2467","page","type-page","status-publish","hentry"],"yoast_head":"<!-- This site is optimized with the Yoast SEO plugin v27.5 - https:\/\/yoast.com\/product\/yoast-seo-wordpress\/ -->\n<title>Blog del Hotel 5 Estrellas La Zambra en Mijas | La Zambra<\/title>\n<meta name=\"description\" content=\"En el blog de La Zambra descubrir\u00e1 lo mejor de la Costa del Sol, M\u00e1laga y el pueblo de Mijas: Costumbres, lugares entra\u00f1ables, experiencias, gastronom\u00eda\" \/>\n<meta name=\"robots\" content=\"index, follow, max-snippet:-1, max-image-preview:large, max-video-preview:-1\" \/>\n<link rel=\"canonical\" href=\"https:\/\/lazambrahotel.com\/es\/blog\/\" \/>\n<meta property=\"og:locale\" content=\"es_ES\" \/>\n<meta property=\"og:type\" content=\"article\" \/>\n<meta property=\"og:title\" content=\"Blog del Hotel 5 Estrellas La Zambra en Mijas | La Zambra\" \/>\n<meta property=\"og:description\" content=\"En el blog de La Zambra descubrir\u00e1 lo mejor de la Costa del Sol, M\u00e1laga y el pueblo de Mijas: Costumbres, lugares entra\u00f1ables, experiencias, gastronom\u00eda\" \/>\n<meta property=\"og:url\" content=\"https:\/\/lazambrahotel.com\/es\/blog\/\" \/>\n<meta property=\"og:site_name\" content=\"La Zambra\" \/>\n<meta property=\"article:publisher\" content=\"https:\/\/www.facebook.com\/La.Zambra.Mijas\/\" \/>\n<meta property=\"article:modified_time\" content=\"2025-10-22T14:42:41+00:00\" \/>\n<meta name=\"twitter:card\" content=\"summary_large_image\" \/>\n<meta name=\"twitter:label1\" content=\"Tiempo de lectura\" \/>\n\t<meta name=\"twitter:data1\" content=\"1 minuto\" \/>\n<script type=\"application\/ld+json\" class=\"yoast-schema-graph\">{\"@context\":\"https:\\\/\\\/schema.org\",\"@graph\":[{\"@type\":\"WebPage\",\"@id\":\"https:\\\/\\\/lazambrahotel.com\\\/es\\\/blog\\\/\",\"url\":\"https:\\\/\\\/lazambrahotel.com\\\/es\\\/blog\\\/\",\"name\":\"Blog del Hotel 5 Estrellas La Zambra en Mijas | La Zambra\",\"isPartOf\":{\"@id\":\"https:\\\/\\\/lazambrahotel.com\\\/es\\\/#website\"},\"datePublished\":\"2025-10-10T06:54:20+00:00\",\"dateModified\":\"2025-10-22T14:42:41+00:00\",\"description\":\"En el blog de La Zambra descubrir\u00e1 lo mejor de la Costa del Sol, M\u00e1laga y el pueblo de Mijas: Costumbres, lugares entra\u00f1ables, experiencias, gastronom\u00eda\",\"breadcrumb\":{\"@id\":\"https:\\\/\\\/lazambrahotel.com\\\/es\\\/blog\\\/#breadcrumb\"},\"inLanguage\":\"es\",\"potentialAction\":[{\"@type\":\"ReadAction\",\"target\":[\"https:\\\/\\\/lazambrahotel.com\\\/es\\\/blog\\\/\"]}]},{\"@type\":\"BreadcrumbList\",\"@id\":\"https:\\\/\\\/lazambrahotel.com\\\/es\\\/blog\\\/#breadcrumb\",\"itemListElement\":[{\"@type\":\"ListItem\",\"position\":1,\"name\":\"Portada\",\"item\":\"https:\\\/\\\/lazambrahotel.com\\\/es\\\/\"},{\"@type\":\"ListItem\",\"position\":2,\"name\":\"Blog\"}]},{\"@type\":\"WebSite\",\"@id\":\"https:\\\/\\\/lazambrahotel.com\\\/es\\\/#website\",\"url\":\"https:\\\/\\\/lazambrahotel.com\\\/es\\\/\",\"name\":\"La Zambra\",\"description\":\"Hotel\",\"publisher\":{\"@id\":\"https:\\\/\\\/lazambrahotel.com\\\/es\\\/#organization\"},\"potentialAction\":[{\"@type\":\"SearchAction\",\"target\":{\"@type\":\"EntryPoint\",\"urlTemplate\":\"https:\\\/\\\/lazambrahotel.com\\\/es\\\/?s={search_term_string}\"},\"query-input\":{\"@type\":\"PropertyValueSpecification\",\"valueRequired\":true,\"valueName\":\"search_term_string\"}}],\"inLanguage\":\"es\"},{\"@type\":\"Organization\",\"@id\":\"https:\\\/\\\/lazambrahotel.com\\\/es\\\/#organization\",\"name\":\"La Zambra\",\"url\":\"https:\\\/\\\/lazambrahotel.com\\\/es\\\/\",\"logo\":{\"@type\":\"ImageObject\",\"inLanguage\":\"es\",\"@id\":\"https:\\\/\\\/lazambrahotel.com\\\/es\\\/#\\\/schema\\\/logo\\\/image\\\/\",\"url\":\"https:\\\/\\\/lazambrahotel.com\\\/wp-content\\\/uploads\\\/2025\\\/09\\\/logo-la-zambra.svg\",\"contentUrl\":\"https:\\\/\\\/lazambrahotel.com\\\/wp-content\\\/uploads\\\/2025\\\/09\\\/logo-la-zambra.svg\",\"width\":\"1024\",\"height\":\"1024\",\"caption\":\"La Zambra\"},\"image\":{\"@id\":\"https:\\\/\\\/lazambrahotel.com\\\/es\\\/#\\\/schema\\\/logo\\\/image\\\/\"},\"sameAs\":[\"https:\\\/\\\/www.facebook.com\\\/La.Zambra.Mijas\\\/\",\"https:\\\/\\\/www.instagram.com\\\/la.zambra\\\/\"]}]}<\/script>\n<!-- \/ Yoast SEO plugin. -->","yoast_head_json":{"title":"Blog del Hotel 5 Estrellas La Zambra en Mijas | La Zambra","description":"En el blog de La Zambra descubrir\u00e1 lo mejor de la Costa del Sol, M\u00e1laga y el pueblo de Mijas: Costumbres, lugares entra\u00f1ables, experiencias, gastronom\u00eda","robots":{"index":"index","follow":"follow","max-snippet":"max-snippet:-1","max-image-preview":"max-image-preview:large","max-video-preview":"max-video-preview:-1"},"canonical":"https:\/\/lazambrahotel.com\/es\/blog\/","og_locale":"es_ES","og_type":"article","og_title":"Blog del Hotel 5 Estrellas La Zambra en Mijas | La Zambra","og_description":"En el blog de La Zambra descubrir\u00e1 lo mejor de la Costa del Sol, M\u00e1laga y el pueblo de Mijas: Costumbres, lugares entra\u00f1ables, experiencias, gastronom\u00eda","og_url":"https:\/\/lazambrahotel.com\/es\/blog\/","og_site_name":"La Zambra","article_publisher":"https:\/\/www.facebook.com\/La.Zambra.Mijas\/","article_modified_time":"2025-10-22T14:42:41+00:00","twitter_card":"summary_large_image","twitter_misc":{"Tiempo de lectura":"1 minuto"},"schema":{"@context":"https:\/\/schema.org","@graph":[{"@type":"WebPage","@id":"https:\/\/lazambrahotel.com\/es\/blog\/","url":"https:\/\/lazambrahotel.com\/es\/blog\/","name":"Blog del Hotel 5 Estrellas La Zambra en Mijas | La Zambra","isPartOf":{"@id":"https:\/\/lazambrahotel.com\/es\/#website"},"datePublished":"2025-10-10T06:54:20+00:00","dateModified":"2025-10-22T14:42:41+00:00","description":"En el blog de La Zambra descubrir\u00e1 lo mejor de la Costa del Sol, M\u00e1laga y el pueblo de Mijas: Costumbres, lugares entra\u00f1ables, experiencias, gastronom\u00eda","breadcrumb":{"@id":"https:\/\/lazambrahotel.com\/es\/blog\/#breadcrumb"},"inLanguage":"es","potentialAction":[{"@type":"ReadAction","target":["https:\/\/lazambrahotel.com\/es\/blog\/"]}]},{"@type":"BreadcrumbList","@id":"https:\/\/lazambrahotel.com\/es\/blog\/#breadcrumb","itemListElement":[{"@type":"ListItem","position":1,"name":"Portada","item":"https:\/\/lazambrahotel.com\/es\/"},{"@type":"ListItem","position":2,"name":"Blog"}]},{"@type":"WebSite","@id":"https:\/\/lazambrahotel.com\/es\/#website","url":"https:\/\/lazambrahotel.com\/es\/","name":"La Zambra","description":"Hotel","publisher":{"@id":"https:\/\/lazambrahotel.com\/es\/#organization"},"potentialAction":[{"@type":"SearchAction","target":{"@type":"EntryPoint","urlTemplate":"https:\/\/lazambrahotel.com\/es\/?s={search_term_string}"},"query-input":{"@type":"PropertyValueSpecification","valueRequired":true,"valueName":"search_term_string"}}],"inLanguage":"es"},{"@type":"Organization","@id":"https:\/\/lazambrahotel.com\/es\/#organization","name":"La Zambra","url":"https:\/\/lazambrahotel.com\/es\/","logo":{"@type":"ImageObject","inLanguage":"es","@id":"https:\/\/lazambrahotel.com\/es\/#\/schema\/logo\/image\/","url":"https:\/\/lazambrahotel.com\/wp-content\/uploads\/2025\/09\/logo-la-zambra.svg","contentUrl":"https:\/\/lazambrahotel.com\/wp-content\/uploads\/2025\/09\/logo-la-zambra.svg","width":"1024","height":"1024","caption":"La Zambra"},"image":{"@id":"https:\/\/lazambrahotel.com\/es\/#\/schema\/logo\/image\/"},"sameAs":["https:\/\/www.facebook.com\/La.Zambra.Mijas\/","https:\/\/www.instagram.com\/la.zambra\/"]}]}},"_links":{"self":[{"href":"https:\/\/lazambrahotel.com\/es\/wp-json\/wp\/v2\/pages\/2467","targetHints":{"allow":["GET"]}}],"collection":[{"href":"https:\/\/lazambrahotel.com\/es\/wp-json\/wp\/v2\/pages"}],"about":[{"href":"https:\/\/lazambrahotel.com\/es\/wp-json\/wp\/v2\/types\/page"}],"author":[{"embeddable":true,"href":"https:\/\/lazambrahotel.com\/es\/wp-json\/wp\/v2\/users\/1"}],"replies":[{"embeddable":true,"href":"https:\/\/lazambrahotel.com\/es\/wp-json\/wp\/v2\/comments?post=2467"}],"version-history":[{"count":4,"href":"https:\/\/lazambrahotel.com\/es\/wp-json\/wp\/v2\/pages\/2467\/revisions"}],"predecessor-version":[{"id":3987,"href":"https:\/\/lazambrahotel.com\/es\/wp-json\/wp\/v2\/pages\/2467\/revisions\/3987"}],"wp:attachment":[{"href":"https:\/\/lazambrahotel.com\/es\/wp-json\/wp\/v2\/media?parent=2467"}],"curies":[{"name":"wp","href":"https:\/\/api.w.org\/{rel}","templated":true}]}}