{"id":2439,"date":"2025-10-09T18:37:50","date_gmt":"2025-10-09T16:37:50","guid":{"rendered":"https:\/\/lazambrahotel.com\/positive-impact-events\/"},"modified":"2025-10-20T16:57:25","modified_gmt":"2025-10-20T14:57:25","slug":"positive-impact-events","status":"publish","type":"page","link":"https:\/\/lazambrahotel.com\/es\/positive-impact-events\/","title":{"rendered":"Positive Impact Events"},"content":{"rendered":"<section class=\"l-section wpb_row us_custom_94be0cb5 slider height_auto width_full\"><div class=\"l-section-h i-cf\"><div class=\"g-cols vc_row via_flex valign_top type_default stacking_default\"><div class=\"vc_col-sm-12 wpb_column vc_column_container\"><div class=\"vc_column-inner\"><div class=\"wpb_wrapper\"><div class=\"w-image has_ratio align_center\"><div class=\"w-image-h\"><div style=\"padding-bottom:28.5714%\"><\/div><img decoding=\"async\" width=\"1024\" height=\"683\" src=\"https:\/\/lazambrahotel.com\/wp-content\/uploads\/2025\/10\/X2A8635-1024x683-1.jpg\" class=\"attachment-full size-full\" alt=\"Gateway to Andalusia\" loading=\"lazy\" \/><\/div><\/div><\/div><\/div><\/div><\/div><\/div><\/section><section class=\"l-section wpb_row height_small width_custom\" style=\"--site-content-width:1050px;\"><div class=\"l-section-h i-cf\"><div class=\"g-cols vc_row via_flex valign_top type_default stacking_default\"><div class=\"vc_col-sm-12 wpb_column vc_column_container\"><div class=\"vc_column-inner\"><div class=\"wpb_wrapper\">[vc_custom_heading text=\u00bbEventos sostenibles\u00bb font_container=\u00bbtag:h1|text_align:center\u00bb use_theme_fonts=\u00bbyes\u00bb css=\u00bb%7B%22default%22%3A%7B%22font-size%22%3A%221rem%22%2C%22font-family%22%3A%22BasisGrotesque%22%2C%22animation-name%22%3A%22fade%22%2C%22animation-delay%22%3A%220.5s%22%7D%7D\u00bb][vc_custom_heading text=\u00bbPositive Impact Events\u00bb font_container=\u00bbtag:h2|text_align:center\u00bb use_theme_fonts=\u00bbyes\u00bb css=\u00bb%7B%22default%22%3A%7B%22animation-name%22%3A%22fade%22%2C%22animation-delay%22%3A%220.5s%22%7D%7D\u00bb]<\/div><\/div><\/div><\/div><\/div><\/section><section class=\"l-section wpb_row us_custom_5fb9c346 height_medium width_custom\" style=\"--site-content-width:1200px;\"><div class=\"l-section-h i-cf\"><div class=\"g-cols vc_row via_flex valign_top type_default stacking_default\"><div class=\"vc_col-sm-12 wpb_column vc_column_container\"><div class=\"vc_column-inner\"><div class=\"wpb_wrapper\"><div class=\"g-cols wpb_row us_custom_70facfb4 via_flex valign_top type_default stacking_default\"><div class=\"vc_col-sm-5 wpb_column vc_column_container\"><div class=\"vc_column-inner\"><div class=\"wpb_wrapper\">[vc_custom_heading text=\u00bbUn nuevo concepto de eventos\u00bb font_container=\u00bbtag:p|text_align:left\u00bb use_theme_fonts=\u00bbyes\u00bb css=\u00bb%7B%22default%22%3A%7B%22font-size%22%3A%222.2rem%22%2C%22line-height%22%3A%221.2%22%2C%22text-transform%22%3A%22uppercase%22%2C%22animation-name%22%3A%22fade%22%2C%22animation-delay%22%3A%220.5s%22%7D%2C%22laptops%22%3A%7B%22font-size%22%3A%222.2rem%22%2C%22line-height%22%3A%221.2%22%2C%22text-transform%22%3A%22uppercase%22%7D%2C%22tablets%22%3A%7B%22font-size%22%3A%222.2rem%22%2C%22line-height%22%3A%221.2%22%2C%22text-transform%22%3A%22uppercase%22%7D%2C%22mobiles%22%3A%7B%22font-size%22%3A%221.8rem%22%2C%22line-height%22%3A%221.2%22%2C%22text-transform%22%3A%22uppercase%22%7D%7D\u00bb]<\/div><\/div><\/div><div class=\"vc_col-sm-7 wpb_column vc_column_container\"><div class=\"vc_column-inner\"><div class=\"wpb_wrapper\"><div class=\"wpb_text_column us_custom_4f24afa8\"><div class=\"wpb_wrapper\"><p>La iniciativa Positive Impact Events de La Zambra analiza el efecto de toda la cadena de valor y transforman cada paso de la misma en acciones centradas en la regeneraci\u00f3n del destino.<\/p>\n<p>Es una oportunidad para transformar un evento en un impacto positivo para el mundo, donde cada acci\u00f3n cuenta.<\/p>\n<\/div><\/div><\/div><\/div><\/div><\/div><div class=\"g-cols wpb_row us_custom_70facfb4 via_flex valign_middle type_default stacking_default\"><div class=\"vc_col-sm-4 wpb_column vc_column_container\"><div class=\"vc_column-inner\"><div class=\"wpb_wrapper\"><div class=\"w-image align_none\"><div class=\"w-image-h\"><img decoding=\"async\" width=\"200\" height=\"300\" src=\"https:\/\/lazambrahotel.com\/wp-content\/uploads\/2025\/10\/image00060-200x300-1.jpg\" class=\"attachment-full size-full\" alt=\"A STEP FURTHER\" loading=\"lazy\" \/><\/div><\/div><\/div><\/div><\/div><div class=\"vc_col-sm-8 wpb_column vc_column_container\"><div class=\"vc_column-inner\"><div class=\"wpb_wrapper\">[vc_custom_heading text=\u00bbUn paso m\u00e1s all\u00e1\u00bb font_container=\u00bbtag:p|text_align:left\u00bb use_theme_fonts=\u00bbyes\u00bb css=\u00bb%7B%22default%22%3A%7B%22font-size%22%3A%222.2rem%22%2C%22line-height%22%3A%221.2%22%2C%22text-transform%22%3A%22uppercase%22%2C%22animation-name%22%3A%22fade%22%2C%22animation-delay%22%3A%220.5s%22%7D%2C%22laptops%22%3A%7B%22font-size%22%3A%222.2rem%22%2C%22line-height%22%3A%221.2%22%2C%22text-transform%22%3A%22uppercase%22%7D%2C%22tablets%22%3A%7B%22font-size%22%3A%222.2rem%22%2C%22line-height%22%3A%221.2%22%2C%22text-transform%22%3A%22uppercase%22%7D%2C%22mobiles%22%3A%7B%22font-size%22%3A%221.8rem%22%2C%22line-height%22%3A%221.2%22%2C%22text-transform%22%3A%22uppercase%22%7D%7D\u00bb]<div class=\"wpb_text_column us_custom_4f24afa8\"><div class=\"wpb_wrapper\"><p>Convertimos cada encuentro en una oportunidad para regenerar tanto los ecosistemas ambientales como sociales, en l\u00ednea con los est\u00e1ndares GSTC y los ODS.<\/p>\n<p>Compartimos estos informes con usted en un formato accesible y f\u00e1cil de entender.<\/p>\n<\/div><\/div><\/div><\/div><\/div><\/div><div class=\"w-image align_center\"><a ref=\"magnificPopup\" href=\"https:\/\/lazambrahotel.com\/wp-content\/uploads\/2025\/10\/Rueda-Sostenibilidad-EN-1-e1741270314913.png\" aria-label=\"Rueda-Sostenibilidad-EN-1-e1741270314913\" class=\"w-image-h\"><img decoding=\"async\" width=\"1890\" height=\"1277\" src=\"https:\/\/lazambrahotel.com\/wp-content\/uploads\/2025\/10\/Rueda-Sostenibilidad-EN-1-e1741270314913.png\" class=\"attachment-full size-full\" alt=\"How we do it\" loading=\"lazy\" srcset=\"https:\/\/lazambrahotel.com\/wp-content\/uploads\/2025\/10\/Rueda-Sostenibilidad-EN-1-e1741270314913.png 1890w, https:\/\/lazambrahotel.com\/wp-content\/uploads\/2025\/10\/Rueda-Sostenibilidad-EN-1-e1741270314913-300x203.png 300w, https:\/\/lazambrahotel.com\/wp-content\/uploads\/2025\/10\/Rueda-Sostenibilidad-EN-1-e1741270314913-1024x692.png 1024w, https:\/\/lazambrahotel.com\/wp-content\/uploads\/2025\/10\/Rueda-Sostenibilidad-EN-1-e1741270314913-600x405.png 600w\" sizes=\"auto, (max-width: 1890px) 100vw, 1890px\" \/><\/a><\/div><div class=\"w-hwrapper valign_middle stack_on_mobiles align_center\"><div class=\"w-btn-wrapper align_none\"><a class=\"w-btn us-btn-style_2 btn-link\" href=\"mailto:events@lazambrahotel.com\"><span class=\"w-btn-label\">Solicitar presupuesto<\/span><\/a><\/div><div class=\"w-btn-wrapper align_none\"><a class=\"w-btn us-btn-style_2 btn-link\" href=\"https:\/\/lazambrahotel.com\/es\/reuniones-bodas\/reuniones-eventos\/\"><span class=\"w-btn-label\">Descubra nuestros espacios<\/span><\/a><\/div><\/div><\/div><\/div><\/div><\/div><\/div><\/section><section class=\"l-section wpb_row height_medium width_custom color_primary\" style=\"--site-content-width:1200px;\"><div class=\"l-section-h i-cf\"><div class=\"g-cols vc_row via_flex valign_top type_default reversed stacking_default\"><div class=\"vc_col-sm-4 wpb_column vc_column_container\"><div class=\"vc_column-inner\"><div class=\"wpb_wrapper\"><div class=\"w-image align_none\"><div class=\"w-image-h\"><img decoding=\"async\" width=\"300\" height=\"492\" src=\"https:\/\/lazambrahotel.com\/wp-content\/uploads\/2025\/10\/Pinsapo.png\" class=\"attachment-full size-full\" alt=\"pinsapo\" loading=\"lazy\" srcset=\"https:\/\/lazambrahotel.com\/wp-content\/uploads\/2025\/10\/Pinsapo.png 300w, https:\/\/lazambrahotel.com\/wp-content\/uploads\/2025\/10\/Pinsapo-183x300.png 183w\" sizes=\"auto, (max-width: 300px) 100vw, 300px\" \/><\/div><\/div><\/div><\/div><\/div><div class=\"vc_col-sm-8 wpb_column vc_column_container\"><div class=\"vc_column-inner\"><div class=\"wpb_wrapper\">[vc_custom_heading text=\u00bbDecisiones que <i>dejan huella<\/i>\u00bb font_container=\u00bbtag:p|text_align:left\u00bb use_theme_fonts=\u00bbyes\u00bb css=\u00bb%7B%22default%22%3A%7B%22font-size%22%3A%222.2rem%22%2C%22line-height%22%3A%221.2%22%2C%22text-transform%22%3A%22uppercase%22%2C%22animation-name%22%3A%22fade%22%2C%22animation-delay%22%3A%220.5s%22%7D%2C%22laptops%22%3A%7B%22font-size%22%3A%222.2rem%22%2C%22line-height%22%3A%221.2%22%2C%22text-transform%22%3A%22uppercase%22%7D%2C%22tablets%22%3A%7B%22font-size%22%3A%222.2rem%22%2C%22line-height%22%3A%221.2%22%2C%22text-transform%22%3A%22uppercase%22%7D%2C%22mobiles%22%3A%7B%22font-size%22%3A%221.8rem%22%2C%22line-height%22%3A%221.2%22%2C%22text-transform%22%3A%22uppercase%22%7D%7D\u00bb]<div class=\"wpb_text_column\"><div class=\"wpb_wrapper\"><p>Gracias a su iniciativa al organizar un evento natural y de Impacto Positivo, compensamos las emisiones que no pudimos reducir.<\/p>\n<p>Tras medir la huella de carbono, implementamos programas de compensaci\u00f3n en colaboraci\u00f3n con entidades locales en M\u00e1laga.<\/p>\n<\/div><\/div><div class=\"w-btn-wrapper align_none\"><a class=\"w-btn us-btn-style_2 btn-link\" target=\"_blank\" rel=\"nofollow\" href=\"\/wp-content\/uploads\/2025\/10\/Dossier-Positive-Impact-Events-ES-La-Zambra.pdf\"><span class=\"w-btn-label\">Ver dossier<\/span><\/a><\/div><\/div><\/div><\/div><\/div><\/div><\/section><section class=\"l-section wpb_row height_medium width_custom\" style=\"--site-content-width:1200px;\"><div class=\"l-section-h i-cf\"><div class=\"g-cols vc_row via_flex valign_top type_default stacking_default\"><div class=\"vc_col-sm-8 wpb_column vc_column_container\"><div class=\"vc_column-inner\"><div class=\"wpb_wrapper\">[vc_custom_heading text=\u00bbM\u00e1s acciones de sostenibilidad\u00bb font_container=\u00bbtag:p|text_align:left\u00bb use_theme_fonts=\u00bbyes\u00bb css=\u00bb%7B%22default%22%3A%7B%22font-size%22%3A%222.2rem%22%2C%22line-height%22%3A%221.2%22%2C%22text-transform%22%3A%22uppercase%22%2C%22animation-name%22%3A%22fade%22%2C%22animation-delay%22%3A%220.5s%22%7D%2C%22laptops%22%3A%7B%22font-size%22%3A%222.2rem%22%2C%22line-height%22%3A%221.2%22%2C%22text-transform%22%3A%22uppercase%22%7D%2C%22tablets%22%3A%7B%22font-size%22%3A%222.2rem%22%2C%22line-height%22%3A%221.2%22%2C%22text-transform%22%3A%22uppercase%22%7D%2C%22mobiles%22%3A%7B%22font-size%22%3A%221.8rem%22%2C%22line-height%22%3A%221.2%22%2C%22text-transform%22%3A%22uppercase%22%7D%7D\u00bb]<div class=\"wpb_text_column\"><div class=\"wpb_wrapper\"><p>Descubra las iniciativas sostenibles que implementamos en La Zambra Resort, donde estamos comprometidos con la reducci\u00f3n de nuestro impacto ambiental.<\/p>\n<p>A trav\u00e9s de pr\u00e1cticas ecol\u00f3gicas, colaboraciones locales y la conservaci\u00f3n de recursos, nos esforzamos por crear una experiencia hotelera m\u00e1s sostenible y consciente.<\/p>\n<\/div><\/div><div class=\"w-btn-wrapper align_none\"><a class=\"w-btn us-btn-style_2 btn-link\" href=\"https:\/\/lazambrahotel.com\/es\/sostenibilidad\/\"><span class=\"w-btn-label\">Saber m\u00e1s<\/span><\/a><\/div><\/div><\/div><\/div><div class=\"vc_col-sm-4 wpb_column vc_column_container\"><div class=\"vc_column-inner\"><div class=\"wpb_wrapper\"><div class=\"w-image align_right\"><div class=\"w-image-h\"><img decoding=\"async\" width=\"300\" height=\"450\" src=\"https:\/\/lazambrahotel.com\/wp-content\/uploads\/2025\/10\/image00018-300x450-1.jpg\" class=\"attachment-full size-full\" alt=\"Sustainability\" loading=\"lazy\" srcset=\"https:\/\/lazambrahotel.com\/wp-content\/uploads\/2025\/10\/image00018-300x450-1.jpg 300w, https:\/\/lazambrahotel.com\/wp-content\/uploads\/2025\/10\/image00018-300x450-1-200x300.jpg 200w\" sizes=\"auto, (max-width: 300px) 100vw, 300px\" \/><\/div><\/div><\/div><\/div><\/div><\/div><\/div><\/section>\n","protected":false},"excerpt":{"rendered":"[vc_custom_heading text=\"Eventos sostenibles\" font_container=\"tag:h1|text_align:center\" use_theme_fonts=\"yes\" css=\"%7B%22default%22%3A%7B%22font-size%22%3A%221rem%22%2C%22font-family%22%3A%22BasisGrotesque%22%2C%22animation-name%22%3A%22fade%22%2C%22animation-delay%22%3A%220.5s%22%7D%7D\"][vc_custom_heading text=\"Positive Impact Events\" font_container=\"tag:h2|text_align:center\" use_theme_fonts=\"yes\" css=\"%7B%22default%22%3A%7B%22animation-name%22%3A%22fade%22%2C%22animation-delay%22%3A%220.5s%22%7D%7D\"][vc_custom_heading text=\"Un nuevo concepto de eventos\" font_container=\"tag:p|text_align:left\" use_theme_fonts=\"yes\" css=\"%7B%22default%22%3A%7B%22font-size%22%3A%222.2rem%22%2C%22line-height%22%3A%221.2%22%2C%22text-transform%22%3A%22uppercase%22%2C%22animation-name%22%3A%22fade%22%2C%22animation-delay%22%3A%220.5s%22%7D%2C%22laptops%22%3A%7B%22font-size%22%3A%222.2rem%22%2C%22line-height%22%3A%221.2%22%2C%22text-transform%22%3A%22uppercase%22%7D%2C%22tablets%22%3A%7B%22font-size%22%3A%222.2rem%22%2C%22line-height%22%3A%221.2%22%2C%22text-transform%22%3A%22uppercase%22%7D%2C%22mobiles%22%3A%7B%22font-size%22%3A%221.8rem%22%2C%22line-height%22%3A%221.2%22%2C%22text-transform%22%3A%22uppercase%22%7D%7D\"]La iniciativa Positive Impact Events de La Zambra analiza el efecto de toda la cadena de valor y transforman cada paso de la misma en acciones centradas en la regeneraci\u00f3n del destino. Es una oportunidad para...","protected":false},"author":1,"featured_media":0,"parent":0,"menu_order":0,"comment_status":"closed","ping_status":"closed","template":"","meta":{"footnotes":""},"class_list":["post-2439","page","type-page","status-publish","hentry"],"yoast_head":"<!-- This site is optimized with the Yoast SEO plugin v27.4 - https:\/\/yoast.com\/product\/yoast-seo-wordpress\/ -->\n<title>Positive Impact Events<\/title>\n<meta name=\"description\" content=\"At La Zambra Resort we are committed to sustainability in all of our events in M\u00e1laga, Spain. Learn about our initiatives.\" \/>\n<meta name=\"robots\" content=\"index, follow, max-snippet:-1, max-image-preview:large, max-video-preview:-1\" \/>\n<link rel=\"canonical\" href=\"https:\/\/lazambrahotel.com\/es\/positive-impact-events\/\" \/>\n<meta property=\"og:locale\" content=\"es_ES\" \/>\n<meta property=\"og:type\" content=\"article\" \/>\n<meta property=\"og:title\" content=\"Positive Impact Events\" \/>\n<meta property=\"og:description\" content=\"At La Zambra Resort we are committed to sustainability in all of our events in M\u00e1laga, Spain. Learn about our initiatives.\" \/>\n<meta property=\"og:url\" content=\"https:\/\/lazambrahotel.com\/es\/positive-impact-events\/\" \/>\n<meta property=\"og:site_name\" content=\"La Zambra\" \/>\n<meta property=\"article:publisher\" content=\"https:\/\/www.facebook.com\/La.Zambra.Mijas\/\" \/>\n<meta property=\"article:modified_time\" content=\"2025-10-20T14:57:25+00:00\" \/>\n<meta name=\"twitter:card\" content=\"summary_large_image\" \/>\n<meta name=\"twitter:label1\" content=\"Tiempo de lectura\" \/>\n\t<meta name=\"twitter:data1\" content=\"2 minutos\" \/>\n<script type=\"application\/ld+json\" class=\"yoast-schema-graph\">{\"@context\":\"https:\\\/\\\/schema.org\",\"@graph\":[{\"@type\":\"WebPage\",\"@id\":\"https:\\\/\\\/lazambrahotel.com\\\/es\\\/positive-impact-events\\\/\",\"url\":\"https:\\\/\\\/lazambrahotel.com\\\/es\\\/positive-impact-events\\\/\",\"name\":\"Positive Impact Events\",\"isPartOf\":{\"@id\":\"https:\\\/\\\/lazambrahotel.com\\\/es\\\/#website\"},\"datePublished\":\"2025-10-09T16:37:50+00:00\",\"dateModified\":\"2025-10-20T14:57:25+00:00\",\"description\":\"At La Zambra Resort we are committed to sustainability in all of our events in M\u00e1laga, Spain. Learn about our initiatives.\",\"breadcrumb\":{\"@id\":\"https:\\\/\\\/lazambrahotel.com\\\/es\\\/positive-impact-events\\\/#breadcrumb\"},\"inLanguage\":\"es\",\"potentialAction\":[{\"@type\":\"ReadAction\",\"target\":[\"https:\\\/\\\/lazambrahotel.com\\\/es\\\/positive-impact-events\\\/\"]}]},{\"@type\":\"BreadcrumbList\",\"@id\":\"https:\\\/\\\/lazambrahotel.com\\\/es\\\/positive-impact-events\\\/#breadcrumb\",\"itemListElement\":[{\"@type\":\"ListItem\",\"position\":1,\"name\":\"Portada\",\"item\":\"https:\\\/\\\/lazambrahotel.com\\\/es\\\/\"},{\"@type\":\"ListItem\",\"position\":2,\"name\":\"Positive Impact Events\"}]},{\"@type\":\"WebSite\",\"@id\":\"https:\\\/\\\/lazambrahotel.com\\\/es\\\/#website\",\"url\":\"https:\\\/\\\/lazambrahotel.com\\\/es\\\/\",\"name\":\"La Zambra\",\"description\":\"Hotel\",\"publisher\":{\"@id\":\"https:\\\/\\\/lazambrahotel.com\\\/es\\\/#organization\"},\"potentialAction\":[{\"@type\":\"SearchAction\",\"target\":{\"@type\":\"EntryPoint\",\"urlTemplate\":\"https:\\\/\\\/lazambrahotel.com\\\/es\\\/?s={search_term_string}\"},\"query-input\":{\"@type\":\"PropertyValueSpecification\",\"valueRequired\":true,\"valueName\":\"search_term_string\"}}],\"inLanguage\":\"es\"},{\"@type\":\"Organization\",\"@id\":\"https:\\\/\\\/lazambrahotel.com\\\/es\\\/#organization\",\"name\":\"La Zambra\",\"url\":\"https:\\\/\\\/lazambrahotel.com\\\/es\\\/\",\"logo\":{\"@type\":\"ImageObject\",\"inLanguage\":\"es\",\"@id\":\"https:\\\/\\\/lazambrahotel.com\\\/es\\\/#\\\/schema\\\/logo\\\/image\\\/\",\"url\":\"https:\\\/\\\/lazambrahotel.com\\\/wp-content\\\/uploads\\\/2025\\\/09\\\/logo-la-zambra.svg\",\"contentUrl\":\"https:\\\/\\\/lazambrahotel.com\\\/wp-content\\\/uploads\\\/2025\\\/09\\\/logo-la-zambra.svg\",\"width\":\"1024\",\"height\":\"1024\",\"caption\":\"La Zambra\"},\"image\":{\"@id\":\"https:\\\/\\\/lazambrahotel.com\\\/es\\\/#\\\/schema\\\/logo\\\/image\\\/\"},\"sameAs\":[\"https:\\\/\\\/www.facebook.com\\\/La.Zambra.Mijas\\\/\",\"https:\\\/\\\/www.instagram.com\\\/la.zambra\\\/\"]}]}<\/script>\n<!-- \/ Yoast SEO plugin. -->","yoast_head_json":{"title":"Positive Impact Events","description":"At La Zambra Resort we are committed to sustainability in all of our events in M\u00e1laga, Spain. Learn about our initiatives.","robots":{"index":"index","follow":"follow","max-snippet":"max-snippet:-1","max-image-preview":"max-image-preview:large","max-video-preview":"max-video-preview:-1"},"canonical":"https:\/\/lazambrahotel.com\/es\/positive-impact-events\/","og_locale":"es_ES","og_type":"article","og_title":"Positive Impact Events","og_description":"At La Zambra Resort we are committed to sustainability in all of our events in M\u00e1laga, Spain. Learn about our initiatives.","og_url":"https:\/\/lazambrahotel.com\/es\/positive-impact-events\/","og_site_name":"La Zambra","article_publisher":"https:\/\/www.facebook.com\/La.Zambra.Mijas\/","article_modified_time":"2025-10-20T14:57:25+00:00","twitter_card":"summary_large_image","twitter_misc":{"Tiempo de lectura":"2 minutos"},"schema":{"@context":"https:\/\/schema.org","@graph":[{"@type":"WebPage","@id":"https:\/\/lazambrahotel.com\/es\/positive-impact-events\/","url":"https:\/\/lazambrahotel.com\/es\/positive-impact-events\/","name":"Positive Impact Events","isPartOf":{"@id":"https:\/\/lazambrahotel.com\/es\/#website"},"datePublished":"2025-10-09T16:37:50+00:00","dateModified":"2025-10-20T14:57:25+00:00","description":"At La Zambra Resort we are committed to sustainability in all of our events in M\u00e1laga, Spain. Learn about our initiatives.","breadcrumb":{"@id":"https:\/\/lazambrahotel.com\/es\/positive-impact-events\/#breadcrumb"},"inLanguage":"es","potentialAction":[{"@type":"ReadAction","target":["https:\/\/lazambrahotel.com\/es\/positive-impact-events\/"]}]},{"@type":"BreadcrumbList","@id":"https:\/\/lazambrahotel.com\/es\/positive-impact-events\/#breadcrumb","itemListElement":[{"@type":"ListItem","position":1,"name":"Portada","item":"https:\/\/lazambrahotel.com\/es\/"},{"@type":"ListItem","position":2,"name":"Positive Impact Events"}]},{"@type":"WebSite","@id":"https:\/\/lazambrahotel.com\/es\/#website","url":"https:\/\/lazambrahotel.com\/es\/","name":"La Zambra","description":"Hotel","publisher":{"@id":"https:\/\/lazambrahotel.com\/es\/#organization"},"potentialAction":[{"@type":"SearchAction","target":{"@type":"EntryPoint","urlTemplate":"https:\/\/lazambrahotel.com\/es\/?s={search_term_string}"},"query-input":{"@type":"PropertyValueSpecification","valueRequired":true,"valueName":"search_term_string"}}],"inLanguage":"es"},{"@type":"Organization","@id":"https:\/\/lazambrahotel.com\/es\/#organization","name":"La Zambra","url":"https:\/\/lazambrahotel.com\/es\/","logo":{"@type":"ImageObject","inLanguage":"es","@id":"https:\/\/lazambrahotel.com\/es\/#\/schema\/logo\/image\/","url":"https:\/\/lazambrahotel.com\/wp-content\/uploads\/2025\/09\/logo-la-zambra.svg","contentUrl":"https:\/\/lazambrahotel.com\/wp-content\/uploads\/2025\/09\/logo-la-zambra.svg","width":"1024","height":"1024","caption":"La Zambra"},"image":{"@id":"https:\/\/lazambrahotel.com\/es\/#\/schema\/logo\/image\/"},"sameAs":["https:\/\/www.facebook.com\/La.Zambra.Mijas\/","https:\/\/www.instagram.com\/la.zambra\/"]}]}},"_links":{"self":[{"href":"https:\/\/lazambrahotel.com\/es\/wp-json\/wp\/v2\/pages\/2439","targetHints":{"allow":["GET"]}}],"collection":[{"href":"https:\/\/lazambrahotel.com\/es\/wp-json\/wp\/v2\/pages"}],"about":[{"href":"https:\/\/lazambrahotel.com\/es\/wp-json\/wp\/v2\/types\/page"}],"author":[{"embeddable":true,"href":"https:\/\/lazambrahotel.com\/es\/wp-json\/wp\/v2\/users\/1"}],"replies":[{"embeddable":true,"href":"https:\/\/lazambrahotel.com\/es\/wp-json\/wp\/v2\/comments?post=2439"}],"version-history":[{"count":7,"href":"https:\/\/lazambrahotel.com\/es\/wp-json\/wp\/v2\/pages\/2439\/revisions"}],"predecessor-version":[{"id":2455,"href":"https:\/\/lazambrahotel.com\/es\/wp-json\/wp\/v2\/pages\/2439\/revisions\/2455"}],"wp:attachment":[{"href":"https:\/\/lazambrahotel.com\/es\/wp-json\/wp\/v2\/media?parent=2439"}],"curies":[{"name":"wp","href":"https:\/\/api.w.org\/{rel}","templated":true}]}}