{"id":2362,"date":"2025-10-08T18:19:14","date_gmt":"2025-10-08T16:19:14","guid":{"rendered":"https:\/\/lazambrahotel.com\/eventos-bodas\/"},"modified":"2026-01-13T14:19:14","modified_gmt":"2026-01-13T12:19:14","slug":"reuniones-bodas","status":"publish","type":"page","link":"https:\/\/lazambrahotel.com\/es\/reuniones-bodas\/","title":{"rendered":"Eventos &#038; Bodas"},"content":{"rendered":"<section class=\"l-section wpb_row us_custom_94be0cb5 slider height_auto width_full\"><div class=\"l-section-h i-cf\"><div class=\"g-cols vc_row via_flex valign_top type_default stacking_default\"><div class=\"vc_col-sm-12 wpb_column vc_column_container\"><div class=\"vc_column-inner\"><div class=\"wpb_wrapper\"><div class=\"w-image has_ratio align_center\"><div class=\"w-image-h\"><div style=\"padding-bottom:28.5714%\"><\/div><img decoding=\"async\" width=\"1920\" height=\"1438\" src=\"https:\/\/lazambrahotel.com\/wp-content\/uploads\/2025\/10\/Panoramic-Views-from-the-lateral-side-2048x1534-1-scaled.jpg\" class=\"attachment-full size-full\" alt=\"Meetings &amp; Weddings\" loading=\"lazy\" \/><\/div><\/div><\/div><\/div><\/div><\/div><\/div><\/section><section class=\"l-section wpb_row height_small width_custom\" style=\"--site-content-width:1050px;\"><div class=\"l-section-h i-cf\"><div class=\"g-cols vc_row via_flex valign_top type_default stacking_default\"><div class=\"vc_col-sm-12 wpb_column vc_column_container\"><div class=\"vc_column-inner\"><div class=\"wpb_wrapper\">[vc_custom_heading text=\u00bbLugares Para Celebrar Eventos &amp; Bodas\u00bb font_container=\u00bbtag:h1|text_align:center\u00bb use_theme_fonts=\u00bbyes\u00bb css=\u00bb%7B%22default%22%3A%7B%22font-size%22%3A%221rem%22%2C%22font-family%22%3A%22BasisGrotesque%22%2C%22animation-name%22%3A%22fade%22%2C%22animation-delay%22%3A%220.5s%22%7D%7D\u00bb][vc_custom_heading text=\u00bbDescubra nuestros <i>espacios exclusivos<\/i>\u00bb font_container=\u00bbtag:p|text_align:center\u00bb use_theme_fonts=\u00bbyes\u00bb css=\u00bb%7B%22default%22%3A%7B%22font-size%22%3A%222.2rem%22%2C%22line-height%22%3A%221.2%22%2C%22text-transform%22%3A%22uppercase%22%2C%22animation-name%22%3A%22fade%22%2C%22animation-delay%22%3A%220.5s%22%7D%2C%22laptops%22%3A%7B%22font-size%22%3A%222.2rem%22%2C%22line-height%22%3A%221.2%22%2C%22text-transform%22%3A%22uppercase%22%7D%2C%22tablets%22%3A%7B%22font-size%22%3A%222.2rem%22%2C%22line-height%22%3A%221.2%22%2C%22text-transform%22%3A%22uppercase%22%7D%2C%22mobiles%22%3A%7B%22font-size%22%3A%221.8rem%22%2C%22line-height%22%3A%221.2%22%2C%22text-transform%22%3A%22uppercase%22%7D%7D\u00bb]<div class=\"wpb_text_column\"><div class=\"wpb_wrapper\"><p style=\"text-align: center;\">Disponemos de una amplia gama de espacios tanto interiores como exteriores, dise\u00f1ados para albergar una diversidad de eventos en la prestigiosa ubicaci\u00f3n de la Costa del Sol. Nuestro experimentado equipo, con a\u00f1os de trayectoria en el sector, se compromete a garantizar el \u00e9xito y la excelencia en cada detalle de su evento.<\/p>\n<\/div><\/div><div class=\"w-btn-wrapper align_center\"><a class=\"w-btn us-btn-style_2 btn-link\" href=\"mailto:events@lazambrahotel.com\"><span class=\"w-btn-label\">Solicitar presupuesto<\/span><\/a><\/div><\/div><\/div><\/div><\/div><\/div><\/section><section class=\"l-section wpb_row height_medium\"><div class=\"l-section-h i-cf\"><div class=\"g-cols vc_row via_flex valign_top type_default stacking_default\"><div class=\"vc_col-sm-6 wpb_column vc_column_container\"><div class=\"vc_column-inner\"><div class=\"wpb_wrapper\"><div data-us-scroll=\"{&quot;from_initial_position&quot;:&quot;0&quot;,&quot;start_position&quot;:&quot;30%&quot;,&quot;end_position&quot;:&quot;85%&quot;,&quot;delay&quot;:&quot;0.1s&quot;,&quot;translate_y_direction&quot;:&quot;down&quot;,&quot;translate_y_speed&quot;:&quot;0.1x&quot;}\" class=\"w-vwrapper has_scroll_effects has_translate_y align_none valign_top\" style=\"--vwrapper-gap:1.5rem\"><div class=\"w-image us_custom_70facfb4 has_ratio align_none\"><div class=\"w-image-h\"><div style=\"padding-bottom:56.25%\"><\/div><img decoding=\"async\" width=\"799\" height=\"535\" src=\"https:\/\/lazambrahotel.com\/wp-content\/uploads\/2025\/10\/MICE-details-e1716366438689.jpg\" class=\"attachment-full size-full\" alt=\"Meetings and events\" loading=\"lazy\" \/><\/div><\/div>[vc_custom_heading text=\u00bbReuniones y eventos\u00bb use_theme_fonts=\u00bbyes\u00bb css=\u00bb%7B%22default%22%3A%7B%22text-transform%22%3A%22uppercase%22%7D%7D\u00bb]<div class=\"wpb_text_column\"><div class=\"wpb_wrapper\"><p>Entornos naturales fascinantes y servicio impecable para eventos y celebraciones memorables.<br \/>\nEsc\u00e1pese de la vida cotidiana en La Zambra, donde ofrecemos escenarios cautivadores y experiencias \u00fanicas que inspiran momentos de reconexi\u00f3n con amigos, colegas o profesionales.<\/p>\n<\/div><\/div><div class=\"w-btn-wrapper align_none\"><a class=\"w-btn us-btn-style_2 btn-link\" href=\"https:\/\/lazambrahotel.com\/es\/reuniones-bodas\/reuniones-eventos\/\"><span class=\"w-btn-label\">Descubrir m\u00e1s<\/span><\/a><\/div><\/div><\/div><\/div><\/div><div class=\"vc_col-sm-6 wpb_column vc_column_container\"><div class=\"vc_column-inner\"><div class=\"wpb_wrapper\"><div data-us-scroll=\"{&quot;from_initial_position&quot;:&quot;0&quot;,&quot;start_position&quot;:&quot;30%&quot;,&quot;end_position&quot;:&quot;85%&quot;,&quot;delay&quot;:&quot;0.1s&quot;,&quot;translate_y_direction&quot;:&quot;up&quot;,&quot;translate_y_speed&quot;:&quot;0.1x&quot;}\" class=\"w-vwrapper has_scroll_effects has_translate_y align_none valign_top\" style=\"--vwrapper-gap:1.5rem\"><div class=\"w-image us_custom_70facfb4 has_ratio align_none\"><div class=\"w-image-h\"><div style=\"padding-bottom:56.25%\"><\/div><img decoding=\"async\" width=\"1200\" height=\"801\" src=\"https:\/\/lazambrahotel.com\/wp-content\/uploads\/2025\/10\/Amira-Louis-707.jpg\" class=\"attachment-full size-full\" alt=\"Weddings\" loading=\"lazy\" \/><\/div><\/div>[vc_custom_heading text=\u00bbBodas\u00bb use_theme_fonts=\u00bbyes\u00bb css=\u00bb%7B%22default%22%3A%7B%22text-transform%22%3A%22uppercase%22%7D%7D\u00bb]<div class=\"wpb_text_column\"><div class=\"wpb_wrapper\"><p>Convierta sus deseos en recuerdos inolvidables en un espacio exclusivo y reservado, dedicado solo a usted y a sus seres queridos.<br \/>\nNuestro equipo de profesionales estar\u00e1 presente en cada paso del camino para hacer realidad su d\u00eda so\u00f1ado. Nos aseguraremos de que cada detalle sea exactamente como siempre lo ha imaginado.<\/p>\n<\/div><\/div><div class=\"w-btn-wrapper align_none\"><a class=\"w-btn us-btn-style_2 btn-link\" href=\"https:\/\/lazambrahotel.com\/es\/reuniones-bodas\/bodas\/\"><span class=\"w-btn-label\">Descubrir m\u00e1s<\/span><\/a><\/div><\/div><\/div><\/div><\/div><\/div><\/div><\/section>\n","protected":false},"excerpt":{"rendered":"[vc_custom_heading text=\"Lugares Para Celebrar Eventos &amp; Bodas\" font_container=\"tag:h1|text_align:center\" use_theme_fonts=\"yes\" css=\"%7B%22default%22%3A%7B%22font-size%22%3A%221rem%22%2C%22font-family%22%3A%22BasisGrotesque%22%2C%22animation-name%22%3A%22fade%22%2C%22animation-delay%22%3A%220.5s%22%7D%7D\"][vc_custom_heading text=\"Descubra nuestros espacios exclusivos\" font_container=\"tag:p|text_align:center\" use_theme_fonts=\"yes\" css=\"%7B%22default%22%3A%7B%22font-size%22%3A%222.2rem%22%2C%22line-height%22%3A%221.2%22%2C%22text-transform%22%3A%22uppercase%22%2C%22animation-name%22%3A%22fade%22%2C%22animation-delay%22%3A%220.5s%22%7D%2C%22laptops%22%3A%7B%22font-size%22%3A%222.2rem%22%2C%22line-height%22%3A%221.2%22%2C%22text-transform%22%3A%22uppercase%22%7D%2C%22tablets%22%3A%7B%22font-size%22%3A%222.2rem%22%2C%22line-height%22%3A%221.2%22%2C%22text-transform%22%3A%22uppercase%22%7D%2C%22mobiles%22%3A%7B%22font-size%22%3A%221.8rem%22%2C%22line-height%22%3A%221.2%22%2C%22text-transform%22%3A%22uppercase%22%7D%7D\"]Disponemos de una amplia gama de espacios tanto interiores como exteriores, dise\u00f1ados para albergar una diversidad de eventos en la prestigiosa ubicaci\u00f3n de la Costa del Sol. Nuestro experimentado equipo, con a\u00f1os de trayectoria en el sector, se compromete...","protected":false},"author":1,"featured_media":0,"parent":0,"menu_order":0,"comment_status":"closed","ping_status":"closed","template":"","meta":{"footnotes":""},"class_list":["post-2362","page","type-page","status-publish","hentry"],"yoast_head":"<!-- This site is optimized with the Yoast SEO plugin v27.4 - https:\/\/yoast.com\/product\/yoast-seo-wordpress\/ -->\n<title>Lugar para Celebrar Eventos en Mijas - Marbella - La Zambra<\/title>\n<meta name=\"description\" content=\"En La Zambra contamos con una amplia variedad de instalaciones ideales para la celebraci\u00f3n de eventos en Mijas - Marbella.\" \/>\n<meta name=\"robots\" content=\"index, follow, max-snippet:-1, max-image-preview:large, max-video-preview:-1\" \/>\n<link rel=\"canonical\" href=\"https:\/\/lazambrahotel.com\/es\/reuniones-bodas\/\" \/>\n<meta property=\"og:locale\" content=\"es_ES\" \/>\n<meta property=\"og:type\" content=\"article\" \/>\n<meta property=\"og:title\" content=\"Lugar para Celebrar Eventos en Mijas - Marbella - La Zambra\" \/>\n<meta property=\"og:description\" content=\"En La Zambra contamos con una amplia variedad de instalaciones ideales para la celebraci\u00f3n de eventos en Mijas - Marbella.\" \/>\n<meta property=\"og:url\" content=\"https:\/\/lazambrahotel.com\/es\/reuniones-bodas\/\" \/>\n<meta property=\"og:site_name\" content=\"La Zambra\" \/>\n<meta property=\"article:publisher\" content=\"https:\/\/www.facebook.com\/La.Zambra.Mijas\/\" \/>\n<meta property=\"article:modified_time\" content=\"2026-01-13T12:19:14+00:00\" \/>\n<meta name=\"twitter:card\" content=\"summary_large_image\" \/>\n<meta name=\"twitter:label1\" content=\"Tiempo de lectura\" \/>\n\t<meta name=\"twitter:data1\" content=\"1 minuto\" \/>\n<script type=\"application\/ld+json\" class=\"yoast-schema-graph\">{\"@context\":\"https:\\\/\\\/schema.org\",\"@graph\":[{\"@type\":\"WebPage\",\"@id\":\"https:\\\/\\\/lazambrahotel.com\\\/es\\\/reuniones-bodas\\\/\",\"url\":\"https:\\\/\\\/lazambrahotel.com\\\/es\\\/reuniones-bodas\\\/\",\"name\":\"Lugar para Celebrar Eventos en Mijas - Marbella - La Zambra\",\"isPartOf\":{\"@id\":\"https:\\\/\\\/lazambrahotel.com\\\/es\\\/#website\"},\"datePublished\":\"2025-10-08T16:19:14+00:00\",\"dateModified\":\"2026-01-13T12:19:14+00:00\",\"description\":\"En La Zambra contamos con una amplia variedad de instalaciones ideales para la celebraci\u00f3n de eventos en Mijas - Marbella.\",\"breadcrumb\":{\"@id\":\"https:\\\/\\\/lazambrahotel.com\\\/es\\\/reuniones-bodas\\\/#breadcrumb\"},\"inLanguage\":\"es\",\"potentialAction\":[{\"@type\":\"ReadAction\",\"target\":[\"https:\\\/\\\/lazambrahotel.com\\\/es\\\/reuniones-bodas\\\/\"]}]},{\"@type\":\"BreadcrumbList\",\"@id\":\"https:\\\/\\\/lazambrahotel.com\\\/es\\\/reuniones-bodas\\\/#breadcrumb\",\"itemListElement\":[{\"@type\":\"ListItem\",\"position\":1,\"name\":\"Portada\",\"item\":\"https:\\\/\\\/lazambrahotel.com\\\/es\\\/\"},{\"@type\":\"ListItem\",\"position\":2,\"name\":\"Eventos &#038; Bodas\"}]},{\"@type\":\"WebSite\",\"@id\":\"https:\\\/\\\/lazambrahotel.com\\\/es\\\/#website\",\"url\":\"https:\\\/\\\/lazambrahotel.com\\\/es\\\/\",\"name\":\"La Zambra\",\"description\":\"Hotel\",\"publisher\":{\"@id\":\"https:\\\/\\\/lazambrahotel.com\\\/es\\\/#organization\"},\"potentialAction\":[{\"@type\":\"SearchAction\",\"target\":{\"@type\":\"EntryPoint\",\"urlTemplate\":\"https:\\\/\\\/lazambrahotel.com\\\/es\\\/?s={search_term_string}\"},\"query-input\":{\"@type\":\"PropertyValueSpecification\",\"valueRequired\":true,\"valueName\":\"search_term_string\"}}],\"inLanguage\":\"es\"},{\"@type\":\"Organization\",\"@id\":\"https:\\\/\\\/lazambrahotel.com\\\/es\\\/#organization\",\"name\":\"La Zambra\",\"url\":\"https:\\\/\\\/lazambrahotel.com\\\/es\\\/\",\"logo\":{\"@type\":\"ImageObject\",\"inLanguage\":\"es\",\"@id\":\"https:\\\/\\\/lazambrahotel.com\\\/es\\\/#\\\/schema\\\/logo\\\/image\\\/\",\"url\":\"https:\\\/\\\/lazambrahotel.com\\\/wp-content\\\/uploads\\\/2025\\\/09\\\/logo-la-zambra.svg\",\"contentUrl\":\"https:\\\/\\\/lazambrahotel.com\\\/wp-content\\\/uploads\\\/2025\\\/09\\\/logo-la-zambra.svg\",\"width\":\"1024\",\"height\":\"1024\",\"caption\":\"La Zambra\"},\"image\":{\"@id\":\"https:\\\/\\\/lazambrahotel.com\\\/es\\\/#\\\/schema\\\/logo\\\/image\\\/\"},\"sameAs\":[\"https:\\\/\\\/www.facebook.com\\\/La.Zambra.Mijas\\\/\",\"https:\\\/\\\/www.instagram.com\\\/la.zambra\\\/\"]}]}<\/script>\n<!-- \/ Yoast SEO plugin. -->","yoast_head_json":{"title":"Lugar para Celebrar Eventos en Mijas - Marbella - La Zambra","description":"En La Zambra contamos con una amplia variedad de instalaciones ideales para la celebraci\u00f3n de eventos en Mijas - Marbella.","robots":{"index":"index","follow":"follow","max-snippet":"max-snippet:-1","max-image-preview":"max-image-preview:large","max-video-preview":"max-video-preview:-1"},"canonical":"https:\/\/lazambrahotel.com\/es\/reuniones-bodas\/","og_locale":"es_ES","og_type":"article","og_title":"Lugar para Celebrar Eventos en Mijas - Marbella - La Zambra","og_description":"En La Zambra contamos con una amplia variedad de instalaciones ideales para la celebraci\u00f3n de eventos en Mijas - Marbella.","og_url":"https:\/\/lazambrahotel.com\/es\/reuniones-bodas\/","og_site_name":"La Zambra","article_publisher":"https:\/\/www.facebook.com\/La.Zambra.Mijas\/","article_modified_time":"2026-01-13T12:19:14+00:00","twitter_card":"summary_large_image","twitter_misc":{"Tiempo de lectura":"1 minuto"},"schema":{"@context":"https:\/\/schema.org","@graph":[{"@type":"WebPage","@id":"https:\/\/lazambrahotel.com\/es\/reuniones-bodas\/","url":"https:\/\/lazambrahotel.com\/es\/reuniones-bodas\/","name":"Lugar para Celebrar Eventos en Mijas - Marbella - La Zambra","isPartOf":{"@id":"https:\/\/lazambrahotel.com\/es\/#website"},"datePublished":"2025-10-08T16:19:14+00:00","dateModified":"2026-01-13T12:19:14+00:00","description":"En La Zambra contamos con una amplia variedad de instalaciones ideales para la celebraci\u00f3n de eventos en Mijas - Marbella.","breadcrumb":{"@id":"https:\/\/lazambrahotel.com\/es\/reuniones-bodas\/#breadcrumb"},"inLanguage":"es","potentialAction":[{"@type":"ReadAction","target":["https:\/\/lazambrahotel.com\/es\/reuniones-bodas\/"]}]},{"@type":"BreadcrumbList","@id":"https:\/\/lazambrahotel.com\/es\/reuniones-bodas\/#breadcrumb","itemListElement":[{"@type":"ListItem","position":1,"name":"Portada","item":"https:\/\/lazambrahotel.com\/es\/"},{"@type":"ListItem","position":2,"name":"Eventos &#038; Bodas"}]},{"@type":"WebSite","@id":"https:\/\/lazambrahotel.com\/es\/#website","url":"https:\/\/lazambrahotel.com\/es\/","name":"La Zambra","description":"Hotel","publisher":{"@id":"https:\/\/lazambrahotel.com\/es\/#organization"},"potentialAction":[{"@type":"SearchAction","target":{"@type":"EntryPoint","urlTemplate":"https:\/\/lazambrahotel.com\/es\/?s={search_term_string}"},"query-input":{"@type":"PropertyValueSpecification","valueRequired":true,"valueName":"search_term_string"}}],"inLanguage":"es"},{"@type":"Organization","@id":"https:\/\/lazambrahotel.com\/es\/#organization","name":"La Zambra","url":"https:\/\/lazambrahotel.com\/es\/","logo":{"@type":"ImageObject","inLanguage":"es","@id":"https:\/\/lazambrahotel.com\/es\/#\/schema\/logo\/image\/","url":"https:\/\/lazambrahotel.com\/wp-content\/uploads\/2025\/09\/logo-la-zambra.svg","contentUrl":"https:\/\/lazambrahotel.com\/wp-content\/uploads\/2025\/09\/logo-la-zambra.svg","width":"1024","height":"1024","caption":"La Zambra"},"image":{"@id":"https:\/\/lazambrahotel.com\/es\/#\/schema\/logo\/image\/"},"sameAs":["https:\/\/www.facebook.com\/La.Zambra.Mijas\/","https:\/\/www.instagram.com\/la.zambra\/"]}]}},"_links":{"self":[{"href":"https:\/\/lazambrahotel.com\/es\/wp-json\/wp\/v2\/pages\/2362","targetHints":{"allow":["GET"]}}],"collection":[{"href":"https:\/\/lazambrahotel.com\/es\/wp-json\/wp\/v2\/pages"}],"about":[{"href":"https:\/\/lazambrahotel.com\/es\/wp-json\/wp\/v2\/types\/page"}],"author":[{"embeddable":true,"href":"https:\/\/lazambrahotel.com\/es\/wp-json\/wp\/v2\/users\/1"}],"replies":[{"embeddable":true,"href":"https:\/\/lazambrahotel.com\/es\/wp-json\/wp\/v2\/comments?post=2362"}],"version-history":[{"count":5,"href":"https:\/\/lazambrahotel.com\/es\/wp-json\/wp\/v2\/pages\/2362\/revisions"}],"predecessor-version":[{"id":6129,"href":"https:\/\/lazambrahotel.com\/es\/wp-json\/wp\/v2\/pages\/2362\/revisions\/6129"}],"wp:attachment":[{"href":"https:\/\/lazambrahotel.com\/es\/wp-json\/wp\/v2\/media?parent=2362"}],"curies":[{"name":"wp","href":"https:\/\/api.w.org\/{rel}","templated":true}]}}