{"id":2334,"date":"2025-10-08T16:20:03","date_gmt":"2025-10-08T14:20:03","guid":{"rendered":"https:\/\/lazambrahotel.com\/actividades\/kids-club\/"},"modified":"2026-04-06T11:19:55","modified_gmt":"2026-04-06T09:19:55","slug":"kids-club","status":"publish","type":"page","link":"https:\/\/lazambrahotel.com\/es\/actividades\/kids-club\/","title":{"rendered":"Kids Club"},"content":{"rendered":"<section class=\"l-section wpb_row us_custom_94be0cb5 slider height_auto width_full\"><div class=\"l-section-h i-cf\"><div class=\"g-cols vc_row via_flex valign_top type_default stacking_default\"><div class=\"vc_col-sm-12 wpb_column vc_column_container\"><div class=\"vc_column-inner\"><div class=\"wpb_wrapper\"><div class=\"w-image has_ratio align_center\"><div class=\"w-image-h\"><div style=\"padding-bottom:28.5714%\"><\/div><img decoding=\"async\" width=\"1488\" height=\"770\" src=\"https:\/\/lazambrahotel.com\/wp-content\/uploads\/2025\/10\/la-zambra_activities_kid_club_hero-1-e1759933600670.jpg\" class=\"attachment-full size-full\" alt=\"Kids Club\" loading=\"lazy\" \/><\/div><\/div><\/div><\/div><\/div><\/div><\/div><\/section><section class=\"l-section wpb_row height_small width_custom\" style=\"--site-content-width:1050px;\"><div class=\"l-section-h i-cf\"><div class=\"g-cols vc_row via_flex valign_top type_default stacking_default\"><div class=\"vc_col-sm-12 wpb_column vc_column_container\"><div class=\"vc_column-inner\"><div class=\"wpb_wrapper\">[vc_custom_heading text=\u00bbKids Club en Marbella &#8211; Mijas\u00bb font_container=\u00bbtag:h1|text_align:center\u00bb use_theme_fonts=\u00bbyes\u00bb css=\u00bb%7B%22default%22%3A%7B%22font-size%22%3A%221rem%22%2C%22animation-name%22%3A%22fade%22%2C%22animation-delay%22%3A%220.5s%22%7D%7D\u00bb][vc_custom_heading text=\u00bbBaby y Kids Club\u00bb font_container=\u00bbtag:h2|text_align:center\u00bb use_theme_fonts=\u00bbyes\u00bb css=\u00bb%7B%22default%22%3A%7B%22animation-name%22%3A%22fade%22%2C%22animation-delay%22%3A%220.5s%22%7D%7D\u00bb]<div class=\"wpb_text_column\"><div class=\"wpb_wrapper\"><p style=\"text-align: center;\">Lugares inspiradores y especiales para que los m\u00e1s peque\u00f1os disfruten plenamente de sus vacaciones en un hotel de lujo para familias en Mijas. Con un programa atractivo y din\u00e1mico, los ni\u00f1os estar\u00e1n totalmente entretenidos para que pueda experimentar la tranquilidad de dedicarse un d\u00eda a s\u00ed mismo.<\/p>\n<\/div><\/div><div class=\"w-btn-wrapper align_center\"><a class=\"w-btn us-btn-style_2 btn-link\" target=\"_blank\" rel=\"nofollow\" href=\"https:\/\/lazambrahotel.com\/wp-content\/uploads\/2026\/03\/Welcome_Dipt-Ole-Kids-Club.pdf\"><span class=\"w-btn-label\">Descargar Dossier<\/span><\/a><\/div><\/div><\/div><\/div><\/div><\/div><\/section><section class=\"l-section wpb_row us_custom_2ccd07b1 height_medium\"><div class=\"l-section-h i-cf\"><div class=\"g-cols vc_row via_flex valign_top type_default stacking_default\"><div class=\"vc_col-sm-6 wpb_column vc_column_container\"><div class=\"vc_column-inner\"><div class=\"wpb_wrapper\">[vc_custom_heading text=\u00bbEs el momento de jugar\u00bb use_theme_fonts=\u00bbyes\u00bb css=\u00bb%7B%22default%22%3A%7B%22font-size%22%3A%222.2rem%22%2C%22line-height%22%3A%221.2%22%2C%22text-transform%22%3A%22uppercase%22%2C%22animation-name%22%3A%22fade%22%2C%22animation-delay%22%3A%220.5s%22%7D%2C%22laptops%22%3A%7B%22font-size%22%3A%222.2rem%22%2C%22line-height%22%3A%221.2%22%2C%22text-transform%22%3A%22uppercase%22%7D%2C%22tablets%22%3A%7B%22font-size%22%3A%222.2rem%22%2C%22line-height%22%3A%221.2%22%2C%22text-transform%22%3A%22uppercase%22%7D%2C%22mobiles%22%3A%7B%22font-size%22%3A%221.8rem%22%2C%22line-height%22%3A%221.2%22%2C%22text-transform%22%3A%22uppercase%22%7D%7D\u00bb]<\/div><\/div><\/div><div class=\"vc_col-sm-6 wpb_column vc_column_container\"><div class=\"vc_column-inner\"><div class=\"wpb_wrapper\"><div class=\"wpb_text_column\"><div class=\"wpb_wrapper\"><p>Pensando siempre en las familias, en nuestro hotel hemos dise\u00f1ado \u00e1reas seguras y exclusivas contemplando las necesidades de cada etapa, para poder asegurar una enriquecedora experiencia para ni\u00f1os y padres.<\/p>\n<\/div><\/div><\/div><\/div><\/div><\/div><\/div><\/section><section class=\"l-section wpb_row us_custom_2ccd07b1 height_medium\"><div class=\"l-section-h i-cf\"><div class=\"g-cols vc_row via_flex valign_top type_default stacking_default\"><div class=\"vc_col-sm-12 wpb_column vc_column_container\"><div class=\"vc_column-inner\"><div class=\"wpb_wrapper\"><div class=\"w-image us_custom_8cd5236e align_center\"><div class=\"w-image-h\"><img decoding=\"async\" width=\"1800\" height=\"637\" src=\"https:\/\/lazambrahotel.com\/wp-content\/uploads\/2025\/10\/Ole-Kids-Club-Time-Table.jpg\" class=\"attachment-full size-full\" alt=\"Kids Club\" loading=\"lazy\" srcset=\"https:\/\/lazambrahotel.com\/wp-content\/uploads\/2025\/10\/Ole-Kids-Club-Time-Table.jpg 1800w, https:\/\/lazambrahotel.com\/wp-content\/uploads\/2025\/10\/Ole-Kids-Club-Time-Table-300x106.jpg 300w, https:\/\/lazambrahotel.com\/wp-content\/uploads\/2025\/10\/Ole-Kids-Club-Time-Table-1024x362.jpg 1024w, https:\/\/lazambrahotel.com\/wp-content\/uploads\/2025\/10\/Ole-Kids-Club-Time-Table-600x212.jpg 600w\" sizes=\"auto, (max-width: 1800px) 100vw, 1800px\" \/><\/div><\/div><\/div><\/div><\/div><\/div><\/div><\/section><section class=\"l-section wpb_row us_custom_f576f2af height_medium width_custom\" style=\"--site-content-width:1000px;\"><div class=\"l-section-h i-cf\"><div class=\"g-cols vc_row via_flex valign_middle type_default reversed stacking_default\"><div class=\"vc_col-sm-12 wpb_column vc_column_container\"><div class=\"vc_column-inner\"><div class=\"wpb_wrapper\"><div class=\"wpb_text_column\"><div class=\"wpb_wrapper\"><p style=\"text-align: center;\"><em>Horario<\/em><br \/>\n10:00 h. \u2013 18:00 h.<\/p>\n<p style=\"text-align: center;\">Medio d\u00eda: 30\u20ac | D\u00eda completo: 50\u20ac<br \/>\n<em>*El precio no incluye servicio de comida.<\/em><\/p>\n<p style=\"text-align: center;\">Para realizar su reserva, puede contactar directamente con nuestro equipo de conserjer\u00eda en: <a href=\"mailto:concierge@lazambrahotel.com\">concierge@lazambrahotel.com<\/a>.<\/p>\n<\/div><\/div><\/div><\/div><\/div><\/div><\/div><\/section><section class=\"l-section wpb_row us_custom_1f5f827b height_medium\"><div class=\"l-section-h i-cf\"><div class=\"g-cols vc_row via_flex valign_middle type_default reversed stacking_default\"><div class=\"vc_col-sm-6 wpb_column vc_column_container\"><div class=\"vc_column-inner\"><div class=\"wpb_wrapper\"><div class=\"w-image align_center\"><div class=\"w-image-h\"><img decoding=\"async\" width=\"623\" height=\"674\" src=\"https:\/\/lazambrahotel.com\/wp-content\/uploads\/2025\/10\/Munecos-Kids-Club-3.png\" class=\"attachment-full size-full\" alt=\"Kids Club\" loading=\"lazy\" srcset=\"https:\/\/lazambrahotel.com\/wp-content\/uploads\/2025\/10\/Munecos-Kids-Club-3.png 623w, https:\/\/lazambrahotel.com\/wp-content\/uploads\/2025\/10\/Munecos-Kids-Club-3-277x300.png 277w, https:\/\/lazambrahotel.com\/wp-content\/uploads\/2025\/10\/Munecos-Kids-Club-3-600x649.png 600w\" sizes=\"auto, (max-width: 623px) 100vw, 623px\" \/><\/div><\/div><\/div><\/div><\/div><div class=\"vc_col-sm-6 wpb_column vc_column_container\"><div class=\"vc_column-inner\"><div class=\"wpb_wrapper\"><div class=\"wpb_text_column us_custom_b7186428 has_text_color\"><div class=\"wpb_wrapper\"><p>Los peque\u00f1os de entre 6 meses y 3 a\u00f1os podr\u00e1n disfrutar del baby club dirigido por puericultoras y personal especialmente capacitado. Incluir\u00e1 juegos ergon\u00f3micos, \u00e1reas blandas y actividades para fomentar las habilidades psicomotrices.<br \/>\nNi\u00f1os entre 4 y 10 a\u00f1os tendr\u00e1s a su disposici\u00f3n un sofisticado parque infantil con zonas interiores y exteriores, incluyendo un huerto y con acceso controlado.<br \/>\nConectar con la naturaleza es un valor fundamental para nosotros y queremos transmitirles lo importante que es respetar y cuidar el medio ambiente a trav\u00e9s de divertidas y estimulantes actividades como la jardiner\u00eda, artesan\u00eda con materiales reciclados y emocionantes gymkhanas ecol\u00f3gicas.<\/p>\n<\/div><\/div><\/div><\/div><\/div><\/div><\/div><\/section><section class=\"l-section wpb_row us_custom_315b8835 height_medium\"><div class=\"l-section-h i-cf\"><div class=\"g-cols vc_row via_flex valign_middle type_default reversed stacking_default\"><div class=\"vc_col-sm-6 wpb_column vc_column_container\"><div class=\"vc_column-inner\"><div class=\"wpb_wrapper\">[vc_custom_heading text=\u00bbCampamento de Golf Junior\u00bb use_theme_fonts=\u00bbyes\u00bb css=\u00bb%7B%22default%22%3A%7B%22font-size%22%3A%222.2rem%22%2C%22line-height%22%3A%221.2%22%2C%22text-transform%22%3A%22uppercase%22%2C%22animation-name%22%3A%22fade%22%2C%22animation-delay%22%3A%220.5s%22%7D%2C%22laptops%22%3A%7B%22font-size%22%3A%222.2rem%22%2C%22line-height%22%3A%221.2%22%2C%22text-transform%22%3A%22uppercase%22%7D%2C%22tablets%22%3A%7B%22font-size%22%3A%222.2rem%22%2C%22line-height%22%3A%221.2%22%2C%22text-transform%22%3A%22uppercase%22%7D%2C%22mobiles%22%3A%7B%22font-size%22%3A%221.8rem%22%2C%22line-height%22%3A%221.2%22%2C%22text-transform%22%3A%22uppercase%22%7D%7D\u00bb]<div class=\"wpb_text_column\"><div class=\"wpb_wrapper\"><p>Dise\u00f1ado para j\u00f3venes apasionados del golf, la PG Golf &amp; Sports Academy ofrece campamentos y clases para ni\u00f1os y adolescentes. Una oportunidad perfecta para mejorar sus habilidades mientras se divierten en un entorno din\u00e1mico y envolvente.<\/p>\n<\/div><\/div><div class=\"w-btn-wrapper align_none\"><a class=\"w-btn us-btn-style_2 btn-link\" href=\"mailto:concierge@lazambrahotel.com\"><span class=\"w-btn-label\">Cont\u00e1ctenos<\/span><\/a><\/div><\/div><\/div><\/div><div class=\"vc_col-sm-6 wpb_column vc_column_container\"><div class=\"vc_column-inner\"><div class=\"wpb_wrapper\"><div class=\"w-image has_ratio align_none\"><div class=\"w-image-h\"><div style=\"padding-bottom:75%\"><\/div><img decoding=\"async\" width=\"858\" height=\"572\" src=\"https:\/\/lazambrahotel.com\/wp-content\/uploads\/2025\/10\/Captura-de-pantalla-2025-03-21-125536.png\" class=\"attachment-large size-large\" alt=\"Golf\" loading=\"lazy\" \/><\/div><\/div><\/div><\/div><\/div><\/div><\/div><\/section><section class=\"l-section wpb_row us_custom_c70c97eb height_medium width_custom\" style=\"--site-content-width:1000px;\"><div class=\"l-section-h i-cf\"><div class=\"g-cols vc_row via_flex valign_top type_default stacking_default\"><div class=\"vc_col-sm-12 wpb_column vc_column_container\"><div class=\"vc_column-inner\"><div class=\"wpb_wrapper\">[vc_custom_heading text=\u00bbEl esp\u00edritu flamenco forma parte de nuestra identidad,\u00bb font_container=\u00bbtag:p|text_align:center\u00bb use_theme_fonts=\u00bbyes\u00bb css=\u00bb%7B%22default%22%3A%7B%22font-size%22%3A%222.2rem%22%2C%22line-height%22%3A%221.2%22%2C%22text-transform%22%3A%22uppercase%22%2C%22animation-name%22%3A%22fade%22%2C%22animation-delay%22%3A%220.5s%22%7D%2C%22laptops%22%3A%7B%22font-size%22%3A%222.2rem%22%2C%22line-height%22%3A%221.2%22%2C%22text-transform%22%3A%22uppercase%22%7D%2C%22tablets%22%3A%7B%22font-size%22%3A%222.2rem%22%2C%22line-height%22%3A%221.2%22%2C%22text-transform%22%3A%22uppercase%22%7D%2C%22mobiles%22%3A%7B%22font-size%22%3A%221.8rem%22%2C%22line-height%22%3A%221.2%22%2C%22text-transform%22%3A%22uppercase%22%7D%7D\u00bb]<div class=\"wpb_text_column\"><div class=\"wpb_wrapper\"><p style=\"text-align: center;\">Y el programa de actividades no iba a ser la excepci\u00f3n. En nuestro hotel 5 estrellas para familias, los ni\u00f1os podr\u00e1n experimentar desde sesiones de palmas a clases para aprender a realizar un gazpacho.<\/p>\n<\/div><\/div><div class=\"w-btn-wrapper align_center\"><a class=\"w-btn us-btn-style_2 btn-link\" href=\"mailto:concierge@lazambrahotel.com\"><span class=\"w-btn-label\">M\u00e1s informaci\u00f3n<\/span><\/a><\/div><\/div><\/div><\/div><\/div><\/div><\/section>\n","protected":false},"excerpt":{"rendered":"[vc_custom_heading text=\"Kids Club en Marbella - Mijas\" font_container=\"tag:h1|text_align:center\" use_theme_fonts=\"yes\" css=\"%7B%22default%22%3A%7B%22font-size%22%3A%221rem%22%2C%22animation-name%22%3A%22fade%22%2C%22animation-delay%22%3A%220.5s%22%7D%7D\"][vc_custom_heading text=\"Baby y Kids Club\" font_container=\"tag:h2|text_align:center\" use_theme_fonts=\"yes\" css=\"%7B%22default%22%3A%7B%22animation-name%22%3A%22fade%22%2C%22animation-delay%22%3A%220.5s%22%7D%7D\"]Lugares inspiradores y especiales para que los m\u00e1s peque\u00f1os disfruten plenamente de sus vacaciones en un hotel de lujo para familias en Mijas. Con un programa atractivo y din\u00e1mico, los ni\u00f1os estar\u00e1n totalmente entretenidos para que pueda experimentar la...","protected":false},"author":1,"featured_media":8057,"parent":2304,"menu_order":0,"comment_status":"closed","ping_status":"closed","template":"","meta":{"footnotes":""},"class_list":["post-2334","page","type-page","status-publish","has-post-thumbnail","hentry"],"yoast_head":"<!-- This site is optimized with the Yoast SEO plugin v27.5 - https:\/\/yoast.com\/product\/yoast-seo-wordpress\/ -->\n<title>Hotel con Baby Kids Club en Mijas - Marbella | La Zambra<\/title>\n<meta name=\"description\" content=\"El Kids Club de La Zambra ofrece actividades para ni\u00f1os en Marbella- Mijas, permitiendo que toda la familia disfrute de una estancia inolvidable.\" \/>\n<meta name=\"robots\" content=\"index, follow, max-snippet:-1, max-image-preview:large, max-video-preview:-1\" \/>\n<link rel=\"canonical\" href=\"https:\/\/lazambrahotel.com\/es\/actividades\/kids-club\/\" \/>\n<meta property=\"og:locale\" content=\"es_ES\" \/>\n<meta property=\"og:type\" content=\"article\" \/>\n<meta property=\"og:title\" content=\"Hotel con Baby Kids Club en Mijas - Marbella | La Zambra\" \/>\n<meta property=\"og:description\" content=\"El Kids Club de La Zambra ofrece actividades para ni\u00f1os en Marbella- Mijas, permitiendo que toda la familia disfrute de una estancia inolvidable.\" \/>\n<meta property=\"og:url\" content=\"https:\/\/lazambrahotel.com\/es\/actividades\/kids-club\/\" \/>\n<meta property=\"og:site_name\" content=\"La Zambra\" \/>\n<meta property=\"article:publisher\" content=\"https:\/\/www.facebook.com\/La.Zambra.Mijas\/\" \/>\n<meta property=\"article:modified_time\" content=\"2026-04-06T09:19:55+00:00\" \/>\n<meta name=\"twitter:card\" content=\"summary_large_image\" \/>\n<meta name=\"twitter:label1\" content=\"Tiempo de lectura\" \/>\n\t<meta name=\"twitter:data1\" content=\"2 minutos\" \/>\n<script type=\"application\/ld+json\" class=\"yoast-schema-graph\">{\"@context\":\"https:\\\/\\\/schema.org\",\"@graph\":[{\"@type\":\"WebPage\",\"@id\":\"https:\\\/\\\/lazambrahotel.com\\\/es\\\/actividades\\\/kids-club\\\/\",\"url\":\"https:\\\/\\\/lazambrahotel.com\\\/es\\\/actividades\\\/kids-club\\\/\",\"name\":\"Hotel con Baby Kids Club en Mijas - Marbella | La Zambra\",\"isPartOf\":{\"@id\":\"https:\\\/\\\/lazambrahotel.com\\\/es\\\/#website\"},\"primaryImageOfPage\":{\"@id\":\"https:\\\/\\\/lazambrahotel.com\\\/es\\\/actividades\\\/kids-club\\\/#primaryimage\"},\"image\":{\"@id\":\"https:\\\/\\\/lazambrahotel.com\\\/es\\\/actividades\\\/kids-club\\\/#primaryimage\"},\"thumbnailUrl\":\"https:\\\/\\\/lazambrahotel.com\\\/wp-content\\\/uploads\\\/2026\\\/04\\\/family-hotel-marbella-e1776849355844.jpg\",\"datePublished\":\"2025-10-08T14:20:03+00:00\",\"dateModified\":\"2026-04-06T09:19:55+00:00\",\"description\":\"El Kids Club de La Zambra ofrece actividades para ni\u00f1os en Marbella- Mijas, permitiendo que toda la familia disfrute de una estancia inolvidable.\",\"breadcrumb\":{\"@id\":\"https:\\\/\\\/lazambrahotel.com\\\/es\\\/actividades\\\/kids-club\\\/#breadcrumb\"},\"inLanguage\":\"es\",\"potentialAction\":[{\"@type\":\"ReadAction\",\"target\":[\"https:\\\/\\\/lazambrahotel.com\\\/es\\\/actividades\\\/kids-club\\\/\"]}]},{\"@type\":\"ImageObject\",\"inLanguage\":\"es\",\"@id\":\"https:\\\/\\\/lazambrahotel.com\\\/es\\\/actividades\\\/kids-club\\\/#primaryimage\",\"url\":\"https:\\\/\\\/lazambrahotel.com\\\/wp-content\\\/uploads\\\/2026\\\/04\\\/family-hotel-marbella-e1776849355844.jpg\",\"contentUrl\":\"https:\\\/\\\/lazambrahotel.com\\\/wp-content\\\/uploads\\\/2026\\\/04\\\/family-hotel-marbella-e1776849355844.jpg\",\"width\":970,\"height\":630,\"caption\":\"family hotel Marbella\"},{\"@type\":\"BreadcrumbList\",\"@id\":\"https:\\\/\\\/lazambrahotel.com\\\/es\\\/actividades\\\/kids-club\\\/#breadcrumb\",\"itemListElement\":[{\"@type\":\"ListItem\",\"position\":1,\"name\":\"Portada\",\"item\":\"https:\\\/\\\/lazambrahotel.com\\\/es\\\/\"},{\"@type\":\"ListItem\",\"position\":2,\"name\":\"Actividades\",\"item\":\"https:\\\/\\\/lazambrahotel.com\\\/es\\\/actividades\\\/\"},{\"@type\":\"ListItem\",\"position\":3,\"name\":\"Kids Club\"}]},{\"@type\":\"WebSite\",\"@id\":\"https:\\\/\\\/lazambrahotel.com\\\/es\\\/#website\",\"url\":\"https:\\\/\\\/lazambrahotel.com\\\/es\\\/\",\"name\":\"La Zambra\",\"description\":\"Hotel\",\"publisher\":{\"@id\":\"https:\\\/\\\/lazambrahotel.com\\\/es\\\/#organization\"},\"potentialAction\":[{\"@type\":\"SearchAction\",\"target\":{\"@type\":\"EntryPoint\",\"urlTemplate\":\"https:\\\/\\\/lazambrahotel.com\\\/es\\\/?s={search_term_string}\"},\"query-input\":{\"@type\":\"PropertyValueSpecification\",\"valueRequired\":true,\"valueName\":\"search_term_string\"}}],\"inLanguage\":\"es\"},{\"@type\":\"Organization\",\"@id\":\"https:\\\/\\\/lazambrahotel.com\\\/es\\\/#organization\",\"name\":\"La Zambra\",\"url\":\"https:\\\/\\\/lazambrahotel.com\\\/es\\\/\",\"logo\":{\"@type\":\"ImageObject\",\"inLanguage\":\"es\",\"@id\":\"https:\\\/\\\/lazambrahotel.com\\\/es\\\/#\\\/schema\\\/logo\\\/image\\\/\",\"url\":\"https:\\\/\\\/lazambrahotel.com\\\/wp-content\\\/uploads\\\/2025\\\/09\\\/logo-la-zambra.svg\",\"contentUrl\":\"https:\\\/\\\/lazambrahotel.com\\\/wp-content\\\/uploads\\\/2025\\\/09\\\/logo-la-zambra.svg\",\"width\":\"1024\",\"height\":\"1024\",\"caption\":\"La Zambra\"},\"image\":{\"@id\":\"https:\\\/\\\/lazambrahotel.com\\\/es\\\/#\\\/schema\\\/logo\\\/image\\\/\"},\"sameAs\":[\"https:\\\/\\\/www.facebook.com\\\/La.Zambra.Mijas\\\/\",\"https:\\\/\\\/www.instagram.com\\\/la.zambra\\\/\"]}]}<\/script>\n<!-- \/ Yoast SEO plugin. -->","yoast_head_json":{"title":"Hotel con Baby Kids Club en Mijas - Marbella | La Zambra","description":"El Kids Club de La Zambra ofrece actividades para ni\u00f1os en Marbella- Mijas, permitiendo que toda la familia disfrute de una estancia inolvidable.","robots":{"index":"index","follow":"follow","max-snippet":"max-snippet:-1","max-image-preview":"max-image-preview:large","max-video-preview":"max-video-preview:-1"},"canonical":"https:\/\/lazambrahotel.com\/es\/actividades\/kids-club\/","og_locale":"es_ES","og_type":"article","og_title":"Hotel con Baby Kids Club en Mijas - Marbella | La Zambra","og_description":"El Kids Club de La Zambra ofrece actividades para ni\u00f1os en Marbella- Mijas, permitiendo que toda la familia disfrute de una estancia inolvidable.","og_url":"https:\/\/lazambrahotel.com\/es\/actividades\/kids-club\/","og_site_name":"La Zambra","article_publisher":"https:\/\/www.facebook.com\/La.Zambra.Mijas\/","article_modified_time":"2026-04-06T09:19:55+00:00","twitter_card":"summary_large_image","twitter_misc":{"Tiempo de lectura":"2 minutos"},"schema":{"@context":"https:\/\/schema.org","@graph":[{"@type":"WebPage","@id":"https:\/\/lazambrahotel.com\/es\/actividades\/kids-club\/","url":"https:\/\/lazambrahotel.com\/es\/actividades\/kids-club\/","name":"Hotel con Baby Kids Club en Mijas - Marbella | La Zambra","isPartOf":{"@id":"https:\/\/lazambrahotel.com\/es\/#website"},"primaryImageOfPage":{"@id":"https:\/\/lazambrahotel.com\/es\/actividades\/kids-club\/#primaryimage"},"image":{"@id":"https:\/\/lazambrahotel.com\/es\/actividades\/kids-club\/#primaryimage"},"thumbnailUrl":"https:\/\/lazambrahotel.com\/wp-content\/uploads\/2026\/04\/family-hotel-marbella-e1776849355844.jpg","datePublished":"2025-10-08T14:20:03+00:00","dateModified":"2026-04-06T09:19:55+00:00","description":"El Kids Club de La Zambra ofrece actividades para ni\u00f1os en Marbella- Mijas, permitiendo que toda la familia disfrute de una estancia inolvidable.","breadcrumb":{"@id":"https:\/\/lazambrahotel.com\/es\/actividades\/kids-club\/#breadcrumb"},"inLanguage":"es","potentialAction":[{"@type":"ReadAction","target":["https:\/\/lazambrahotel.com\/es\/actividades\/kids-club\/"]}]},{"@type":"ImageObject","inLanguage":"es","@id":"https:\/\/lazambrahotel.com\/es\/actividades\/kids-club\/#primaryimage","url":"https:\/\/lazambrahotel.com\/wp-content\/uploads\/2026\/04\/family-hotel-marbella-e1776849355844.jpg","contentUrl":"https:\/\/lazambrahotel.com\/wp-content\/uploads\/2026\/04\/family-hotel-marbella-e1776849355844.jpg","width":970,"height":630,"caption":"family hotel Marbella"},{"@type":"BreadcrumbList","@id":"https:\/\/lazambrahotel.com\/es\/actividades\/kids-club\/#breadcrumb","itemListElement":[{"@type":"ListItem","position":1,"name":"Portada","item":"https:\/\/lazambrahotel.com\/es\/"},{"@type":"ListItem","position":2,"name":"Actividades","item":"https:\/\/lazambrahotel.com\/es\/actividades\/"},{"@type":"ListItem","position":3,"name":"Kids Club"}]},{"@type":"WebSite","@id":"https:\/\/lazambrahotel.com\/es\/#website","url":"https:\/\/lazambrahotel.com\/es\/","name":"La Zambra","description":"Hotel","publisher":{"@id":"https:\/\/lazambrahotel.com\/es\/#organization"},"potentialAction":[{"@type":"SearchAction","target":{"@type":"EntryPoint","urlTemplate":"https:\/\/lazambrahotel.com\/es\/?s={search_term_string}"},"query-input":{"@type":"PropertyValueSpecification","valueRequired":true,"valueName":"search_term_string"}}],"inLanguage":"es"},{"@type":"Organization","@id":"https:\/\/lazambrahotel.com\/es\/#organization","name":"La Zambra","url":"https:\/\/lazambrahotel.com\/es\/","logo":{"@type":"ImageObject","inLanguage":"es","@id":"https:\/\/lazambrahotel.com\/es\/#\/schema\/logo\/image\/","url":"https:\/\/lazambrahotel.com\/wp-content\/uploads\/2025\/09\/logo-la-zambra.svg","contentUrl":"https:\/\/lazambrahotel.com\/wp-content\/uploads\/2025\/09\/logo-la-zambra.svg","width":"1024","height":"1024","caption":"La Zambra"},"image":{"@id":"https:\/\/lazambrahotel.com\/es\/#\/schema\/logo\/image\/"},"sameAs":["https:\/\/www.facebook.com\/La.Zambra.Mijas\/","https:\/\/www.instagram.com\/la.zambra\/"]}]}},"_links":{"self":[{"href":"https:\/\/lazambrahotel.com\/es\/wp-json\/wp\/v2\/pages\/2334","targetHints":{"allow":["GET"]}}],"collection":[{"href":"https:\/\/lazambrahotel.com\/es\/wp-json\/wp\/v2\/pages"}],"about":[{"href":"https:\/\/lazambrahotel.com\/es\/wp-json\/wp\/v2\/types\/page"}],"author":[{"embeddable":true,"href":"https:\/\/lazambrahotel.com\/es\/wp-json\/wp\/v2\/users\/1"}],"replies":[{"embeddable":true,"href":"https:\/\/lazambrahotel.com\/es\/wp-json\/wp\/v2\/comments?post=2334"}],"version-history":[{"count":26,"href":"https:\/\/lazambrahotel.com\/es\/wp-json\/wp\/v2\/pages\/2334\/revisions"}],"predecessor-version":[{"id":7906,"href":"https:\/\/lazambrahotel.com\/es\/wp-json\/wp\/v2\/pages\/2334\/revisions\/7906"}],"up":[{"embeddable":true,"href":"https:\/\/lazambrahotel.com\/es\/wp-json\/wp\/v2\/pages\/2304"}],"wp:featuredmedia":[{"embeddable":true,"href":"https:\/\/lazambrahotel.com\/es\/wp-json\/wp\/v2\/media\/8057"}],"wp:attachment":[{"href":"https:\/\/lazambrahotel.com\/es\/wp-json\/wp\/v2\/media?parent=2334"}],"curies":[{"name":"wp","href":"https:\/\/api.w.org\/{rel}","templated":true}]}}