{"id":2314,"date":"2025-10-08T15:55:09","date_gmt":"2025-10-08T13:55:09","guid":{"rendered":"https:\/\/lazambrahotel.com\/actividades\/tenis-y-padel\/"},"modified":"2026-04-08T14:55:03","modified_gmt":"2026-04-08T12:55:03","slug":"tenis-padel","status":"publish","type":"page","link":"https:\/\/lazambrahotel.com\/es\/actividades\/tenis-padel\/","title":{"rendered":"Tenis y P\u00e1del"},"content":{"rendered":"<section class=\"l-section wpb_row us_custom_94be0cb5 slider height_auto width_full\"><div class=\"l-section-h i-cf\"><div class=\"g-cols vc_row via_flex valign_top type_default stacking_default\"><div class=\"vc_col-sm-12 wpb_column vc_column_container\"><div class=\"vc_column-inner\"><div class=\"wpb_wrapper\"><div class=\"w-image has_ratio align_center\"><div class=\"w-image-h\"><div style=\"padding-bottom:28.5714%\"><\/div><img decoding=\"async\" width=\"1488\" height=\"675\" src=\"https:\/\/lazambrahotel.com\/wp-content\/uploads\/2025\/10\/la-zambra_activities_tennis_hero-e1759932136187.jpg\" class=\"attachment-full size-full\" alt=\"Tennis &amp; Padel\" loading=\"lazy\" \/><\/div><\/div><\/div><\/div><\/div><\/div><\/div><\/section><section class=\"l-section wpb_row height_small width_custom\" style=\"--site-content-width:1050px;\"><div class=\"l-section-h i-cf\"><div class=\"g-cols vc_row via_flex valign_top type_default stacking_default\"><div class=\"vc_col-sm-12 wpb_column vc_column_container\"><div class=\"vc_column-inner\"><div class=\"wpb_wrapper\">[vc_custom_heading text=\u00bbHotel con pista de p\u00e1del y tenis\u00bb font_container=\u00bbtag:h1|text_align:center\u00bb use_theme_fonts=\u00bbyes\u00bb css=\u00bb%7B%22default%22%3A%7B%22font-size%22%3A%221rem%22%2C%22font-family%22%3A%22BasisGrotesque%22%2C%22animation-name%22%3A%22fade%22%2C%22animation-delay%22%3A%220.5s%22%7D%7D\u00bb][vc_custom_heading text=\u00bbTenis y P\u00e1del\u00bb font_container=\u00bbtag:h2|text_align:center\u00bb use_theme_fonts=\u00bbyes\u00bb css=\u00bb%7B%22default%22%3A%7B%22animation-name%22%3A%22fade%22%2C%22animation-delay%22%3A%220.5s%22%7D%7D\u00bb]<div class=\"wpb_text_column\"><div class=\"wpb_wrapper\"><p style=\"text-align: center;\">Tome su raqueta y lleve su juego al pr\u00f3ximo nivel en nuestras pistas de tenis y p\u00e1del rodeadas de un entorno inspirador de Mijas.<\/p>\n<\/div><\/div><\/div><\/div><\/div><\/div><\/div><\/section><section class=\"l-section wpb_row us_custom_2ccd07b1 height_medium\"><div class=\"l-section-h i-cf\"><div class=\"g-cols vc_row via_flex valign_top type_default stacking_default\"><div class=\"vc_col-sm-6 wpb_column vc_column_container\"><div class=\"vc_column-inner\"><div class=\"wpb_wrapper\">[vc_custom_heading text=\u00bbNuestra pista de p\u00e1del en Mijas le espera\u00bb use_theme_fonts=\u00bbyes\u00bb css=\u00bb%7B%22default%22%3A%7B%22font-size%22%3A%222.2rem%22%2C%22line-height%22%3A%221.2%22%2C%22text-transform%22%3A%22uppercase%22%2C%22animation-name%22%3A%22fade%22%2C%22animation-delay%22%3A%220.5s%22%7D%2C%22laptops%22%3A%7B%22font-size%22%3A%222.2rem%22%2C%22line-height%22%3A%221.2%22%2C%22text-transform%22%3A%22uppercase%22%7D%2C%22tablets%22%3A%7B%22font-size%22%3A%222.2rem%22%2C%22line-height%22%3A%221.2%22%2C%22text-transform%22%3A%22uppercase%22%7D%2C%22mobiles%22%3A%7B%22font-size%22%3A%221.8rem%22%2C%22line-height%22%3A%221.2%22%2C%22text-transform%22%3A%22uppercase%22%7D%7D\u00bb]<\/div><\/div><\/div><div class=\"vc_col-sm-6 wpb_column vc_column_container\"><div class=\"vc_column-inner\"><div class=\"wpb_wrapper\"><div class=\"wpb_text_column\"><div class=\"wpb_wrapper\"><p>Mejore su t\u00e9cnica o domine su juego con lecciones personalizadas con entrenadores profesionales o simplemente disfrute de un relajante juego con su pareja en las pistas de tenis y p\u00e1del de La Zambra.<\/p>\n<\/div><\/div><div class=\"w-btn-wrapper align_none\"><a class=\"w-btn us-btn-style_2 btn-link\" target=\"_blank\" rel=\"nofollow\" href=\"https:\/\/truetour.app\/properties\/1353\/experiences\/47588?shareId=199980\"><span class=\"w-btn-label\">Tour Virtual<\/span><\/a><\/div><\/div><\/div><\/div><\/div><\/div><\/section><section class=\"l-section wpb_row us_custom_2ccd07b1 height_medium\"><div class=\"l-section-h i-cf\"><div class=\"g-cols vc_row via_flex valign_top type_default stacking_default\"><div class=\"vc_col-sm-8 wpb_column vc_column_container\"><div class=\"vc_column-inner\"><div class=\"wpb_wrapper\"><div class=\"w-image us_custom_6e55b57c has_height align_center\"><div class=\"w-image-h\"><img decoding=\"async\" width=\"1488\" height=\"976\" src=\"https:\/\/lazambrahotel.com\/wp-content\/uploads\/2025\/10\/la-zambra_activities_tennis_paddel_hero.jpg\" class=\"attachment-full size-full\" alt=\"P\u00e1del Mijas\" loading=\"lazy\" srcset=\"https:\/\/lazambrahotel.com\/wp-content\/uploads\/2025\/10\/la-zambra_activities_tennis_paddel_hero.jpg 1488w, https:\/\/lazambrahotel.com\/wp-content\/uploads\/2025\/10\/la-zambra_activities_tennis_paddel_hero-300x197.jpg 300w, https:\/\/lazambrahotel.com\/wp-content\/uploads\/2025\/10\/la-zambra_activities_tennis_paddel_hero-1024x672.jpg 1024w, https:\/\/lazambrahotel.com\/wp-content\/uploads\/2025\/10\/la-zambra_activities_tennis_paddel_hero-600x394.jpg 600w\" sizes=\"auto, (max-width: 1488px) 100vw, 1488px\" \/><\/div><\/div><\/div><\/div><\/div><div class=\"vc_col-sm-4 wpb_column vc_column_container\"><div class=\"vc_column-inner\"><div class=\"wpb_wrapper\"><div class=\"w-image us_custom_6e55b57c has_height align_center\"><div class=\"w-image-h\"><img decoding=\"async\" width=\"1264\" height=\"1664\" src=\"https:\/\/lazambrahotel.com\/wp-content\/uploads\/2025\/10\/la-zambra_activities_tennis_paddel_sport.jpg\" class=\"attachment-full size-full\" alt=\"Tennis &amp; Padel\" loading=\"lazy\" srcset=\"https:\/\/lazambrahotel.com\/wp-content\/uploads\/2025\/10\/la-zambra_activities_tennis_paddel_sport.jpg 1264w, https:\/\/lazambrahotel.com\/wp-content\/uploads\/2025\/10\/la-zambra_activities_tennis_paddel_sport-228x300.jpg 228w, https:\/\/lazambrahotel.com\/wp-content\/uploads\/2025\/10\/la-zambra_activities_tennis_paddel_sport-778x1024.jpg 778w, https:\/\/lazambrahotel.com\/wp-content\/uploads\/2025\/10\/la-zambra_activities_tennis_paddel_sport-600x790.jpg 600w\" sizes=\"auto, (max-width: 1264px) 100vw, 1264px\" \/><\/div><\/div><\/div><\/div><\/div><\/div><\/div><\/section><section class=\"l-section wpb_row us_custom_c70c97eb height_medium width_custom\" style=\"--site-content-width:1000px;\"><div class=\"l-section-h i-cf\"><div class=\"g-cols vc_row via_flex valign_middle type_default reversed stacking_default\"><div class=\"vc_col-sm-12 wpb_column vc_column_container\"><div class=\"vc_column-inner\"><div class=\"wpb_wrapper\"><div class=\"wpb_text_column\"><div class=\"wpb_wrapper\"><p style=\"text-align: center;\"><em>Horario<\/em><br \/>\n9:00 h. \u2013 21:00 h.<\/p>\n<p style=\"text-align: center;\">Para m\u00e1s informaci\u00f3n y reservas, contacte a nuestro equipo de conserjer\u00eda: <a href=\"mailto:concierge@lazambrahotel.com\">concierge@lazambrahotel.com<\/a>.<\/p>\n<p style=\"text-align: center;\"><em>*Disponible bajo petici\u00f3n. Sujeto a coste adicional.*<\/em><\/p>\n<\/div><\/div><\/div><\/div><\/div><\/div><\/div><\/section>\n","protected":false},"excerpt":{"rendered":"[vc_custom_heading text=\"Hotel con pista de p\u00e1del y tenis\" font_container=\"tag:h1|text_align:center\" use_theme_fonts=\"yes\" css=\"%7B%22default%22%3A%7B%22font-size%22%3A%221rem%22%2C%22font-family%22%3A%22BasisGrotesque%22%2C%22animation-name%22%3A%22fade%22%2C%22animation-delay%22%3A%220.5s%22%7D%7D\"][vc_custom_heading text=\"Tenis y P\u00e1del\" font_container=\"tag:h2|text_align:center\" use_theme_fonts=\"yes\" css=\"%7B%22default%22%3A%7B%22animation-name%22%3A%22fade%22%2C%22animation-delay%22%3A%220.5s%22%7D%7D\"]Tome su raqueta y lleve su juego al pr\u00f3ximo nivel en nuestras pistas de tenis y p\u00e1del rodeadas de un entorno inspirador de Mijas. [vc_custom_heading text=\"Nuestra pista de p\u00e1del en Mijas le espera\" use_theme_fonts=\"yes\" css=\"%7B%22default%22%3A%7B%22font-size%22%3A%222.2rem%22%2C%22line-height%22%3A%221.2%22%2C%22text-transform%22%3A%22uppercase%22%2C%22animation-name%22%3A%22fade%22%2C%22animation-delay%22%3A%220.5s%22%7D%2C%22laptops%22%3A%7B%22font-size%22%3A%222.2rem%22%2C%22line-height%22%3A%221.2%22%2C%22text-transform%22%3A%22uppercase%22%7D%2C%22tablets%22%3A%7B%22font-size%22%3A%222.2rem%22%2C%22line-height%22%3A%221.2%22%2C%22text-transform%22%3A%22uppercase%22%7D%2C%22mobiles%22%3A%7B%22font-size%22%3A%221.8rem%22%2C%22line-height%22%3A%221.2%22%2C%22text-transform%22%3A%22uppercase%22%7D%7D\"]Mejore su t\u00e9cnica o domine...","protected":false},"author":1,"featured_media":2315,"parent":2304,"menu_order":0,"comment_status":"closed","ping_status":"closed","template":"","meta":{"footnotes":""},"class_list":["post-2314","page","type-page","status-publish","has-post-thumbnail","hentry"],"yoast_head":"<!-- This site is optimized with the Yoast SEO plugin v27.4 - https:\/\/yoast.com\/product\/yoast-seo-wordpress\/ -->\n<title>Hotel con pista de p\u00e1del y tenis en Mijas- Marbella | La Zambra<\/title>\n<meta name=\"description\" content=\"Disfrute de las instalaciones deportivas de La Zambra, un hotel en Mijas-Marbella que cuenta con pistas de p\u00e1del y tenis.\" \/>\n<meta name=\"robots\" content=\"index, follow, max-snippet:-1, max-image-preview:large, max-video-preview:-1\" \/>\n<link rel=\"canonical\" href=\"https:\/\/lazambrahotel.com\/es\/actividades\/tenis-padel\/\" \/>\n<meta property=\"og:locale\" content=\"es_ES\" \/>\n<meta property=\"og:type\" content=\"article\" \/>\n<meta property=\"og:title\" content=\"Hotel con pista de p\u00e1del y tenis en Mijas- Marbella | La Zambra\" \/>\n<meta property=\"og:description\" content=\"Disfrute de las instalaciones deportivas de La Zambra, un hotel en Mijas-Marbella que cuenta con pistas de p\u00e1del y tenis.\" \/>\n<meta property=\"og:url\" content=\"https:\/\/lazambrahotel.com\/es\/actividades\/tenis-padel\/\" \/>\n<meta property=\"og:site_name\" content=\"La Zambra\" \/>\n<meta property=\"article:publisher\" content=\"https:\/\/www.facebook.com\/La.Zambra.Mijas\/\" \/>\n<meta property=\"article:modified_time\" content=\"2026-04-08T12:55:03+00:00\" \/>\n<meta property=\"og:image\" content=\"https:\/\/lazambrahotel.com\/wp-content\/uploads\/2025\/10\/la-zambra_activities_tennis_paddel_hero.jpg\" \/>\n\t<meta property=\"og:image:width\" content=\"1488\" \/>\n\t<meta property=\"og:image:height\" content=\"976\" \/>\n\t<meta property=\"og:image:type\" content=\"image\/jpeg\" \/>\n<meta name=\"twitter:card\" content=\"summary_large_image\" \/>\n<meta name=\"twitter:label1\" content=\"Tiempo de lectura\" \/>\n\t<meta name=\"twitter:data1\" content=\"1 minuto\" \/>\n<script type=\"application\/ld+json\" class=\"yoast-schema-graph\">{\"@context\":\"https:\\\/\\\/schema.org\",\"@graph\":[{\"@type\":\"WebPage\",\"@id\":\"https:\\\/\\\/lazambrahotel.com\\\/es\\\/actividades\\\/tenis-padel\\\/\",\"url\":\"https:\\\/\\\/lazambrahotel.com\\\/es\\\/actividades\\\/tenis-padel\\\/\",\"name\":\"Hotel con pista de p\u00e1del y tenis en Mijas- Marbella | La Zambra\",\"isPartOf\":{\"@id\":\"https:\\\/\\\/lazambrahotel.com\\\/es\\\/#website\"},\"primaryImageOfPage\":{\"@id\":\"https:\\\/\\\/lazambrahotel.com\\\/es\\\/actividades\\\/tenis-padel\\\/#primaryimage\"},\"image\":{\"@id\":\"https:\\\/\\\/lazambrahotel.com\\\/es\\\/actividades\\\/tenis-padel\\\/#primaryimage\"},\"thumbnailUrl\":\"https:\\\/\\\/lazambrahotel.com\\\/wp-content\\\/uploads\\\/2025\\\/10\\\/la-zambra_activities_tennis_paddel_hero.jpg\",\"datePublished\":\"2025-10-08T13:55:09+00:00\",\"dateModified\":\"2026-04-08T12:55:03+00:00\",\"description\":\"Disfrute de las instalaciones deportivas de La Zambra, un hotel en Mijas-Marbella que cuenta con pistas de p\u00e1del y tenis.\",\"breadcrumb\":{\"@id\":\"https:\\\/\\\/lazambrahotel.com\\\/es\\\/actividades\\\/tenis-padel\\\/#breadcrumb\"},\"inLanguage\":\"es\",\"potentialAction\":[{\"@type\":\"ReadAction\",\"target\":[\"https:\\\/\\\/lazambrahotel.com\\\/es\\\/actividades\\\/tenis-padel\\\/\"]}]},{\"@type\":\"ImageObject\",\"inLanguage\":\"es\",\"@id\":\"https:\\\/\\\/lazambrahotel.com\\\/es\\\/actividades\\\/tenis-padel\\\/#primaryimage\",\"url\":\"https:\\\/\\\/lazambrahotel.com\\\/wp-content\\\/uploads\\\/2025\\\/10\\\/la-zambra_activities_tennis_paddel_hero.jpg\",\"contentUrl\":\"https:\\\/\\\/lazambrahotel.com\\\/wp-content\\\/uploads\\\/2025\\\/10\\\/la-zambra_activities_tennis_paddel_hero.jpg\",\"width\":1488,\"height\":976,\"caption\":\"P\u00e1del Mijas\"},{\"@type\":\"BreadcrumbList\",\"@id\":\"https:\\\/\\\/lazambrahotel.com\\\/es\\\/actividades\\\/tenis-padel\\\/#breadcrumb\",\"itemListElement\":[{\"@type\":\"ListItem\",\"position\":1,\"name\":\"Portada\",\"item\":\"https:\\\/\\\/lazambrahotel.com\\\/es\\\/\"},{\"@type\":\"ListItem\",\"position\":2,\"name\":\"Actividades\",\"item\":\"https:\\\/\\\/lazambrahotel.com\\\/es\\\/actividades\\\/\"},{\"@type\":\"ListItem\",\"position\":3,\"name\":\"Tenis y P\u00e1del\"}]},{\"@type\":\"WebSite\",\"@id\":\"https:\\\/\\\/lazambrahotel.com\\\/es\\\/#website\",\"url\":\"https:\\\/\\\/lazambrahotel.com\\\/es\\\/\",\"name\":\"La Zambra\",\"description\":\"Hotel\",\"publisher\":{\"@id\":\"https:\\\/\\\/lazambrahotel.com\\\/es\\\/#organization\"},\"potentialAction\":[{\"@type\":\"SearchAction\",\"target\":{\"@type\":\"EntryPoint\",\"urlTemplate\":\"https:\\\/\\\/lazambrahotel.com\\\/es\\\/?s={search_term_string}\"},\"query-input\":{\"@type\":\"PropertyValueSpecification\",\"valueRequired\":true,\"valueName\":\"search_term_string\"}}],\"inLanguage\":\"es\"},{\"@type\":\"Organization\",\"@id\":\"https:\\\/\\\/lazambrahotel.com\\\/es\\\/#organization\",\"name\":\"La Zambra\",\"url\":\"https:\\\/\\\/lazambrahotel.com\\\/es\\\/\",\"logo\":{\"@type\":\"ImageObject\",\"inLanguage\":\"es\",\"@id\":\"https:\\\/\\\/lazambrahotel.com\\\/es\\\/#\\\/schema\\\/logo\\\/image\\\/\",\"url\":\"https:\\\/\\\/lazambrahotel.com\\\/wp-content\\\/uploads\\\/2025\\\/09\\\/logo-la-zambra.svg\",\"contentUrl\":\"https:\\\/\\\/lazambrahotel.com\\\/wp-content\\\/uploads\\\/2025\\\/09\\\/logo-la-zambra.svg\",\"width\":\"1024\",\"height\":\"1024\",\"caption\":\"La Zambra\"},\"image\":{\"@id\":\"https:\\\/\\\/lazambrahotel.com\\\/es\\\/#\\\/schema\\\/logo\\\/image\\\/\"},\"sameAs\":[\"https:\\\/\\\/www.facebook.com\\\/La.Zambra.Mijas\\\/\",\"https:\\\/\\\/www.instagram.com\\\/la.zambra\\\/\"]}]}<\/script>\n<!-- \/ Yoast SEO plugin. -->","yoast_head_json":{"title":"Hotel con pista de p\u00e1del y tenis en Mijas- Marbella | La Zambra","description":"Disfrute de las instalaciones deportivas de La Zambra, un hotel en Mijas-Marbella que cuenta con pistas de p\u00e1del y tenis.","robots":{"index":"index","follow":"follow","max-snippet":"max-snippet:-1","max-image-preview":"max-image-preview:large","max-video-preview":"max-video-preview:-1"},"canonical":"https:\/\/lazambrahotel.com\/es\/actividades\/tenis-padel\/","og_locale":"es_ES","og_type":"article","og_title":"Hotel con pista de p\u00e1del y tenis en Mijas- Marbella | La Zambra","og_description":"Disfrute de las instalaciones deportivas de La Zambra, un hotel en Mijas-Marbella que cuenta con pistas de p\u00e1del y tenis.","og_url":"https:\/\/lazambrahotel.com\/es\/actividades\/tenis-padel\/","og_site_name":"La Zambra","article_publisher":"https:\/\/www.facebook.com\/La.Zambra.Mijas\/","article_modified_time":"2026-04-08T12:55:03+00:00","og_image":[{"width":1488,"height":976,"url":"https:\/\/lazambrahotel.com\/wp-content\/uploads\/2025\/10\/la-zambra_activities_tennis_paddel_hero.jpg","type":"image\/jpeg"}],"twitter_card":"summary_large_image","twitter_misc":{"Tiempo de lectura":"1 minuto"},"schema":{"@context":"https:\/\/schema.org","@graph":[{"@type":"WebPage","@id":"https:\/\/lazambrahotel.com\/es\/actividades\/tenis-padel\/","url":"https:\/\/lazambrahotel.com\/es\/actividades\/tenis-padel\/","name":"Hotel con pista de p\u00e1del y tenis en Mijas- Marbella | La Zambra","isPartOf":{"@id":"https:\/\/lazambrahotel.com\/es\/#website"},"primaryImageOfPage":{"@id":"https:\/\/lazambrahotel.com\/es\/actividades\/tenis-padel\/#primaryimage"},"image":{"@id":"https:\/\/lazambrahotel.com\/es\/actividades\/tenis-padel\/#primaryimage"},"thumbnailUrl":"https:\/\/lazambrahotel.com\/wp-content\/uploads\/2025\/10\/la-zambra_activities_tennis_paddel_hero.jpg","datePublished":"2025-10-08T13:55:09+00:00","dateModified":"2026-04-08T12:55:03+00:00","description":"Disfrute de las instalaciones deportivas de La Zambra, un hotel en Mijas-Marbella que cuenta con pistas de p\u00e1del y tenis.","breadcrumb":{"@id":"https:\/\/lazambrahotel.com\/es\/actividades\/tenis-padel\/#breadcrumb"},"inLanguage":"es","potentialAction":[{"@type":"ReadAction","target":["https:\/\/lazambrahotel.com\/es\/actividades\/tenis-padel\/"]}]},{"@type":"ImageObject","inLanguage":"es","@id":"https:\/\/lazambrahotel.com\/es\/actividades\/tenis-padel\/#primaryimage","url":"https:\/\/lazambrahotel.com\/wp-content\/uploads\/2025\/10\/la-zambra_activities_tennis_paddel_hero.jpg","contentUrl":"https:\/\/lazambrahotel.com\/wp-content\/uploads\/2025\/10\/la-zambra_activities_tennis_paddel_hero.jpg","width":1488,"height":976,"caption":"P\u00e1del Mijas"},{"@type":"BreadcrumbList","@id":"https:\/\/lazambrahotel.com\/es\/actividades\/tenis-padel\/#breadcrumb","itemListElement":[{"@type":"ListItem","position":1,"name":"Portada","item":"https:\/\/lazambrahotel.com\/es\/"},{"@type":"ListItem","position":2,"name":"Actividades","item":"https:\/\/lazambrahotel.com\/es\/actividades\/"},{"@type":"ListItem","position":3,"name":"Tenis y P\u00e1del"}]},{"@type":"WebSite","@id":"https:\/\/lazambrahotel.com\/es\/#website","url":"https:\/\/lazambrahotel.com\/es\/","name":"La Zambra","description":"Hotel","publisher":{"@id":"https:\/\/lazambrahotel.com\/es\/#organization"},"potentialAction":[{"@type":"SearchAction","target":{"@type":"EntryPoint","urlTemplate":"https:\/\/lazambrahotel.com\/es\/?s={search_term_string}"},"query-input":{"@type":"PropertyValueSpecification","valueRequired":true,"valueName":"search_term_string"}}],"inLanguage":"es"},{"@type":"Organization","@id":"https:\/\/lazambrahotel.com\/es\/#organization","name":"La Zambra","url":"https:\/\/lazambrahotel.com\/es\/","logo":{"@type":"ImageObject","inLanguage":"es","@id":"https:\/\/lazambrahotel.com\/es\/#\/schema\/logo\/image\/","url":"https:\/\/lazambrahotel.com\/wp-content\/uploads\/2025\/09\/logo-la-zambra.svg","contentUrl":"https:\/\/lazambrahotel.com\/wp-content\/uploads\/2025\/09\/logo-la-zambra.svg","width":"1024","height":"1024","caption":"La Zambra"},"image":{"@id":"https:\/\/lazambrahotel.com\/es\/#\/schema\/logo\/image\/"},"sameAs":["https:\/\/www.facebook.com\/La.Zambra.Mijas\/","https:\/\/www.instagram.com\/la.zambra\/"]}]}},"_links":{"self":[{"href":"https:\/\/lazambrahotel.com\/es\/wp-json\/wp\/v2\/pages\/2314","targetHints":{"allow":["GET"]}}],"collection":[{"href":"https:\/\/lazambrahotel.com\/es\/wp-json\/wp\/v2\/pages"}],"about":[{"href":"https:\/\/lazambrahotel.com\/es\/wp-json\/wp\/v2\/types\/page"}],"author":[{"embeddable":true,"href":"https:\/\/lazambrahotel.com\/es\/wp-json\/wp\/v2\/users\/1"}],"replies":[{"embeddable":true,"href":"https:\/\/lazambrahotel.com\/es\/wp-json\/wp\/v2\/comments?post=2314"}],"version-history":[{"count":7,"href":"https:\/\/lazambrahotel.com\/es\/wp-json\/wp\/v2\/pages\/2314\/revisions"}],"predecessor-version":[{"id":7921,"href":"https:\/\/lazambrahotel.com\/es\/wp-json\/wp\/v2\/pages\/2314\/revisions\/7921"}],"up":[{"embeddable":true,"href":"https:\/\/lazambrahotel.com\/es\/wp-json\/wp\/v2\/pages\/2304"}],"wp:featuredmedia":[{"embeddable":true,"href":"https:\/\/lazambrahotel.com\/es\/wp-json\/wp\/v2\/media\/2315"}],"wp:attachment":[{"href":"https:\/\/lazambrahotel.com\/es\/wp-json\/wp\/v2\/media?parent=2314"}],"curies":[{"name":"wp","href":"https:\/\/api.w.org\/{rel}","templated":true}]}}