{"id":2304,"date":"2025-10-08T14:35:39","date_gmt":"2025-10-08T12:35:39","guid":{"rendered":"https:\/\/lazambrahotel.com\/actividades\/"},"modified":"2025-10-20T15:37:54","modified_gmt":"2025-10-20T13:37:54","slug":"actividades","status":"publish","type":"page","link":"https:\/\/lazambrahotel.com\/es\/actividades\/","title":{"rendered":"Actividades"},"content":{"rendered":"<section class=\"l-section wpb_row us_custom_94be0cb5 slider height_auto width_full\"><div class=\"l-section-h i-cf\"><div class=\"g-cols vc_row via_flex valign_top type_default stacking_default\"><div class=\"vc_col-sm-12 wpb_column vc_column_container\"><div class=\"vc_column-inner\"><div class=\"wpb_wrapper\"><div class=\"w-image has_ratio align_center\"><div class=\"w-image-h\"><div style=\"padding-bottom:28.5714%\"><\/div><img decoding=\"async\" width=\"1488\" height=\"660\" src=\"https:\/\/lazambrahotel.com\/wp-content\/uploads\/2025\/10\/la-zambra_activities_hero-e1759927345120.jpg\" class=\"attachment-full size-full\" alt=\"Activities\" loading=\"lazy\" \/><\/div><\/div><\/div><\/div><\/div><\/div><\/div><\/section><section class=\"l-section wpb_row height_small width_custom\" style=\"--site-content-width:1050px;\"><div class=\"l-section-h i-cf\"><div class=\"g-cols vc_row via_flex valign_top type_default stacking_default\"><div class=\"vc_col-sm-12 wpb_column vc_column_container\"><div class=\"vc_column-inner\"><div class=\"wpb_wrapper\">[vc_custom_heading text=\u00bbActividades\u00bb font_container=\u00bbtag:h1|text_align:center\u00bb use_theme_fonts=\u00bbyes\u00bb css=\u00bb%7B%22default%22%3A%7B%22font-size%22%3A%221rem%22%2C%22font-family%22%3A%22BasisGrotesque%22%2C%22animation-name%22%3A%22fade%22%2C%22animation-delay%22%3A%220.5s%22%7D%7D\u00bb][vc_custom_heading text=\u00bbExperimente el encanto eterno mientras entrena su cuerpo, mente y alma\u00bb font_container=\u00bbtag:p|text_align:center\u00bb use_theme_fonts=\u00bbyes\u00bb css=\u00bb%7B%22default%22%3A%7B%22font-size%22%3A%222.2rem%22%2C%22line-height%22%3A%221.2%22%2C%22text-transform%22%3A%22uppercase%22%2C%22animation-name%22%3A%22fade%22%2C%22animation-delay%22%3A%220.5s%22%7D%2C%22laptops%22%3A%7B%22font-size%22%3A%222.2rem%22%2C%22line-height%22%3A%221.2%22%2C%22text-transform%22%3A%22uppercase%22%7D%2C%22tablets%22%3A%7B%22font-size%22%3A%222.2rem%22%2C%22line-height%22%3A%221.2%22%2C%22text-transform%22%3A%22uppercase%22%7D%2C%22mobiles%22%3A%7B%22font-size%22%3A%221.8rem%22%2C%22line-height%22%3A%221.2%22%2C%22text-transform%22%3A%22uppercase%22%7D%7D\u00bb]<\/div><\/div><\/div><\/div><\/div><\/section><section class=\"l-section wpb_row us_custom_887a049b height_medium\"><div class=\"l-section-h i-cf\"><div class=\"g-cols vc_row via_flex valign_middle type_default stacking_default\"><div class=\"vc_col-sm-7 wpb_column vc_column_container\"><div class=\"vc_column-inner\"><div class=\"wpb_wrapper\"><div class=\"w-image us_custom_70facfb4 align_center\"><div class=\"w-image-h\"><img decoding=\"async\" width=\"1300\" height=\"867\" src=\"https:\/\/lazambrahotel.com\/wp-content\/uploads\/2025\/10\/Indoor-gym-1.jpg\" class=\"attachment-full size-full\" alt=\"Activities\" loading=\"lazy\" srcset=\"https:\/\/lazambrahotel.com\/wp-content\/uploads\/2025\/10\/Indoor-gym-1.jpg 1300w, https:\/\/lazambrahotel.com\/wp-content\/uploads\/2025\/10\/Indoor-gym-1-300x200.jpg 300w, https:\/\/lazambrahotel.com\/wp-content\/uploads\/2025\/10\/Indoor-gym-1-1024x683.jpg 1024w, https:\/\/lazambrahotel.com\/wp-content\/uploads\/2025\/10\/Indoor-gym-1-600x400.jpg 600w\" sizes=\"auto, (max-width: 1300px) 100vw, 1300px\" \/><\/div><\/div><div class=\"wpb_text_column\"><div class=\"wpb_wrapper\"><p>El sol acariciando la piel, una serenidad, una conexi\u00f3n con Mijas, la Costa del Sol y el ambiente que nos rodea\u2026 Una ocasi\u00f3n para despejar la mente, para mantenerse en forma, para lanzarse a la acci\u00f3n y sumergirse en la gran variedad de actividades al aire libre y de interior que le esperan en La Zambra.<\/p>\n<\/div><\/div><\/div><\/div><\/div><div class=\"vc_col-sm-1 wpb_column vc_column_container\"><div class=\"vc_column-inner\"><div class=\"wpb_wrapper\"><\/div><\/div><\/div><div class=\"vc_col-sm-4 wpb_column vc_column_container\"><div class=\"vc_column-inner\"><div class=\"wpb_wrapper\"><div data-us-scroll=\"{&quot;from_initial_position&quot;:&quot;0&quot;,&quot;start_position&quot;:&quot;0%&quot;,&quot;end_position&quot;:&quot;100%&quot;,&quot;delay&quot;:&quot;0.1s&quot;,&quot;translate_y_direction&quot;:&quot;up&quot;,&quot;translate_y_speed&quot;:&quot;0.3x&quot;}\" class=\"w-image has_scroll_effects has_translate_y align_center\"><div class=\"w-image-h\"><img decoding=\"async\" width=\"1488\" height=\"976\" src=\"https:\/\/lazambrahotel.com\/wp-content\/uploads\/2025\/10\/la-zambra_activities_running.jpg\" class=\"attachment-full size-full\" alt=\"Activities\" loading=\"lazy\" srcset=\"https:\/\/lazambrahotel.com\/wp-content\/uploads\/2025\/10\/la-zambra_activities_running.jpg 1488w, https:\/\/lazambrahotel.com\/wp-content\/uploads\/2025\/10\/la-zambra_activities_running-300x197.jpg 300w, https:\/\/lazambrahotel.com\/wp-content\/uploads\/2025\/10\/la-zambra_activities_running-1024x672.jpg 1024w, https:\/\/lazambrahotel.com\/wp-content\/uploads\/2025\/10\/la-zambra_activities_running-600x394.jpg 600w\" sizes=\"auto, (max-width: 1488px) 100vw, 1488px\" \/><\/div><\/div><\/div><\/div><\/div><\/div><\/div><\/section><section class=\"l-section wpb_row us_custom_2ccd07b1 height_medium\"><div class=\"l-section-h i-cf\"><div class=\"g-cols vc_row via_flex valign_top type_default stacking_default\"><div class=\"vc_col-sm-12 wpb_column vc_column_container\"><div class=\"vc_column-inner\"><div class=\"wpb_wrapper\"><div class=\"g-cols wpb_row via_flex valign_top type_default stacking_default\"><div class=\"vc_col-sm-6 wpb_column vc_column_container\"><div class=\"vc_column-inner\"><div class=\"wpb_wrapper\">[vc_custom_heading text=\u00bbTenis y P\u00e1del\u00bb use_theme_fonts=\u00bbyes\u00bb css=\u00bb%7B%22default%22%3A%7B%22font-size%22%3A%221rem%22%2C%22animation-name%22%3A%22fade%22%2C%22animation-delay%22%3A%220.5s%22%7D%7D\u00bb]<\/div><\/div><\/div><div class=\"vc_col-sm-6 wpb_column vc_column_container\"><div class=\"vc_column-inner\"><div class=\"wpb_wrapper\"><div class=\"wpb_text_column\"><div class=\"wpb_wrapper\"><p>Descubra un espacio donde exponer su mejor saque, dejarse llevar y liberar su esp\u00edritu m\u00e1s competitivo en nuestras pistas de tenis y p\u00e1del.<\/p>\n<\/div><\/div><div class=\"w-btn-wrapper align_none\"><a class=\"w-btn us-btn-style_2 btn-link\" href=\"https:\/\/lazambrahotel.com\/es\/actividades\/tenis-padel\/\"><span class=\"w-btn-label\">Tenis y p\u00e1del<\/span><\/a><\/div><\/div><\/div><\/div><\/div><\/div><\/div><\/div><\/div><\/div><\/section><section class=\"l-section wpb_row us_custom_2ccd07b1 height_medium width_custom\" style=\"--site-content-width:1380px;\"><div class=\"l-section-h i-cf\"><div class=\"g-cols vc_row via_flex valign_top type_default stacking_default\"><div class=\"vc_col-sm-12 wpb_column vc_column_container\"><div class=\"vc_column-inner\"><div class=\"wpb_wrapper\"><div class=\"w-image has_ratio align_center\"><div class=\"w-image-h\"><div style=\"padding-bottom:56.25%\"><\/div><img decoding=\"async\" width=\"1920\" height=\"1082\" src=\"https:\/\/lazambrahotel.com\/wp-content\/uploads\/2025\/10\/la-zambra_activities_tennis_paddel-2048x1154-1-scaled.jpg\" class=\"attachment-full size-full\" alt=\"Tennis &amp; Paddle\" loading=\"lazy\" \/><\/div><\/div><\/div><\/div><\/div><\/div><\/div><\/section><section class=\"l-section wpb_row us_custom_2ccd07b1 height_medium\"><div class=\"l-section-h i-cf\"><div class=\"g-cols vc_row via_flex valign_top type_default stacking_default\"><div class=\"vc_col-sm-12 wpb_column vc_column_container\"><div class=\"vc_column-inner\"><div class=\"wpb_wrapper\"><div class=\"g-cols wpb_row via_flex valign_top type_default stacking_default\"><div class=\"vc_col-sm-6 wpb_column vc_column_container\"><div class=\"vc_column-inner\"><div class=\"wpb_wrapper\">[vc_custom_heading text=\u00bbFitness\u00bb use_theme_fonts=\u00bbyes\u00bb css=\u00bb%7B%22default%22%3A%7B%22font-size%22%3A%221rem%22%2C%22animation-name%22%3A%22fade%22%2C%22animation-delay%22%3A%220.5s%22%7D%7D\u00bb]<\/div><\/div><\/div><div class=\"vc_col-sm-6 wpb_column vc_column_container\"><div class=\"vc_column-inner\"><div class=\"wpb_wrapper\"><div class=\"wpb_text_column\"><div class=\"wpb_wrapper\"><p>Con instalaciones interiores y al aire libre equipadas con la maquinaria de \u00faltima tecnolog\u00eda Technogym, nuestro gimnasio 24 horas es un refugio para quienes deseen mantenerse en forma durante su estancia en Mijas.<\/p>\n<\/div><\/div><div class=\"w-btn-wrapper align_none\"><a class=\"w-btn us-btn-style_2 btn-link\" href=\"https:\/\/lazambrahotel.com\/es\/actividades\/gimnasio\/\"><span class=\"w-btn-label\">Fitness en La Zambra<\/span><\/a><\/div><\/div><\/div><\/div><\/div><\/div><\/div><\/div><\/div><\/div><\/section><section class=\"l-section wpb_row us_custom_2ccd07b1 height_medium width_custom\" style=\"--site-content-width:1380px;\"><div class=\"l-section-h i-cf\"><div class=\"g-cols vc_row via_flex valign_top type_default stacking_default\"><div class=\"vc_col-sm-12 wpb_column vc_column_container\"><div class=\"vc_column-inner\"><div class=\"wpb_wrapper\"><div class=\"w-image has_ratio align_center\"><div class=\"w-image-h\"><div style=\"padding-bottom:56.25%\"><\/div><img decoding=\"async\" width=\"1920\" height=\"1082\" src=\"https:\/\/lazambrahotel.com\/wp-content\/uploads\/2025\/10\/la-zambra_activities_fitness-2048x1154-1-scaled.jpg\" class=\"attachment-full size-full\" alt=\"Fitness\" loading=\"lazy\" \/><\/div><\/div><\/div><\/div><\/div><\/div><\/div><\/section><section class=\"l-section wpb_row us_custom_2ccd07b1 height_medium\"><div class=\"l-section-h i-cf\"><div class=\"g-cols vc_row via_flex valign_top type_default stacking_default\"><div class=\"vc_col-sm-12 wpb_column vc_column_container\"><div class=\"vc_column-inner\"><div class=\"wpb_wrapper\"><div class=\"g-cols wpb_row via_flex valign_top type_default stacking_default\"><div class=\"vc_col-sm-6 wpb_column vc_column_container\"><div class=\"vc_column-inner\"><div class=\"wpb_wrapper\">[vc_custom_heading text=\u00bbKids Club\u00bb use_theme_fonts=\u00bbyes\u00bb css=\u00bb%7B%22default%22%3A%7B%22font-size%22%3A%221rem%22%2C%22animation-name%22%3A%22fade%22%2C%22animation-delay%22%3A%220.5s%22%7D%7D\u00bb]<\/div><\/div><\/div><div class=\"vc_col-sm-6 wpb_column vc_column_container\"><div class=\"vc_column-inner\"><div class=\"wpb_wrapper\"><div class=\"wpb_text_column\"><div class=\"wpb_wrapper\"><p>Experimente la tranquilidad de dedicarse un d\u00eda a s\u00ed mismo mientras los m\u00e1s peque\u00f1os disfrutan de las estimulantes y divertidas actividades en nuestro Kids Club.<\/p>\n<\/div><\/div><div class=\"w-btn-wrapper align_none\"><a class=\"w-btn us-btn-style_2 btn-link\" href=\"https:\/\/lazambrahotel.com\/es\/actividades\/kids-club\/\"><span class=\"w-btn-label\">La Zambra Kids Club<\/span><\/a><\/div><\/div><\/div><\/div><\/div><\/div><\/div><\/div><\/div><\/div><\/section><section class=\"l-section wpb_row us_custom_c70c97eb height_medium width_custom\" style=\"--site-content-width:1380px;\"><div class=\"l-section-h i-cf\"><div class=\"g-cols vc_row via_flex valign_top type_default stacking_default\"><div class=\"vc_col-sm-12 wpb_column vc_column_container\"><div class=\"vc_column-inner\"><div class=\"wpb_wrapper\"><div class=\"w-image has_ratio align_center\"><div class=\"w-image-h\"><div style=\"padding-bottom:56.25%\"><\/div><img decoding=\"async\" width=\"1920\" height=\"1082\" src=\"https:\/\/lazambrahotel.com\/wp-content\/uploads\/2025\/10\/la-zambra_activities_kid_club_playing-2048x1154-1-scaled.jpg\" class=\"attachment-full size-full\" alt=\"Kids Club\" loading=\"lazy\" \/><\/div><\/div><\/div><\/div><\/div><\/div><\/div><\/section>\n","protected":false},"excerpt":{"rendered":"[vc_custom_heading text=\"Actividades\" font_container=\"tag:h1|text_align:center\" use_theme_fonts=\"yes\" css=\"%7B%22default%22%3A%7B%22font-size%22%3A%221rem%22%2C%22font-family%22%3A%22BasisGrotesque%22%2C%22animation-name%22%3A%22fade%22%2C%22animation-delay%22%3A%220.5s%22%7D%7D\"][vc_custom_heading text=\"Experimente el encanto eterno mientras entrena su cuerpo, mente y alma\" font_container=\"tag:p|text_align:center\" use_theme_fonts=\"yes\" css=\"%7B%22default%22%3A%7B%22font-size%22%3A%222.2rem%22%2C%22line-height%22%3A%221.2%22%2C%22text-transform%22%3A%22uppercase%22%2C%22animation-name%22%3A%22fade%22%2C%22animation-delay%22%3A%220.5s%22%7D%2C%22laptops%22%3A%7B%22font-size%22%3A%222.2rem%22%2C%22line-height%22%3A%221.2%22%2C%22text-transform%22%3A%22uppercase%22%7D%2C%22tablets%22%3A%7B%22font-size%22%3A%222.2rem%22%2C%22line-height%22%3A%221.2%22%2C%22text-transform%22%3A%22uppercase%22%7D%2C%22mobiles%22%3A%7B%22font-size%22%3A%221.8rem%22%2C%22line-height%22%3A%221.2%22%2C%22text-transform%22%3A%22uppercase%22%7D%7D\"]El sol acariciando la piel, una serenidad, una conexi\u00f3n con Mijas, la Costa del Sol y el ambiente que nos rodea\u2026 Una ocasi\u00f3n para despejar la mente, para mantenerse en forma, para lanzarse a la acci\u00f3n y...","protected":false},"author":1,"featured_media":0,"parent":0,"menu_order":0,"comment_status":"closed","ping_status":"closed","template":"","meta":{"footnotes":""},"class_list":["post-2304","page","type-page","status-publish","hentry"],"yoast_head":"<!-- This site is optimized with the Yoast SEO plugin v27.4 - https:\/\/yoast.com\/product\/yoast-seo-wordpress\/ -->\n<title>Actividades al Aire Libre y de Interior en Mijas | La Zambra<\/title>\n<meta name=\"description\" content=\"Descubra la gran variedad de actividades al aire libre y de interior que le esperan en La Zambra. La ocasi\u00f3n perfecta para ser su mejor yo.\" \/>\n<meta name=\"robots\" content=\"index, follow, max-snippet:-1, max-image-preview:large, max-video-preview:-1\" \/>\n<link rel=\"canonical\" href=\"https:\/\/lazambrahotel.com\/es\/actividades\/\" \/>\n<meta property=\"og:locale\" content=\"es_ES\" \/>\n<meta property=\"og:type\" content=\"article\" \/>\n<meta property=\"og:title\" content=\"Actividades al Aire Libre y de Interior en Mijas | La Zambra\" \/>\n<meta property=\"og:description\" content=\"Descubra la gran variedad de actividades al aire libre y de interior que le esperan en La Zambra. La ocasi\u00f3n perfecta para ser su mejor yo.\" \/>\n<meta property=\"og:url\" content=\"https:\/\/lazambrahotel.com\/es\/actividades\/\" \/>\n<meta property=\"og:site_name\" content=\"La Zambra\" \/>\n<meta property=\"article:publisher\" content=\"https:\/\/www.facebook.com\/La.Zambra.Mijas\/\" \/>\n<meta property=\"article:modified_time\" content=\"2025-10-20T13:37:54+00:00\" \/>\n<meta name=\"twitter:card\" content=\"summary_large_image\" \/>\n<meta name=\"twitter:label1\" content=\"Tiempo de lectura\" \/>\n\t<meta name=\"twitter:data1\" content=\"4 minutos\" \/>\n<script type=\"application\/ld+json\" class=\"yoast-schema-graph\">{\"@context\":\"https:\\\/\\\/schema.org\",\"@graph\":[{\"@type\":\"WebPage\",\"@id\":\"https:\\\/\\\/lazambrahotel.com\\\/es\\\/actividades\\\/\",\"url\":\"https:\\\/\\\/lazambrahotel.com\\\/es\\\/actividades\\\/\",\"name\":\"Actividades al Aire Libre y de Interior en Mijas | La Zambra\",\"isPartOf\":{\"@id\":\"https:\\\/\\\/lazambrahotel.com\\\/es\\\/#website\"},\"datePublished\":\"2025-10-08T12:35:39+00:00\",\"dateModified\":\"2025-10-20T13:37:54+00:00\",\"description\":\"Descubra la gran variedad de actividades al aire libre y de interior que le esperan en La Zambra. La ocasi\u00f3n perfecta para ser su mejor yo.\",\"breadcrumb\":{\"@id\":\"https:\\\/\\\/lazambrahotel.com\\\/es\\\/actividades\\\/#breadcrumb\"},\"inLanguage\":\"es\",\"potentialAction\":[{\"@type\":\"ReadAction\",\"target\":[\"https:\\\/\\\/lazambrahotel.com\\\/es\\\/actividades\\\/\"]}]},{\"@type\":\"BreadcrumbList\",\"@id\":\"https:\\\/\\\/lazambrahotel.com\\\/es\\\/actividades\\\/#breadcrumb\",\"itemListElement\":[{\"@type\":\"ListItem\",\"position\":1,\"name\":\"Portada\",\"item\":\"https:\\\/\\\/lazambrahotel.com\\\/es\\\/\"},{\"@type\":\"ListItem\",\"position\":2,\"name\":\"Actividades\"}]},{\"@type\":\"WebSite\",\"@id\":\"https:\\\/\\\/lazambrahotel.com\\\/es\\\/#website\",\"url\":\"https:\\\/\\\/lazambrahotel.com\\\/es\\\/\",\"name\":\"La Zambra\",\"description\":\"Hotel\",\"publisher\":{\"@id\":\"https:\\\/\\\/lazambrahotel.com\\\/es\\\/#organization\"},\"potentialAction\":[{\"@type\":\"SearchAction\",\"target\":{\"@type\":\"EntryPoint\",\"urlTemplate\":\"https:\\\/\\\/lazambrahotel.com\\\/es\\\/?s={search_term_string}\"},\"query-input\":{\"@type\":\"PropertyValueSpecification\",\"valueRequired\":true,\"valueName\":\"search_term_string\"}}],\"inLanguage\":\"es\"},{\"@type\":\"Organization\",\"@id\":\"https:\\\/\\\/lazambrahotel.com\\\/es\\\/#organization\",\"name\":\"La Zambra\",\"url\":\"https:\\\/\\\/lazambrahotel.com\\\/es\\\/\",\"logo\":{\"@type\":\"ImageObject\",\"inLanguage\":\"es\",\"@id\":\"https:\\\/\\\/lazambrahotel.com\\\/es\\\/#\\\/schema\\\/logo\\\/image\\\/\",\"url\":\"https:\\\/\\\/lazambrahotel.com\\\/wp-content\\\/uploads\\\/2025\\\/09\\\/logo-la-zambra.svg\",\"contentUrl\":\"https:\\\/\\\/lazambrahotel.com\\\/wp-content\\\/uploads\\\/2025\\\/09\\\/logo-la-zambra.svg\",\"width\":\"1024\",\"height\":\"1024\",\"caption\":\"La Zambra\"},\"image\":{\"@id\":\"https:\\\/\\\/lazambrahotel.com\\\/es\\\/#\\\/schema\\\/logo\\\/image\\\/\"},\"sameAs\":[\"https:\\\/\\\/www.facebook.com\\\/La.Zambra.Mijas\\\/\",\"https:\\\/\\\/www.instagram.com\\\/la.zambra\\\/\"]}]}<\/script>\n<!-- \/ Yoast SEO plugin. -->","yoast_head_json":{"title":"Actividades al Aire Libre y de Interior en Mijas | La Zambra","description":"Descubra la gran variedad de actividades al aire libre y de interior que le esperan en La Zambra. La ocasi\u00f3n perfecta para ser su mejor yo.","robots":{"index":"index","follow":"follow","max-snippet":"max-snippet:-1","max-image-preview":"max-image-preview:large","max-video-preview":"max-video-preview:-1"},"canonical":"https:\/\/lazambrahotel.com\/es\/actividades\/","og_locale":"es_ES","og_type":"article","og_title":"Actividades al Aire Libre y de Interior en Mijas | La Zambra","og_description":"Descubra la gran variedad de actividades al aire libre y de interior que le esperan en La Zambra. La ocasi\u00f3n perfecta para ser su mejor yo.","og_url":"https:\/\/lazambrahotel.com\/es\/actividades\/","og_site_name":"La Zambra","article_publisher":"https:\/\/www.facebook.com\/La.Zambra.Mijas\/","article_modified_time":"2025-10-20T13:37:54+00:00","twitter_card":"summary_large_image","twitter_misc":{"Tiempo de lectura":"4 minutos"},"schema":{"@context":"https:\/\/schema.org","@graph":[{"@type":"WebPage","@id":"https:\/\/lazambrahotel.com\/es\/actividades\/","url":"https:\/\/lazambrahotel.com\/es\/actividades\/","name":"Actividades al Aire Libre y de Interior en Mijas | La Zambra","isPartOf":{"@id":"https:\/\/lazambrahotel.com\/es\/#website"},"datePublished":"2025-10-08T12:35:39+00:00","dateModified":"2025-10-20T13:37:54+00:00","description":"Descubra la gran variedad de actividades al aire libre y de interior que le esperan en La Zambra. La ocasi\u00f3n perfecta para ser su mejor yo.","breadcrumb":{"@id":"https:\/\/lazambrahotel.com\/es\/actividades\/#breadcrumb"},"inLanguage":"es","potentialAction":[{"@type":"ReadAction","target":["https:\/\/lazambrahotel.com\/es\/actividades\/"]}]},{"@type":"BreadcrumbList","@id":"https:\/\/lazambrahotel.com\/es\/actividades\/#breadcrumb","itemListElement":[{"@type":"ListItem","position":1,"name":"Portada","item":"https:\/\/lazambrahotel.com\/es\/"},{"@type":"ListItem","position":2,"name":"Actividades"}]},{"@type":"WebSite","@id":"https:\/\/lazambrahotel.com\/es\/#website","url":"https:\/\/lazambrahotel.com\/es\/","name":"La Zambra","description":"Hotel","publisher":{"@id":"https:\/\/lazambrahotel.com\/es\/#organization"},"potentialAction":[{"@type":"SearchAction","target":{"@type":"EntryPoint","urlTemplate":"https:\/\/lazambrahotel.com\/es\/?s={search_term_string}"},"query-input":{"@type":"PropertyValueSpecification","valueRequired":true,"valueName":"search_term_string"}}],"inLanguage":"es"},{"@type":"Organization","@id":"https:\/\/lazambrahotel.com\/es\/#organization","name":"La Zambra","url":"https:\/\/lazambrahotel.com\/es\/","logo":{"@type":"ImageObject","inLanguage":"es","@id":"https:\/\/lazambrahotel.com\/es\/#\/schema\/logo\/image\/","url":"https:\/\/lazambrahotel.com\/wp-content\/uploads\/2025\/09\/logo-la-zambra.svg","contentUrl":"https:\/\/lazambrahotel.com\/wp-content\/uploads\/2025\/09\/logo-la-zambra.svg","width":"1024","height":"1024","caption":"La Zambra"},"image":{"@id":"https:\/\/lazambrahotel.com\/es\/#\/schema\/logo\/image\/"},"sameAs":["https:\/\/www.facebook.com\/La.Zambra.Mijas\/","https:\/\/www.instagram.com\/la.zambra\/"]}]}},"_links":{"self":[{"href":"https:\/\/lazambrahotel.com\/es\/wp-json\/wp\/v2\/pages\/2304","targetHints":{"allow":["GET"]}}],"collection":[{"href":"https:\/\/lazambrahotel.com\/es\/wp-json\/wp\/v2\/pages"}],"about":[{"href":"https:\/\/lazambrahotel.com\/es\/wp-json\/wp\/v2\/types\/page"}],"author":[{"embeddable":true,"href":"https:\/\/lazambrahotel.com\/es\/wp-json\/wp\/v2\/users\/1"}],"replies":[{"embeddable":true,"href":"https:\/\/lazambrahotel.com\/es\/wp-json\/wp\/v2\/comments?post=2304"}],"version-history":[{"count":3,"href":"https:\/\/lazambrahotel.com\/es\/wp-json\/wp\/v2\/pages\/2304\/revisions"}],"predecessor-version":[{"id":2342,"href":"https:\/\/lazambrahotel.com\/es\/wp-json\/wp\/v2\/pages\/2304\/revisions\/2342"}],"wp:attachment":[{"href":"https:\/\/lazambrahotel.com\/es\/wp-json\/wp\/v2\/media?parent=2304"}],"curies":[{"name":"wp","href":"https:\/\/api.w.org\/{rel}","templated":true}]}}