{"id":2139,"date":"2025-10-07T14:09:33","date_gmt":"2025-10-07T12:09:33","guid":{"rendered":"https:\/\/lazambrahotel.com\/restaurantes\/la-bartola\/"},"modified":"2025-10-17T13:27:46","modified_gmt":"2025-10-17T11:27:46","slug":"la-bartola","status":"publish","type":"page","link":"https:\/\/lazambrahotel.com\/es\/restaurantes\/la-bartola\/","title":{"rendered":"La Bartola"},"content":{"rendered":"<section class=\"l-section wpb_row us_custom_94be0cb5 slider height_auto width_full\"><div class=\"l-section-h i-cf\"><div class=\"g-cols vc_row via_flex valign_top type_default stacking_default\"><div class=\"vc_col-sm-12 wpb_column vc_column_container\"><div class=\"vc_column-inner\"><div class=\"wpb_wrapper\"><div class=\"w-image has_ratio align_center\"><div class=\"w-image-h\"><div style=\"padding-bottom:28.5714%\"><\/div><img decoding=\"async\" width=\"1600\" height=\"713\" src=\"https:\/\/lazambrahotel.com\/wp-content\/uploads\/2025\/10\/portada-la-bartola.jpg\" class=\"attachment-full size-full\" alt=\"La Bartola\" loading=\"lazy\" \/><\/div><\/div><\/div><\/div><\/div><\/div><\/div><\/section><section class=\"l-section wpb_row us_custom_19737bc8 height_medium\"><div class=\"l-section-h i-cf\"><div class=\"g-cols vc_row via_flex valign_top type_default stacking_default\"><div class=\"vc_col-sm-12 wpb_column vc_column_container\"><div class=\"vc_column-inner\"><div class=\"wpb_wrapper\"><div class=\"g-cols wpb_row us_custom_64685b7f via_flex valign_top type_default stacking_default\"><div class=\"vc_col-sm-1 wpb_column vc_column_container\"><div class=\"vc_column-inner\"><div class=\"wpb_wrapper\"><\/div><\/div><\/div><div class=\"vc_col-sm-5 wpb_column vc_column_container\"><div class=\"vc_column-inner\"><div class=\"wpb_wrapper\"><div class=\"w-image us_custom_70facfb4 align_none\"><div class=\"w-image-h\"><img decoding=\"async\" width=\"325\" height=\"51\" src=\"https:\/\/lazambrahotel.com\/wp-content\/uploads\/2025\/10\/logo-la-bartola.png\" class=\"attachment-full size-full\" alt=\"La Bartola\" loading=\"lazy\" srcset=\"https:\/\/lazambrahotel.com\/wp-content\/uploads\/2025\/10\/logo-la-bartola.png 325w, https:\/\/lazambrahotel.com\/wp-content\/uploads\/2025\/10\/logo-la-bartola-300x47.png 300w\" sizes=\"auto, (max-width: 325px) 100vw, 325px\" \/><\/div><\/div><div class=\"wpb_text_column us_custom_d2d8dab8\"><div class=\"wpb_wrapper\"><p>La Bartola es una oda a la espontaneidad y a la esencia de los aut\u00e9nticos chiringuitos de la Costa del Sol. Situado frente a la piscina del hotel, La Bartola es el espacio perfecto para picar algo durante el d\u00eda, o disfrutar de una comida en familia en un ambiente relajado.<\/p>\n<\/div><\/div><div class=\"w-popup us_custom_402bc46d w-btn-wrapper align_none\"><button type=\"button\" aria-label=\"Tour Virtual\" class=\"w-popup-trigger type_btn w-btn us-btn-style_3\"><span class=\"w-btn-label\">Tour Virtual<\/span><\/button><div class=\"w-popup-overlay\" style=\"background:rgba(248,237,230,0.62);\"><\/div><div class=\"w-popup-wrap layout_default\" role=\"dialog\" aria-modal=\"true\" aria-label=\"Tour Virtual\" style=\"--title-color:var(--color-content-heading);--title-bg-color:var(--color-content-bg-alt);--content-color:var(--color-content-text);--content-bg-color:var(--color-content-bg);--closer-color:var(--color-content-text);--popup-width:1080px;\"><button aria-label=\"Cerrar\" class=\"w-popup-closer\" type=\"button\"><\/button><div class=\"w-popup-box animation_fadeIn closerpos_outside without_title\"><div class=\"w-popup-box-h\"><div class=\"w-popup-box-content\"><section class=\"l-section wpb_row height_auto width_full\"><div class=\"l-section-h i-cf\"><div class=\"g-cols vc_row via_flex valign_top type_default stacking_default\"><div class=\"vc_col-sm-12 wpb_column vc_column_container\"><div class=\"vc_column-inner\"><div class=\"wpb_wrapper\">[vc_raw_js]JTNDc2NyaXB0JTIwc3JjJTNEJTIyaHR0cHMlM0ElMkYlMkZ0cnVldG91ci5hcHAlMkZlbWJlZCUyRmlmcmFtZS5qcyUzRmxpbmslM0RodHRwcyUzQSUyRiUyRnRydWV0b3VyLmFwcCUyRnByb3BlcnRpZXMlMkYxMzUzJTJGZXhwZXJpZW5jZXMlMkY0NzU2NiUzRnNoYXJlSWQlM0QxOTk5NTclMjIlMjBpZCUzRCUyMnZtLXRydWV0b3VyJTIyJTIwc3R5bGUlM0QlMjJ3aWR0aCUzQSUyMDEwMCUyNSUzQiUyMGhlaWdodCUzQSUyMDYwMHB4JTNCJTIyJTNFJTNDc3BhbiUyMHN0eWxlJTNEJTIyZGlzcGxheSUzQSUyMGlubGluZS1ibG9jayUzQiUyMHdpZHRoJTNBJTIwMHB4JTNCJTIwb3ZlcmZsb3clM0ElMjBoaWRkZW4lM0IlMjBsaW5lLWhlaWdodCUzQSUyMDAlM0IlMjIlMjBkYXRhLW1jZS10eXBlJTNEJTIyYm9va21hcmslMjIlMjBjbGFzcyUzRCUyMm1jZV9TRUxSRVNfc3RhcnQlMjIlM0UlM0MlMkZzcGFuJTNFJTNDJTJGc2NyaXB0JTNF[\/vc_raw_js]<\/div><\/div><\/div><\/div><\/div><\/section>\n<\/div><\/div><\/div><\/div><\/div><\/div><\/div><\/div><div class=\"vc_col-sm-6 wpb_column vc_column_container\"><div class=\"vc_column-inner\"><div class=\"wpb_wrapper\"><div class=\"w-image us_custom_d00eb5f2 align_center\"><div class=\"w-image-h\"><img decoding=\"async\" width=\"594\" height=\"723\" src=\"https:\/\/lazambrahotel.com\/wp-content\/uploads\/2025\/10\/La-Bartola-outdoor-sitting-area-close-up-2.jpg\" class=\"attachment-full size-full\" alt=\"La Bartola\" loading=\"lazy\" srcset=\"https:\/\/lazambrahotel.com\/wp-content\/uploads\/2025\/10\/La-Bartola-outdoor-sitting-area-close-up-2.jpg 594w, https:\/\/lazambrahotel.com\/wp-content\/uploads\/2025\/10\/La-Bartola-outdoor-sitting-area-close-up-2-246x300.jpg 246w\" sizes=\"auto, (max-width: 594px) 100vw, 594px\" \/><\/div><\/div><\/div><\/div><\/div><\/div><div class=\"g-cols wpb_row via_flex valign_middle type_default reversed stacking_default\"><div class=\"vc_col-sm-6 wpb_column vc_column_container\"><div class=\"vc_column-inner\"><div class=\"wpb_wrapper\"><div class=\"w-image align_center\"><div class=\"w-image-h\"><img decoding=\"async\" width=\"566\" height=\"576\" src=\"https:\/\/lazambrahotel.com\/wp-content\/uploads\/2025\/10\/palm-trees.jpg\" class=\"attachment-full size-full\" alt=\"palm trees\" loading=\"lazy\" srcset=\"https:\/\/lazambrahotel.com\/wp-content\/uploads\/2025\/10\/palm-trees.jpg 566w, https:\/\/lazambrahotel.com\/wp-content\/uploads\/2025\/10\/palm-trees-295x300.jpg 295w\" sizes=\"auto, (max-width: 566px) 100vw, 566px\" \/><\/div><\/div><\/div><\/div><\/div><div class=\"vc_col-sm-6 wpb_column vc_column_container\"><div class=\"vc_column-inner\"><div class=\"wpb_wrapper\">[vc_custom_heading text=\u00bbLa carta incluye una propuesta variada con tapas de marisco, ensaladas e incluso aut\u00e9ntica fritura malague\u00f1a.\u00bb font_container=\u00bbtag:h3|text_align:left\u00bb use_theme_fonts=\u00bbyes\u00bb css=\u00bb%7B%22default%22%3A%7B%22color%22%3A%22_content_primary%22%7D%7D\u00bb]<\/div><\/div><\/div><\/div><\/div><\/div><\/div><\/div><\/div><\/section><section class=\"l-section wpb_row height_medium\"><div class=\"l-section-h i-cf\"><div class=\"g-cols vc_row via_flex valign_top type_default stacking_default\"><div class=\"vc_col-sm-12 wpb_column vc_column_container\"><div class=\"vc_column-inner\"><div class=\"wpb_wrapper\"><div class=\"g-cols wpb_row via_flex valign_middle type_default stacking_default\"><div class=\"vc_col-sm-1 wpb_column vc_column_container\"><div class=\"vc_column-inner\"><div class=\"wpb_wrapper\"><\/div><\/div><\/div><div class=\"vc_col-sm-5 wpb_column vc_column_container\"><div class=\"vc_column-inner\"><div class=\"wpb_wrapper\"><div class=\"w-image us_custom_91567086 align_none\"><div class=\"w-image-h\"><img decoding=\"async\" width=\"555\" height=\"254\" src=\"https:\/\/lazambrahotel.com\/wp-content\/uploads\/2025\/10\/IMG_8153.jpg\" class=\"attachment-full size-full\" alt=\"La Bartola\" loading=\"lazy\" srcset=\"https:\/\/lazambrahotel.com\/wp-content\/uploads\/2025\/10\/IMG_8153.jpg 555w, https:\/\/lazambrahotel.com\/wp-content\/uploads\/2025\/10\/IMG_8153-300x137.jpg 300w\" sizes=\"auto, (max-width: 555px) 100vw, 555px\" \/><\/div><\/div><div class=\"wpb_text_column us_custom_11c388da has_text_color\"><div class=\"wpb_wrapper\"><p>Abierto en temporada alta<\/p>\n<\/div><\/div><div class=\"wpb_text_column us_custom_97241022 has_text_color\"><div class=\"wpb_wrapper\"><p>Completan la experiencia una selecci\u00f3n de zumos y batidos elaborados al momento, c\u00f3cteles y nuestra versi\u00f3n de sangr\u00eda exclusiva de La Zambra.<\/p>\n<\/div><\/div><\/div><\/div><\/div><div class=\"vc_col-sm-6 wpb_column vc_column_container\"><div class=\"vc_column-inner\"><div class=\"wpb_wrapper\"><div class=\"w-image us_custom_8cafaf6a align_center\"><div class=\"w-image-h\"><img decoding=\"async\" width=\"594\" height=\"632\" src=\"https:\/\/lazambrahotel.com\/wp-content\/uploads\/2025\/10\/La-Bartola-Cabana-Couple.jpg\" class=\"attachment-full size-full\" alt=\"La Bartola\" loading=\"lazy\" srcset=\"https:\/\/lazambrahotel.com\/wp-content\/uploads\/2025\/10\/La-Bartola-Cabana-Couple.jpg 594w, https:\/\/lazambrahotel.com\/wp-content\/uploads\/2025\/10\/La-Bartola-Cabana-Couple-282x300.jpg 282w\" sizes=\"auto, (max-width: 594px) 100vw, 594px\" \/><\/div><\/div><\/div><\/div><\/div><\/div><\/div><\/div><\/div><\/div><\/div><\/section><section class=\"l-section wpb_row height_medium width_custom color_primary\" style=\"--site-content-width:1320px;\"><div class=\"l-section-h i-cf\"><div class=\"g-cols vc_row via_flex valign_top type_default stacking_default\"><div class=\"vc_col-sm-12 wpb_column vc_column_container\"><div class=\"vc_column-inner\"><div class=\"wpb_wrapper\">[vc_custom_heading text=\u00bbDescubra los secretos mejor guardados de nuestra gastronom\u00eda\u2026 \u00danase a nuestro baile y deje que su alma se libere en nuestros restaurantes cerca de Mijas Pueblo.\u00bb font_container=\u00bbtag:p|text_align:center\u00bb use_theme_fonts=\u00bbyes\u00bb css=\u00bb%7B%22default%22%3A%7B%22font-size%22%3A%222.2rem%22%2C%22line-height%22%3A%221.2%22%2C%22text-transform%22%3A%22uppercase%22%2C%22animation-name%22%3A%22fade%22%2C%22animation-delay%22%3A%220.5s%22%7D%2C%22laptops%22%3A%7B%22font-size%22%3A%222.2rem%22%2C%22line-height%22%3A%221.2%22%2C%22text-transform%22%3A%22uppercase%22%7D%2C%22tablets%22%3A%7B%22font-size%22%3A%222.2rem%22%2C%22line-height%22%3A%221.2%22%2C%22text-transform%22%3A%22uppercase%22%7D%2C%22mobiles%22%3A%7B%22font-size%22%3A%221.8rem%22%2C%22line-height%22%3A%221.2%22%2C%22text-transform%22%3A%22uppercase%22%7D%7D\u00bb]<\/div><\/div><\/div><\/div><\/div><\/section><section class=\"l-section wpb_row us_custom_63436f9d height_auto width_full\"><div class=\"l-section-h i-cf\"><div class=\"g-cols vc_row via_flex valign_top type_default stacking_default\"><div class=\"vc_col-sm-12 wpb_column vc_column_container\"><div class=\"vc_column-inner\"><div class=\"wpb_wrapper\"><\/div><\/div><\/div><\/div><\/div><\/section>\n","protected":false},"excerpt":{"rendered":"La Bartola es una oda a la espontaneidad y a la esencia de los aut\u00e9nticos chiringuitos de la Costa del Sol. Situado frente a la piscina del hotel, La Bartola es el espacio perfecto para picar algo durante el d\u00eda, o disfrutar de una comida en familia en un ambiente relajado. Tour Virtual[vc_raw_js]JTNDc2NyaXB0JTIwc3JjJTNEJTIyaHR0cHMlM0ElMkYlMkZ0cnVldG91ci5hcHAlMkZlbWJlZCUyRmlmcmFtZS5qcyUzRmxpbmslM0RodHRwcyUzQSUyRiUyRnRydWV0b3VyLmFwcCUyRnByb3BlcnRpZXMlMkYxMzUzJTJGZXhwZXJpZW5jZXMlMkY0NzU2NiUzRnNoYXJlSWQlM0QxOTk5NTclMjIlMjBpZCUzRCUyMnZtLXRydWV0b3VyJTIyJTIwc3R5bGUlM0QlMjJ3aWR0aCUzQSUyMDEwMCUyNSUzQiUyMGhlaWdodCUzQSUyMDYwMHB4JTNCJTIyJTNFJTNDc3BhbiUyMHN0eWxlJTNEJTIyZGlzcGxheSUzQSUyMGlubGluZS1ibG9jayUzQiUyMHdpZHRoJTNBJTIwMHB4JTNCJTIwb3ZlcmZsb3clM0ElMjBoaWRkZW4lM0IlMjBsaW5lLWhlaWdodCUzQSUyMDAlM0IlMjIlMjBkYXRhLW1jZS10eXBlJTNEJTIyYm9va21hcmslMjIlMjBjbGFzcyUzRCUyMm1jZV9TRUxSRVNfc3RhcnQlMjIlM0UlM0MlMkZzcGFuJTNFJTNDJTJGc2NyaXB0JTNF[\/vc_raw_js] [vc_custom_heading text=\"La...","protected":false},"author":1,"featured_media":0,"parent":2053,"menu_order":0,"comment_status":"closed","ping_status":"closed","template":"","meta":{"footnotes":""},"class_list":["post-2139","page","type-page","status-publish","hentry"],"yoast_head":"<!-- This site is optimized with the Yoast SEO plugin v27.4 - https:\/\/yoast.com\/product\/yoast-seo-wordpress\/ -->\n<title>La Bartola | La Zambra<\/title>\n<meta name=\"robots\" content=\"index, follow, max-snippet:-1, max-image-preview:large, max-video-preview:-1\" \/>\n<link rel=\"canonical\" href=\"https:\/\/lazambrahotel.com\/es\/restaurantes\/la-bartola\/\" \/>\n<meta property=\"og:locale\" content=\"es_ES\" \/>\n<meta property=\"og:type\" content=\"article\" \/>\n<meta property=\"og:title\" content=\"La Bartola | La Zambra\" \/>\n<meta property=\"og:url\" content=\"https:\/\/lazambrahotel.com\/es\/restaurantes\/la-bartola\/\" \/>\n<meta property=\"og:site_name\" content=\"La Zambra\" \/>\n<meta property=\"article:publisher\" content=\"https:\/\/www.facebook.com\/La.Zambra.Mijas\/\" \/>\n<meta property=\"article:modified_time\" content=\"2025-10-17T11:27:46+00:00\" \/>\n<meta name=\"twitter:card\" content=\"summary_large_image\" \/>\n<meta name=\"twitter:label1\" content=\"Tiempo de lectura\" \/>\n\t<meta name=\"twitter:data1\" content=\"4 minutos\" \/>\n<script type=\"application\/ld+json\" class=\"yoast-schema-graph\">{\"@context\":\"https:\\\/\\\/schema.org\",\"@graph\":[{\"@type\":\"WebPage\",\"@id\":\"https:\\\/\\\/lazambrahotel.com\\\/es\\\/restaurantes\\\/la-bartola\\\/\",\"url\":\"https:\\\/\\\/lazambrahotel.com\\\/es\\\/restaurantes\\\/la-bartola\\\/\",\"name\":\"La Bartola | La Zambra\",\"isPartOf\":{\"@id\":\"https:\\\/\\\/lazambrahotel.com\\\/es\\\/#website\"},\"datePublished\":\"2025-10-07T12:09:33+00:00\",\"dateModified\":\"2025-10-17T11:27:46+00:00\",\"breadcrumb\":{\"@id\":\"https:\\\/\\\/lazambrahotel.com\\\/es\\\/restaurantes\\\/la-bartola\\\/#breadcrumb\"},\"inLanguage\":\"es\",\"potentialAction\":[{\"@type\":\"ReadAction\",\"target\":[\"https:\\\/\\\/lazambrahotel.com\\\/es\\\/restaurantes\\\/la-bartola\\\/\"]}]},{\"@type\":\"BreadcrumbList\",\"@id\":\"https:\\\/\\\/lazambrahotel.com\\\/es\\\/restaurantes\\\/la-bartola\\\/#breadcrumb\",\"itemListElement\":[{\"@type\":\"ListItem\",\"position\":1,\"name\":\"Portada\",\"item\":\"https:\\\/\\\/lazambrahotel.com\\\/es\\\/\"},{\"@type\":\"ListItem\",\"position\":2,\"name\":\"A la mesa\",\"item\":\"https:\\\/\\\/lazambrahotel.com\\\/es\\\/restaurantes\\\/\"},{\"@type\":\"ListItem\",\"position\":3,\"name\":\"La Bartola\"}]},{\"@type\":\"WebSite\",\"@id\":\"https:\\\/\\\/lazambrahotel.com\\\/es\\\/#website\",\"url\":\"https:\\\/\\\/lazambrahotel.com\\\/es\\\/\",\"name\":\"La Zambra\",\"description\":\"Hotel\",\"publisher\":{\"@id\":\"https:\\\/\\\/lazambrahotel.com\\\/es\\\/#organization\"},\"potentialAction\":[{\"@type\":\"SearchAction\",\"target\":{\"@type\":\"EntryPoint\",\"urlTemplate\":\"https:\\\/\\\/lazambrahotel.com\\\/es\\\/?s={search_term_string}\"},\"query-input\":{\"@type\":\"PropertyValueSpecification\",\"valueRequired\":true,\"valueName\":\"search_term_string\"}}],\"inLanguage\":\"es\"},{\"@type\":\"Organization\",\"@id\":\"https:\\\/\\\/lazambrahotel.com\\\/es\\\/#organization\",\"name\":\"La Zambra\",\"url\":\"https:\\\/\\\/lazambrahotel.com\\\/es\\\/\",\"logo\":{\"@type\":\"ImageObject\",\"inLanguage\":\"es\",\"@id\":\"https:\\\/\\\/lazambrahotel.com\\\/es\\\/#\\\/schema\\\/logo\\\/image\\\/\",\"url\":\"https:\\\/\\\/lazambrahotel.com\\\/wp-content\\\/uploads\\\/2025\\\/09\\\/logo-la-zambra.svg\",\"contentUrl\":\"https:\\\/\\\/lazambrahotel.com\\\/wp-content\\\/uploads\\\/2025\\\/09\\\/logo-la-zambra.svg\",\"width\":\"1024\",\"height\":\"1024\",\"caption\":\"La Zambra\"},\"image\":{\"@id\":\"https:\\\/\\\/lazambrahotel.com\\\/es\\\/#\\\/schema\\\/logo\\\/image\\\/\"},\"sameAs\":[\"https:\\\/\\\/www.facebook.com\\\/La.Zambra.Mijas\\\/\",\"https:\\\/\\\/www.instagram.com\\\/la.zambra\\\/\"]}]}<\/script>\n<!-- \/ Yoast SEO plugin. -->","yoast_head_json":{"title":"La Bartola | La Zambra","robots":{"index":"index","follow":"follow","max-snippet":"max-snippet:-1","max-image-preview":"max-image-preview:large","max-video-preview":"max-video-preview:-1"},"canonical":"https:\/\/lazambrahotel.com\/es\/restaurantes\/la-bartola\/","og_locale":"es_ES","og_type":"article","og_title":"La Bartola | La Zambra","og_url":"https:\/\/lazambrahotel.com\/es\/restaurantes\/la-bartola\/","og_site_name":"La Zambra","article_publisher":"https:\/\/www.facebook.com\/La.Zambra.Mijas\/","article_modified_time":"2025-10-17T11:27:46+00:00","twitter_card":"summary_large_image","twitter_misc":{"Tiempo de lectura":"4 minutos"},"schema":{"@context":"https:\/\/schema.org","@graph":[{"@type":"WebPage","@id":"https:\/\/lazambrahotel.com\/es\/restaurantes\/la-bartola\/","url":"https:\/\/lazambrahotel.com\/es\/restaurantes\/la-bartola\/","name":"La Bartola | La Zambra","isPartOf":{"@id":"https:\/\/lazambrahotel.com\/es\/#website"},"datePublished":"2025-10-07T12:09:33+00:00","dateModified":"2025-10-17T11:27:46+00:00","breadcrumb":{"@id":"https:\/\/lazambrahotel.com\/es\/restaurantes\/la-bartola\/#breadcrumb"},"inLanguage":"es","potentialAction":[{"@type":"ReadAction","target":["https:\/\/lazambrahotel.com\/es\/restaurantes\/la-bartola\/"]}]},{"@type":"BreadcrumbList","@id":"https:\/\/lazambrahotel.com\/es\/restaurantes\/la-bartola\/#breadcrumb","itemListElement":[{"@type":"ListItem","position":1,"name":"Portada","item":"https:\/\/lazambrahotel.com\/es\/"},{"@type":"ListItem","position":2,"name":"A la mesa","item":"https:\/\/lazambrahotel.com\/es\/restaurantes\/"},{"@type":"ListItem","position":3,"name":"La Bartola"}]},{"@type":"WebSite","@id":"https:\/\/lazambrahotel.com\/es\/#website","url":"https:\/\/lazambrahotel.com\/es\/","name":"La Zambra","description":"Hotel","publisher":{"@id":"https:\/\/lazambrahotel.com\/es\/#organization"},"potentialAction":[{"@type":"SearchAction","target":{"@type":"EntryPoint","urlTemplate":"https:\/\/lazambrahotel.com\/es\/?s={search_term_string}"},"query-input":{"@type":"PropertyValueSpecification","valueRequired":true,"valueName":"search_term_string"}}],"inLanguage":"es"},{"@type":"Organization","@id":"https:\/\/lazambrahotel.com\/es\/#organization","name":"La Zambra","url":"https:\/\/lazambrahotel.com\/es\/","logo":{"@type":"ImageObject","inLanguage":"es","@id":"https:\/\/lazambrahotel.com\/es\/#\/schema\/logo\/image\/","url":"https:\/\/lazambrahotel.com\/wp-content\/uploads\/2025\/09\/logo-la-zambra.svg","contentUrl":"https:\/\/lazambrahotel.com\/wp-content\/uploads\/2025\/09\/logo-la-zambra.svg","width":"1024","height":"1024","caption":"La Zambra"},"image":{"@id":"https:\/\/lazambrahotel.com\/es\/#\/schema\/logo\/image\/"},"sameAs":["https:\/\/www.facebook.com\/La.Zambra.Mijas\/","https:\/\/www.instagram.com\/la.zambra\/"]}]}},"_links":{"self":[{"href":"https:\/\/lazambrahotel.com\/es\/wp-json\/wp\/v2\/pages\/2139","targetHints":{"allow":["GET"]}}],"collection":[{"href":"https:\/\/lazambrahotel.com\/es\/wp-json\/wp\/v2\/pages"}],"about":[{"href":"https:\/\/lazambrahotel.com\/es\/wp-json\/wp\/v2\/types\/page"}],"author":[{"embeddable":true,"href":"https:\/\/lazambrahotel.com\/es\/wp-json\/wp\/v2\/users\/1"}],"replies":[{"embeddable":true,"href":"https:\/\/lazambrahotel.com\/es\/wp-json\/wp\/v2\/comments?post=2139"}],"version-history":[{"count":9,"href":"https:\/\/lazambrahotel.com\/es\/wp-json\/wp\/v2\/pages\/2139\/revisions"}],"predecessor-version":[{"id":2238,"href":"https:\/\/lazambrahotel.com\/es\/wp-json\/wp\/v2\/pages\/2139\/revisions\/2238"}],"up":[{"embeddable":true,"href":"https:\/\/lazambrahotel.com\/es\/wp-json\/wp\/v2\/pages\/2053"}],"wp:attachment":[{"href":"https:\/\/lazambrahotel.com\/es\/wp-json\/wp\/v2\/media?parent=2139"}],"curies":[{"name":"wp","href":"https:\/\/api.w.org\/{rel}","templated":true}]}}