{"id":2028,"date":"2025-10-03T14:36:10","date_gmt":"2025-10-03T12:36:10","guid":{"rendered":"https:\/\/lazambrahotel.com\/habitaciones\/suites\/penthouse-la-zambra\/"},"modified":"2026-02-26T19:23:36","modified_gmt":"2026-02-26T17:23:36","slug":"penthouse-la-zambra","status":"publish","type":"page","link":"https:\/\/lazambrahotel.com\/es\/habitaciones\/suites\/penthouse-la-zambra\/","title":{"rendered":"Penthouse La Zambra"},"content":{"rendered":"<section class=\"l-section wpb_row us_custom_94be0cb5 slider height_auto width_full\"><div class=\"l-section-h i-cf\"><div class=\"g-cols vc_row via_flex valign_top type_default stacking_default\"><div class=\"vc_col-sm-12 wpb_column vc_column_container\"><div class=\"vc_column-inner\"><div class=\"wpb_wrapper\"><div class=\"w-image has_ratio align_center\"><div class=\"w-image-h\"><div style=\"padding-bottom:28.5714%\"><\/div><img decoding=\"async\" width=\"1920\" height=\"1281\" src=\"https:\/\/lazambrahotel.com\/wp-content\/uploads\/2025\/10\/AGPUB-La-Zambra-Penthouse-16-2048x1366-1-scaled.jpg\" class=\"attachment-full size-full\" alt=\"Penthouse La Zambra\" loading=\"lazy\" \/><\/div><\/div><\/div><\/div><\/div><\/div><\/div><\/section><section class=\"l-section wpb_row height_small width_custom\" style=\"--site-content-width:1050px;\"><div class=\"l-section-h i-cf\"><div class=\"g-cols vc_row via_flex valign_top type_default stacking_default\"><div class=\"vc_col-sm-12 wpb_column vc_column_container\"><div class=\"vc_column-inner\"><div class=\"wpb_wrapper\">[vc_custom_heading text=\u00bbLa Zambra <i>Penthouse<\/i>\u00bb font_container=\u00bbtag:h1|text_align:center\u00bb use_theme_fonts=\u00bbyes\u00bb css=\u00bb%7B%22default%22%3A%7B%22animation-name%22%3A%22fade%22%2C%22animation-delay%22%3A%220.5s%22%7D%7D\u00bb]<div class=\"wpb_text_column us_custom_4f24afa8\"><div class=\"wpb_wrapper\"><p style=\"text-align: center;\">Bienvenido a su exclusivo mirador para contemplar la vida en el Mediterr\u00e1neo. Este majestuoso espacio fue dise\u00f1ado para escapar del mundo y explorar lo inesperado. Situado en la planta superior, sum\u00e9rjase en las magn\u00edficas vistas de los jardines y los campos de golf que se despliegan ante sus ojos.<\/p>\n<p style=\"text-align: center;\">Ya sea para celebraciones de grupo o cenas al aire libre bajo la elegante p\u00e9rgola, puede elegir entre vinos cuidadosamente seleccionados de su bodega privada ubicada en el interior del penthouse. El dise\u00f1o incluye tres terrazas, cuya principal tiene una piscina climatizada privada y una zona de descanso ideal para lograr el m\u00e1ximo relax durante su estancia en Andaluc\u00eda.<\/p>\n<\/div><\/div><div class=\"w-btn-wrapper align_center\"><a class=\"w-btn us-btn-style_2 btn-link\" target=\"_blank\" rel=\"nofollow\" href=\"https:\/\/lazambrahotel.com\/wp-content\/uploads\/2026\/02\/Dossier-La-Zambra-Penthouse-ESP.pdf\"><span class=\"w-btn-label\">Ver Brochure<\/span><\/a><\/div><\/div><\/div><\/div><\/div><\/div><\/section><section class=\"l-section wpb_row height_medium width_custom color_primary\" style=\"--site-content-width:1400px;\"><div class=\"l-section-h i-cf\"><div class=\"g-cols vc_row via_flex valign_top type_default stacking_default\"><div class=\"vc_col-sm-12 wpb_column vc_column_container\"><div class=\"vc_column-inner\"><div class=\"wpb_wrapper\">[vc_custom_heading text=\u00bbLa suite m\u00e1s exclusiva pretende <i>conquistar los sentidos<\/i> a trav\u00e9s del espacio, los muebles de alta gama, las obras de arte locales, las texturas naturales y los servicios a medida.\u00bb font_container=\u00bbtag:p|text_align:center\u00bb use_theme_fonts=\u00bbyes\u00bb css=\u00bb%7B%22default%22%3A%7B%22font-size%22%3A%222.2rem%22%2C%22line-height%22%3A%221.2%22%2C%22text-transform%22%3A%22uppercase%22%2C%22margin-bottom%22%3A%223rem%22%2C%22animation-name%22%3A%22fade%22%2C%22animation-delay%22%3A%220.5s%22%7D%2C%22laptops%22%3A%7B%22font-size%22%3A%222.2rem%22%2C%22line-height%22%3A%221.2%22%2C%22text-transform%22%3A%22uppercase%22%7D%2C%22tablets%22%3A%7B%22font-size%22%3A%222.2rem%22%2C%22line-height%22%3A%221.2%22%2C%22text-transform%22%3A%22uppercase%22%7D%2C%22mobiles%22%3A%7B%22font-size%22%3A%221.8rem%22%2C%22line-height%22%3A%221.2%22%2C%22text-transform%22%3A%22uppercase%22%7D%7D\u00bb]<div class=\"w-slider us_custom_4f24afa8 style_none fit_cover nav_dots has_ratio count_7\" style=\"--aspect-ratio: 21\/9;\"><div class=\"w-slider-h\"><div class=\"royalSlider\"><div class=\"rsContent\"><a class=\"rsImg\" data-rsw=\"1920\" data-rsh=\"1242\" href=\"https:\/\/lazambrahotel.com\/wp-content\/uploads\/2025\/10\/AGPUB-La-Zambra-Penthouse-1-1200x776-1-scaled.jpg\"><span data-alt=\"Penthouse La Zambra\"><\/span><\/a><\/div><div class=\"rsContent\"><a class=\"rsImg\" data-rsw=\"1200\" data-rsh=\"776\" href=\"https:\/\/lazambrahotel.com\/wp-content\/uploads\/2025\/10\/AGPUB-La-Zambra-Penthouse-5-1200x776-1.jpg\"><span data-alt=\"Penthouse La Zambra\"><\/span><\/a><\/div><div class=\"rsContent\"><a class=\"rsImg\" data-rsw=\"1200\" data-rsh=\"800\" href=\"https:\/\/lazambrahotel.com\/wp-content\/uploads\/2025\/10\/AGPUB-La-Zambra-Penthouse-12-1200x800-1.jpg\"><span data-alt=\"Penthouse La Zambra\"><\/span><\/a><\/div><div class=\"rsContent\"><a class=\"rsImg\" data-rsw=\"1200\" data-rsh=\"776\" href=\"https:\/\/lazambrahotel.com\/wp-content\/uploads\/2025\/10\/AGPUB-La-Zambra-Penthouse-17-1200x776-1.jpg\"><span data-alt=\"Penthouse La Zambra\"><\/span><\/a><\/div><div class=\"rsContent\"><a class=\"rsImg\" data-rsw=\"1200\" data-rsh=\"762\" href=\"https:\/\/lazambrahotel.com\/wp-content\/uploads\/2025\/10\/AGPUB-La-Zambra-Penthouse-9-1-1200x762-1.jpg\"><span data-alt=\"Penthouse La Zambra\"><\/span><\/a><\/div><div class=\"rsContent\"><a class=\"rsImg\" data-rsw=\"1200\" data-rsh=\"800\" href=\"https:\/\/lazambrahotel.com\/wp-content\/uploads\/2025\/10\/AGPUB-La-Zambra-Penthouse-15-1200x800-1.jpg\"><span data-alt=\"Penthouse La Zambra\"><\/span><\/a><\/div><div class=\"rsContent\"><a class=\"rsImg\" data-rsw=\"1200\" data-rsh=\"800\" href=\"https:\/\/lazambrahotel.com\/wp-content\/uploads\/2025\/10\/AGPUB-Golf-Courses-3-1200x800-1.jpg\"><span data-alt=\"Penthouse La Zambra\"><\/span><\/a><\/div><\/div><img decoding=\"async\" src=\"https:\/\/lazambrahotel.com\/wp-content\/uploads\/2025\/10\/AGPUB-La-Zambra-Penthouse-1-1200x776-1-scaled.jpg\" width=\"1920\" height=\"1242\" alt=\"Penthouse La Zambra\" loading=\"lazy\"><\/div><div class=\"w-slider-json\" onclick='return {&quot;autoScaleSlider&quot;:false,&quot;addActiveClass&quot;:true,&quot;loop&quot;:true,&quot;fadeInLoadedSlide&quot;:false,&quot;slidesSpacing&quot;:0,&quot;imageScalePadding&quot;:0,&quot;numImagesToPreload&quot;:2,&quot;arrowsNav&quot;:false,&quot;arrowsNavAutoHide&quot;:false,&quot;transitionType&quot;:&quot;move&quot;,&quot;transitionSpeed&quot;:250,&quot;block&quot;:{&quot;moveEffect&quot;:&quot;none&quot;,&quot;speed&quot;:300},&quot;thumbs&quot;:{&quot;fitInViewport&quot;:false,&quot;firstMargin&quot;:false,&quot;spacing&quot;:4},&quot;controlNavigation&quot;:&quot;bullets&quot;,&quot;autoplay&quot;:{&quot;enabled&quot;:true,&quot;pauseOnHover&quot;:false,&quot;delay&quot;:6000}}'><\/div><\/div><div class=\"w-btn-wrapper align_center\"><a class=\"w-btn us-btn-style_2 btn-link\" target=\"_blank\" rel=\"nofollow\" href=\"https:\/\/truetour.app\/properties\/1353\/experiences\/55033?shareId=219536\"><span class=\"w-btn-label\">Virtual Tour<\/span><\/a><\/div><\/div><\/div><\/div><\/div><\/div><\/section><section class=\"l-section wpb_row us_custom_19737bc8 height_medium width_custom\" style=\"--site-content-width:1400px;\"><div class=\"l-section-h i-cf\"><div class=\"g-cols vc_row via_flex valign_top type_default stacking_default\"><div class=\"vc_col-sm-12 wpb_column vc_column_container\"><div class=\"vc_column-inner\"><div class=\"wpb_wrapper\"><div class=\"wpb_text_column\"><div class=\"wpb_wrapper\"><p style=\"text-align: center;\">Ocupantes: 4<br \/>\nCamas: King o twin<br \/>\nTama\u00f1o: 125 m2 + 240 m2 terraza<\/p>\n<\/div><\/div><div class=\"w-btn-wrapper align_center\"><a class=\"w-btn us-btn-style_2 btn-link\" target=\"_blank\" rel=\"nofollow\" href=\"https:\/\/www.hyatt.com\/HyattSearch?spiritCode=agpub&amp;adults=1&amp;rooms=1&amp;rate=Standard&amp;checkinDate=&amp;checkoutDate=&amp;locale=es-ES\"><span class=\"w-btn-label\">Reservar ahora<\/span><\/a><\/div><\/div><\/div><\/div><\/div><\/div><\/section><section class=\"l-section wpb_row height_medium\"><div class=\"l-section-h i-cf\"><div class=\"g-cols vc_row via_flex valign_top type_default stacking_default\"><div class=\"vc_col-sm-12 wpb_column vc_column_container\"><div class=\"vc_column-inner\"><div class=\"wpb_wrapper\"><div class=\"g-cols wpb_row us_custom_92b2762d via_flex valign_middle type_default stacking_default\"><div class=\"vc_col-sm-6 wpb_column vc_column_container\"><div class=\"vc_column-inner\"><div class=\"wpb_wrapper\"><div class=\"w-image has_ratio align_center\"><div class=\"w-image-h\"><div style=\"padding-bottom:100%\"><\/div><img decoding=\"async\" width=\"1920\" height=\"1264\" src=\"https:\/\/lazambrahotel.com\/wp-content\/uploads\/2025\/10\/AGPUB-La-Zambra-Penthouse-11-2048x1348-1-scaled.jpg\" class=\"attachment-full size-full\" alt=\"Penthouse La Zambra\" loading=\"lazy\" \/><\/div><\/div><\/div><\/div><\/div><div class=\"vc_col-sm-1 wpb_column vc_column_container\"><div class=\"vc_column-inner\"><div class=\"wpb_wrapper\"><\/div><\/div><\/div><div class=\"vc_col-sm-5 wpb_column vc_column_container\"><div class=\"vc_column-inner\"><div class=\"wpb_wrapper\">[vc_custom_heading text=\u00bbServicios\u00bb use_theme_fonts=\u00bbyes\u00bb css=\u00bb%7B%22default%22%3A%7B%22font-size%22%3A%221rem%22%2C%22animation-name%22%3A%22fade%22%2C%22animation-delay%22%3A%220.5s%22%7D%7D\u00bb]<div class=\"wpb_text_column\"><div class=\"wpb_wrapper\"><ul>\n<li>Tres terrazas privadas<\/li>\n<li>Piscina privada climatizada para uso durante todo el a\u00f1o<\/li>\n<li>Bodega privada con una selecci\u00f3n de vinos, champanes y cava<\/li>\n<li>Minibar premium de cortes\u00eda con jugos, bebidas no alcoh\u00f3licas y aperitivos<\/li>\n<li>Amenidades de bienvenida personalizadas<\/li>\n<li>Desayuno en la suite<\/li>\n<li class=\"be-text-body-1 be-text-on-light amenitiesItem\">Por estancia m\u00ednima de 3 noches, incluye un Range Rover a disposici\u00f3n (bajo solicitud)<\/li>\n<li>Sin cargo adicional por el servicio de habitaciones<\/li>\n<li>Acceso al circuito de spa con reserva previa (mayores de 16 a\u00f1os)<\/li>\n<li>Tratamientos de spa en la suite a pedido<\/li>\n<li>Transporte desde y hacia el aeropuerto de M\u00e1laga<\/li>\n<li>Acceso a las canchas de tenis y p\u00e1del<\/li>\n<li>Bar al aire libre<\/li>\n<li>Ducha con efecto lluvia y ba\u00f1era separada<\/li>\n<li>Dos televisores de plasma con sat\u00e9lite; 50\u201d y 65\u201d<\/li>\n<li>Tocadiscos de vinilo de alta calidad con una selecci\u00f3n de discos<\/li>\n<li>Altavoces Bang &amp; Olufsen<\/li>\n<li>Desayuno de cortes\u00eda: buffet y a la carta<\/li>\n<li>Programa de experiencias de cortes\u00eda que incluye degustaci\u00f3n de aceite de oliva y vino<\/li>\n<li>Clase diaria de yoga o pilates de cortes\u00eda<\/li>\n<li>Acceso al circuito de spa con reserva previa (+16 a\u00f1os)<\/li>\n<\/ul>\n<\/div><\/div><\/div><\/div><\/div><\/div><div class=\"w-btn-wrapper align_center\"><a class=\"w-btn us-btn-style_2 btn-link\" href=\"https:\/\/lazambrahotel.com\/es\/habitaciones\/suites\/\"><span class=\"w-btn-label\">Volver a Suites<\/span><\/a><\/div><\/div><\/div><\/div><\/div><\/div><\/section><section class=\"l-section wpb_row us_custom_c70c97eb height_medium\"><div class=\"l-section-h i-cf\"><div class=\"g-cols vc_row via_flex valign_top type_default stacking_default\"><div class=\"vc_col-sm-12 wpb_column vc_column_container\"><div class=\"vc_column-inner\"><div class=\"wpb_wrapper\">[vc_custom_heading text=\u00bbDescubra el resto de <i>nuestras habitaciones<\/i>\u00bb font_container=\u00bbtag:p|text_align:center\u00bb use_theme_fonts=\u00bbyes\u00bb css=\u00bb%7B%22default%22%3A%7B%22font-size%22%3A%222.2rem%22%2C%22line-height%22%3A%221.2%22%2C%22text-transform%22%3A%22uppercase%22%2C%22margin-bottom%22%3A%223rem%22%2C%22animation-name%22%3A%22fade%22%2C%22animation-delay%22%3A%220.5s%22%7D%2C%22laptops%22%3A%7B%22font-size%22%3A%222.2rem%22%2C%22line-height%22%3A%221.2%22%2C%22text-transform%22%3A%22uppercase%22%7D%2C%22tablets%22%3A%7B%22font-size%22%3A%222.2rem%22%2C%22line-height%22%3A%221.2%22%2C%22text-transform%22%3A%22uppercase%22%7D%2C%22mobiles%22%3A%7B%22font-size%22%3A%221.8rem%22%2C%22line-height%22%3A%221.2%22%2C%22text-transform%22%3A%22uppercase%22%7D%7D\u00bb]<div class=\"g-cols wpb_row via_flex valign_top type_default stacking_default\"><div class=\"vc_col-sm-6 wpb_column vc_column_container\"><div class=\"vc_column-inner\"><div class=\"wpb_wrapper\"><div class=\"w-image us_custom_4f24afa8 has_ratio align_center\"><div class=\"w-image-h\"><div style=\"padding-bottom:56.25%\"><\/div><img decoding=\"async\" width=\"1920\" height=\"1280\" src=\"https:\/\/lazambrahotel.com\/wp-content\/uploads\/2025\/10\/AGPUB-King-Garden-View-with-Terrace-3-2048x1365-1-scaled.jpg\" class=\"attachment-full size-full\" alt=\"King Garden View with terrace\" loading=\"lazy\" \/><\/div><\/div><div class=\"wpb_text_column\"><div class=\"wpb_wrapper\"><p>HABITACIONES DELUXE<\/p>\n<p>Los colores c\u00e1lidos y el suave aroma a azahar que se cuela por la ventana, inundan cada rinc\u00f3n de nuestras habitaciones de car\u00e1cter andaluz, adaptadas a la modernidad.<\/p>\n<\/div><\/div><div class=\"w-btn-wrapper align_none\"><a class=\"w-btn us-btn-style_2 btn-link\" href=\"https:\/\/lazambrahotel.com\/es\/habitaciones\/habitaciones-superiores\/\"><span class=\"w-btn-label\">Ver habitaciones<\/span><\/a><\/div><\/div><\/div><\/div><div class=\"vc_col-sm-6 wpb_column vc_column_container\"><div class=\"vc_column-inner\"><div class=\"wpb_wrapper\"><div class=\"w-image us_custom_4f24afa8 has_ratio align_center\"><div class=\"w-image-h\"><div style=\"padding-bottom:56.25%\"><\/div><img decoding=\"async\" width=\"1500\" height=\"1000\" src=\"https:\/\/lazambrahotel.com\/wp-content\/uploads\/2025\/10\/AGPUB-Junior-Suite-Golf-View-Patio-Zarzuela-3.jpg\" class=\"attachment-full size-full\" alt=\"Junior Suite\" loading=\"lazy\" \/><\/div><\/div><div class=\"wpb_text_column\"><div class=\"wpb_wrapper\"><p>JUNIOR SUITES<\/p>\n<p>Adentrarse en las Junior Suites de La Zambra es descubrir la esencia de la arquitectura andaluza.<\/p>\n<\/div><\/div><div class=\"w-btn-wrapper align_none\"><a class=\"w-btn us-btn-style_2 btn-link\" href=\"https:\/\/lazambrahotel.com\/es\/habitaciones\/junior-suites\/\"><span class=\"w-btn-label\">Ver habitaciones<\/span><\/a><\/div><\/div><\/div><\/div><\/div><\/div><\/div><\/div><\/div><\/div><\/section>\n","protected":false},"excerpt":{"rendered":"[vc_custom_heading text=\"La Zambra Penthouse\" font_container=\"tag:h1|text_align:center\" use_theme_fonts=\"yes\" css=\"%7B%22default%22%3A%7B%22animation-name%22%3A%22fade%22%2C%22animation-delay%22%3A%220.5s%22%7D%7D\"]Bienvenido a su exclusivo mirador para contemplar la vida en el Mediterr\u00e1neo. Este majestuoso espacio fue dise\u00f1ado para escapar del mundo y explorar lo inesperado. Situado en la planta superior, sum\u00e9rjase en las magn\u00edficas vistas de los jardines y los campos de golf que se despliegan ante sus ojos....","protected":false},"author":1,"featured_media":0,"parent":1951,"menu_order":0,"comment_status":"closed","ping_status":"closed","template":"","meta":{"footnotes":""},"class_list":["post-2028","page","type-page","status-publish","hentry"],"yoast_head":"<!-- This site is optimized with the Yoast SEO plugin v27.5 - https:\/\/yoast.com\/product\/yoast-seo-wordpress\/ -->\n<title>Penthouse Suite en Mijas - Marbella | La Zambra<\/title>\n<meta name=\"description\" content=\"Penthouse Suite en Mijas - Marbella. Cuenta con tres terrazas con unas magnificas vistas, piscina privada, zona de descanso y bodega privada.\" \/>\n<meta name=\"robots\" content=\"index, follow, max-snippet:-1, max-image-preview:large, max-video-preview:-1\" \/>\n<link rel=\"canonical\" href=\"https:\/\/lazambrahotel.com\/es\/habitaciones\/suites\/penthouse-la-zambra\/\" \/>\n<meta property=\"og:locale\" content=\"es_ES\" \/>\n<meta property=\"og:type\" content=\"article\" \/>\n<meta property=\"og:title\" content=\"Penthouse Suite en Mijas - Marbella | La Zambra\" \/>\n<meta property=\"og:description\" content=\"Penthouse Suite en Mijas - Marbella. Cuenta con tres terrazas con unas magnificas vistas, piscina privada, zona de descanso y bodega privada.\" \/>\n<meta property=\"og:url\" content=\"https:\/\/lazambrahotel.com\/es\/habitaciones\/suites\/penthouse-la-zambra\/\" \/>\n<meta property=\"og:site_name\" content=\"La Zambra\" \/>\n<meta property=\"article:publisher\" content=\"https:\/\/www.facebook.com\/La.Zambra.Mijas\/\" \/>\n<meta property=\"article:modified_time\" content=\"2026-02-26T17:23:36+00:00\" \/>\n<meta name=\"twitter:card\" content=\"summary_large_image\" \/>\n<meta name=\"twitter:label1\" content=\"Tiempo de lectura\" \/>\n\t<meta name=\"twitter:data1\" content=\"3 minutos\" \/>\n<script type=\"application\/ld+json\" class=\"yoast-schema-graph\">{\"@context\":\"https:\\\/\\\/schema.org\",\"@graph\":[{\"@type\":\"WebPage\",\"@id\":\"https:\\\/\\\/lazambrahotel.com\\\/es\\\/habitaciones\\\/suites\\\/penthouse-la-zambra\\\/\",\"url\":\"https:\\\/\\\/lazambrahotel.com\\\/es\\\/habitaciones\\\/suites\\\/penthouse-la-zambra\\\/\",\"name\":\"Penthouse Suite en Mijas - Marbella | La Zambra\",\"isPartOf\":{\"@id\":\"https:\\\/\\\/lazambrahotel.com\\\/es\\\/#website\"},\"datePublished\":\"2025-10-03T12:36:10+00:00\",\"dateModified\":\"2026-02-26T17:23:36+00:00\",\"description\":\"Penthouse Suite en Mijas - Marbella. Cuenta con tres terrazas con unas magnificas vistas, piscina privada, zona de descanso y bodega privada.\",\"breadcrumb\":{\"@id\":\"https:\\\/\\\/lazambrahotel.com\\\/es\\\/habitaciones\\\/suites\\\/penthouse-la-zambra\\\/#breadcrumb\"},\"inLanguage\":\"es\",\"potentialAction\":[{\"@type\":\"ReadAction\",\"target\":[\"https:\\\/\\\/lazambrahotel.com\\\/es\\\/habitaciones\\\/suites\\\/penthouse-la-zambra\\\/\"]}]},{\"@type\":\"BreadcrumbList\",\"@id\":\"https:\\\/\\\/lazambrahotel.com\\\/es\\\/habitaciones\\\/suites\\\/penthouse-la-zambra\\\/#breadcrumb\",\"itemListElement\":[{\"@type\":\"ListItem\",\"position\":1,\"name\":\"Portada\",\"item\":\"https:\\\/\\\/lazambrahotel.com\\\/es\\\/\"},{\"@type\":\"ListItem\",\"position\":2,\"name\":\"Habitaciones\",\"item\":\"https:\\\/\\\/lazambrahotel.com\\\/es\\\/habitaciones\\\/\"},{\"@type\":\"ListItem\",\"position\":3,\"name\":\"Suites\",\"item\":\"https:\\\/\\\/lazambrahotel.com\\\/es\\\/habitaciones\\\/suites\\\/\"},{\"@type\":\"ListItem\",\"position\":4,\"name\":\"Penthouse La Zambra\"}]},{\"@type\":\"WebSite\",\"@id\":\"https:\\\/\\\/lazambrahotel.com\\\/es\\\/#website\",\"url\":\"https:\\\/\\\/lazambrahotel.com\\\/es\\\/\",\"name\":\"La Zambra\",\"description\":\"Hotel\",\"publisher\":{\"@id\":\"https:\\\/\\\/lazambrahotel.com\\\/es\\\/#organization\"},\"potentialAction\":[{\"@type\":\"SearchAction\",\"target\":{\"@type\":\"EntryPoint\",\"urlTemplate\":\"https:\\\/\\\/lazambrahotel.com\\\/es\\\/?s={search_term_string}\"},\"query-input\":{\"@type\":\"PropertyValueSpecification\",\"valueRequired\":true,\"valueName\":\"search_term_string\"}}],\"inLanguage\":\"es\"},{\"@type\":\"Organization\",\"@id\":\"https:\\\/\\\/lazambrahotel.com\\\/es\\\/#organization\",\"name\":\"La Zambra\",\"url\":\"https:\\\/\\\/lazambrahotel.com\\\/es\\\/\",\"logo\":{\"@type\":\"ImageObject\",\"inLanguage\":\"es\",\"@id\":\"https:\\\/\\\/lazambrahotel.com\\\/es\\\/#\\\/schema\\\/logo\\\/image\\\/\",\"url\":\"https:\\\/\\\/lazambrahotel.com\\\/wp-content\\\/uploads\\\/2025\\\/09\\\/logo-la-zambra.svg\",\"contentUrl\":\"https:\\\/\\\/lazambrahotel.com\\\/wp-content\\\/uploads\\\/2025\\\/09\\\/logo-la-zambra.svg\",\"width\":\"1024\",\"height\":\"1024\",\"caption\":\"La Zambra\"},\"image\":{\"@id\":\"https:\\\/\\\/lazambrahotel.com\\\/es\\\/#\\\/schema\\\/logo\\\/image\\\/\"},\"sameAs\":[\"https:\\\/\\\/www.facebook.com\\\/La.Zambra.Mijas\\\/\",\"https:\\\/\\\/www.instagram.com\\\/la.zambra\\\/\"]}]}<\/script>\n<!-- \/ Yoast SEO plugin. -->","yoast_head_json":{"title":"Penthouse Suite en Mijas - Marbella | La Zambra","description":"Penthouse Suite en Mijas - Marbella. Cuenta con tres terrazas con unas magnificas vistas, piscina privada, zona de descanso y bodega privada.","robots":{"index":"index","follow":"follow","max-snippet":"max-snippet:-1","max-image-preview":"max-image-preview:large","max-video-preview":"max-video-preview:-1"},"canonical":"https:\/\/lazambrahotel.com\/es\/habitaciones\/suites\/penthouse-la-zambra\/","og_locale":"es_ES","og_type":"article","og_title":"Penthouse Suite en Mijas - Marbella | La Zambra","og_description":"Penthouse Suite en Mijas - Marbella. Cuenta con tres terrazas con unas magnificas vistas, piscina privada, zona de descanso y bodega privada.","og_url":"https:\/\/lazambrahotel.com\/es\/habitaciones\/suites\/penthouse-la-zambra\/","og_site_name":"La Zambra","article_publisher":"https:\/\/www.facebook.com\/La.Zambra.Mijas\/","article_modified_time":"2026-02-26T17:23:36+00:00","twitter_card":"summary_large_image","twitter_misc":{"Tiempo de lectura":"3 minutos"},"schema":{"@context":"https:\/\/schema.org","@graph":[{"@type":"WebPage","@id":"https:\/\/lazambrahotel.com\/es\/habitaciones\/suites\/penthouse-la-zambra\/","url":"https:\/\/lazambrahotel.com\/es\/habitaciones\/suites\/penthouse-la-zambra\/","name":"Penthouse Suite en Mijas - Marbella | La Zambra","isPartOf":{"@id":"https:\/\/lazambrahotel.com\/es\/#website"},"datePublished":"2025-10-03T12:36:10+00:00","dateModified":"2026-02-26T17:23:36+00:00","description":"Penthouse Suite en Mijas - Marbella. Cuenta con tres terrazas con unas magnificas vistas, piscina privada, zona de descanso y bodega privada.","breadcrumb":{"@id":"https:\/\/lazambrahotel.com\/es\/habitaciones\/suites\/penthouse-la-zambra\/#breadcrumb"},"inLanguage":"es","potentialAction":[{"@type":"ReadAction","target":["https:\/\/lazambrahotel.com\/es\/habitaciones\/suites\/penthouse-la-zambra\/"]}]},{"@type":"BreadcrumbList","@id":"https:\/\/lazambrahotel.com\/es\/habitaciones\/suites\/penthouse-la-zambra\/#breadcrumb","itemListElement":[{"@type":"ListItem","position":1,"name":"Portada","item":"https:\/\/lazambrahotel.com\/es\/"},{"@type":"ListItem","position":2,"name":"Habitaciones","item":"https:\/\/lazambrahotel.com\/es\/habitaciones\/"},{"@type":"ListItem","position":3,"name":"Suites","item":"https:\/\/lazambrahotel.com\/es\/habitaciones\/suites\/"},{"@type":"ListItem","position":4,"name":"Penthouse La Zambra"}]},{"@type":"WebSite","@id":"https:\/\/lazambrahotel.com\/es\/#website","url":"https:\/\/lazambrahotel.com\/es\/","name":"La Zambra","description":"Hotel","publisher":{"@id":"https:\/\/lazambrahotel.com\/es\/#organization"},"potentialAction":[{"@type":"SearchAction","target":{"@type":"EntryPoint","urlTemplate":"https:\/\/lazambrahotel.com\/es\/?s={search_term_string}"},"query-input":{"@type":"PropertyValueSpecification","valueRequired":true,"valueName":"search_term_string"}}],"inLanguage":"es"},{"@type":"Organization","@id":"https:\/\/lazambrahotel.com\/es\/#organization","name":"La Zambra","url":"https:\/\/lazambrahotel.com\/es\/","logo":{"@type":"ImageObject","inLanguage":"es","@id":"https:\/\/lazambrahotel.com\/es\/#\/schema\/logo\/image\/","url":"https:\/\/lazambrahotel.com\/wp-content\/uploads\/2025\/09\/logo-la-zambra.svg","contentUrl":"https:\/\/lazambrahotel.com\/wp-content\/uploads\/2025\/09\/logo-la-zambra.svg","width":"1024","height":"1024","caption":"La Zambra"},"image":{"@id":"https:\/\/lazambrahotel.com\/es\/#\/schema\/logo\/image\/"},"sameAs":["https:\/\/www.facebook.com\/La.Zambra.Mijas\/","https:\/\/www.instagram.com\/la.zambra\/"]}]}},"_links":{"self":[{"href":"https:\/\/lazambrahotel.com\/es\/wp-json\/wp\/v2\/pages\/2028","targetHints":{"allow":["GET"]}}],"collection":[{"href":"https:\/\/lazambrahotel.com\/es\/wp-json\/wp\/v2\/pages"}],"about":[{"href":"https:\/\/lazambrahotel.com\/es\/wp-json\/wp\/v2\/types\/page"}],"author":[{"embeddable":true,"href":"https:\/\/lazambrahotel.com\/es\/wp-json\/wp\/v2\/users\/1"}],"replies":[{"embeddable":true,"href":"https:\/\/lazambrahotel.com\/es\/wp-json\/wp\/v2\/comments?post=2028"}],"version-history":[{"count":9,"href":"https:\/\/lazambrahotel.com\/es\/wp-json\/wp\/v2\/pages\/2028\/revisions"}],"predecessor-version":[{"id":7079,"href":"https:\/\/lazambrahotel.com\/es\/wp-json\/wp\/v2\/pages\/2028\/revisions\/7079"}],"up":[{"embeddable":true,"href":"https:\/\/lazambrahotel.com\/es\/wp-json\/wp\/v2\/pages\/1951"}],"wp:attachment":[{"href":"https:\/\/lazambrahotel.com\/es\/wp-json\/wp\/v2\/media?parent=2028"}],"curies":[{"name":"wp","href":"https:\/\/api.w.org\/{rel}","templated":true}]}}