{"id":2012,"date":"2025-10-03T14:02:17","date_gmt":"2025-10-03T12:02:17","guid":{"rendered":"https:\/\/lazambrahotel.com\/habitaciones\/suites\/suite-familiar\/"},"modified":"2026-02-26T19:06:03","modified_gmt":"2026-02-26T17:06:03","slug":"suites-familia","status":"publish","type":"page","link":"https:\/\/lazambrahotel.com\/es\/habitaciones\/suites\/suites-familia\/","title":{"rendered":"Suite Familiar"},"content":{"rendered":"<section class=\"l-section wpb_row us_custom_94be0cb5 slider height_auto width_full\"><div class=\"l-section-h i-cf\"><div class=\"g-cols vc_row via_flex valign_top type_default stacking_default\"><div class=\"vc_col-sm-12 wpb_column vc_column_container\"><div class=\"vc_column-inner\"><div class=\"wpb_wrapper\"><div class=\"w-image has_ratio align_center\"><div class=\"w-image-h\"><div style=\"padding-bottom:28.5714%\"><\/div><img decoding=\"async\" width=\"1920\" height=\"1280\" src=\"https:\/\/lazambrahotel.com\/wp-content\/uploads\/2025\/10\/AGPUB-King-Bed-1-1-scaled-1-scaled.jpg\" class=\"attachment-full size-full\" alt=\"Family Suite\" loading=\"lazy\" \/><\/div><\/div><\/div><\/div><\/div><\/div><\/div><\/section><section class=\"l-section wpb_row height_small width_custom\" style=\"--site-content-width:1050px;\"><div class=\"l-section-h i-cf\"><div class=\"g-cols vc_row via_flex valign_top type_default stacking_default\"><div class=\"vc_col-sm-12 wpb_column vc_column_container\"><div class=\"vc_column-inner\"><div class=\"wpb_wrapper\">[vc_custom_heading text=\u00bb<i>Suite<\/i> familiar\u00bb font_container=\u00bbtag:h1|text_align:center\u00bb use_theme_fonts=\u00bbyes\u00bb css=\u00bb%7B%22default%22%3A%7B%22animation-name%22%3A%22fade%22%2C%22animation-delay%22%3A%220.5s%22%7D%7D\u00bb]<div class=\"wpb_text_column us_custom_4f24afa8\"><div class=\"wpb_wrapper\"><p style=\"text-align: center;\">Reconecte con sus seres queridos en una estancia memorable en nuestra suite familiar, que combina dos espaciosas y c\u00e1lidas habitaciones, en donde pueden dormir hasta 5 personas.<\/p>\n<\/div><\/div><div class=\"w-btn-wrapper align_center\"><a class=\"w-btn us-btn-style_2 btn-link\" target=\"_blank\" rel=\"nofollow\" href=\"https:\/\/www.hyatt.com\/HyattSearch?spiritCode=agpub&amp;adults=1&amp;rooms=1&amp;rate=Standard&amp;checkinDate=&amp;checkoutDate=&amp;locale=es-ES\"><span class=\"w-btn-label\">Reservar ahora<\/span><\/a><\/div><\/div><\/div><\/div><\/div><\/div><\/section><section class=\"l-section wpb_row height_medium width_custom color_primary\" style=\"--site-content-width:1400px;\"><div class=\"l-section-h i-cf\"><div class=\"g-cols vc_row via_flex valign_top type_default stacking_default\"><div class=\"vc_col-sm-12 wpb_column vc_column_container\"><div class=\"vc_column-inner\"><div class=\"wpb_wrapper\">[vc_custom_heading text=\u00bbAmplias y ba\u00f1adas por la luz natural, las suites familiares presentan una <i>arquitectura andaluza<\/i> cautivadora, con tonos suaves y c\u00e1lidos.\u00bb font_container=\u00bbtag:p|text_align:center\u00bb use_theme_fonts=\u00bbyes\u00bb css=\u00bb%7B%22default%22%3A%7B%22font-size%22%3A%222.2rem%22%2C%22line-height%22%3A%221.2%22%2C%22text-transform%22%3A%22uppercase%22%2C%22margin-bottom%22%3A%223rem%22%2C%22animation-name%22%3A%22fade%22%2C%22animation-delay%22%3A%220.5s%22%7D%2C%22laptops%22%3A%7B%22font-size%22%3A%222.2rem%22%2C%22line-height%22%3A%221.2%22%2C%22text-transform%22%3A%22uppercase%22%7D%2C%22tablets%22%3A%7B%22font-size%22%3A%222.2rem%22%2C%22line-height%22%3A%221.2%22%2C%22text-transform%22%3A%22uppercase%22%7D%2C%22mobiles%22%3A%7B%22font-size%22%3A%221.8rem%22%2C%22line-height%22%3A%221.2%22%2C%22text-transform%22%3A%22uppercase%22%7D%7D\u00bb]<div class=\"w-image has_ratio align_center\"><div class=\"w-image-h\"><div style=\"padding-bottom:42.8571%\"><\/div><img decoding=\"async\" width=\"1600\" height=\"1067\" src=\"https:\/\/lazambrahotel.com\/wp-content\/uploads\/2025\/10\/Family-Room.jpg\" class=\"attachment-full size-full\" alt=\"Family Suite\" loading=\"lazy\" \/><\/div><\/div><\/div><\/div><\/div><\/div><\/div><\/section><section class=\"l-section wpb_row us_custom_19737bc8 height_medium width_custom\" style=\"--site-content-width:1400px;\"><div class=\"l-section-h i-cf\"><div class=\"g-cols vc_row via_flex valign_top type_default stacking_default\"><div class=\"vc_col-sm-12 wpb_column vc_column_container\"><div class=\"vc_column-inner\"><div class=\"wpb_wrapper\"><div class=\"wpb_text_column\"><div class=\"wpb_wrapper\"><p style=\"text-align: center;\">Ocupaci\u00f3n: 4 personas<br \/>\nCamas: 2 camas King o 4 camas Twin<br \/>\nSuite Signature conectada con una King Golf View con terraza<\/p>\n<\/div><\/div><div class=\"w-btn-wrapper align_center\"><a class=\"w-btn us-btn-style_2 btn-link\" target=\"_blank\" rel=\"nofollow\" href=\"https:\/\/www.hyatt.com\/HyattSearch?spiritCode=agpub&amp;adults=1&amp;rooms=1&amp;rate=Standard&amp;checkinDate=&amp;checkoutDate=&amp;locale=es-ES\"><span class=\"w-btn-label\">Reservar ahora<\/span><\/a><\/div><\/div><\/div><\/div><\/div><\/div><\/section><section class=\"l-section wpb_row height_medium\"><div class=\"l-section-h i-cf\"><div class=\"g-cols vc_row via_flex valign_top type_default stacking_default\"><div class=\"vc_col-sm-12 wpb_column vc_column_container\"><div class=\"vc_column-inner\"><div class=\"wpb_wrapper\"><div class=\"g-cols wpb_row us_custom_92b2762d via_flex valign_middle type_default stacking_default\"><div class=\"vc_col-sm-6 wpb_column vc_column_container\"><div class=\"vc_column-inner\"><div class=\"wpb_wrapper\"><div class=\"w-image has_ratio align_center\"><div class=\"w-image-h\"><div style=\"padding-bottom:100%\"><\/div><img decoding=\"async\" width=\"796\" height=\"800\" src=\"https:\/\/lazambrahotel.com\/wp-content\/uploads\/2025\/10\/AGPUB-King-Bed-Deluxe-Room-Bathroom-e1724057123732.jpg\" class=\"attachment-full size-full\" alt=\"Family Suite\" loading=\"lazy\" \/><\/div><\/div><\/div><\/div><\/div><div class=\"vc_col-sm-1 wpb_column vc_column_container\"><div class=\"vc_column-inner\"><div class=\"wpb_wrapper\"><\/div><\/div><\/div><div class=\"vc_col-sm-5 wpb_column vc_column_container\"><div class=\"vc_column-inner\"><div class=\"wpb_wrapper\">[vc_custom_heading text=\u00bbServicios\u00bb use_theme_fonts=\u00bbyes\u00bb css=\u00bb%7B%22default%22%3A%7B%22font-size%22%3A%221rem%22%2C%22animation-name%22%3A%22fade%22%2C%22animation-delay%22%3A%220.5s%22%7D%7D\u00bb]<div class=\"wpb_text_column\"><div class=\"wpb_wrapper\"><ul>\n<li>Amenities especiales para ni\u00f1os<\/li>\n<li>Terraza privada<\/li>\n<li>Desayuno de cortes\u00eda: buffet y a la carta servido en el restaurante Palmito<\/li>\n<li>Programa de experiencias de cortes\u00eda que incluye degustaci\u00f3n de aceite de oliva y vino<\/li>\n<li>Clase diaria de yoga o pilates de cortes\u00eda<\/li>\n<li>Acceso al circuito de spa con reserva previa (+ 16 a\u00f1os)<\/li>\n<li>Ducha de lluvia o ba\u00f1era separada<\/li>\n<li>TV de plasma de 50 pulgadas con Chromecast<\/li>\n<li>Doble lavabo<\/li>\n<li>Aire acondicionado<\/li>\n<li>Minibar de lujo<\/li>\n<li>Caja fuerte<\/li>\n<li>Ropa de cama premium<\/li>\n<\/ul>\n<\/div><\/div><\/div><\/div><\/div><\/div><div class=\"w-btn-wrapper align_center\"><a class=\"w-btn us-btn-style_2 btn-link\" href=\"https:\/\/lazambrahotel.com\/es\/habitaciones\/suites\/\"><span class=\"w-btn-label\">Volver a Suites<\/span><\/a><\/div><\/div><\/div><\/div><\/div><\/div><\/section><section class=\"l-section wpb_row us_custom_c70c97eb height_medium\"><div class=\"l-section-h i-cf\"><div class=\"g-cols vc_row via_flex valign_top type_default stacking_default\"><div class=\"vc_col-sm-12 wpb_column vc_column_container\"><div class=\"vc_column-inner\"><div class=\"wpb_wrapper\">[vc_custom_heading text=\u00bbDescubra el resto de <i>nuestras habitaciones<\/i>\u00bb font_container=\u00bbtag:p|text_align:center\u00bb use_theme_fonts=\u00bbyes\u00bb css=\u00bb%7B%22default%22%3A%7B%22font-size%22%3A%222.2rem%22%2C%22line-height%22%3A%221.2%22%2C%22text-transform%22%3A%22uppercase%22%2C%22margin-bottom%22%3A%223rem%22%2C%22animation-name%22%3A%22fade%22%2C%22animation-delay%22%3A%220.5s%22%7D%2C%22laptops%22%3A%7B%22font-size%22%3A%222.2rem%22%2C%22line-height%22%3A%221.2%22%2C%22text-transform%22%3A%22uppercase%22%7D%2C%22tablets%22%3A%7B%22font-size%22%3A%222.2rem%22%2C%22line-height%22%3A%221.2%22%2C%22text-transform%22%3A%22uppercase%22%7D%2C%22mobiles%22%3A%7B%22font-size%22%3A%221.8rem%22%2C%22line-height%22%3A%221.2%22%2C%22text-transform%22%3A%22uppercase%22%7D%7D\u00bb]<div class=\"g-cols wpb_row via_flex valign_top type_default stacking_default\"><div class=\"vc_col-sm-6 wpb_column vc_column_container\"><div class=\"vc_column-inner\"><div class=\"wpb_wrapper\"><div class=\"w-image us_custom_4f24afa8 has_ratio align_center\"><div class=\"w-image-h\"><div style=\"padding-bottom:56.25%\"><\/div><img decoding=\"async\" width=\"1920\" height=\"1280\" src=\"https:\/\/lazambrahotel.com\/wp-content\/uploads\/2025\/10\/AGPUB-King-Garden-View-with-Terrace-3-2048x1365-1-scaled.jpg\" class=\"attachment-full size-full\" alt=\"King Garden View with terrace\" loading=\"lazy\" \/><\/div><\/div><div class=\"wpb_text_column\"><div class=\"wpb_wrapper\"><p>HABITACIONES DELUXE<\/p>\n<p>Los colores c\u00e1lidos y el suave aroma a azahar que se cuela por la ventana, inundan cada rinc\u00f3n de nuestras habitaciones de car\u00e1cter andaluz, adaptadas a la modernidad.<\/p>\n<\/div><\/div><div class=\"w-btn-wrapper align_none\"><a class=\"w-btn us-btn-style_2 btn-link\" href=\"https:\/\/lazambrahotel.com\/es\/habitaciones\/habitaciones-superiores\/\"><span class=\"w-btn-label\">Ver habitaciones<\/span><\/a><\/div><\/div><\/div><\/div><div class=\"vc_col-sm-6 wpb_column vc_column_container\"><div class=\"vc_column-inner\"><div class=\"wpb_wrapper\"><div class=\"w-image us_custom_4f24afa8 has_ratio align_center\"><div class=\"w-image-h\"><div style=\"padding-bottom:56.25%\"><\/div><img decoding=\"async\" width=\"1500\" height=\"1000\" src=\"https:\/\/lazambrahotel.com\/wp-content\/uploads\/2025\/10\/AGPUB-Junior-Suite-Golf-View-Patio-Zarzuela-3.jpg\" class=\"attachment-full size-full\" alt=\"Junior Suite\" loading=\"lazy\" \/><\/div><\/div><div class=\"wpb_text_column\"><div class=\"wpb_wrapper\"><p>JUNIOR SUITES<\/p>\n<p>Adentrarse en las Junior Suites de La Zambra es descubrir la esencia de la arquitectura andaluza.<\/p>\n<\/div><\/div><div class=\"w-btn-wrapper align_none\"><a class=\"w-btn us-btn-style_2 btn-link\" href=\"https:\/\/lazambrahotel.com\/es\/habitaciones\/junior-suites\/\"><span class=\"w-btn-label\">Ver habitaciones<\/span><\/a><\/div><\/div><\/div><\/div><\/div><\/div><\/div><\/div><\/div><\/div><\/section>\n","protected":false},"excerpt":{"rendered":"[vc_custom_heading text=\"Suite familiar\" font_container=\"tag:h1|text_align:center\" use_theme_fonts=\"yes\" css=\"%7B%22default%22%3A%7B%22animation-name%22%3A%22fade%22%2C%22animation-delay%22%3A%220.5s%22%7D%7D\"]Reconecte con sus seres queridos en una estancia memorable en nuestra suite familiar, que combina dos espaciosas y c\u00e1lidas habitaciones, en donde pueden dormir hasta 5 personas. Reservar ahora[vc_custom_heading text=\"Amplias y ba\u00f1adas por la luz natural, las suites familiares presentan una arquitectura andaluza cautivadora, con tonos suaves y c\u00e1lidos.\" font_container=\"tag:p|text_align:center\"...","protected":false},"author":1,"featured_media":0,"parent":1951,"menu_order":0,"comment_status":"closed","ping_status":"closed","template":"","meta":{"footnotes":""},"class_list":["post-2012","page","type-page","status-publish","hentry"],"yoast_head":"<!-- This site is optimized with the Yoast SEO plugin v27.4 - https:\/\/yoast.com\/product\/yoast-seo-wordpress\/ -->\n<title>Suite Familiar en Mijas - Marbella | La Zambra<\/title>\n<meta name=\"description\" content=\"Disfrute de una estancia memorable en estancia exclusiva como la Suite Familiar del hotel La Zambra en Mijas - Marbella.\" \/>\n<meta name=\"robots\" content=\"index, follow, max-snippet:-1, max-image-preview:large, max-video-preview:-1\" \/>\n<link rel=\"canonical\" href=\"https:\/\/lazambrahotel.com\/es\/habitaciones\/suites\/suites-familia\/\" \/>\n<meta property=\"og:locale\" content=\"es_ES\" \/>\n<meta property=\"og:type\" content=\"article\" \/>\n<meta property=\"og:title\" content=\"Suite Familiar en Mijas - Marbella | La Zambra\" \/>\n<meta property=\"og:description\" content=\"Disfrute de una estancia memorable en estancia exclusiva como la Suite Familiar del hotel La Zambra en Mijas - Marbella.\" \/>\n<meta property=\"og:url\" content=\"https:\/\/lazambrahotel.com\/es\/habitaciones\/suites\/suites-familia\/\" \/>\n<meta property=\"og:site_name\" content=\"La Zambra\" \/>\n<meta property=\"article:publisher\" content=\"https:\/\/www.facebook.com\/La.Zambra.Mijas\/\" \/>\n<meta property=\"article:modified_time\" content=\"2026-02-26T17:06:03+00:00\" \/>\n<meta name=\"twitter:card\" content=\"summary_large_image\" \/>\n<meta name=\"twitter:label1\" content=\"Tiempo de lectura\" \/>\n\t<meta name=\"twitter:data1\" content=\"2 minutos\" \/>\n<script type=\"application\/ld+json\" class=\"yoast-schema-graph\">{\"@context\":\"https:\\\/\\\/schema.org\",\"@graph\":[{\"@type\":\"WebPage\",\"@id\":\"https:\\\/\\\/lazambrahotel.com\\\/es\\\/habitaciones\\\/suites\\\/suites-familia\\\/\",\"url\":\"https:\\\/\\\/lazambrahotel.com\\\/es\\\/habitaciones\\\/suites\\\/suites-familia\\\/\",\"name\":\"Suite Familiar en Mijas - Marbella | La Zambra\",\"isPartOf\":{\"@id\":\"https:\\\/\\\/lazambrahotel.com\\\/es\\\/#website\"},\"datePublished\":\"2025-10-03T12:02:17+00:00\",\"dateModified\":\"2026-02-26T17:06:03+00:00\",\"description\":\"Disfrute de una estancia memorable en estancia exclusiva como la Suite Familiar del hotel La Zambra en Mijas - Marbella.\",\"breadcrumb\":{\"@id\":\"https:\\\/\\\/lazambrahotel.com\\\/es\\\/habitaciones\\\/suites\\\/suites-familia\\\/#breadcrumb\"},\"inLanguage\":\"es\",\"potentialAction\":[{\"@type\":\"ReadAction\",\"target\":[\"https:\\\/\\\/lazambrahotel.com\\\/es\\\/habitaciones\\\/suites\\\/suites-familia\\\/\"]}]},{\"@type\":\"BreadcrumbList\",\"@id\":\"https:\\\/\\\/lazambrahotel.com\\\/es\\\/habitaciones\\\/suites\\\/suites-familia\\\/#breadcrumb\",\"itemListElement\":[{\"@type\":\"ListItem\",\"position\":1,\"name\":\"Portada\",\"item\":\"https:\\\/\\\/lazambrahotel.com\\\/es\\\/\"},{\"@type\":\"ListItem\",\"position\":2,\"name\":\"Habitaciones\",\"item\":\"https:\\\/\\\/lazambrahotel.com\\\/es\\\/habitaciones\\\/\"},{\"@type\":\"ListItem\",\"position\":3,\"name\":\"Suites\",\"item\":\"https:\\\/\\\/lazambrahotel.com\\\/es\\\/habitaciones\\\/suites\\\/\"},{\"@type\":\"ListItem\",\"position\":4,\"name\":\"Suite Familiar\"}]},{\"@type\":\"WebSite\",\"@id\":\"https:\\\/\\\/lazambrahotel.com\\\/es\\\/#website\",\"url\":\"https:\\\/\\\/lazambrahotel.com\\\/es\\\/\",\"name\":\"La Zambra\",\"description\":\"Hotel\",\"publisher\":{\"@id\":\"https:\\\/\\\/lazambrahotel.com\\\/es\\\/#organization\"},\"potentialAction\":[{\"@type\":\"SearchAction\",\"target\":{\"@type\":\"EntryPoint\",\"urlTemplate\":\"https:\\\/\\\/lazambrahotel.com\\\/es\\\/?s={search_term_string}\"},\"query-input\":{\"@type\":\"PropertyValueSpecification\",\"valueRequired\":true,\"valueName\":\"search_term_string\"}}],\"inLanguage\":\"es\"},{\"@type\":\"Organization\",\"@id\":\"https:\\\/\\\/lazambrahotel.com\\\/es\\\/#organization\",\"name\":\"La Zambra\",\"url\":\"https:\\\/\\\/lazambrahotel.com\\\/es\\\/\",\"logo\":{\"@type\":\"ImageObject\",\"inLanguage\":\"es\",\"@id\":\"https:\\\/\\\/lazambrahotel.com\\\/es\\\/#\\\/schema\\\/logo\\\/image\\\/\",\"url\":\"https:\\\/\\\/lazambrahotel.com\\\/wp-content\\\/uploads\\\/2025\\\/09\\\/logo-la-zambra.svg\",\"contentUrl\":\"https:\\\/\\\/lazambrahotel.com\\\/wp-content\\\/uploads\\\/2025\\\/09\\\/logo-la-zambra.svg\",\"width\":\"1024\",\"height\":\"1024\",\"caption\":\"La Zambra\"},\"image\":{\"@id\":\"https:\\\/\\\/lazambrahotel.com\\\/es\\\/#\\\/schema\\\/logo\\\/image\\\/\"},\"sameAs\":[\"https:\\\/\\\/www.facebook.com\\\/La.Zambra.Mijas\\\/\",\"https:\\\/\\\/www.instagram.com\\\/la.zambra\\\/\"]}]}<\/script>\n<!-- \/ Yoast SEO plugin. -->","yoast_head_json":{"title":"Suite Familiar en Mijas - Marbella | La Zambra","description":"Disfrute de una estancia memorable en estancia exclusiva como la Suite Familiar del hotel La Zambra en Mijas - Marbella.","robots":{"index":"index","follow":"follow","max-snippet":"max-snippet:-1","max-image-preview":"max-image-preview:large","max-video-preview":"max-video-preview:-1"},"canonical":"https:\/\/lazambrahotel.com\/es\/habitaciones\/suites\/suites-familia\/","og_locale":"es_ES","og_type":"article","og_title":"Suite Familiar en Mijas - Marbella | La Zambra","og_description":"Disfrute de una estancia memorable en estancia exclusiva como la Suite Familiar del hotel La Zambra en Mijas - Marbella.","og_url":"https:\/\/lazambrahotel.com\/es\/habitaciones\/suites\/suites-familia\/","og_site_name":"La Zambra","article_publisher":"https:\/\/www.facebook.com\/La.Zambra.Mijas\/","article_modified_time":"2026-02-26T17:06:03+00:00","twitter_card":"summary_large_image","twitter_misc":{"Tiempo de lectura":"2 minutos"},"schema":{"@context":"https:\/\/schema.org","@graph":[{"@type":"WebPage","@id":"https:\/\/lazambrahotel.com\/es\/habitaciones\/suites\/suites-familia\/","url":"https:\/\/lazambrahotel.com\/es\/habitaciones\/suites\/suites-familia\/","name":"Suite Familiar en Mijas - Marbella | La Zambra","isPartOf":{"@id":"https:\/\/lazambrahotel.com\/es\/#website"},"datePublished":"2025-10-03T12:02:17+00:00","dateModified":"2026-02-26T17:06:03+00:00","description":"Disfrute de una estancia memorable en estancia exclusiva como la Suite Familiar del hotel La Zambra en Mijas - Marbella.","breadcrumb":{"@id":"https:\/\/lazambrahotel.com\/es\/habitaciones\/suites\/suites-familia\/#breadcrumb"},"inLanguage":"es","potentialAction":[{"@type":"ReadAction","target":["https:\/\/lazambrahotel.com\/es\/habitaciones\/suites\/suites-familia\/"]}]},{"@type":"BreadcrumbList","@id":"https:\/\/lazambrahotel.com\/es\/habitaciones\/suites\/suites-familia\/#breadcrumb","itemListElement":[{"@type":"ListItem","position":1,"name":"Portada","item":"https:\/\/lazambrahotel.com\/es\/"},{"@type":"ListItem","position":2,"name":"Habitaciones","item":"https:\/\/lazambrahotel.com\/es\/habitaciones\/"},{"@type":"ListItem","position":3,"name":"Suites","item":"https:\/\/lazambrahotel.com\/es\/habitaciones\/suites\/"},{"@type":"ListItem","position":4,"name":"Suite Familiar"}]},{"@type":"WebSite","@id":"https:\/\/lazambrahotel.com\/es\/#website","url":"https:\/\/lazambrahotel.com\/es\/","name":"La Zambra","description":"Hotel","publisher":{"@id":"https:\/\/lazambrahotel.com\/es\/#organization"},"potentialAction":[{"@type":"SearchAction","target":{"@type":"EntryPoint","urlTemplate":"https:\/\/lazambrahotel.com\/es\/?s={search_term_string}"},"query-input":{"@type":"PropertyValueSpecification","valueRequired":true,"valueName":"search_term_string"}}],"inLanguage":"es"},{"@type":"Organization","@id":"https:\/\/lazambrahotel.com\/es\/#organization","name":"La Zambra","url":"https:\/\/lazambrahotel.com\/es\/","logo":{"@type":"ImageObject","inLanguage":"es","@id":"https:\/\/lazambrahotel.com\/es\/#\/schema\/logo\/image\/","url":"https:\/\/lazambrahotel.com\/wp-content\/uploads\/2025\/09\/logo-la-zambra.svg","contentUrl":"https:\/\/lazambrahotel.com\/wp-content\/uploads\/2025\/09\/logo-la-zambra.svg","width":"1024","height":"1024","caption":"La Zambra"},"image":{"@id":"https:\/\/lazambrahotel.com\/es\/#\/schema\/logo\/image\/"},"sameAs":["https:\/\/www.facebook.com\/La.Zambra.Mijas\/","https:\/\/www.instagram.com\/la.zambra\/"]}]}},"_links":{"self":[{"href":"https:\/\/lazambrahotel.com\/es\/wp-json\/wp\/v2\/pages\/2012","targetHints":{"allow":["GET"]}}],"collection":[{"href":"https:\/\/lazambrahotel.com\/es\/wp-json\/wp\/v2\/pages"}],"about":[{"href":"https:\/\/lazambrahotel.com\/es\/wp-json\/wp\/v2\/types\/page"}],"author":[{"embeddable":true,"href":"https:\/\/lazambrahotel.com\/es\/wp-json\/wp\/v2\/users\/1"}],"replies":[{"embeddable":true,"href":"https:\/\/lazambrahotel.com\/es\/wp-json\/wp\/v2\/comments?post=2012"}],"version-history":[{"count":7,"href":"https:\/\/lazambrahotel.com\/es\/wp-json\/wp\/v2\/pages\/2012\/revisions"}],"predecessor-version":[{"id":7070,"href":"https:\/\/lazambrahotel.com\/es\/wp-json\/wp\/v2\/pages\/2012\/revisions\/7070"}],"up":[{"embeddable":true,"href":"https:\/\/lazambrahotel.com\/es\/wp-json\/wp\/v2\/pages\/1951"}],"wp:attachment":[{"href":"https:\/\/lazambrahotel.com\/es\/wp-json\/wp\/v2\/media?parent=2012"}],"curies":[{"name":"wp","href":"https:\/\/api.w.org\/{rel}","templated":true}]}}