{"id":1951,"date":"2025-10-03T13:41:15","date_gmt":"2025-10-03T11:41:15","guid":{"rendered":"https:\/\/lazambrahotel.com\/habitaciones\/suites\/"},"modified":"2026-04-15T15:19:05","modified_gmt":"2026-04-15T13:19:05","slug":"suites","status":"publish","type":"page","link":"https:\/\/lazambrahotel.com\/es\/habitaciones\/suites\/","title":{"rendered":"Suites"},"content":{"rendered":"<section class=\"l-section wpb_row us_custom_94be0cb5 slider height_auto width_full\"><div class=\"l-section-h i-cf\"><div class=\"g-cols vc_row via_flex valign_top type_default stacking_default\"><div class=\"vc_col-sm-12 wpb_column vc_column_container\"><div class=\"vc_column-inner\"><div class=\"wpb_wrapper\"><div class=\"w-image has_ratio align_center\"><div class=\"w-image-h\"><div style=\"padding-bottom:28.5714%\"><\/div><img decoding=\"async\" width=\"1773\" height=\"1182\" src=\"https:\/\/lazambrahotel.com\/wp-content\/uploads\/2025\/10\/Signature-Suite-views.jpg\" class=\"attachment-full size-full\" alt=\"Suites\" loading=\"lazy\" \/><\/div><\/div><\/div><\/div><\/div><\/div><\/div><\/section><section class=\"l-section wpb_row height_small width_custom\" style=\"--site-content-width:1050px;\"><div class=\"l-section-h i-cf\"><div class=\"g-cols vc_row via_flex valign_top type_default stacking_default\"><div class=\"vc_col-sm-12 wpb_column vc_column_container\"><div class=\"vc_column-inner\"><div class=\"wpb_wrapper\">[vc_custom_heading text=\u00bbSuites Mijas &#8211; Marbella\u00bb font_container=\u00bbtag:h1|text_align:center\u00bb use_theme_fonts=\u00bbyes\u00bb css=\u00bb%7B%22default%22%3A%7B%22font-size%22%3A%221rem%22%2C%22font-family%22%3A%22BasisGrotesque%22%2C%22animation-name%22%3A%22fade%22%2C%22animation-delay%22%3A%220.5s%22%7D%7D\u00bb]<div class=\"wpb_text_column us_custom_4f24afa8\"><div class=\"wpb_wrapper\"><p style=\"text-align: center;\">La opci\u00f3n ideal para aquellos que busquen una experiencia superlativa. Las Suites de La Zambra son las estancias m\u00e1s exclusivas. Cuentan con espacios con car\u00e1cter que hablan de la vida al aire libre y de la esencia andaluza. Estancias que combinan tonos neutros, materiales naturales y texturas suaves en un espacio amplio y lleno de luz natural que invitan al descanso, o quiz\u00e1 a disfrutar de una novela en su sala de estar.<\/p>\n<\/div><\/div><div class=\"w-btn-wrapper align_center\"><a class=\"w-btn us-btn-style_2 btn-link us_custom_4f24afa8\" target=\"_blank\" rel=\"nofollow\" href=\"https:\/\/lazambrahotel.com\/wp-content\/uploads\/2025\/10\/Dossier-La-Zambra-Penthouse-ESP.pdf\"><span class=\"w-btn-label\">Ver Brochure<\/span><\/a><\/div><div class=\"w-hwrapper menu-links valign_middle wrap align_center\"><span class=\"w-text\"><a href=\"https:\/\/lazambrahotel.com\/es\/habitaciones\/suites\/signature-suite\/\" class=\"w-text-h\"><span class=\"w-text-value\">Suite Signature<\/span><\/a><\/span><span class=\"w-text\"><a href=\"https:\/\/lazambrahotel.com\/es\/habitaciones\/suites\/suites-familia\/\" class=\"w-text-h\"><span class=\"w-text-value\">Suite Familiar Signature<\/span><\/a><\/span><span class=\"w-text\"><a href=\"https:\/\/lazambrahotel.com\/es\/habitaciones\/suites\/suite-terraza\/\" class=\"w-text-h\"><span class=\"w-text-value\">Suite Terraza<\/span><\/a><\/span><span class=\"w-text\"><a href=\"https:\/\/lazambrahotel.com\/es\/habitaciones\/suites\/penthouse-la-zambra\/\" class=\"w-text-h\"><span class=\"w-text-value\">Penthouse La Zambra<\/span><\/a><\/span><\/div><\/div><\/div><\/div><\/div><\/div><\/section><section class=\"l-section wpb_row height_medium width_custom\" style=\"--site-content-width:1400px;\"><div class=\"l-section-h i-cf\"><div class=\"g-cols vc_row via_flex valign_top type_default stacking_default\"><div class=\"vc_col-sm-12 wpb_column vc_column_container\"><div class=\"vc_column-inner\"><div class=\"wpb_wrapper\">[vc_custom_heading text=\u00bbSuite Signature\u00bb font_container=\u00bbtag:h2|text_align:center\u00bb use_theme_fonts=\u00bbyes\u00bb css=\u00bb%7B%22default%22%3A%7B%22font-size%22%3A%221rem%22%2C%22animation-name%22%3A%22fade%22%2C%22animation-delay%22%3A%220.5s%22%7D%7D\u00bb][vc_custom_heading text=\u00bb<i>Combine<\/i> la privacidad con la vida social\u00bb font_container=\u00bbtag:p|text_align:center\u00bb use_theme_fonts=\u00bbyes\u00bb css=\u00bb%7B%22default%22%3A%7B%22font-size%22%3A%222.2rem%22%2C%22line-height%22%3A%221.2%22%2C%22text-transform%22%3A%22uppercase%22%2C%22margin-bottom%22%3A%223rem%22%2C%22animation-name%22%3A%22fade%22%2C%22animation-delay%22%3A%220.5s%22%7D%2C%22laptops%22%3A%7B%22font-size%22%3A%222.2rem%22%2C%22line-height%22%3A%221.2%22%2C%22text-transform%22%3A%22uppercase%22%7D%2C%22tablets%22%3A%7B%22font-size%22%3A%222.2rem%22%2C%22line-height%22%3A%221.2%22%2C%22text-transform%22%3A%22uppercase%22%7D%2C%22mobiles%22%3A%7B%22font-size%22%3A%221.8rem%22%2C%22line-height%22%3A%221.2%22%2C%22text-transform%22%3A%22uppercase%22%7D%7D\u00bb]<div class=\"w-image us_custom_92b2762d has_ratio align_center\"><div class=\"w-image-h\"><div style=\"padding-bottom:42.8571%\"><\/div><img decoding=\"async\" width=\"1920\" height=\"1281\" src=\"https:\/\/lazambrahotel.com\/wp-content\/uploads\/2025\/10\/AGPUB-Terrace-Suite-1-2048x1366-1-scaled.jpg\" class=\"attachment-full size-full\" alt=\"Signature Suite\" loading=\"lazy\" \/><\/div><\/div><div class=\"w-btn-wrapper align_center\"><a class=\"w-btn us-btn-style_2 btn-link\" href=\"https:\/\/lazambrahotel.com\/es\/habitaciones\/suites\/suite-terraza\/\"><span class=\"w-btn-label\">Ver suite<\/span><\/a><\/div><\/div><\/div><\/div><\/div><\/div><\/section><section class=\"l-section wpb_row us_custom_c70c97eb height_medium width_custom\" style=\"--site-content-width:1400px;\"><div class=\"l-section-h i-cf\"><div class=\"g-cols vc_row via_flex valign_top type_default stacking_default\"><div class=\"vc_col-sm-12 wpb_column vc_column_container\"><div class=\"vc_column-inner\"><div class=\"wpb_wrapper\">[vc_custom_heading text=\u00bbSuite Familiar Signature\u00bb font_container=\u00bbtag:h2|text_align:center\u00bb use_theme_fonts=\u00bbyes\u00bb css=\u00bb%7B%22default%22%3A%7B%22font-size%22%3A%221rem%22%2C%22animation-name%22%3A%22fade%22%2C%22animation-delay%22%3A%220.5s%22%7D%7D\u00bb][vc_custom_heading text=\u00bb<i>Reconecte<\/i> con sus seres queridos\u00bb font_container=\u00bbtag:p|text_align:center\u00bb use_theme_fonts=\u00bbyes\u00bb css=\u00bb%7B%22default%22%3A%7B%22font-size%22%3A%222.2rem%22%2C%22line-height%22%3A%221.2%22%2C%22text-transform%22%3A%22uppercase%22%2C%22margin-bottom%22%3A%223rem%22%2C%22animation-name%22%3A%22fade%22%2C%22animation-delay%22%3A%220.5s%22%7D%2C%22laptops%22%3A%7B%22font-size%22%3A%222.2rem%22%2C%22line-height%22%3A%221.2%22%2C%22text-transform%22%3A%22uppercase%22%7D%2C%22tablets%22%3A%7B%22font-size%22%3A%222.2rem%22%2C%22line-height%22%3A%221.2%22%2C%22text-transform%22%3A%22uppercase%22%7D%2C%22mobiles%22%3A%7B%22font-size%22%3A%221.8rem%22%2C%22line-height%22%3A%221.2%22%2C%22text-transform%22%3A%22uppercase%22%7D%7D\u00bb]<div class=\"w-image us_custom_92b2762d has_ratio align_center\"><div class=\"w-image-h\"><div style=\"padding-bottom:42.8571%\"><\/div><img decoding=\"async\" width=\"1000\" height=\"667\" src=\"https:\/\/lazambrahotel.com\/wp-content\/uploads\/2025\/10\/AGPUB-King-Bed-1-2.jpg\" class=\"attachment-full size-full\" alt=\"Family Suite\" loading=\"lazy\" \/><\/div><\/div><div class=\"w-btn-wrapper align_center\"><a class=\"w-btn us-btn-style_2 btn-link\" href=\"https:\/\/lazambrahotel.com\/es\/habitaciones\/suites\/suites-familia\/\"><span class=\"w-btn-label\">Ver suite<\/span><\/a><\/div><\/div><\/div><\/div><\/div><\/div><\/section><section class=\"l-section wpb_row us_custom_c70c97eb height_medium width_custom\" style=\"--site-content-width:1400px;\"><div class=\"l-section-h i-cf\"><div class=\"g-cols vc_row via_flex valign_top type_default stacking_default\"><div class=\"vc_col-sm-12 wpb_column vc_column_container\"><div class=\"vc_column-inner\"><div class=\"wpb_wrapper\">[vc_custom_heading text=\u00bbSuite Terraza\u00bb font_container=\u00bbtag:h2|text_align:center\u00bb use_theme_fonts=\u00bbyes\u00bb css=\u00bb%7B%22default%22%3A%7B%22font-size%22%3A%221rem%22%2C%22animation-name%22%3A%22fade%22%2C%22animation-delay%22%3A%220.5s%22%7D%7D\u00bb][vc_custom_heading text=\u00bbDescorche una botella de vino y disfrute de las <i>maravillosas vistas<\/i> desde la amplia terraza\u00bb font_container=\u00bbtag:p|text_align:center\u00bb use_theme_fonts=\u00bbyes\u00bb css=\u00bb%7B%22default%22%3A%7B%22font-size%22%3A%222.2rem%22%2C%22line-height%22%3A%221.2%22%2C%22text-transform%22%3A%22uppercase%22%2C%22margin-bottom%22%3A%223rem%22%2C%22animation-name%22%3A%22fade%22%2C%22animation-delay%22%3A%220.5s%22%7D%2C%22laptops%22%3A%7B%22font-size%22%3A%222.2rem%22%2C%22line-height%22%3A%221.2%22%2C%22text-transform%22%3A%22uppercase%22%7D%2C%22tablets%22%3A%7B%22font-size%22%3A%222.2rem%22%2C%22line-height%22%3A%221.2%22%2C%22text-transform%22%3A%22uppercase%22%7D%2C%22mobiles%22%3A%7B%22font-size%22%3A%221.8rem%22%2C%22line-height%22%3A%221.2%22%2C%22text-transform%22%3A%22uppercase%22%7D%7D\u00bb]<div class=\"w-image us_custom_92b2762d has_ratio align_center\"><div class=\"w-image-h\"><div style=\"padding-bottom:42.8571%\"><\/div><img decoding=\"async\" width=\"1000\" height=\"667\" src=\"https:\/\/lazambrahotel.com\/wp-content\/uploads\/2025\/10\/AGPUB-King-Bed-1-2.jpg\" class=\"attachment-full size-full\" alt=\"Family Suite\" loading=\"lazy\" \/><\/div><\/div><div class=\"w-btn-wrapper align_center\"><a class=\"w-btn us-btn-style_2 btn-link\" href=\"https:\/\/lazambrahotel.com\/es\/habitaciones\/suites\/suites-familia\/\"><span class=\"w-btn-label\">Ver suite<\/span><\/a><\/div><\/div><\/div><\/div><\/div><\/div><\/section><section class=\"l-section wpb_row height_medium width_custom\" style=\"--site-content-width:1400px;\"><div class=\"l-section-h i-cf\"><div class=\"g-cols vc_row via_flex valign_top type_default stacking_default\"><div class=\"vc_col-sm-12 wpb_column vc_column_container\"><div class=\"vc_column-inner\"><div class=\"wpb_wrapper\">[vc_custom_heading text=\u00bbPenthouse La Zambra\u00bb font_container=\u00bbtag:h2|text_align:center\u00bb use_theme_fonts=\u00bbyes\u00bb css=\u00bb%7B%22default%22%3A%7B%22font-size%22%3A%221rem%22%2C%22animation-name%22%3A%22fade%22%2C%22animation-delay%22%3A%220.5s%22%7D%7D\u00bb][vc_custom_heading text=\u00bbBienvenido a su exclusivo mirador para contemplar la vida en el <i>Mediterr\u00e1neo<\/i>\u00bb font_container=\u00bbtag:p|text_align:center\u00bb use_theme_fonts=\u00bbyes\u00bb css=\u00bb%7B%22default%22%3A%7B%22font-size%22%3A%222.2rem%22%2C%22line-height%22%3A%221.2%22%2C%22text-transform%22%3A%22uppercase%22%2C%22margin-bottom%22%3A%223rem%22%2C%22animation-name%22%3A%22fade%22%2C%22animation-delay%22%3A%220.5s%22%7D%2C%22laptops%22%3A%7B%22font-size%22%3A%222.2rem%22%2C%22line-height%22%3A%221.2%22%2C%22text-transform%22%3A%22uppercase%22%7D%2C%22tablets%22%3A%7B%22font-size%22%3A%222.2rem%22%2C%22line-height%22%3A%221.2%22%2C%22text-transform%22%3A%22uppercase%22%7D%2C%22mobiles%22%3A%7B%22font-size%22%3A%221.8rem%22%2C%22line-height%22%3A%221.2%22%2C%22text-transform%22%3A%22uppercase%22%7D%7D\u00bb]<div class=\"w-image us_custom_92b2762d has_ratio align_center\"><div class=\"w-image-h\"><div style=\"padding-bottom:42.8571%\"><\/div><img decoding=\"async\" width=\"1920\" height=\"1281\" src=\"https:\/\/lazambrahotel.com\/wp-content\/uploads\/2025\/10\/AGPUB-La-Zambra-Penthouse-16-2048x1366-1-scaled.jpg\" class=\"attachment-full size-full\" alt=\"Penthouse La Zambra\" loading=\"lazy\" \/><\/div><\/div><div class=\"w-btn-wrapper align_center\"><a class=\"w-btn us-btn-style_2 btn-link\" href=\"https:\/\/lazambrahotel.com\/es\/habitaciones\/suites\/penthouse-la-zambra\/\"><span class=\"w-btn-label\">Ver penthouse<\/span><\/a><\/div><\/div><\/div><\/div><\/div><\/div><\/section>\n","protected":false},"excerpt":{"rendered":"[vc_custom_heading text=\"Suites Mijas - Marbella\" font_container=\"tag:h1|text_align:center\" use_theme_fonts=\"yes\" css=\"%7B%22default%22%3A%7B%22font-size%22%3A%221rem%22%2C%22font-family%22%3A%22BasisGrotesque%22%2C%22animation-name%22%3A%22fade%22%2C%22animation-delay%22%3A%220.5s%22%7D%7D\"]La opci\u00f3n ideal para aquellos que busquen una experiencia superlativa. Las Suites de La Zambra son las estancias m\u00e1s exclusivas. Cuentan con espacios con car\u00e1cter que hablan de la vida al aire libre y de la esencia andaluza. Estancias que combinan tonos neutros, materiales naturales y texturas suaves...","protected":false},"author":1,"featured_media":0,"parent":1915,"menu_order":0,"comment_status":"closed","ping_status":"closed","template":"","meta":{"footnotes":""},"class_list":["post-1951","page","type-page","status-publish","hentry"],"yoast_head":"<!-- This site is optimized with the Yoast SEO plugin v27.4 - https:\/\/yoast.com\/product\/yoast-seo-wordpress\/ -->\n<title>Suites en Mijas Marbella en Hotel de 5 Estrellas | La Zambra<\/title>\n<meta name=\"description\" content=\"Las suites de La Zambra en Mijas Marbella son algunas de las estancias m\u00e1s exclusivas del hotel, y ofrecemos una variedad de opciones de suites.\" \/>\n<meta name=\"robots\" content=\"index, follow, max-snippet:-1, max-image-preview:large, max-video-preview:-1\" \/>\n<link rel=\"canonical\" href=\"https:\/\/lazambrahotel.com\/es\/habitaciones\/suites\/\" \/>\n<meta property=\"og:locale\" content=\"es_ES\" \/>\n<meta property=\"og:type\" content=\"article\" \/>\n<meta property=\"og:title\" content=\"Suites en Mijas Marbella en Hotel de 5 Estrellas | La Zambra\" \/>\n<meta property=\"og:description\" content=\"Las suites de La Zambra en Mijas Marbella son algunas de las estancias m\u00e1s exclusivas del hotel, y ofrecemos una variedad de opciones de suites.\" \/>\n<meta property=\"og:url\" content=\"https:\/\/lazambrahotel.com\/es\/habitaciones\/suites\/\" \/>\n<meta property=\"og:site_name\" content=\"La Zambra\" \/>\n<meta property=\"article:publisher\" content=\"https:\/\/www.facebook.com\/La.Zambra.Mijas\/\" \/>\n<meta property=\"article:modified_time\" content=\"2026-04-15T13:19:05+00:00\" \/>\n<meta name=\"twitter:card\" content=\"summary_large_image\" \/>\n<meta name=\"twitter:label1\" content=\"Tiempo de lectura\" \/>\n\t<meta name=\"twitter:data1\" content=\"2 minutos\" \/>\n<script type=\"application\/ld+json\" class=\"yoast-schema-graph\">{\"@context\":\"https:\\\/\\\/schema.org\",\"@graph\":[{\"@type\":\"WebPage\",\"@id\":\"https:\\\/\\\/lazambrahotel.com\\\/es\\\/habitaciones\\\/suites\\\/\",\"url\":\"https:\\\/\\\/lazambrahotel.com\\\/es\\\/habitaciones\\\/suites\\\/\",\"name\":\"Suites en Mijas Marbella en Hotel de 5 Estrellas | La Zambra\",\"isPartOf\":{\"@id\":\"https:\\\/\\\/lazambrahotel.com\\\/es\\\/#website\"},\"datePublished\":\"2025-10-03T11:41:15+00:00\",\"dateModified\":\"2026-04-15T13:19:05+00:00\",\"description\":\"Las suites de La Zambra en Mijas Marbella son algunas de las estancias m\u00e1s exclusivas del hotel, y ofrecemos una variedad de opciones de suites.\",\"breadcrumb\":{\"@id\":\"https:\\\/\\\/lazambrahotel.com\\\/es\\\/habitaciones\\\/suites\\\/#breadcrumb\"},\"inLanguage\":\"es\",\"potentialAction\":[{\"@type\":\"ReadAction\",\"target\":[\"https:\\\/\\\/lazambrahotel.com\\\/es\\\/habitaciones\\\/suites\\\/\"]}]},{\"@type\":\"BreadcrumbList\",\"@id\":\"https:\\\/\\\/lazambrahotel.com\\\/es\\\/habitaciones\\\/suites\\\/#breadcrumb\",\"itemListElement\":[{\"@type\":\"ListItem\",\"position\":1,\"name\":\"Portada\",\"item\":\"https:\\\/\\\/lazambrahotel.com\\\/es\\\/\"},{\"@type\":\"ListItem\",\"position\":2,\"name\":\"Habitaciones\",\"item\":\"https:\\\/\\\/lazambrahotel.com\\\/es\\\/habitaciones\\\/\"},{\"@type\":\"ListItem\",\"position\":3,\"name\":\"Suites\"}]},{\"@type\":\"WebSite\",\"@id\":\"https:\\\/\\\/lazambrahotel.com\\\/es\\\/#website\",\"url\":\"https:\\\/\\\/lazambrahotel.com\\\/es\\\/\",\"name\":\"La Zambra\",\"description\":\"Hotel\",\"publisher\":{\"@id\":\"https:\\\/\\\/lazambrahotel.com\\\/es\\\/#organization\"},\"potentialAction\":[{\"@type\":\"SearchAction\",\"target\":{\"@type\":\"EntryPoint\",\"urlTemplate\":\"https:\\\/\\\/lazambrahotel.com\\\/es\\\/?s={search_term_string}\"},\"query-input\":{\"@type\":\"PropertyValueSpecification\",\"valueRequired\":true,\"valueName\":\"search_term_string\"}}],\"inLanguage\":\"es\"},{\"@type\":\"Organization\",\"@id\":\"https:\\\/\\\/lazambrahotel.com\\\/es\\\/#organization\",\"name\":\"La Zambra\",\"url\":\"https:\\\/\\\/lazambrahotel.com\\\/es\\\/\",\"logo\":{\"@type\":\"ImageObject\",\"inLanguage\":\"es\",\"@id\":\"https:\\\/\\\/lazambrahotel.com\\\/es\\\/#\\\/schema\\\/logo\\\/image\\\/\",\"url\":\"https:\\\/\\\/lazambrahotel.com\\\/wp-content\\\/uploads\\\/2025\\\/09\\\/logo-la-zambra.svg\",\"contentUrl\":\"https:\\\/\\\/lazambrahotel.com\\\/wp-content\\\/uploads\\\/2025\\\/09\\\/logo-la-zambra.svg\",\"width\":\"1024\",\"height\":\"1024\",\"caption\":\"La Zambra\"},\"image\":{\"@id\":\"https:\\\/\\\/lazambrahotel.com\\\/es\\\/#\\\/schema\\\/logo\\\/image\\\/\"},\"sameAs\":[\"https:\\\/\\\/www.facebook.com\\\/La.Zambra.Mijas\\\/\",\"https:\\\/\\\/www.instagram.com\\\/la.zambra\\\/\"]}]}<\/script>\n<!-- \/ Yoast SEO plugin. -->","yoast_head_json":{"title":"Suites en Mijas Marbella en Hotel de 5 Estrellas | La Zambra","description":"Las suites de La Zambra en Mijas Marbella son algunas de las estancias m\u00e1s exclusivas del hotel, y ofrecemos una variedad de opciones de suites.","robots":{"index":"index","follow":"follow","max-snippet":"max-snippet:-1","max-image-preview":"max-image-preview:large","max-video-preview":"max-video-preview:-1"},"canonical":"https:\/\/lazambrahotel.com\/es\/habitaciones\/suites\/","og_locale":"es_ES","og_type":"article","og_title":"Suites en Mijas Marbella en Hotel de 5 Estrellas | La Zambra","og_description":"Las suites de La Zambra en Mijas Marbella son algunas de las estancias m\u00e1s exclusivas del hotel, y ofrecemos una variedad de opciones de suites.","og_url":"https:\/\/lazambrahotel.com\/es\/habitaciones\/suites\/","og_site_name":"La Zambra","article_publisher":"https:\/\/www.facebook.com\/La.Zambra.Mijas\/","article_modified_time":"2026-04-15T13:19:05+00:00","twitter_card":"summary_large_image","twitter_misc":{"Tiempo de lectura":"2 minutos"},"schema":{"@context":"https:\/\/schema.org","@graph":[{"@type":"WebPage","@id":"https:\/\/lazambrahotel.com\/es\/habitaciones\/suites\/","url":"https:\/\/lazambrahotel.com\/es\/habitaciones\/suites\/","name":"Suites en Mijas Marbella en Hotel de 5 Estrellas | La Zambra","isPartOf":{"@id":"https:\/\/lazambrahotel.com\/es\/#website"},"datePublished":"2025-10-03T11:41:15+00:00","dateModified":"2026-04-15T13:19:05+00:00","description":"Las suites de La Zambra en Mijas Marbella son algunas de las estancias m\u00e1s exclusivas del hotel, y ofrecemos una variedad de opciones de suites.","breadcrumb":{"@id":"https:\/\/lazambrahotel.com\/es\/habitaciones\/suites\/#breadcrumb"},"inLanguage":"es","potentialAction":[{"@type":"ReadAction","target":["https:\/\/lazambrahotel.com\/es\/habitaciones\/suites\/"]}]},{"@type":"BreadcrumbList","@id":"https:\/\/lazambrahotel.com\/es\/habitaciones\/suites\/#breadcrumb","itemListElement":[{"@type":"ListItem","position":1,"name":"Portada","item":"https:\/\/lazambrahotel.com\/es\/"},{"@type":"ListItem","position":2,"name":"Habitaciones","item":"https:\/\/lazambrahotel.com\/es\/habitaciones\/"},{"@type":"ListItem","position":3,"name":"Suites"}]},{"@type":"WebSite","@id":"https:\/\/lazambrahotel.com\/es\/#website","url":"https:\/\/lazambrahotel.com\/es\/","name":"La Zambra","description":"Hotel","publisher":{"@id":"https:\/\/lazambrahotel.com\/es\/#organization"},"potentialAction":[{"@type":"SearchAction","target":{"@type":"EntryPoint","urlTemplate":"https:\/\/lazambrahotel.com\/es\/?s={search_term_string}"},"query-input":{"@type":"PropertyValueSpecification","valueRequired":true,"valueName":"search_term_string"}}],"inLanguage":"es"},{"@type":"Organization","@id":"https:\/\/lazambrahotel.com\/es\/#organization","name":"La Zambra","url":"https:\/\/lazambrahotel.com\/es\/","logo":{"@type":"ImageObject","inLanguage":"es","@id":"https:\/\/lazambrahotel.com\/es\/#\/schema\/logo\/image\/","url":"https:\/\/lazambrahotel.com\/wp-content\/uploads\/2025\/09\/logo-la-zambra.svg","contentUrl":"https:\/\/lazambrahotel.com\/wp-content\/uploads\/2025\/09\/logo-la-zambra.svg","width":"1024","height":"1024","caption":"La Zambra"},"image":{"@id":"https:\/\/lazambrahotel.com\/es\/#\/schema\/logo\/image\/"},"sameAs":["https:\/\/www.facebook.com\/La.Zambra.Mijas\/","https:\/\/www.instagram.com\/la.zambra\/"]}]}},"_links":{"self":[{"href":"https:\/\/lazambrahotel.com\/es\/wp-json\/wp\/v2\/pages\/1951","targetHints":{"allow":["GET"]}}],"collection":[{"href":"https:\/\/lazambrahotel.com\/es\/wp-json\/wp\/v2\/pages"}],"about":[{"href":"https:\/\/lazambrahotel.com\/es\/wp-json\/wp\/v2\/types\/page"}],"author":[{"embeddable":true,"href":"https:\/\/lazambrahotel.com\/es\/wp-json\/wp\/v2\/users\/1"}],"replies":[{"embeddable":true,"href":"https:\/\/lazambrahotel.com\/es\/wp-json\/wp\/v2\/comments?post=1951"}],"version-history":[{"count":11,"href":"https:\/\/lazambrahotel.com\/es\/wp-json\/wp\/v2\/pages\/1951\/revisions"}],"predecessor-version":[{"id":7979,"href":"https:\/\/lazambrahotel.com\/es\/wp-json\/wp\/v2\/pages\/1951\/revisions\/7979"}],"up":[{"embeddable":true,"href":"https:\/\/lazambrahotel.com\/es\/wp-json\/wp\/v2\/pages\/1915"}],"wp:attachment":[{"href":"https:\/\/lazambrahotel.com\/es\/wp-json\/wp\/v2\/media?parent=1951"}],"curies":[{"name":"wp","href":"https:\/\/api.w.org\/{rel}","templated":true}]}}