{"id":1896,"date":"2025-09-18T19:00:47","date_gmt":"2025-09-18T17:00:47","guid":{"rendered":"https:\/\/lazambrahotel.com\/epoca-festiva\/"},"modified":"2026-01-02T10:35:07","modified_gmt":"2026-01-02T08:35:07","slug":"epoca-festiva","status":"publish","type":"page","link":"https:\/\/lazambrahotel.com\/es\/epoca-festiva\/","title":{"rendered":"\u00c9poca Festiva"},"content":{"rendered":"<section class=\"l-section wpb_row us_custom_94be0cb5 slider height_auto width_full\"><div class=\"l-section-h i-cf\"><div class=\"g-cols vc_row via_flex valign_top type_default stacking_default\"><div class=\"vc_col-sm-12 wpb_column vc_column_container\"><div class=\"vc_column-inner\"><div class=\"wpb_wrapper\"><div class=\"w-image has_ratio align_center\"><div class=\"w-image-h\"><div style=\"padding-bottom:28.5714%\"><\/div><img decoding=\"async\" width=\"1920\" height=\"1280\" src=\"https:\/\/lazambrahotel.com\/wp-content\/uploads\/2025\/09\/La-Zambra-Hotel-Xmas24-27-copia-scaled.jpg\" class=\"attachment-full size-full\" alt=\"Festive Season\" loading=\"lazy\" \/><\/div><\/div><\/div><\/div><\/div><\/div><\/div><\/section><section class=\"l-section wpb_row height_small width_custom\" style=\"--site-content-width:1020px;\"><div class=\"l-section-h i-cf\"><div class=\"g-cols vc_row via_flex valign_top type_default stacking_default\"><div class=\"vc_col-sm-12 wpb_column vc_column_container\"><div class=\"vc_column-inner\"><div class=\"wpb_wrapper\">[vc_custom_heading text=\u00bbHotel para Nochebuena y Nochevieja en M\u00e1laga\u00bb font_container=\u00bbtag:h1|text_align:center\u00bb use_theme_fonts=\u00bbyes\u00bb css=\u00bb%7B%22default%22%3A%7B%22font-size%22%3A%221rem%22%2C%22font-family%22%3A%22BasisGrotesque%22%2C%22animation-name%22%3A%22fade%22%2C%22animation-delay%22%3A%220.5s%22%7D%7D\u00bb][vc_custom_heading text=\u00bbEl alma de Andaluc\u00eda, el esp\u00edritu de la Navidad\u00bb font_container=\u00bbtag:div|text_align:center\u00bb use_theme_fonts=\u00bbyes\u00bb css=\u00bb%7B%22default%22%3A%7B%22font-size%22%3A%222.2rem%22%2C%22line-height%22%3A%221.2%22%2C%22text-transform%22%3A%22uppercase%22%2C%22margin-bottom%22%3A%220%22%2C%22animation-name%22%3A%22fade%22%2C%22animation-delay%22%3A%220.5s%22%7D%2C%22laptops%22%3A%7B%22font-size%22%3A%222.2rem%22%2C%22line-height%22%3A%221.2%22%2C%22text-transform%22%3A%22uppercase%22%7D%2C%22tablets%22%3A%7B%22font-size%22%3A%222.2rem%22%2C%22line-height%22%3A%221.2%22%2C%22text-transform%22%3A%22uppercase%22%7D%2C%22mobiles%22%3A%7B%22font-size%22%3A%221.8rem%22%2C%22line-height%22%3A%221.2%22%2C%22text-transform%22%3A%22uppercase%22%7D%7D\u00bb]<div class=\"wpb_text_column us_custom_00e7c952 us_animate_this\"><div class=\"wpb_wrapper\"><p>Celebre estas fiestas en un refugio andaluz \u00fanico, donde la tradici\u00f3n y el esp\u00edritu navide\u00f1o se encuentran para crear recuerdos inolvidables en la Costa del Sol. Desde nuestras habitaciones y suites con terraza privada, hasta los jardines y las vistas a la Sierra de Mijas y los campos de golf, encontrar\u00e1 el escenario ideal para compartir momentos inolvidables con sus seres queridos.<\/p>\n<p>Durante estas semanas, nuestro resort se convierte en un escenario vibrante de m\u00fasica, celebraciones y gastronom\u00eda excepcional. Cada noche ha sido dise\u00f1ada para ofrecerle experiencias \u00fanicas y momentos m\u00e1gicos que marcan la diferencia.<\/p>\n<p><em>Estas fiestas, reg\u00e1lese la esencia de La Zambra.<\/em><\/p>\n<\/div><\/div><div class=\"w-hwrapper valign_middle stack_on_mobiles align_center\"><div class=\"w-btn-wrapper align_center\"><a class=\"w-btn us-btn-style_1\" target=\"_blank\" rel=\"nofollow\" href=\"https:\/\/www.hyatt.com\/es-ES\/shop\/rooms\/agpub?checkinDate=2025-12-23&amp;checkoutDate=2025-12-31&amp;rooms=1&amp;adults=2&amp;kids=0&amp;rate=Standard&amp;location=La Zambra Resort?src=prop_agpub_es_misc_other_reserve_festive_season_\"><span class=\"w-btn-label\">Reserve su estancia<\/span><\/a><\/div><div class=\"w-btn-wrapper align_center\"><a class=\"w-btn us-btn-style_1\" target=\"_blank\" rel=\"nofollow\" href=\"https:\/\/lazambrahotel.com\/wp-content\/uploads\/2025\/12\/Festive-activities-calendar-2-1.pdf\"><span class=\"w-btn-label\">Calendario de actividades<\/span><\/a><\/div><\/div><\/div><\/div><\/div><\/div><\/div><\/section><section class=\"l-section wpb_row height_medium color_primary\" id=\"menu-de-grupos\"><div class=\"l-section-h i-cf\"><div class=\"g-cols vc_row via_flex valign_middle type_default stacking_default\"><div class=\"vc_col-sm-6 wpb_column vc_column_container\"><div class=\"vc_column-inner\"><div class=\"wpb_wrapper\">[vc_custom_heading text=\u00bbMen\u00fa de grupos\u00bb font_container=\u00bbtag:h2|text_align:center\u00bb use_theme_fonts=\u00bbyes\u00bb css=\u00bb%7B%22default%22%3A%7B%22margin-bottom%22%3A%221rem%22%7D%7D\u00bb]<div class=\"wpb_text_column us_custom_aa1aee10\"><div class=\"wpb_wrapper\"><p>Celebre la temporada con sabores tradicionales del Mediterr\u00e1neo y de Andaluc\u00eda, reinventados para todos los paladares. Reconocido como uno de los mejores resorts gastron\u00f3micos, le invitamos a disfrutar de exclusivos men\u00fas festivos creados por nuestro Chef Ejecutivo, cada uno acompa\u00f1ado de una cuidada selecci\u00f3n de bebidas. Una experiencia \u00fanica para compartir una experiencia \u00fanica con colegas, amigos o familiares, o para celebrar su <a href=\"https:\/\/lazambrahotel.com\/es\/cenas-empresa-malaga\/\">cena de empresa<\/a>, convirtiendo esta celebraci\u00f3n en un momento verdaderamente inolvidable.<\/p>\n<\/div><\/div><div class=\"w-hwrapper valign_middle stack_on_mobiles align_center\"><div class=\"w-btn-wrapper align_center\"><a class=\"w-btn us-btn-style_4\" target=\"_blank\" rel=\"nofollow\" href=\"\/wp-content\/uploads\/2025\/10\/Brochure-Navidad-MICE-ESP.pdf\"><span class=\"w-btn-label\">Saber m\u00e1s<\/span><\/a><\/div><div class=\"w-btn-wrapper align_center\"><a class=\"w-btn us-btn-style_4\" href=\"mailto:events@lazambrahotel.com\"><span class=\"w-btn-label\">Reserve<\/span><\/a><\/div><\/div><\/div><\/div><\/div><div class=\"vc_col-sm-6 wpb_column vc_column_container\"><div class=\"vc_column-inner\"><div class=\"wpb_wrapper\"><div class=\"w-image align_center\"><div class=\"w-image-h\"><img decoding=\"async\" width=\"1024\" height=\"683\" src=\"https:\/\/lazambrahotel.com\/wp-content\/uploads\/2025\/09\/NYE-at-Palmito-5-copia-1024x683-1.jpg\" class=\"attachment-full size-full\" alt=\"Group Menus\" loading=\"lazy\" srcset=\"https:\/\/lazambrahotel.com\/wp-content\/uploads\/2025\/09\/NYE-at-Palmito-5-copia-1024x683-1.jpg 1024w, https:\/\/lazambrahotel.com\/wp-content\/uploads\/2025\/09\/NYE-at-Palmito-5-copia-1024x683-1-300x200.jpg 300w\" sizes=\"auto, (max-width: 1024px) 100vw, 1024px\" \/><\/div><\/div><\/div><\/div><\/div><\/div><\/div><\/section><section class=\"l-section wpb_row us_custom_5fb9c346 height_medium width_custom\" style=\"--site-content-width:1025px;\"><div class=\"l-section-h i-cf\"><div class=\"g-cols vc_row via_flex valign_middle type_default stacking_default\"><div class=\"vc_col-sm-12 wpb_column vc_column_container\" id=\"menus-festivos\"><div class=\"vc_column-inner\"><div class=\"wpb_wrapper\">[vc_custom_heading text=\u00bbNavidad, Nochevieja y Fin de a\u00f1o\u00bb font_container=\u00bbtag:h2|text_align:center\u00bb use_theme_fonts=\u00bbyes\u00bb css=\u00bb%7B%22default%22%3A%7B%22color%22%3A%22_content_primary%22%7D%7D\u00bb]<div class=\"w-image us_custom_4f24afa8 align_center\"><div class=\"w-image-h\"><img decoding=\"async\" width=\"1024\" height=\"683\" src=\"https:\/\/lazambrahotel.com\/wp-content\/uploads\/2025\/09\/Christmas-Eve-Christmas-1024x683-1.jpg\" class=\"attachment-full size-full\" alt=\"Christmas eve, Christmas &amp; New Year&#039;s eve\" loading=\"lazy\" srcset=\"https:\/\/lazambrahotel.com\/wp-content\/uploads\/2025\/09\/Christmas-Eve-Christmas-1024x683-1.jpg 1024w, https:\/\/lazambrahotel.com\/wp-content\/uploads\/2025\/09\/Christmas-Eve-Christmas-1024x683-1-300x200.jpg 300w\" sizes=\"auto, (max-width: 1024px) 100vw, 1024px\" \/><\/div><\/div><div class=\"wpb_text_column us_custom_eb849559\"><div class=\"wpb_wrapper\"><p>Celebre la Navidad en La Zambra y d\u00e9jese envolver por la magia de estas<br \/>\nfechas en un entorno \u00fanico, con una cuidada selecci\u00f3n gastron\u00f3mica pensada<br \/>\npara disfrutar y compartir con sus seres queridos. Vive una comida<br \/>\nO <a href=\"https:\/\/lazambrahotel.com\/es\/cena-de-navidad-malaga\/\">cena de navidad<\/a> con detalles \u00fanicos que har\u00e1n de la experiencia un<br \/>\nmomento realmente memorable.<\/p>\n<\/div><\/div><\/div><\/div><\/div><\/div><\/div><\/section><section class=\"l-section wpb_row us_custom_057801f8 height_medium\"><div class=\"l-section-h i-cf\"><div class=\"g-cols vc_row via_flex valign_middle type_default reversed stacking_default\"><div class=\"vc_col-sm-6 wpb_column vc_column_container\"><div class=\"vc_column-inner\"><div class=\"wpb_wrapper\">[vc_custom_heading text=\u00bbPAP\u00c1 NOEL EST\u00c1 EN LA ZAMBRA\u00bb font_container=\u00bbtag:h2|text_align:center\u00bb use_theme_fonts=\u00bbyes\u00bb css=\u00bb%7B%22default%22%3A%7B%22color%22%3A%22_content_primary%22%2C%22margin-bottom%22%3A%220%22%7D%7D\u00bb]<div class=\"wpb_text_column us_custom_5234c9dc has_text_color\"><div class=\"wpb_wrapper\"><p><span>Esta Navidad, el Kids Club se convierte en el lugar m\u00e1s m\u00e1gico del resort. Cada d\u00eda trae una nueva aventura: los m\u00e1s peque\u00f1os pueden convertirse en Tiny Elf Chefs, proteger la naturaleza como Forest Guardians o dejar volar su imaginaci\u00f3n con talleres de arte inspirados en el Polo Norte. Habr\u00e1 cartas a Pap\u00e1 Noel, talleres de estrellas y decoraciones, y los momentos m\u00e1s dulces creando sus propios Christmas treats.<\/span><\/p>\n<p><span>El gran momento de las fiestas llegar\u00e1 cuando Santa Claus venga al hotel, un d\u00eda lleno de emoci\u00f3n, juegos y sorpresas, dise\u00f1ado para crear recuerdos que guardar\u00e1n para siempre.<\/span><\/p>\n<\/div><\/div><div class=\"w-btn-wrapper align_center\"><a class=\"w-btn us-btn-style_1\" href=\"https:\/\/lazambrahotel.com\/wp-content\/uploads\/2025\/11\/Calendario-Mes-de-Diciembre-2025-ESP.pdf\"><span class=\"w-btn-label\">Descubra las actividades<\/span><\/a><\/div><\/div><\/div><\/div><div class=\"vc_col-sm-6 wpb_column vc_column_container\"><div class=\"vc_column-inner\"><div class=\"wpb_wrapper\"><div class=\"w-image has_ratio align_center\"><div class=\"w-image-h\"><div style=\"padding-bottom:75%\"><\/div><img decoding=\"async\" width=\"1080\" height=\"1200\" src=\"https:\/\/lazambrahotel.com\/wp-content\/uploads\/2025\/11\/Copia-de-FOTOS-VANITY-2-1.jpg\" class=\"attachment-full size-full\" alt=\"\" loading=\"lazy\" \/><\/div><\/div><\/div><\/div><\/div><\/div><\/div><\/section><section class=\"l-section wpb_row us_custom_9ccc05f2 height_medium\"><div class=\"l-section-h i-cf\"><div class=\"g-cols vc_row via_flex valign_middle type_default reversed stacking_default\"><div class=\"vc_col-sm-6 wpb_column vc_column_container\"><div class=\"vc_column-inner\"><div class=\"wpb_wrapper\"><div class=\"w-image align_center\"><div class=\"w-image-h\"><img decoding=\"async\" width=\"1024\" height=\"839\" src=\"https:\/\/lazambrahotel.com\/wp-content\/uploads\/2025\/09\/Diseno-sin-titulo-e1756730333989-1024x839-1.jpg\" class=\"attachment-full size-full\" alt=\"Best Gastronomic Resort\" loading=\"lazy\" srcset=\"https:\/\/lazambrahotel.com\/wp-content\/uploads\/2025\/09\/Diseno-sin-titulo-e1756730333989-1024x839-1.jpg 1024w, https:\/\/lazambrahotel.com\/wp-content\/uploads\/2025\/09\/Diseno-sin-titulo-e1756730333989-1024x839-1-300x246.jpg 300w\" sizes=\"auto, (max-width: 1024px) 100vw, 1024px\" \/><\/div><\/div><\/div><\/div><\/div><div class=\"vc_col-sm-6 wpb_column vc_column_container\"><div class=\"vc_column-inner\"><div class=\"wpb_wrapper\">[vc_custom_heading text=\u00bbMejor Resort Gastron\u00f3mico\u00bb font_container=\u00bbtag:h2|text_align:center\u00bb use_theme_fonts=\u00bbyes\u00bb css=\u00bb%7B%22default%22%3A%7B%22color%22%3A%22_content_bg%22%2C%22margin-bottom%22%3A%220%22%7D%7D\u00bb][vc_custom_heading text=\u00bbby Cond\u00e9 Nast Traveller\u00bb font_container=\u00bbtag:p|text_align:center\u00bb use_theme_fonts=\u00bbyes\u00bb css=\u00bb%7B%22default%22%3A%7B%22color%22%3A%22_content_bg%22%2C%22font-size%22%3A%221.2rem%22%7D%7D\u00bb]<div class=\"wpb_text_column us_custom_02ba6afd has_text_color\"><div class=\"wpb_wrapper\"><p>Elegido como el Mejor Resort Gastron\u00f3mico de Espa\u00f1a y Portugal por Cond\u00e9 Nast Traveller, le invitamos a dejar atr\u00e1s el fr\u00edo del invierno y a abrazar la calidez festiva de la Costa del Sol esta Navidad.<\/p>\n<p>D\u00e9 la bienvenida a 2026 con una celebraci\u00f3n inolvidable, en una temporada de luz, sabor y alegr\u00eda como ninguna otra.<\/p>\n<\/div><\/div><div class=\"w-btn-wrapper align_center\"><a class=\"w-btn us-btn-style_4\" target=\"_blank\" rel=\"nofollow\" href=\"https:\/\/www.hyatt.com\/es-ES\/shop\/rooms\/agpub?checkinDate=2025-12-23&amp;checkoutDate=2025-12-31&amp;rooms=1&amp;adults=2&amp;kids=0&amp;rate=Standard&amp;location=La Zambra Resort?src=prop_agpub_en_misc_other_reserve_festive_season_gastronomic_?src=prop_agpub_es_misc_other_reserve_festive_season_gastronomic_\"><span class=\"w-btn-label\">Reserve<\/span><\/a><\/div><\/div><\/div><\/div><\/div><\/div><\/section>\n","protected":false},"excerpt":{"rendered":"[vc_custom_heading text=\"Hotel para Nochebuena y Nochevieja en M\u00e1laga\" font_container=\"tag:h1|text_align:center\" use_theme_fonts=\"yes\" css=\"%7B%22default%22%3A%7B%22font-size%22%3A%221rem%22%2C%22font-family%22%3A%22BasisGrotesque%22%2C%22animation-name%22%3A%22fade%22%2C%22animation-delay%22%3A%220.5s%22%7D%7D\"][vc_custom_heading text=\"El alma de Andaluc\u00eda, el esp\u00edritu de la Navidad\" font_container=\"tag:div|text_align:center\" use_theme_fonts=\"yes\" css=\"%7B%22default%22%3A%7B%22font-size%22%3A%222.2rem%22%2C%22line-height%22%3A%221.2%22%2C%22text-transform%22%3A%22uppercase%22%2C%22margin-bottom%22%3A%220%22%2C%22animation-name%22%3A%22fade%22%2C%22animation-delay%22%3A%220.5s%22%7D%2C%22laptops%22%3A%7B%22font-size%22%3A%222.2rem%22%2C%22line-height%22%3A%221.2%22%2C%22text-transform%22%3A%22uppercase%22%7D%2C%22tablets%22%3A%7B%22font-size%22%3A%222.2rem%22%2C%22line-height%22%3A%221.2%22%2C%22text-transform%22%3A%22uppercase%22%7D%2C%22mobiles%22%3A%7B%22font-size%22%3A%221.8rem%22%2C%22line-height%22%3A%221.2%22%2C%22text-transform%22%3A%22uppercase%22%7D%7D\"]Celebre estas fiestas en un refugio andaluz \u00fanico, donde la tradici\u00f3n y el esp\u00edritu navide\u00f1o se encuentran para crear recuerdos inolvidables en la Costa del Sol. Desde nuestras habitaciones y suites con terraza...","protected":false},"author":1,"featured_media":0,"parent":0,"menu_order":0,"comment_status":"closed","ping_status":"closed","template":"","meta":{"footnotes":""},"class_list":["post-1896","page","type-page","status-publish","hentry"],"yoast_head":"<!-- This site is optimized with the Yoast SEO plugin v27.4 - https:\/\/yoast.com\/product\/yoast-seo-wordpress\/ -->\n<title>Hotel Nochevieja en M\u00e1laga - Cena Nochebuena y Nochevieja<\/title>\n<meta name=\"description\" content=\"Disfruta de una cena de Nochevieja o Nochebuena en M\u00e1laga inolvidable en nuestro hotel, en un ambiente id\u00edlico que recordar\u00e1s para siempre.\" \/>\n<meta name=\"robots\" content=\"index, follow, max-snippet:-1, max-image-preview:large, max-video-preview:-1\" \/>\n<link rel=\"canonical\" href=\"https:\/\/lazambrahotel.com\/es\/epoca-festiva\/\" \/>\n<meta property=\"og:locale\" content=\"es_ES\" \/>\n<meta property=\"og:type\" content=\"article\" \/>\n<meta property=\"og:title\" content=\"Hotel Nochevieja en M\u00e1laga - Cena Nochebuena y Nochevieja\" \/>\n<meta property=\"og:description\" content=\"Disfruta de una cena de Nochevieja o Nochebuena en M\u00e1laga inolvidable en nuestro hotel, en un ambiente id\u00edlico que recordar\u00e1s para siempre.\" \/>\n<meta property=\"og:url\" content=\"https:\/\/lazambrahotel.com\/es\/epoca-festiva\/\" \/>\n<meta property=\"og:site_name\" content=\"La Zambra\" \/>\n<meta property=\"article:publisher\" content=\"https:\/\/www.facebook.com\/La.Zambra.Mijas\/\" \/>\n<meta property=\"article:modified_time\" content=\"2026-01-02T08:35:07+00:00\" \/>\n<meta name=\"twitter:card\" content=\"summary_large_image\" \/>\n<meta name=\"twitter:label1\" content=\"Tiempo de lectura\" \/>\n\t<meta name=\"twitter:data1\" content=\"5 minutos\" \/>\n<script type=\"application\/ld+json\" class=\"yoast-schema-graph\">{\"@context\":\"https:\\\/\\\/schema.org\",\"@graph\":[{\"@type\":\"WebPage\",\"@id\":\"https:\\\/\\\/lazambrahotel.com\\\/es\\\/epoca-festiva\\\/\",\"url\":\"https:\\\/\\\/lazambrahotel.com\\\/es\\\/epoca-festiva\\\/\",\"name\":\"Hotel Nochevieja en M\u00e1laga - Cena Nochebuena y Nochevieja\",\"isPartOf\":{\"@id\":\"https:\\\/\\\/lazambrahotel.com\\\/es\\\/#website\"},\"datePublished\":\"2025-09-18T17:00:47+00:00\",\"dateModified\":\"2026-01-02T08:35:07+00:00\",\"description\":\"Disfruta de una cena de Nochevieja o Nochebuena en M\u00e1laga inolvidable en nuestro hotel, en un ambiente id\u00edlico que recordar\u00e1s para siempre.\",\"breadcrumb\":{\"@id\":\"https:\\\/\\\/lazambrahotel.com\\\/es\\\/epoca-festiva\\\/#breadcrumb\"},\"inLanguage\":\"es\",\"potentialAction\":[{\"@type\":\"ReadAction\",\"target\":[\"https:\\\/\\\/lazambrahotel.com\\\/es\\\/epoca-festiva\\\/\"]}]},{\"@type\":\"BreadcrumbList\",\"@id\":\"https:\\\/\\\/lazambrahotel.com\\\/es\\\/epoca-festiva\\\/#breadcrumb\",\"itemListElement\":[{\"@type\":\"ListItem\",\"position\":1,\"name\":\"Portada\",\"item\":\"https:\\\/\\\/lazambrahotel.com\\\/es\\\/\"},{\"@type\":\"ListItem\",\"position\":2,\"name\":\"\u00c9poca Festiva\"}]},{\"@type\":\"WebSite\",\"@id\":\"https:\\\/\\\/lazambrahotel.com\\\/es\\\/#website\",\"url\":\"https:\\\/\\\/lazambrahotel.com\\\/es\\\/\",\"name\":\"La Zambra\",\"description\":\"Hotel\",\"publisher\":{\"@id\":\"https:\\\/\\\/lazambrahotel.com\\\/es\\\/#organization\"},\"potentialAction\":[{\"@type\":\"SearchAction\",\"target\":{\"@type\":\"EntryPoint\",\"urlTemplate\":\"https:\\\/\\\/lazambrahotel.com\\\/es\\\/?s={search_term_string}\"},\"query-input\":{\"@type\":\"PropertyValueSpecification\",\"valueRequired\":true,\"valueName\":\"search_term_string\"}}],\"inLanguage\":\"es\"},{\"@type\":\"Organization\",\"@id\":\"https:\\\/\\\/lazambrahotel.com\\\/es\\\/#organization\",\"name\":\"La Zambra\",\"url\":\"https:\\\/\\\/lazambrahotel.com\\\/es\\\/\",\"logo\":{\"@type\":\"ImageObject\",\"inLanguage\":\"es\",\"@id\":\"https:\\\/\\\/lazambrahotel.com\\\/es\\\/#\\\/schema\\\/logo\\\/image\\\/\",\"url\":\"https:\\\/\\\/lazambrahotel.com\\\/wp-content\\\/uploads\\\/2025\\\/09\\\/logo-la-zambra.svg\",\"contentUrl\":\"https:\\\/\\\/lazambrahotel.com\\\/wp-content\\\/uploads\\\/2025\\\/09\\\/logo-la-zambra.svg\",\"width\":\"1024\",\"height\":\"1024\",\"caption\":\"La Zambra\"},\"image\":{\"@id\":\"https:\\\/\\\/lazambrahotel.com\\\/es\\\/#\\\/schema\\\/logo\\\/image\\\/\"},\"sameAs\":[\"https:\\\/\\\/www.facebook.com\\\/La.Zambra.Mijas\\\/\",\"https:\\\/\\\/www.instagram.com\\\/la.zambra\\\/\"]}]}<\/script>\n<!-- \/ Yoast SEO plugin. -->","yoast_head_json":{"title":"Hotel Nochevieja en M\u00e1laga - Cena Nochebuena y Nochevieja","description":"Disfruta de una cena de Nochevieja o Nochebuena en M\u00e1laga inolvidable en nuestro hotel, en un ambiente id\u00edlico que recordar\u00e1s para siempre.","robots":{"index":"index","follow":"follow","max-snippet":"max-snippet:-1","max-image-preview":"max-image-preview:large","max-video-preview":"max-video-preview:-1"},"canonical":"https:\/\/lazambrahotel.com\/es\/epoca-festiva\/","og_locale":"es_ES","og_type":"article","og_title":"Hotel Nochevieja en M\u00e1laga - Cena Nochebuena y Nochevieja","og_description":"Disfruta de una cena de Nochevieja o Nochebuena en M\u00e1laga inolvidable en nuestro hotel, en un ambiente id\u00edlico que recordar\u00e1s para siempre.","og_url":"https:\/\/lazambrahotel.com\/es\/epoca-festiva\/","og_site_name":"La Zambra","article_publisher":"https:\/\/www.facebook.com\/La.Zambra.Mijas\/","article_modified_time":"2026-01-02T08:35:07+00:00","twitter_card":"summary_large_image","twitter_misc":{"Tiempo de lectura":"5 minutos"},"schema":{"@context":"https:\/\/schema.org","@graph":[{"@type":"WebPage","@id":"https:\/\/lazambrahotel.com\/es\/epoca-festiva\/","url":"https:\/\/lazambrahotel.com\/es\/epoca-festiva\/","name":"Hotel Nochevieja en M\u00e1laga - Cena Nochebuena y Nochevieja","isPartOf":{"@id":"https:\/\/lazambrahotel.com\/es\/#website"},"datePublished":"2025-09-18T17:00:47+00:00","dateModified":"2026-01-02T08:35:07+00:00","description":"Disfruta de una cena de Nochevieja o Nochebuena en M\u00e1laga inolvidable en nuestro hotel, en un ambiente id\u00edlico que recordar\u00e1s para siempre.","breadcrumb":{"@id":"https:\/\/lazambrahotel.com\/es\/epoca-festiva\/#breadcrumb"},"inLanguage":"es","potentialAction":[{"@type":"ReadAction","target":["https:\/\/lazambrahotel.com\/es\/epoca-festiva\/"]}]},{"@type":"BreadcrumbList","@id":"https:\/\/lazambrahotel.com\/es\/epoca-festiva\/#breadcrumb","itemListElement":[{"@type":"ListItem","position":1,"name":"Portada","item":"https:\/\/lazambrahotel.com\/es\/"},{"@type":"ListItem","position":2,"name":"\u00c9poca Festiva"}]},{"@type":"WebSite","@id":"https:\/\/lazambrahotel.com\/es\/#website","url":"https:\/\/lazambrahotel.com\/es\/","name":"La Zambra","description":"Hotel","publisher":{"@id":"https:\/\/lazambrahotel.com\/es\/#organization"},"potentialAction":[{"@type":"SearchAction","target":{"@type":"EntryPoint","urlTemplate":"https:\/\/lazambrahotel.com\/es\/?s={search_term_string}"},"query-input":{"@type":"PropertyValueSpecification","valueRequired":true,"valueName":"search_term_string"}}],"inLanguage":"es"},{"@type":"Organization","@id":"https:\/\/lazambrahotel.com\/es\/#organization","name":"La Zambra","url":"https:\/\/lazambrahotel.com\/es\/","logo":{"@type":"ImageObject","inLanguage":"es","@id":"https:\/\/lazambrahotel.com\/es\/#\/schema\/logo\/image\/","url":"https:\/\/lazambrahotel.com\/wp-content\/uploads\/2025\/09\/logo-la-zambra.svg","contentUrl":"https:\/\/lazambrahotel.com\/wp-content\/uploads\/2025\/09\/logo-la-zambra.svg","width":"1024","height":"1024","caption":"La Zambra"},"image":{"@id":"https:\/\/lazambrahotel.com\/es\/#\/schema\/logo\/image\/"},"sameAs":["https:\/\/www.facebook.com\/La.Zambra.Mijas\/","https:\/\/www.instagram.com\/la.zambra\/"]}]}},"_links":{"self":[{"href":"https:\/\/lazambrahotel.com\/es\/wp-json\/wp\/v2\/pages\/1896","targetHints":{"allow":["GET"]}}],"collection":[{"href":"https:\/\/lazambrahotel.com\/es\/wp-json\/wp\/v2\/pages"}],"about":[{"href":"https:\/\/lazambrahotel.com\/es\/wp-json\/wp\/v2\/types\/page"}],"author":[{"embeddable":true,"href":"https:\/\/lazambrahotel.com\/es\/wp-json\/wp\/v2\/users\/1"}],"replies":[{"embeddable":true,"href":"https:\/\/lazambrahotel.com\/es\/wp-json\/wp\/v2\/comments?post=1896"}],"version-history":[{"count":38,"href":"https:\/\/lazambrahotel.com\/es\/wp-json\/wp\/v2\/pages\/1896\/revisions"}],"predecessor-version":[{"id":5957,"href":"https:\/\/lazambrahotel.com\/es\/wp-json\/wp\/v2\/pages\/1896\/revisions\/5957"}],"wp:attachment":[{"href":"https:\/\/lazambrahotel.com\/es\/wp-json\/wp\/v2\/media?parent=1896"}],"curies":[{"name":"wp","href":"https:\/\/api.w.org\/{rel}","templated":true}]}}